{"id":2240,"date":"2024-08-19T10:12:07","date_gmt":"2024-08-19T08:12:07","guid":{"rendered":"https:\/\/99cubes.de\/?post_type=product&#038;p=2240"},"modified":"2026-03-09T19:08:16","modified_gmt":"2026-03-09T18:08:16","slug":"service-de-demenagement-boite-telephonique-meetingbox-tous-les-fabricants","status":"publish","type":"product","link":"https:\/\/99cubes.de\/fr\/produkt\/umzugsservice-telefonbox-meetingbox-alle-hersteller\/","title":{"rendered":"Service de d\u00e9m\u00e9nagement Bo\u00eete t\u00e9l\u00e9phonique\/bo\u00eete de r\u00e9union | tous les fabricants"},"content":{"rendered":"<div class=\"su-accordion su-u-trim\">\n<div class=\"su-spoiler su-spoiler-style-default su-spoiler-icon-plus\" data-scroll-offset=\"0\" data-anchor-in-url=\"no\"><div class=\"su-spoiler-title\" tabindex=\"0\" role=\"button\"><span class=\"su-spoiler-icon\"><\/span><strong>Service de d\u00e9m\u00e9nagement pour les bo\u00eetiers de t\u00e9l\u00e9phone, bo\u00eetiers de r\u00e9union &amp; autres cubes acoustiques - ind\u00e9pendamment du fabricant :<\/strong><\/div><div class=\"su-spoiler-content su-u-clearfix su-u-trim\">\n<p>Nous nous chargeons du d\u00e9m\u00e9nagement professionnel de vos bo\u00eetiers t\u00e9l\u00e9phoniques\/bo\u00eetes de r\u00e9union, que vous les ayez achet\u00e9s\/lou\u00e9s chez nous ou non. Nos \u00e9quipes de montage s'occupent de presque tous les fabricants courants. Outre les marques que nous avons nous-m\u00eames dans notre assortiment (voir\u00a0<a href=\"https:\/\/99cubes.de\/fr\/marque\/\">Fabricant<\/a>), nous proposons \u00e9galement les d\u00e9m\u00e9nagements suivants (c.-\u00e0-d. d\u00e9montage, transport, nouveau montage) :<\/p>\n<ul>\n<li>D\u00e9m\u00e9nagement Bo\u00eetes t\u00e9l\u00e9phoniques de framery<\/li>\n<li>D\u00e9m\u00e9nagement des bo\u00eetes t\u00e9l\u00e9phoniques de Mikomax \/ Hushoffice<\/li>\n<li>D\u00e9m\u00e9nagement des bo\u00eetiers t\u00e9l\u00e9phoniques de Mute-Labs<\/li>\n<li>D\u00e9m\u00e9nagement Bo\u00eetes t\u00e9l\u00e9phoniques de Poddie<\/li>\n<li>D\u00e9m\u00e9nagement de bo\u00eetes t\u00e9l\u00e9phoniques de Persy Booths<\/li>\n<li>D\u00e9m\u00e9nagement Bo\u00eetes t\u00e9l\u00e9phoniques de Meavo<\/li>\n<li>D\u00e9m\u00e9nagement des bo\u00eetiers t\u00e9l\u00e9phoniques de Berlin Acoustics<\/li>\n<li>D\u00e9m\u00e9nagement des bo\u00eetes t\u00e9l\u00e9phoniques de Huus<\/li>\n<li>D\u00e9m\u00e9nagement des syst\u00e8mes \"pi\u00e8ce dans la pi\u00e8ce\" de Bosse Human Space<\/li>\n<li>et bien d'autres choses encore.<\/li>\n<\/ul>\n<\/div><\/div>\n<div class=\"su-spoiler su-spoiler-style-default su-spoiler-icon-plus su-spoiler-closed\" data-scroll-offset=\"0\" data-anchor-in-url=\"no\"><div class=\"su-spoiler-title\" tabindex=\"0\" role=\"button\"><span class=\"su-spoiler-icon\"><\/span><strong>D\u00e9m\u00e9nager soi-m\u00eame ou laisser un sp\u00e9cialiste s'en charger ?<\/strong><\/div><div class=\"su-spoiler-content su-u-clearfix su-u-trim\">\n<p>Pour les cubes acoustiques plus grands et\/ou de meilleure qualit\u00e9, il est g\u00e9n\u00e9ralement indispensable de faire appel \u00e0 de vrais professionnels qui connaissent ces produits et qui ont \u00e9t\u00e9 form\u00e9s \u00e0 ces gammes de produits. Le d\u00e9montage par soi-m\u00eame ou par des prestataires de services de d\u00e9m\u00e9nagement non sp\u00e9cialement form\u00e9s n'est pas recommand\u00e9 pour les raisons suivantes :<\/p>\n<ul>\n<li>Contrairement aux meubles normaux, les cubes acoustiques sont \u00e9galement constitu\u00e9s de composants \u00e9lectriques (ventilation, \u00e9clairage, capteurs, unit\u00e9s de commande), ce qui n\u00e9cessite un savoir-faire particulier lors du montage et du d\u00e9montage.<\/li>\n<li>Une \u00e9quipe professionnelle de deux monteurs a besoin d'une journ\u00e9e de travail compl\u00e8te pour d\u00e9monter correctement une Meetingbox haut de gamme, selon sa taille.<\/li>\n<\/ul>\n<p>D'apr\u00e8s notre exp\u00e9rience, un d\u00e9m\u00e9nagement par ses propres moyens ou par un prestataire de services de d\u00e9m\u00e9nagement normal sans formation sp\u00e9ciale sur les produits ne peut \u00eatre envisag\u00e9 que dans le cas suivant :<\/p>\n<ul>\n<li>Les bo\u00eetiers t\u00e9l\u00e9phoniques simples propos\u00e9s par le fabricant\/distributeur \u00e0 monter soi-m\u00eame peuvent g\u00e9n\u00e9ralement \u00eatre d\u00e9mont\u00e9s, d\u00e9plac\u00e9s et remont\u00e9s sans grand savoir-faire.<\/li>\n<\/ul>\n<p>Dans tous les autres cas, nous recommandons de faire appel \u00e0 un professionnel pour le d\u00e9m\u00e9nagement - vous profiterez ainsi \u00e0 long terme de vos bo\u00eetes de t\u00e9l\u00e9phone et de r\u00e9union.<\/p>\n<\/div><\/div>\n<\/div>","protected":false},"excerpt":{"rendered":"<p>Tu d\u00e9m\u00e9nages et tu souhaites emporter ta bo\u00eete t\u00e9l\u00e9phonique ou ta bo\u00eete de r\u00e9union dans ton nouveau bureau\/site ? Pas de probl\u00e8me avec notre service de d\u00e9m\u00e9nagement !<\/p>\n<p>Nous assurons le d\u00e9montage, le d\u00e9m\u00e9nagement et le remontage de tes bo\u00eetiers de t\u00e9l\u00e9phone et de r\u00e9union dans les r\u00e8gles de l'art - m\u00eame si tu les as achet\u00e9s ailleurs.<\/p>\n<p>&nbsp;<\/p>","protected":false},"featured_media":2241,"comment_status":"open","ping_status":"closed","template":"","meta":{"content-type":"","_uag_custom_page_level_css":""},"product_brand":[],"product_cat":[67],"product_tag":[],"class_list":{"0":"post-2240","1":"product","2":"type-product","3":"status-publish","4":"has-post-thumbnail","6":"product_cat-zubehoer","7":"pa_marke-bosse","8":"pa_marke-box17","9":"pa_marke-framery","10":"pa_marke-hammerbacher","11":"pa_marke-mute","12":"pa_marke-sedus","13":"pa_marke-silen","14":"pa_marke-studiobricks","16":"first","17":"instock","18":"taxable","19":"shipping-taxable","20":"purchasable","21":"product-type-simple"},"uagb_featured_image_src":{"full":["https:\/\/99cubes.de\/wp-content\/uploads\/2024\/08\/Umzugsservice-Telefonbox-Umzugsservice-Meetingbox-alle-Marken-3.jpeg",1024,1024,false],"thumbnail":["https:\/\/99cubes.de\/wp-content\/uploads\/2024\/08\/Umzugsservice-Telefonbox-Umzugsservice-Meetingbox-alle-Marken-3-200x200.jpeg",200,200,true],"medium":["https:\/\/99cubes.de\/wp-content\/uploads\/2024\/08\/Umzugsservice-Telefonbox-Umzugsservice-Meetingbox-alle-Marken-3-450x450.jpeg",450,450,true],"medium_large":["https:\/\/99cubes.de\/wp-content\/uploads\/2024\/08\/Umzugsservice-Telefonbox-Umzugsservice-Meetingbox-alle-Marken-3-768x768.jpeg",768,768,true],"large":["https:\/\/99cubes.de\/wp-content\/uploads\/2024\/08\/Umzugsservice-Telefonbox-Umzugsservice-Meetingbox-alle-Marken-3.jpeg",1024,1024,false],"1536x1536":["https:\/\/99cubes.de\/wp-content\/uploads\/2024\/08\/Umzugsservice-Telefonbox-Umzugsservice-Meetingbox-alle-Marken-3.jpeg",1024,1024,false],"2048x2048":["https:\/\/99cubes.de\/wp-content\/uploads\/2024\/08\/Umzugsservice-Telefonbox-Umzugsservice-Meetingbox-alle-Marken-3.jpeg",1024,1024,false],"trp-custom-language-flag":["https:\/\/99cubes.de\/wp-content\/uploads\/2024\/08\/Umzugsservice-Telefonbox-Umzugsservice-Meetingbox-alle-Marken-3-12x12.jpeg",12,12,true],"botiga-extra-large":["https:\/\/99cubes.de\/wp-content\/uploads\/2024\/08\/Umzugsservice-Telefonbox-Umzugsservice-Meetingbox-alle-Marken-3.jpeg",1024,1024,false],"botiga-large":["https:\/\/99cubes.de\/wp-content\/uploads\/2024\/08\/Umzugsservice-Telefonbox-Umzugsservice-Meetingbox-alle-Marken-3-920x920.jpeg",920,920,true],"botiga-big":["https:\/\/99cubes.de\/wp-content\/uploads\/2024\/08\/Umzugsservice-Telefonbox-Umzugsservice-Meetingbox-alle-Marken-3-575x575.jpeg",575,575,true],"botiga-medium":["https:\/\/99cubes.de\/wp-content\/uploads\/2024\/08\/Umzugsservice-Telefonbox-Umzugsservice-Meetingbox-alle-Marken-3-380x380.jpeg",380,380,true],"botiga-header-icons":["https:\/\/99cubes.de\/wp-content\/uploads\/2024\/08\/Umzugsservice-Telefonbox-Umzugsservice-Meetingbox-alle-Marken-3-50x50.jpeg",50,50,true],"botiga-product-swatch-image":["https:\/\/99cubes.de\/wp-content\/uploads\/2024\/08\/Umzugsservice-Telefonbox-Umzugsservice-Meetingbox-alle-Marken-3-26x26.jpeg",26,26,true],"woocommerce_thumbnail":["https:\/\/99cubes.de\/wp-content\/uploads\/2024\/08\/Umzugsservice-Telefonbox-Umzugsservice-Meetingbox-alle-Marken-3-420x420.jpeg",420,420,true],"woocommerce_single":["https:\/\/99cubes.de\/wp-content\/uploads\/2024\/08\/Umzugsservice-Telefonbox-Umzugsservice-Meetingbox-alle-Marken-3-800x800.jpeg",800,800,true],"woocommerce_gallery_thumbnail":["https:\/\/99cubes.de\/wp-content\/uploads\/2024\/08\/Umzugsservice-Telefonbox-Umzugsservice-Meetingbox-alle-Marken-3-100x100.jpeg",100,100,true],"wpvr_mobile":["https:\/\/99cubes.de\/wp-content\/uploads\/2024\/08\/Umzugsservice-Telefonbox-Umzugsservice-Meetingbox-alle-Marken-3.jpeg",1024,1024,false]},"uagb_author_info":{"display_name":"frank","author_link":"https:\/\/99cubes.de\/fr\/author\/"},"uagb_comment_info":0,"uagb_excerpt":"Du ziehst um und m\u00f6chtest deine Telefonbox oder Meetingbox ins neue B\u00fcro \/ an den neuen Standort mitnehmen? Mit unserem Umzugsservice kein Problem! Wir sorgen f\u00fcr fachgerechte Demontage, Umzug und erneute Montage deiner Telefon- und Meetingboxen - auch wenn du diese anderswo erworben haben solltest. &nbsp;","_links":{"self":[{"href":"https:\/\/99cubes.de\/fr\/wp-json\/wp\/v2\/product\/2240","targetHints":{"allow":["GET"]}}],"collection":[{"href":"https:\/\/99cubes.de\/fr\/wp-json\/wp\/v2\/product"}],"about":[{"href":"https:\/\/99cubes.de\/fr\/wp-json\/wp\/v2\/types\/product"}],"replies":[{"embeddable":true,"href":"https:\/\/99cubes.de\/fr\/wp-json\/wp\/v2\/comments?post=2240"}],"wp:featuredmedia":[{"embeddable":true,"href":"https:\/\/99cubes.de\/fr\/wp-json\/wp\/v2\/media\/2241"}],"wp:attachment":[{"href":"https:\/\/99cubes.de\/fr\/wp-json\/wp\/v2\/media?parent=2240"}],"wp:term":[{"taxonomy":"product_brand","embeddable":true,"href":"https:\/\/99cubes.de\/fr\/wp-json\/wp\/v2\/product_brand?post=2240"},{"taxonomy":"product_cat","embeddable":true,"href":"https:\/\/99cubes.de\/fr\/wp-json\/wp\/v2\/product_cat?post=2240"},{"taxonomy":"product_tag","embeddable":true,"href":"https:\/\/99cubes.de\/fr\/wp-json\/wp\/v2\/product_tag?post=2240"}],"curies":[{"name":"wp","href":"https:\/\/api.w.org\/{rel}","templated":true}]}}