{"id":2471,"date":"2024-09-12T16:58:35","date_gmt":"2024-09-12T14:58:35","guid":{"rendered":"https:\/\/99cubes.de\/?post_type=product&#038;p=2471"},"modified":"2025-08-07T14:47:50","modified_gmt":"2025-08-07T12:47:50","slug":"boite-de-reunion-2-places-jetson-l2-noir-mute","status":"publish","type":"product","link":"https:\/\/99cubes.de\/fr\/produkt\/2er-meetingbox-jetson-l2-schwarz-mute\/","title":{"rendered":"Bo\u00eete de r\u00e9union pour 2 personnes Jetson L2, noir | MUTE"},"content":{"rendered":"<div class=\"su-accordion su-u-trim\">\n<div class=\"su-spoiler su-spoiler-style-default su-spoiler-icon-plus\" data-scroll-offset=\"0\" data-anchor-in-url=\"no\"><div class=\"su-spoiler-title\" tabindex=\"0\" role=\"button\"><span class=\"su-spoiler-icon\"><\/span><strong>Informations sur la s\u00e9rie Jetson :<\/strong><\/div><div class=\"su-spoiler-content su-u-clearfix su-u-trim\">\n<p>Les bo\u00eetiers de t\u00e9l\u00e9phone et de r\u00e9union de la s\u00e9rie Jetson font partie de nos best-sellers absolus - et \u00e0 juste titre ! Des mat\u00e9riaux de haute qualit\u00e9, des composants durables et un am\u00e9nagement int\u00e9rieur bien pens\u00e9 s'allient \u00e0 des prix avantageux. Derri\u00e8re la s\u00e9rie Jetson se cache le sp\u00e9cialiste polonais de l'acoustique MUTE, qui a mis en \u0153uvre son savoir-faire concentr\u00e9 en mati\u00e8re de design de produit et de production pour les quatre mod\u00e8les de la s\u00e9rie Jetson. Gr\u00e2ce \u00e0 la r\u00e9duction \u00e0 deux couleurs (noir et blanc) et \u00e0 de nombreux composants de construction communs, les enceintes acoustiques de la s\u00e9rie Jetson peuvent \u00eatre produites \u00e0 l'avance en plus grand nombre et sont donc toujours en stock.<\/p>\n<p>La structure de la Meetingbox Jetson L2 est fabriqu\u00e9e en aluminium extrud\u00e9, ce qui la rend beaucoup plus durable et l\u00e9g\u00e8re que les mod\u00e8les fabriqu\u00e9s \u00e0 base de panneaux de bois. Combin\u00e9es \u00e0 un syst\u00e8me unique de connexion murale sans outil, les bo\u00eetes de la s\u00e9rie Jetson peuvent \u00eatre mont\u00e9es ou d\u00e9mont\u00e9es aussi rapidement qu'aucune autre bo\u00eete de t\u00e9l\u00e9phone ou de r\u00e9union sur le march\u00e9.<\/p>\n<p>Jetson L2 est disponible en noir ou en blanc. En option, les parois ext\u00e9rieures peuvent \u00eatre \u00e9quip\u00e9es de biblioth\u00e8ques ou de tableaux blancs suppl\u00e9mentaires. En outre, la Meetingbox peut \u00eatre \u00e9quip\u00e9e d'un support d'\u00e9cran sur la table.<\/p>\n<p>Plus d'informations : <a href=\"https:\/\/99cubes.de\/fr\/les-cubes-acoustiques-de-la-serie-de-produits-jetson\/\">Les cubes acoustiques de la s\u00e9rie Jetson<\/a>.<\/div><\/div>\n<div class=\"su-spoiler su-spoiler-style-default su-spoiler-icon-plus su-spoiler-closed\" data-scroll-offset=\"0\" data-anchor-in-url=\"no\"><div class=\"su-spoiler-title\" tabindex=\"0\" role=\"button\"><span class=\"su-spoiler-icon\"><\/span><strong>\u00c9quipement :<\/strong><\/div><div class=\"su-spoiler-content su-u-clearfix su-u-trim\">\n<ul>\n<li>Syst\u00e8me de ventilation<\/li>\n<li>Lumi\u00e8re LED<\/li>\n<li>D\u00e9tecteurs de pr\u00e9sence pour ventilateurs et lumi\u00e8re<\/li>\n<li>Barrette avec 2 prises de courant et 2 ports USB<\/li>\n<li>Plateau de table en m\u00e9lamine<\/li>\n<li>2x canap\u00e9 avec dossier r\u00e9glable en hauteur<\/li>\n<li>\u00c9tag\u00e8re plate avec rail d'exposition et aimant, 2 crochets<\/li>\n<li>C\u00e2ble d'alimentation 3 m<\/li>\n<\/ul>\n<\/div><\/div>\n<div class=\"su-spoiler su-spoiler-style-default su-spoiler-icon-plus su-spoiler-closed\" data-scroll-offset=\"0\" data-anchor-in-url=\"no\"><div class=\"su-spoiler-title\" tabindex=\"0\" role=\"button\"><span class=\"su-spoiler-icon\"><\/span><strong>Dimensions et poids :<\/strong><\/div><div class=\"su-spoiler-content su-u-clearfix su-u-trim\">\n<ul>\n<li>Largeur (ext\u00e9rieur \/ int\u00e9rieur) : 2150 mm \/ 2010 mm<\/li>\n<li>profondeur (ext\u00e9rieur \/ int\u00e9rieur) : 1000 mm \/ 860 mm + 800 mm avec la porte ouverte<\/li>\n<li>Hauteur (ext\u00e9rieur \/ int\u00e9rieur) : 2264 mm \/ 2102 mm<\/li>\n<li class=\"tech-specs__field\">Plateau de table (L x P x H) : 950 x 504 x 745<\/li>\n<li>Poids : 373 kg<\/li>\n<\/ul>\n<\/div><\/div>\n<div class=\"su-spoiler su-spoiler-style-default su-spoiler-icon-plus su-spoiler-closed\" data-scroll-offset=\"0\" data-anchor-in-url=\"no\"><div class=\"su-spoiler-title\" tabindex=\"0\" role=\"button\"><span class=\"su-spoiler-icon\"><\/span><strong>Donn\u00e9es acoustiques et ventilation :<\/strong><\/div><div class=\"su-spoiler-content su-u-clearfix su-u-trim\">\n<ul>\n<li>Att\u00e9nuation de la voix jusqu'\u00e0 44,7 dB<\/li>\n<li>D\u00e9bit d'air : 365 m\u00b3\/h (nominal)<\/li>\n<li>Bruit de ventilation ext\u00e9rieur \/ int\u00e9rieur : \u226436 dB \/ \u226438 dB<\/li>\n<\/ul>\n<\/div><\/div>\n<div class=\"su-spoiler su-spoiler-style-default su-spoiler-icon-plus su-spoiler-closed\" data-scroll-offset=\"0\" data-anchor-in-url=\"no\"><div class=\"su-spoiler-title\" tabindex=\"0\" role=\"button\"><span class=\"su-spoiler-icon\"><\/span><strong>\u00c9clairage :<\/strong><\/div><div class=\"su-spoiler-content su-u-clearfix su-u-trim\">\n<ul>\n<li>Luminosit\u00e9 : 300 lux<\/li>\n<li>temp\u00e9rature de couleur : 4.000 K<\/li>\n<\/ul>\n<\/div><\/div>\n<div class=\"su-spoiler su-spoiler-style-default su-spoiler-icon-plus su-spoiler-closed\" data-scroll-offset=\"0\" data-anchor-in-url=\"no\"><div class=\"su-spoiler-title\" tabindex=\"0\" role=\"button\"><span class=\"su-spoiler-icon\"><\/span><strong>Prise multiple :<\/strong><\/div><div class=\"su-spoiler-content su-u-clearfix su-u-trim\">\n<ul>\n<li>Tension d'alimentation : 220-240 \/ 100-120 VAC, 50-60 Hz<\/li>\n<li>Prises de courant : 2<\/li>\n<li>Chargeur rapide USB : TUF A+C 25 W, 5 V DC<\/li>\n<li>Couleur : Noir<\/li>\n<\/ul>\n<\/div><\/div>\n<\/div>","protected":false},"excerpt":{"rendered":"<p>La bo\u00eete de r\u00e9union pour 2 personnes Jetson L2 a \u00e9t\u00e9 con\u00e7ue par le sp\u00e9cialiste de l'acoustique et fabricant haut de gamme MUTE et comble une lacune dans la famille de produits Jetson. Avec exactement un m\u00e8tre de profondeur, la Jetson L2 est plus \u00e9troite que son grand fr\u00e8re Jetson L4, mais son \u00e9quipement est sinon presque identique. Une solution id\u00e9ale pour tous ceux qui sont \u00e0 la recherche d'une bo\u00eete de r\u00e9union, mais qui disposent de peu de place. Les prix avantageux sont rendus possibles par une construction intelligente : la Jetson L2 a la m\u00eame profondeur que la Jetson S1 et la m\u00eame largeur que la Jetson L4 - en cons\u00e9quence, de nombreux composants sont identiques et peuvent \u00eatre pr\u00e9produits en grandes quantit\u00e9s de mani\u00e8re rentable.<\/p>\n<p>Parmi les caract\u00e9ristiques particuli\u00e8rement pratiques fournies en standard, on peut citer<\/p>\n<ul>\n<li>canap\u00e9 confortable et rembourr\u00e9 des deux c\u00f4t\u00e9s avec dossier r\u00e9glable en hauteur<\/li>\n<li>Am\u00e9nagement int\u00e9rieur avec une \u00e9tag\u00e8re murale \u00e9troite, une barre magn\u00e9tique et des crochets pour v\u00eatements<\/li>\n<li>Prise de courant et chargeur USB (type A + C) directement sous le plateau de table<\/li>\n<\/ul>\n<p>La Jetson L2 marque des points gr\u00e2ce \u00e0 son excellent rapport qualit\u00e9-prix, qui caract\u00e9rise toute la famille de produits Jetson !<\/p>","protected":false},"featured_media":2474,"comment_status":"open","ping_status":"closed","template":"","meta":{"content-type":"","_uag_custom_page_level_css":""},"product_brand":[],"product_cat":[60],"product_tag":[],"class_list":{"0":"post-2471","1":"product","2":"type-product","3":"status-publish","4":"has-post-thumbnail","6":"product_cat-meetingboxen","7":"pa_anzahl-personen-2-personen","8":"pa_belueftungssteuerung-individuell-steuerbar","9":"pa_belueftungssteuerung-vollautomatisch","10":"pa_breite-215-m","11":"pa_buchungstool-display-goconut-ready","12":"pa_einsatz-szenarien-buero","13":"pa_einsatz-szenarien-einzelhandel","14":"pa_einsatz-szenarien-hotel","15":"pa_einsatz-szenarien-schule-universitaet","16":"pa_farbe-schwarz","17":"pa_flex-miete-verfuegbar-ja","18":"pa_gewicht-373-kg","19":"pa_hoehe-227-m","20":"pa_lan-kein-lan-anschluss","21":"pa_lan-lan-anschluss-als-sonderausstattung","22":"pa_lieferzeit-2-wochen-lieferzeit","23":"pa_luftaustausch-365-m-h-nominell","24":"pa_marke-mute","25":"pa_mobilitaet-keine","26":"pa_mobilitaet-mit-integrierten-bodenrollen","27":"pa_monitorhalterung-monitorhalterung-als-sonderausstattung","28":"pa_monitorhalterung-ohne-monitorhalterung","29":"pa_preissegment-zwei","30":"pa_schalldaemmung-drei-sterne","31":"pa_sitzen-oder-stehen-im-sitzen-niedrig-mit-stuhl-oder-bank","32":"pa_spezial-features-buecherregal-option","33":"pa_spezial-features-white-board-option","34":"pa_tiefe-100-m","35":"pa_verfuegbare-tisch-optionen-fixe-tischhoehe-sitzen","36":"pa_verwendung-konzentriertes-arbeiten","37":"pa_verwendung-meeting","38":"pa_verwendung-telefonieren","39":"pa_verwendung-video-call","41":"first","42":"instock","43":"taxable","44":"shipping-taxable","45":"purchasable","46":"product-type-simple"},"uagb_featured_image_src":{"full":["https:\/\/99cubes.de\/wp-content\/uploads\/2024\/09\/99cubes-MUTE-Jetson-L2-2.jpg",1200,1200,false],"thumbnail":["https:\/\/99cubes.de\/wp-content\/uploads\/2024\/09\/99cubes-MUTE-Jetson-L2-2-200x200.jpg",200,200,true],"medium":["https:\/\/99cubes.de\/wp-content\/uploads\/2024\/09\/99cubes-MUTE-Jetson-L2-2-450x450.jpg",450,450,true],"medium_large":["https:\/\/99cubes.de\/wp-content\/uploads\/2024\/09\/99cubes-MUTE-Jetson-L2-2-768x768.jpg",768,768,true],"large":["https:\/\/99cubes.de\/wp-content\/uploads\/2024\/09\/99cubes-MUTE-Jetson-L2-2-1200x1200.jpg",1140,1140,true],"1536x1536":["https:\/\/99cubes.de\/wp-content\/uploads\/2024\/09\/99cubes-MUTE-Jetson-L2-2-1536x1536.jpg",1200,1200,true],"2048x2048":["https:\/\/99cubes.de\/wp-content\/uploads\/2024\/09\/99cubes-MUTE-Jetson-L2-2-2048x2048.jpg",1200,1200,true],"trp-custom-language-flag":["https:\/\/99cubes.de\/wp-content\/uploads\/2024\/09\/99cubes-MUTE-Jetson-L2-2-12x12.jpg",12,12,true],"botiga-extra-large":["https:\/\/99cubes.de\/wp-content\/uploads\/2024\/09\/99cubes-MUTE-Jetson-L2-2-1140x1140.jpg",1140,1140,true],"botiga-large":["https:\/\/99cubes.de\/wp-content\/uploads\/2024\/09\/99cubes-MUTE-Jetson-L2-2-920x920.jpg",920,920,true],"botiga-big":["https:\/\/99cubes.de\/wp-content\/uploads\/2024\/09\/99cubes-MUTE-Jetson-L2-2-575x575.jpg",575,575,true],"botiga-medium":["https:\/\/99cubes.de\/wp-content\/uploads\/2024\/09\/99cubes-MUTE-Jetson-L2-2-380x380.jpg",380,380,true],"botiga-header-icons":["https:\/\/99cubes.de\/wp-content\/uploads\/2024\/09\/99cubes-MUTE-Jetson-L2-2-50x50.jpg",50,50,true],"botiga-product-swatch-image":["https:\/\/99cubes.de\/wp-content\/uploads\/2024\/09\/99cubes-MUTE-Jetson-L2-2-26x26.jpg",26,26,true],"woocommerce_thumbnail":["https:\/\/99cubes.de\/wp-content\/uploads\/2024\/09\/99cubes-MUTE-Jetson-L2-2-420x420.jpg",420,420,true],"woocommerce_single":["https:\/\/99cubes.de\/wp-content\/uploads\/2024\/09\/99cubes-MUTE-Jetson-L2-2-800x800.jpg",800,800,true],"woocommerce_gallery_thumbnail":["https:\/\/99cubes.de\/wp-content\/uploads\/2024\/09\/99cubes-MUTE-Jetson-L2-2-100x100.jpg",100,100,true],"wpvr_mobile":["https:\/\/99cubes.de\/wp-content\/uploads\/2024\/09\/99cubes-MUTE-Jetson-L2-2-2048x2048.jpg",2048,2048,true]},"uagb_author_info":{"display_name":"frank","author_link":"https:\/\/99cubes.de\/fr\/author\/"},"uagb_comment_info":0,"uagb_excerpt":"Die 2er-Meetingbox Jetson L2 wurde vom Akustik-Spezialisten und Premium-Hersteller MUTE designt und f\u00fcllt eine bisherige L\u00fccke in der Jetson-Produktfamilie. Mit exakt einem Meter Tiefe ist die Jetson L2 schmaler als ihr gr\u00f6\u00dferer Bruder Jetson L4, ansonsten aber nahezu identisch ausgestattet. Eine ideale L\u00f6sung f\u00fcr alle, die auf der Suche nach einer\u00a0 Meetingbox sind, aber wenig\u2026","_links":{"self":[{"href":"https:\/\/99cubes.de\/fr\/wp-json\/wp\/v2\/product\/2471","targetHints":{"allow":["GET"]}}],"collection":[{"href":"https:\/\/99cubes.de\/fr\/wp-json\/wp\/v2\/product"}],"about":[{"href":"https:\/\/99cubes.de\/fr\/wp-json\/wp\/v2\/types\/product"}],"replies":[{"embeddable":true,"href":"https:\/\/99cubes.de\/fr\/wp-json\/wp\/v2\/comments?post=2471"}],"wp:featuredmedia":[{"embeddable":true,"href":"https:\/\/99cubes.de\/fr\/wp-json\/wp\/v2\/media\/2474"}],"wp:attachment":[{"href":"https:\/\/99cubes.de\/fr\/wp-json\/wp\/v2\/media?parent=2471"}],"wp:term":[{"taxonomy":"product_brand","embeddable":true,"href":"https:\/\/99cubes.de\/fr\/wp-json\/wp\/v2\/product_brand?post=2471"},{"taxonomy":"product_cat","embeddable":true,"href":"https:\/\/99cubes.de\/fr\/wp-json\/wp\/v2\/product_cat?post=2471"},{"taxonomy":"product_tag","embeddable":true,"href":"https:\/\/99cubes.de\/fr\/wp-json\/wp\/v2\/product_tag?post=2471"}],"curies":[{"name":"wp","href":"https:\/\/api.w.org\/{rel}","templated":true}]}}