{"id":3063,"date":"2024-11-01T13:50:56","date_gmt":"2024-11-01T12:50:56","guid":{"rendered":"https:\/\/99cubes.de\/?post_type=product&#038;p=3063"},"modified":"2026-03-17T12:16:51","modified_gmt":"2026-03-17T11:16:51","slug":"boite-de-travail-chatbox-solo-silen","status":"publish","type":"product","link":"https:\/\/99cubes.de\/fr\/produkt\/arbeitsbox-chatbox-solo-silen\/","title":{"rendered":"Bo\u00eete de travail Chatbox Solo | Silen"},"content":{"rendered":"<div class=\"su-accordion su-u-trim\">\n<div class=\"su-spoiler su-spoiler-style-default su-spoiler-icon-plus\" data-scroll-offset=\"0\" data-anchor-in-url=\"no\"><div class=\"su-spoiler-title\" tabindex=\"0\" role=\"button\"><span class=\"su-spoiler-icon\"><\/span><strong>Informations sur la gamme de produits Silen Chatbox<\/strong><\/div><div class=\"su-spoiler-content su-u-clearfix su-u-trim\">\nLe fabricant estonien \u201eSilen\u201c est l'un des producteurs de cubes acoustiques les plus innovants et les plus performants au monde et livre dans plus de 60 pays. Apr\u00e8s le grand succ\u00e8s de la s\u00e9rie de produits haut de gamme \u201eSilen Space\u201c (classe d'insonorisation A), une deuxi\u00e8me ligne de produits a \u00e9t\u00e9 lanc\u00e9e avec \u201eSilen Chatbox\u201c, dans laquelle une attention encore plus grande a \u00e9t\u00e9 accord\u00e9e au prix, \u00e0 l'efficacit\u00e9 et \u00e0 la modularit\u00e9. Les cubes acoustiques Chatbox sont un peu plus l\u00e9gers et donc sensiblement moins chers, mais ils r\u00e9pondent avec brio aux exigences de la classe d'insonorisation B.<br \/>\nCe qui nous enthousiasme le plus dans les cubes acoustiques Silen Chatbox :<\/p>\n<ul>\n<li>Les parois lat\u00e9rales sont interchangeables. Il est donc tr\u00e8s facile d'ajouter d'autres couleurs ou le fameux design des parois lat\u00e9rales en lamelles de bois - gr\u00e2ce \u00e0 un syst\u00e8me de fermeture magn\u00e9tique innovant.<\/li>\n<li>Les \u00e9ditions Duo et Quattro de Chatbox peuvent \u00eatre combin\u00e9es l'une derri\u00e8re l'autre pour former une pi\u00e8ce plus grande. Inversement, une Chatbox Quattro peut \u00eatre divis\u00e9e ult\u00e9rieurement et transform\u00e9e en deux Duos. Pour cela, il suffit de commander ou de stocker temporairement les parois en verre correspondantes.<\/li>\n<li>Le kit de mobilit\u00e9, disponible s\u00e9par\u00e9ment, facilite le d\u00e9placement de tous les cubes acoustiques au sein du bureau.<\/li>\n<li>Des valeurs d'\u00e9change d'air particuli\u00e8rement bonnes (voir aussi : <a href=\"https:\/\/99cubes.de\/fr\/echange-dair\/\">Crit\u00e8re de s\u00e9lection \u00e9change d'air<\/a>).<\/li>\n<\/ul>\n<\/div><\/div>\n<div class=\"su-spoiler su-spoiler-style-default su-spoiler-icon-plus\" data-scroll-offset=\"0\" data-anchor-in-url=\"no\"><div class=\"su-spoiler-title\" tabindex=\"0\" role=\"button\"><span class=\"su-spoiler-icon\"><\/span><strong>Configurateur de produits :<\/strong><\/div><div class=\"su-spoiler-content su-u-clearfix su-u-trim\">\n<p>Tu trouveras toutes les options et possibilit\u00e9s de conception dans notre configurateur de produit interactif :<\/p>\n<div class=\"wp-block-button\"><a class=\"wp-block-button__link wp-element-button\" href=\"https:\/\/configurator.silen.com\/?site=6364&amp;code=113438\" target=\"_blank\" rel=\"noopener\">Vers le configurateur de produits<\/a><\/div>\n<\/div><\/div>\n<div class=\"su-spoiler su-spoiler-style-default su-spoiler-icon-plus su-spoiler-closed\" data-scroll-offset=\"0\" data-anchor-in-url=\"no\"><div class=\"su-spoiler-title\" tabindex=\"0\" role=\"button\"><span class=\"su-spoiler-icon\"><\/span><strong>\u00c9quipement :<\/strong><\/div><div class=\"su-spoiler-content su-u-clearfix su-u-trim\">\n<ul>\n<li>D\u00e9tecteur de pr\u00e9sence<\/li>\n<li>Syst\u00e8me de ventilation dans le plafond<\/li>\n<li>lumi\u00e8re LED int\u00e9gr\u00e9e (4000 K, 2240 lumens, 28 watts)<\/li>\n<li>Raccordement par c\u00e2ble \u00e9lectrique de 3 m<\/li>\n<li>Prise de courant Schuko + prise de charge USB-A\/C<\/li>\n<li>Parois int\u00e9rieures \u00e9quip\u00e9es de panneaux acoustiques sans \u00e9cho<\/li>\n<li>tapis \u00e0 poils bas antistatique et antisalissant<\/li>\n<li>Porte pour droitiers<\/li>\n<li>Am\u00e9nagement int\u00e9rieur au choix : sans table | avec bureau r\u00e9glable en hauteur \u00e9lectriquement | avec bureau encastr\u00e9 \u00e0 hauteur fixe<\/li>\n<li>canap\u00e9 optionnel en trois couleurs diff\u00e9rentes (uniquement en combinaison avec une table encastr\u00e9e \u00e0 hauteur fixe)<\/li>\n<li>En option : connexion LAN<\/li>\n<li>En option : panneau de commande pour le contr\u00f4le manuel de l'\u00e9clairage (tamiser) et de la ventilation (plus ou moins fort)<\/li>\n<li>parois lat\u00e9rales noires ou blanches ; disponibles en option en 9 autres couleurs (y compris la couleur du tableau blanc) ou en version \u00e0 lamelles de bois (ch\u00eane)<\/li>\n<\/ul>\n<figure id=\"attachment_3059\" aria-describedby=\"caption-attachment-3059\" style=\"width: 1200px\" class=\"wp-caption alignnone\"><img loading=\"lazy\" decoding=\"async\" class=\"wp-image-3059 size-large\" src=\"https:\/\/99cubes.de\/wp-content\/uploads\/2024\/10\/Oberflaechen-Silen-Chatbox-1200x534.jpg\" alt=\"\" width=\"1200\" height=\"534\" srcset=\"https:\/\/99cubes.de\/wp-content\/uploads\/2024\/10\/Oberflaechen-Silen-Chatbox-1200x534.jpg 1200w, https:\/\/99cubes.de\/wp-content\/uploads\/2024\/10\/Oberflaechen-Silen-Chatbox-450x200.jpg 450w, https:\/\/99cubes.de\/wp-content\/uploads\/2024\/10\/Oberflaechen-Silen-Chatbox-768x342.jpg 768w, https:\/\/99cubes.de\/wp-content\/uploads\/2024\/10\/Oberflaechen-Silen-Chatbox-18x8.jpg 18w, https:\/\/99cubes.de\/wp-content\/uploads\/2024\/10\/Oberflaechen-Silen-Chatbox-1140x507.jpg 1140w, https:\/\/99cubes.de\/wp-content\/uploads\/2024\/10\/Oberflaechen-Silen-Chatbox-920x409.jpg 920w, https:\/\/99cubes.de\/wp-content\/uploads\/2024\/10\/Oberflaechen-Silen-Chatbox-575x256.jpg 575w, https:\/\/99cubes.de\/wp-content\/uploads\/2024\/10\/Oberflaechen-Silen-Chatbox-380x169.jpg 380w, https:\/\/99cubes.de\/wp-content\/uploads\/2024\/10\/Oberflaechen-Silen-Chatbox-800x356.jpg 800w, https:\/\/99cubes.de\/wp-content\/uploads\/2024\/10\/Oberflaechen-Silen-Chatbox.jpg 1234w\" sizes=\"auto, (max-width: 1200px) 100vw, 1200px\" \/><figcaption id=\"caption-attachment-3059\" class=\"wp-caption-text\">Le choix des finitions pour la gamme de produits Silen Chatbox<\/figcaption><\/figure>\n<\/div><\/div>\n<div class=\"su-spoiler su-spoiler-style-default su-spoiler-icon-plus su-spoiler-closed\" data-scroll-offset=\"0\" data-anchor-in-url=\"no\"><div class=\"su-spoiler-title\" tabindex=\"0\" role=\"button\"><span class=\"su-spoiler-icon\"><\/span><strong>Dimensions et poids :<\/strong><\/div><div class=\"su-spoiler-content su-u-clearfix su-u-trim\">\n<ul>\n<li>largeur (ext\u00e9rieur \/ int\u00e9rieur) : 1250 mm \/ 1130 mm<\/li>\n<li>profondeur (ext\u00e9rieur \/ int\u00e9rieur) : 980 mm \/ 910 mm<\/li>\n<li>Hauteur (ext\u00e9rieur \/ int\u00e9rieur) : 2220 mm \/ 2040 mm<\/li>\n<li>Poids : 380 kg<\/li>\n<\/ul>\n<\/div><\/div>\n<div class=\"su-spoiler su-spoiler-style-default su-spoiler-icon-plus su-spoiler-closed\" data-scroll-offset=\"0\" data-anchor-in-url=\"no\"><div class=\"su-spoiler-title\" tabindex=\"0\" role=\"button\"><span class=\"su-spoiler-icon\"><\/span><strong>Donn\u00e9es acoustiques et ventilation :<\/strong><\/div><div class=\"su-spoiler-content su-u-clearfix su-u-trim\">\n<p><strong>Isolation phonique :<\/strong> 27,8 dB (correspond \u00e0 la classe B selon la norme ISO 23351-1)<\/p>\n<p><strong>\u00e9change d'air : <\/strong>198 m\u00b3\/h (d\u00e9bit d'air du syst\u00e8me)<\/p>\n<p><strong>Particularit\u00e9s :<\/strong>\u00a0Qualit\u00e9 de l'air int\u00e9rieur certifi\u00e9e : test\u00e9 sur les \u00e9missions de COV, c'est-\u00e0-dire les vapeurs de compos\u00e9s organiques volatils<\/p>\n<\/div><\/div>\n<\/div>","protected":false},"excerpt":{"rendered":"<p>Le Silen Chatbox Solo est la solution parfaite pour travailler de mani\u00e8re concentr\u00e9e dans un bureau paysager. En tant que box de travail compact, le Silen Chatbox Solo offre un poste de travail insonoris\u00e9 - selon la variante, soit confortable (avec bureau et canap\u00e9), soit ergonomique (avec bureau r\u00e9glable en hauteur). La s\u00e9rie de produits Chatbox est modulaire et bien pens\u00e9e jusque dans les moindres d\u00e9tails : les rev\u00eatements des parois lat\u00e9rales peuvent par exemple \u00eatre remplac\u00e9s ult\u00e9rieurement ! Pratique pour tous ceux qui souhaitent \u00e9quiper leur box de travail de lamelles de bois \u00e9l\u00e9gantes ou \u00e9changer les couleurs de surface entre diff\u00e9rents cubes acoustiques.<br \/>\nUn kit Mobility disponible s\u00e9par\u00e9ment aide \u00e0 d\u00e9placer les boxes. Contrairement \u00e0 d'autres fabricants, les roulettes ne sont pas int\u00e9gr\u00e9es mais plac\u00e9es sur le c\u00f4t\u00e9 pour faciliter le transport en cas de besoin - ainsi, un kit Mobility par bureau \/ par b\u00e2timent suffit !<br \/>\nUne bonne isolation acoustique, une finition de qualit\u00e9 et un bon rapport qualit\u00e9-prix caract\u00e9risent tous les cubes acoustiques de la s\u00e9rie Silen Chatbox.<br \/>\nLa bo\u00eete de travail \u201eChatbox Solo\u201c est disponible dans les variantes suivantes :<\/p>\n<ul>\n<li>Vide<\/li>\n<li>avec bureau \u00e0 hauteur fixe (commander le si\u00e8ge pivotant s\u00e9par\u00e9ment)<\/li>\n<li>avec bureau \u00e0 hauteur fixe et canap\u00e9 assorti<\/li>\n<li>avec bureau \u00e0 hauteur r\u00e9glable \u00e9lectriquement (nous recommandons de commander un tabouret assis-debout assorti)<\/li>\n<\/ul>\n<p>En plus des panneaux lat\u00e9raux de couleurs diff\u00e9rentes, le Silen Chatbox Solo dispose de nombreuses caract\u00e9ristiques suppl\u00e9mentaires, comme un panneau de commande optionnel pour l'\u00e9clairage et la ventilation ou une connexion LAN.<\/p>\n<p>Nous te conseillons volontiers sur les options qui te concernent !<\/p>","protected":false},"featured_media":4666,"comment_status":"open","ping_status":"closed","template":"","meta":{"content-type":"","_uag_custom_page_level_css":""},"product_brand":[],"product_cat":[180],"product_tag":[],"class_list":{"0":"post-3063","1":"product","2":"type-product","3":"status-publish","4":"has-post-thumbnail","6":"product_cat-arbeitsbox","7":"pa_anzahl-personen-1-person","8":"pa_belueftungssteuerung-individuell-steuerbar","9":"pa_belueftungssteuerung-vollautomatisch","10":"pa_breite-125-m","11":"pa_buchungstool-display-goconut-ready","12":"pa_einsatz-szenarien-buero","13":"pa_einsatz-szenarien-einzelhandel","14":"pa_einsatz-szenarien-hotel","15":"pa_einsatz-szenarien-schule-universitaet","16":"pa_farbe-holzlamellen","17":"pa_farbe-konfigurierbar","18":"pa_farbe-schwarz","19":"pa_farbe-weiss","20":"pa_flex-miete-verfuegbar-ja","21":"pa_gewicht-380-kg","22":"pa_hoehe-222-m","23":"pa_lan-kein-lan-anschluss","24":"pa_lan-lan-anschluss-als-sonderausstattung","25":"pa_lieferzeit-4-bis-6-wochen-lieferzeit","26":"pa_luftaustausch-198-m-h-systemluftstrom","27":"pa_marke-silen","28":"pa_mobilitaet-keine","29":"pa_mobilitaet-mobility-kit-als-zubehoer","30":"pa_monitorhalterung-ohne-monitorhalterung","31":"pa_nachhaltigkeit-klimaneutral-hergestellt","32":"pa_preissegment-zwei","33":"pa_schalldaemmung-drei-sterne","34":"pa_sitzen-oder-stehen-im-sitzen-niedrig-mit-stuhl-oder-bank","35":"pa_sitzen-oder-stehen-im-stehen","36":"pa_spezial-features-aussenwandfarbe-nachtraeglich-austauschbar","37":"pa_spezial-features-gs-tuev-zertifiziert","38":"pa_spezial-features-white-board-option","39":"pa_spezial-features-zertifizierte-innenraum-luftqualitaet","40":"pa_tiefe-098-m","41":"pa_verfuegbare-tisch-optionen-fixe-tischhoehe-sitzen","42":"pa_verfuegbare-tisch-optionen-ohne-tisch","43":"pa_verfuegbare-tisch-optionen-variable-tischhoehe-elektrisch-verstellbar","44":"pa_verwendung-telefonieren","45":"pa_verwendung-video-call","47":"first","48":"instock","49":"taxable","50":"shipping-taxable","51":"purchasable","52":"product-type-simple"},"uagb_featured_image_src":{"full":["https:\/\/99cubes.de\/wp-content\/uploads\/2024\/11\/99cubes-Telefonbox-Silen-Chatbox-Solo.jpg",1200,1200,false],"thumbnail":["https:\/\/99cubes.de\/wp-content\/uploads\/2024\/11\/99cubes-Telefonbox-Silen-Chatbox-Solo-200x200.jpg",200,200,true],"medium":["https:\/\/99cubes.de\/wp-content\/uploads\/2024\/11\/99cubes-Telefonbox-Silen-Chatbox-Solo-450x450.jpg",450,450,true],"medium_large":["https:\/\/99cubes.de\/wp-content\/uploads\/2024\/11\/99cubes-Telefonbox-Silen-Chatbox-Solo-768x768.jpg",768,768,true],"large":["https:\/\/99cubes.de\/wp-content\/uploads\/2024\/11\/99cubes-Telefonbox-Silen-Chatbox-Solo-1200x1200.jpg",1140,1140,true],"1536x1536":["https:\/\/99cubes.de\/wp-content\/uploads\/2024\/11\/99cubes-Telefonbox-Silen-Chatbox-Solo.jpg",1200,1200,false],"2048x2048":["https:\/\/99cubes.de\/wp-content\/uploads\/2024\/11\/99cubes-Telefonbox-Silen-Chatbox-Solo.jpg",1200,1200,false],"trp-custom-language-flag":["https:\/\/99cubes.de\/wp-content\/uploads\/2024\/11\/99cubes-Telefonbox-Silen-Chatbox-Solo-12x12.jpg",12,12,true],"botiga-extra-large":["https:\/\/99cubes.de\/wp-content\/uploads\/2024\/11\/99cubes-Telefonbox-Silen-Chatbox-Solo-1140x1140.jpg",1140,1140,true],"botiga-large":["https:\/\/99cubes.de\/wp-content\/uploads\/2024\/11\/99cubes-Telefonbox-Silen-Chatbox-Solo-920x920.jpg",920,920,true],"botiga-big":["https:\/\/99cubes.de\/wp-content\/uploads\/2024\/11\/99cubes-Telefonbox-Silen-Chatbox-Solo-575x575.jpg",575,575,true],"botiga-medium":["https:\/\/99cubes.de\/wp-content\/uploads\/2024\/11\/99cubes-Telefonbox-Silen-Chatbox-Solo-380x380.jpg",380,380,true],"botiga-header-icons":["https:\/\/99cubes.de\/wp-content\/uploads\/2024\/11\/99cubes-Telefonbox-Silen-Chatbox-Solo-50x50.jpg",50,50,true],"botiga-product-swatch-image":["https:\/\/99cubes.de\/wp-content\/uploads\/2024\/11\/99cubes-Telefonbox-Silen-Chatbox-Solo-26x26.jpg",26,26,true],"woocommerce_thumbnail":["https:\/\/99cubes.de\/wp-content\/uploads\/2024\/11\/99cubes-Telefonbox-Silen-Chatbox-Solo-420x420.jpg",420,420,true],"woocommerce_single":["https:\/\/99cubes.de\/wp-content\/uploads\/2024\/11\/99cubes-Telefonbox-Silen-Chatbox-Solo-800x800.jpg",800,800,true],"woocommerce_gallery_thumbnail":["https:\/\/99cubes.de\/wp-content\/uploads\/2024\/11\/99cubes-Telefonbox-Silen-Chatbox-Solo-100x100.jpg",100,100,true],"wpvr_mobile":["https:\/\/99cubes.de\/wp-content\/uploads\/2024\/11\/99cubes-Telefonbox-Silen-Chatbox-Solo.jpg",1200,1200,false]},"uagb_author_info":{"display_name":"frank","author_link":"https:\/\/99cubes.de\/fr\/author\/"},"uagb_comment_info":0,"uagb_excerpt":"Die Silen Chatbox Solo ist die perfekte L\u00f6sung f\u00fcr konzentriertes Arbeiten im Gro\u00dfraumb\u00fcro. Als kompakte Arbeitsbox bietet die Silen Chatbox Solo einen schallgesch\u00fctzten Arbeitsplatz - je nach Variante entweder gem\u00fctlich (mit Schreibtisch und Sofa) oder ergonomisch gestaltet (mit h\u00f6henverstellbarem Schreibtisch). Die Chatbox-Produktserie ist modular aufgebaut und durchdacht bis ins letzte Detail: So sind die Seitenwand-Verkleidungen\u2026","_links":{"self":[{"href":"https:\/\/99cubes.de\/fr\/wp-json\/wp\/v2\/product\/3063","targetHints":{"allow":["GET"]}}],"collection":[{"href":"https:\/\/99cubes.de\/fr\/wp-json\/wp\/v2\/product"}],"about":[{"href":"https:\/\/99cubes.de\/fr\/wp-json\/wp\/v2\/types\/product"}],"replies":[{"embeddable":true,"href":"https:\/\/99cubes.de\/fr\/wp-json\/wp\/v2\/comments?post=3063"}],"wp:featuredmedia":[{"embeddable":true,"href":"https:\/\/99cubes.de\/fr\/wp-json\/wp\/v2\/media\/4666"}],"wp:attachment":[{"href":"https:\/\/99cubes.de\/fr\/wp-json\/wp\/v2\/media?parent=3063"}],"wp:term":[{"taxonomy":"product_brand","embeddable":true,"href":"https:\/\/99cubes.de\/fr\/wp-json\/wp\/v2\/product_brand?post=3063"},{"taxonomy":"product_cat","embeddable":true,"href":"https:\/\/99cubes.de\/fr\/wp-json\/wp\/v2\/product_cat?post=3063"},{"taxonomy":"product_tag","embeddable":true,"href":"https:\/\/99cubes.de\/fr\/wp-json\/wp\/v2\/product_tag?post=3063"}],"curies":[{"name":"wp","href":"https:\/\/api.w.org\/{rel}","templated":true}]}}