{"id":3084,"date":"2024-11-06T18:19:50","date_gmt":"2024-11-06T17:19:50","guid":{"rendered":"https:\/\/99cubes.de\/?post_type=product&#038;p=3084"},"modified":"2026-03-17T12:32:44","modified_gmt":"2026-03-17T11:32:44","slug":"meetingbox-chatbox-quattro-silen","status":"publish","type":"product","link":"https:\/\/99cubes.de\/fr\/produkt\/meetingbox-chatbox-quattro-silen\/","title":{"rendered":"Meetingbox Chatbox Quattro | Silen"},"content":{"rendered":"<div class=\"su-accordion su-u-trim\">\n<div class=\"su-spoiler su-spoiler-style-default su-spoiler-icon-plus\" data-scroll-offset=\"0\" data-anchor-in-url=\"no\"><div class=\"su-spoiler-title\" tabindex=\"0\" role=\"button\"><span class=\"su-spoiler-icon\"><\/span><strong>Informations sur la gamme de produits Silen Chatbox<\/strong><\/div><div class=\"su-spoiler-content su-u-clearfix su-u-trim\">\nLe fabricant estonien \u201eSilen\u201c est l'un des producteurs de cubes acoustiques les plus innovants et les plus performants au monde et livre dans plus de 60 pays. Apr\u00e8s le grand succ\u00e8s de la s\u00e9rie de produits haut de gamme \u201eSilen Space\u201c (classe d'insonorisation A), une deuxi\u00e8me ligne de produits a \u00e9t\u00e9 lanc\u00e9e, \u201eSilen Chatbox\u201c, dans laquelle une attention encore plus grande a \u00e9t\u00e9 port\u00e9e au prix, \u00e0 l'efficacit\u00e9 et \u00e0 la modularit\u00e9. Les cubes acoustiques Silen Chatbox sont un peu plus l\u00e9gers, donc sensiblement moins chers, mais r\u00e9pondent avec brio aux exigences de la classe d'isolation acoustique B - et m\u00eame de la classe d'isolation acoustique A dans le cas du Silen Chatbox Quattro ! Cela est d\u00fb (malgr\u00e9 une construction identique) \u00e0 une g\u00e9om\u00e9trie l\u00e9g\u00e8rement diff\u00e9rente, qui permet d'obtenir des valeurs d'isolation acoustique encore plus avantageuses.<br \/>\nCe qui nous enthousiasme le plus dans les cubes acoustiques Silen Chatbox :<\/p>\n<ul>\n<li>Les parois lat\u00e9rales sont interchangeables. Il est donc tr\u00e8s facile d'ajouter d'autres couleurs ou le fameux design des parois lat\u00e9rales en lamelles de bois - gr\u00e2ce \u00e0 un syst\u00e8me de fermeture magn\u00e9tique innovant.<\/li>\n<li>Les \u00e9ditions Duo et Quattro de Chatbox peuvent \u00eatre combin\u00e9es l'une derri\u00e8re l'autre pour former une pi\u00e8ce plus grande. Inversement, une Chatbox Quattro peut \u00eatre divis\u00e9e ult\u00e9rieurement et transform\u00e9e en deux Duos. Pour cela, il suffit de commander ou de stocker temporairement les parois en verre correspondantes.<\/li>\n<li>Le kit de mobilit\u00e9, disponible s\u00e9par\u00e9ment, facilite le d\u00e9placement de tous les cubes acoustiques au sein du bureau.<\/li>\n<li>Des valeurs d'\u00e9change d'air particuli\u00e8rement bonnes (voir aussi : <a href=\"https:\/\/99cubes.de\/fr\/echange-dair\/\">Crit\u00e8re de s\u00e9lection \u00e9change d'air<\/a>).<\/li>\n<\/ul>\n<\/div><\/div>\n<div class=\"su-spoiler su-spoiler-style-default su-spoiler-icon-plus\" data-scroll-offset=\"0\" data-anchor-in-url=\"no\"><div class=\"su-spoiler-title\" tabindex=\"0\" role=\"button\"><span class=\"su-spoiler-icon\"><\/span><strong>Configurateur de produits :<\/strong><\/div><div class=\"su-spoiler-content su-u-clearfix su-u-trim\">\n<p>Tu trouveras toutes les options et possibilit\u00e9s de conception dans notre configurateur de produit interactif :<\/p>\n<div class=\"wp-block-button\"><a class=\"wp-block-button__link wp-element-button\" href=\"https:\/\/configurator.silen.com\/?site=6364&amp;code=113441\" target=\"_blank\" rel=\"noopener\">Vers le configurateur de produits<\/a><\/div>\n<\/div><\/div>\n<div class=\"su-spoiler su-spoiler-style-default su-spoiler-icon-plus su-spoiler-closed\" data-scroll-offset=\"0\" data-anchor-in-url=\"no\"><div class=\"su-spoiler-title\" tabindex=\"0\" role=\"button\"><span class=\"su-spoiler-icon\"><\/span><strong>\u00c9quipement :<\/strong><\/div><div class=\"su-spoiler-content su-u-clearfix su-u-trim\">\n<ul>\n<li>D\u00e9tecteur de pr\u00e9sence<\/li>\n<li>Syst\u00e8me de ventilation dans le plafond<\/li>\n<li>lumi\u00e8re LED int\u00e9gr\u00e9e (4000 K, 4480 lumens, 56 watts)<\/li>\n<li>Raccordement par c\u00e2ble \u00e9lectrique de 3 m<\/li>\n<li>Parois int\u00e9rieures \u00e9quip\u00e9es de panneaux acoustiques sans \u00e9cho<\/li>\n<li>tapis \u00e0 poils bas antistatique et antisalissant<\/li>\n<li>Peut \u00eatre mont\u00e9 au choix comme porte pour gauchers ou pour droitiers (m\u00eames composants)<\/li>\n<li>Prises de courant Schuko dans le sol : comme prise quadruple ou comme prise double en combinaison avec une prise de charge USB-A\/C (prise suppl\u00e9mentaire disponible pour table fixe int\u00e9gr\u00e9e)<\/li>\n<li>Equipement int\u00e9rieur au choix (possibilit\u00e9 de combinaison) :\n<ul>\n<li>Canap\u00e9s confortables avec dossier, disponibles en trois couleurs diff\u00e9rentes. Pour la Chatbox Quattro, deux \u00e9l\u00e9ments de canap\u00e9 de m\u00eame taille de chaque c\u00f4t\u00e9 (permet de les diviser ult\u00e9rieurement en deux cabines Duo).<\/li>\n<li>Canap\u00e9 en forme de L avec dossier, disponible en trois couleurs diff\u00e9rentes.<\/li>\n<li>table int\u00e9gr\u00e9e fixe (en option avec bloc multiprises suppl\u00e9mentaire)<\/li>\n<li>tables flexibles pour ordinateur portable \u201eGaia\u201c (au choix une ou deux pi\u00e8ces, surface au choix en \u201eBlack matt Fenix\u201c ou \u201eWhite matt Fenix\u201c)<\/li>\n<\/ul>\n<\/li>\n<li>En option : connexion LAN<\/li>\n<li>En option : support d'\u00e9cran VESA sur le panneau arri\u00e8re en verre ou sur le panneau lat\u00e9ral (dans l'\u00e9dition Lounge)<\/li>\n<li>En option : panneau de commande pour le contr\u00f4le manuel de l'\u00e9clairage (tamiser) et de la ventilation (plus ou moins fort)<\/li>\n<li>parois lat\u00e9rales noires ou blanches ; disponibles en option en 9 autres couleurs (y compris la couleur du tableau blanc) ou en version \u00e0 lamelles de bois (ch\u00eane)<\/li>\n<\/ul>\n<figure id=\"attachment_3059\" aria-describedby=\"caption-attachment-3059\" style=\"width: 1200px\" class=\"wp-caption alignnone\"><img loading=\"lazy\" decoding=\"async\" class=\"wp-image-3059 size-large\" src=\"https:\/\/99cubes.de\/wp-content\/uploads\/2024\/10\/Oberflaechen-Silen-Chatbox-1200x534.jpg\" alt=\"\" width=\"1200\" height=\"534\" srcset=\"https:\/\/99cubes.de\/wp-content\/uploads\/2024\/10\/Oberflaechen-Silen-Chatbox-1200x534.jpg 1200w, https:\/\/99cubes.de\/wp-content\/uploads\/2024\/10\/Oberflaechen-Silen-Chatbox-450x200.jpg 450w, https:\/\/99cubes.de\/wp-content\/uploads\/2024\/10\/Oberflaechen-Silen-Chatbox-768x342.jpg 768w, https:\/\/99cubes.de\/wp-content\/uploads\/2024\/10\/Oberflaechen-Silen-Chatbox-18x8.jpg 18w, https:\/\/99cubes.de\/wp-content\/uploads\/2024\/10\/Oberflaechen-Silen-Chatbox-1140x507.jpg 1140w, https:\/\/99cubes.de\/wp-content\/uploads\/2024\/10\/Oberflaechen-Silen-Chatbox-920x409.jpg 920w, https:\/\/99cubes.de\/wp-content\/uploads\/2024\/10\/Oberflaechen-Silen-Chatbox-575x256.jpg 575w, https:\/\/99cubes.de\/wp-content\/uploads\/2024\/10\/Oberflaechen-Silen-Chatbox-380x169.jpg 380w, https:\/\/99cubes.de\/wp-content\/uploads\/2024\/10\/Oberflaechen-Silen-Chatbox-800x356.jpg 800w, https:\/\/99cubes.de\/wp-content\/uploads\/2024\/10\/Oberflaechen-Silen-Chatbox.jpg 1234w\" sizes=\"auto, (max-width: 1200px) 100vw, 1200px\" \/><figcaption id=\"caption-attachment-3059\" class=\"wp-caption-text\">Le choix des finitions pour la gamme de produits Silen Chatbox<\/figcaption><\/figure>\n<\/div><\/div>\n<div class=\"su-spoiler su-spoiler-style-default su-spoiler-icon-plus su-spoiler-closed\" data-scroll-offset=\"0\" data-anchor-in-url=\"no\"><div class=\"su-spoiler-title\" tabindex=\"0\" role=\"button\"><span class=\"su-spoiler-icon\"><\/span><strong>Dimensions et poids :<\/strong><\/div><div class=\"su-spoiler-content su-u-clearfix su-u-trim\">\n<ul>\n<li>largeur (ext\u00e9rieur \/ int\u00e9rieur) : 2130 mm \/ 2000 mm<\/li>\n<li>profondeur (ext\u00e9rieur \/ int\u00e9rieur) : 1940 mm \/ 1860 mm<\/li>\n<li>Hauteur (ext\u00e9rieur \/ int\u00e9rieur) : 2220 mm \/ 2040 mm<\/li>\n<li>Poids : 980 kg<\/li>\n<\/ul>\n<\/div><\/div>\n<div class=\"su-spoiler su-spoiler-style-default su-spoiler-icon-plus su-spoiler-closed\" data-scroll-offset=\"0\" data-anchor-in-url=\"no\"><div class=\"su-spoiler-title\" tabindex=\"0\" role=\"button\"><span class=\"su-spoiler-icon\"><\/span><strong>Donn\u00e9es acoustiques et ventilation :<\/strong><\/div><div class=\"su-spoiler-content su-u-clearfix su-u-trim\">\n<p><strong>Isolation phonique :<\/strong> 30,2 dB (correspond \u00e0 la classe A selon la norme ISO 23351-1)<\/p>\n<p><strong>\u00e9change d'air : <\/strong>306 m\u00b3\/h (d\u00e9bit d'air du syst\u00e8me)<\/p>\n<p><strong>Particularit\u00e9s :<\/strong>\u00a0Qualit\u00e9 de l'air int\u00e9rieur certifi\u00e9e : test\u00e9 sur les \u00e9missions de COV, c'est-\u00e0-dire les vapeurs de compos\u00e9s organiques volatils<\/p>\n<\/div><\/div>\n<\/div>","protected":false},"excerpt":{"rendered":"<p>La Chatbox Quattro de Silen est la solution parfaite pour les r\u00e9unions jusqu'\u00e0 six personnes. Gr\u00e2ce \u00e0 de nombreuses options d'am\u00e9nagement, le Chatbox Quattro peut \u00eatre agenc\u00e9 de mani\u00e8re tr\u00e8s diff\u00e9rente : Les canap\u00e9s lounge en forme de L ou les canap\u00e9s classiques plac\u00e9s face \u00e0 face peuvent \u00eatre combin\u00e9s avec diff\u00e9rentes options de table. La gamme de produits Silen Chatbox est modulaire et bien pens\u00e9e jusque dans les moindres d\u00e9tails : les rev\u00eatements des parois lat\u00e9rales peuvent par exemple \u00eatre remplac\u00e9s ult\u00e9rieurement ! Pratique pour tous ceux qui souhaitent \u00e9quiper leur box de travail de lamelles de bois \u00e9l\u00e9gantes ou \u00e9changer les couleurs de surface entre diff\u00e9rents cubes acoustiques.<br \/>\nUn kit Mobility disponible s\u00e9par\u00e9ment aide \u00e0 d\u00e9placer les boxes. Contrairement \u00e0 d'autres fabricants, les roulettes ne sont pas int\u00e9gr\u00e9es mais plac\u00e9es sur le c\u00f4t\u00e9 pour faciliter le transport en cas de besoin - ainsi, un kit Mobility par bureau \/ par b\u00e2timent suffit !<br \/>\nUne bonne isolation acoustique, une finition de qualit\u00e9 et un bon rapport qualit\u00e9-prix caract\u00e9risent tous les cubes acoustiques de la s\u00e9rie Silen Chatbox.<\/p>\n<p>La bo\u00eete de r\u00e9union \u201eChatbox Quattro\u201c est disponible dans les variantes suivantes :<\/p>\n<ul>\n<li>compl\u00e8tement vide (sans image)<\/li>\n<li>avec table int\u00e9gr\u00e9e fixe (peut \u00eatre combin\u00e9e avec des chaises pivotantes ou des tabourets vendus s\u00e9par\u00e9ment)<\/li>\n<li>avec des canap\u00e9s doubles \u00e0 gauche et \u00e0 droite sur toute la profondeur et une table int\u00e9gr\u00e9e fixe (en option, \u00e9galement sans table ou avec des tables flexibles pour ordinateurs portables)<\/li>\n<li>dans l'\u00e9dition Lounge avec canap\u00e9 en L<\/li>\n<li>dans l'\u00e9dition lounge, avec un canap\u00e9 en L et une ou deux tables d'ordinateur portable flexibles de type \u201eGaia\u201c<\/li>\n<\/ul>\n<p>En plus des parois lat\u00e9rales de couleurs diff\u00e9rentes, la Meetingbox Silen Chatbox Quattro dispose de nombreuses caract\u00e9ristiques suppl\u00e9mentaires telles qu'un panneau de commande en option pour l'\u00e9clairage et la ventilation, une connexion LAN, un support d'\u00e9cran VESA (sur la paroi lat\u00e9rale ou sur la paroi arri\u00e8re en verre, selon la conception int\u00e9rieure) ou des prises de courant suppl\u00e9mentaires.<\/p>\n<p>Nous te conseillons volontiers sur les options qui te concernent !<\/p>","protected":false},"featured_media":4674,"comment_status":"open","ping_status":"closed","template":"","meta":{"content-type":"","_uag_custom_page_level_css":""},"product_brand":[],"product_cat":[60],"product_tag":[],"class_list":{"0":"post-3084","1":"product","2":"type-product","3":"status-publish","4":"has-post-thumbnail","6":"product_cat-meetingboxen","7":"pa_anzahl-personen-4-personen","8":"pa_anzahl-personen-6-personen","9":"pa_belueftungssteuerung-individuell-steuerbar","10":"pa_belueftungssteuerung-vollautomatisch","11":"pa_breite-213-m","12":"pa_buchungstool-display-goconut-ready","13":"pa_einsatz-szenarien-buero","14":"pa_einsatz-szenarien-einzelhandel","15":"pa_einsatz-szenarien-hotel","16":"pa_einsatz-szenarien-schule-universitaet","17":"pa_farbe-holzlamellen","18":"pa_farbe-konfigurierbar","19":"pa_farbe-schwarz","20":"pa_farbe-weiss","21":"pa_flex-miete-verfuegbar-ja","22":"pa_gewicht-980-kg","23":"pa_hoehe-222-m","24":"pa_lan-kein-lan-anschluss","25":"pa_lan-lan-anschluss-als-sonderausstattung","26":"pa_lieferzeit-4-bis-6-wochen-lieferzeit","27":"pa_luftaustausch-306-m-h-systemluftstrom","28":"pa_marke-silen","29":"pa_mobilitaet-keine","30":"pa_mobilitaet-mobility-kit-als-zubehoer","31":"pa_monitorhalterung-monitorhalterung-als-sonderausstattung","32":"pa_monitorhalterung-ohne-monitorhalterung","33":"pa_nachhaltigkeit-klimaneutral-hergestellt","34":"pa_preissegment-zwei","35":"pa_schalldaemmung-vier-sterne","36":"pa_sitzen-oder-stehen-im-sitzen-niedrig-mit-stuhl-oder-bank","37":"pa_spezial-features-aussenwandfarbe-nachtraeglich-austauschbar","38":"pa_spezial-features-gs-tuev-zertifiziert","39":"pa_spezial-features-modular-verkettbar-aufteilbar","40":"pa_spezial-features-white-board-option","41":"pa_spezial-features-zertifizierte-innenraum-luftqualitaet","42":"pa_tiefe-194-m","43":"pa_verfuegbare-tisch-optionen-fixe-tischhoehe-sitzen","44":"pa_verfuegbare-tisch-optionen-ohne-tisch","45":"pa_verwendung-konzentriertes-arbeiten","46":"pa_verwendung-meeting","47":"pa_verwendung-telefonieren","48":"pa_verwendung-video-call","50":"first","51":"instock","52":"taxable","53":"shipping-taxable","54":"purchasable","55":"product-type-simple"},"uagb_featured_image_src":{"full":["https:\/\/99cubes.de\/wp-content\/uploads\/2024\/11\/99cubes-meetingbox-silen-chatbox-quattro-4-6-personen.jpg",1200,1200,false],"thumbnail":["https:\/\/99cubes.de\/wp-content\/uploads\/2024\/11\/99cubes-meetingbox-silen-chatbox-quattro-4-6-personen-200x200.jpg",200,200,true],"medium":["https:\/\/99cubes.de\/wp-content\/uploads\/2024\/11\/99cubes-meetingbox-silen-chatbox-quattro-4-6-personen-450x450.jpg",450,450,true],"medium_large":["https:\/\/99cubes.de\/wp-content\/uploads\/2024\/11\/99cubes-meetingbox-silen-chatbox-quattro-4-6-personen-768x768.jpg",768,768,true],"large":["https:\/\/99cubes.de\/wp-content\/uploads\/2024\/11\/99cubes-meetingbox-silen-chatbox-quattro-4-6-personen-1200x1200.jpg",1140,1140,true],"1536x1536":["https:\/\/99cubes.de\/wp-content\/uploads\/2024\/11\/99cubes-meetingbox-silen-chatbox-quattro-4-6-personen-1536x1536.jpg",1200,1200,true],"2048x2048":["https:\/\/99cubes.de\/wp-content\/uploads\/2024\/11\/99cubes-meetingbox-silen-chatbox-quattro-4-6-personen.jpg",1200,1200,false],"trp-custom-language-flag":["https:\/\/99cubes.de\/wp-content\/uploads\/2024\/11\/99cubes-meetingbox-silen-chatbox-quattro-4-6-personen-12x12.jpg",12,12,true],"botiga-extra-large":["https:\/\/99cubes.de\/wp-content\/uploads\/2024\/11\/99cubes-meetingbox-silen-chatbox-quattro-4-6-personen-1140x1140.jpg",1140,1140,true],"botiga-large":["https:\/\/99cubes.de\/wp-content\/uploads\/2024\/11\/99cubes-meetingbox-silen-chatbox-quattro-4-6-personen-920x920.jpg",920,920,true],"botiga-big":["https:\/\/99cubes.de\/wp-content\/uploads\/2024\/11\/99cubes-meetingbox-silen-chatbox-quattro-4-6-personen-575x575.jpg",575,575,true],"botiga-medium":["https:\/\/99cubes.de\/wp-content\/uploads\/2024\/11\/99cubes-meetingbox-silen-chatbox-quattro-4-6-personen-380x380.jpg",380,380,true],"botiga-header-icons":["https:\/\/99cubes.de\/wp-content\/uploads\/2024\/11\/99cubes-meetingbox-silen-chatbox-quattro-4-6-personen-50x50.jpg",50,50,true],"botiga-product-swatch-image":["https:\/\/99cubes.de\/wp-content\/uploads\/2024\/11\/99cubes-meetingbox-silen-chatbox-quattro-4-6-personen-26x26.jpg",26,26,true],"woocommerce_thumbnail":["https:\/\/99cubes.de\/wp-content\/uploads\/2024\/11\/99cubes-meetingbox-silen-chatbox-quattro-4-6-personen-420x420.jpg",420,420,true],"woocommerce_single":["https:\/\/99cubes.de\/wp-content\/uploads\/2024\/11\/99cubes-meetingbox-silen-chatbox-quattro-4-6-personen-800x800.jpg",800,800,true],"woocommerce_gallery_thumbnail":["https:\/\/99cubes.de\/wp-content\/uploads\/2024\/11\/99cubes-meetingbox-silen-chatbox-quattro-4-6-personen-100x100.jpg",100,100,true],"wpvr_mobile":["https:\/\/99cubes.de\/wp-content\/uploads\/2024\/11\/99cubes-meetingbox-silen-chatbox-quattro-4-6-personen.jpg",1200,1200,false]},"uagb_author_info":{"display_name":"frank","author_link":"https:\/\/99cubes.de\/fr\/author\/"},"uagb_comment_info":0,"uagb_excerpt":"Die Silen Chatbox Quattro ist die perfekte L\u00f6sung f\u00fcr Meetings mit bis zu sechs Personen. Durch zahlreiche Ausstattungsoptionen l\u00e4sst sich die Chatbox Quattro ganz unterschiedlich gestalten: Lounge-Sofas in L-Form oder Sofas klassisch vis-a-vis aufgestellt, k\u00f6nnen mit verschiedenen Tischoptionen kombiniert werden. Die Silen Chatbox-Produktserie ist modular aufgebaut und durchdacht bis ins letzte Detail: So sind die\u2026","_links":{"self":[{"href":"https:\/\/99cubes.de\/fr\/wp-json\/wp\/v2\/product\/3084","targetHints":{"allow":["GET"]}}],"collection":[{"href":"https:\/\/99cubes.de\/fr\/wp-json\/wp\/v2\/product"}],"about":[{"href":"https:\/\/99cubes.de\/fr\/wp-json\/wp\/v2\/types\/product"}],"replies":[{"embeddable":true,"href":"https:\/\/99cubes.de\/fr\/wp-json\/wp\/v2\/comments?post=3084"}],"wp:featuredmedia":[{"embeddable":true,"href":"https:\/\/99cubes.de\/fr\/wp-json\/wp\/v2\/media\/4674"}],"wp:attachment":[{"href":"https:\/\/99cubes.de\/fr\/wp-json\/wp\/v2\/media?parent=3084"}],"wp:term":[{"taxonomy":"product_brand","embeddable":true,"href":"https:\/\/99cubes.de\/fr\/wp-json\/wp\/v2\/product_brand?post=3084"},{"taxonomy":"product_cat","embeddable":true,"href":"https:\/\/99cubes.de\/fr\/wp-json\/wp\/v2\/product_cat?post=3084"},{"taxonomy":"product_tag","embeddable":true,"href":"https:\/\/99cubes.de\/fr\/wp-json\/wp\/v2\/product_tag?post=3084"}],"curies":[{"name":"wp","href":"https:\/\/api.w.org\/{rel}","templated":true}]}}