{"id":3131,"date":"2024-11-20T18:30:03","date_gmt":"2024-11-20T17:30:03","guid":{"rendered":"https:\/\/99cubes.de\/?post_type=product&#038;p=3131"},"modified":"2026-03-08T09:26:25","modified_gmt":"2026-03-08T08:26:25","slug":"cabine-de-reunion-2-places-bosselino-duo-bosse","status":"publish","type":"product","link":"https:\/\/99cubes.de\/fr\/produkt\/2er-meetingbox-bosselino-duo-bosse\/","title":{"rendered":"Bo\u00eete de r\u00e9union 2 pi\u00e8ces Bosselino Duo | Bosse"},"content":{"rendered":"<div class=\"su-accordion su-u-trim\">\n<div class=\"su-spoiler su-spoiler-style-default su-spoiler-icon-plus\" data-scroll-offset=\"0\" data-anchor-in-url=\"no\"><div class=\"su-spoiler-title\" tabindex=\"0\" role=\"button\"><span class=\"su-spoiler-icon\"><\/span><strong>Informations sur la s\u00e9rie Bosselino<\/strong><\/div><div class=\"su-spoiler-content su-u-clearfix su-u-trim\">\n<p>Depuis les ann\u00e9es 1990, Bosse fait partie des pionniers dans le domaine des syst\u00e8mes d'espace dans l'espace et a donc maintenant des d\u00e9cennies d'exp\u00e9rience dans la structuration des bureaux paysagers. Apr\u00e8s le succ\u00e8s du bo\u00eetier t\u00e9l\u00e9phonique Bosselino (noir), Bosse a r\u00e9\u00e9dit\u00e9 ce produit dans des couleurs plus claires. La s\u00e9rie de produits se compose actuellement du bo\u00eetier t\u00e9l\u00e9phonique \u201eBosselino Uno\u201c et du bo\u00eetier de r\u00e9union \u201eBosselino Duo\u201c, con\u00e7u pour deux personnes.<\/p>\n<p><strong>Production climatiquement neutre :<\/strong> La s\u00e9rie de produits Bosselino est produite en Allemagne sans impact sur le climat !<\/p>\n<\/div><\/div>\n<div class=\"su-spoiler su-spoiler-style-default su-spoiler-icon-plus su-spoiler-closed\" data-scroll-offset=\"0\" data-anchor-in-url=\"no\"><div class=\"su-spoiler-title\" tabindex=\"0\" role=\"button\"><span class=\"su-spoiler-icon\"><\/span><strong>\u00c9quipement :<\/strong><\/div><div class=\"su-spoiler-content su-u-clearfix su-u-trim\">\n<ul>\n<li>Installation \u00e9lectrique via le syst\u00e8me Plug &amp; Play<\/li>\n<li>Ventilation int\u00e9gr\u00e9e avec 3 ventilateurs silencieux<\/li>\n<li>\u00c9clairage LED \u00e0 haute efficacit\u00e9 \u00e9nerg\u00e9tique<\/li>\n<li>Puissance \u00e9lectrique moderne : 2x chargeurs USB A+C d'une puissance de 65 watts directement sur la table, ce qui rend superflue une prise de courant Schuko traditionnelle<\/li>\n<li>Porte double vitrage en verre de s\u00e9curit\u00e9 tremp\u00e9 de 8 mm<\/li>\n<li>plateau de table g\u00e9n\u00e9reux \u00e0 hauteur d'assise en d\u00e9cor bois m\u00e9lamin\u00e9 \u201ech\u00eane Lindberg\u201c, avec beaucoup de place pour l'ordinateur portable &amp; Co<\/li>\n<li>Plaque de sol stable avec feutre acoustique en guise de tapis<\/li>\n<li>Plafond suspendu<\/li>\n<li>compensation de la hauteur pour les in\u00e9galit\u00e9s du sol jusqu'\u00e0 15 mm<\/li>\n<li>Couleurs : murs ext\u00e9rieurs blancs, murs int\u00e9rieurs en feutre PET \u201ekaki clair\u201c, tapis anthracite<\/li>\n<\/ul>\n<p>Contre un suppl\u00e9ment :<\/p>\n<ul>\n<li>Deux bancs en bois en d\u00e9cor bois m\u00e9lamin\u00e9 \u201eCh\u00eane Lindberg\u201c - avec ou sans coussin d'assise<\/li>\n<li>pouf recouvert de tissu<\/li>\n<\/ul>\n<\/div><\/div>\n<div class=\"su-spoiler su-spoiler-style-default su-spoiler-icon-plus su-spoiler-closed\" data-scroll-offset=\"0\" data-anchor-in-url=\"no\"><div class=\"su-spoiler-title\" tabindex=\"0\" role=\"button\"><span class=\"su-spoiler-icon\"><\/span><strong>Dimensions et poids :<\/strong><\/div><div class=\"su-spoiler-content su-u-clearfix su-u-trim\">\n<div class=\"item-603 readonly-607 indent-604\">\n<ul>\n<li>Largeur ext\u00e9rieure \/ int\u00e9rieure :<span class=\"secondary-text\"> 1909 mm \/ 1795 mm<\/span><\/li>\n<li>Profondeur Ext\u00e9rieur Int\u00e9rieur :<span class=\"secondary-text\"> 994 mm \/ 912 mm<\/span><\/li>\n<li>Hauteur ext\u00e9rieure \/ int\u00e9rieure :<span class=\"secondary-text\"> 2155 mm \/2018 mm<\/span><\/li>\n<li>min. hauteur de la pi\u00e8ce :<span class=\"secondary-text\"> 2320 mm<\/span><\/li>\n<li>poids : env.380 kg<\/li>\n<\/ul>\n<\/div>\n<\/div><\/div>\n<div class=\"su-spoiler su-spoiler-style-default su-spoiler-icon-plus su-spoiler-closed\" data-scroll-offset=\"0\" data-anchor-in-url=\"no\"><div class=\"su-spoiler-title\" tabindex=\"0\" role=\"button\"><span class=\"su-spoiler-icon\"><\/span><strong>Donn\u00e9es acoustiques et ventilation :<\/strong><\/div><div class=\"su-spoiler-content su-u-clearfix su-u-trim\">\n<ul>\n<li>Bonne isolation acoustique : parois lat\u00e9rales et arri\u00e8re absorbant le son avec panneaux acoustiques en feutre PET recycl\u00e9 100 %, tapis en feutre acoustique, porte en verre avec profil\u00e9s d'\u00e9tanch\u00e9it\u00e9 sur tout le pourtour<\/li>\n<li>Ventilation silencieuse et performante gr\u00e2ce \u00e0 trois ventilateurs Silent - Echange d'air nominal de 80 m\u00b3\/h par ventilateur, soit 240 m\u00b3\/h au total (voir aussi le crit\u00e8re de s\u00e9lection <a href=\"https:\/\/99cubes.de\/fr\/echange-dair\/\">Echange d'air<\/a>)<\/li>\n<\/ul>\n<\/div><\/div>\n<\/div>","protected":false},"excerpt":{"rendered":"<p>La bo\u00eete de r\u00e9union \u201eBosselino Duo\u201c est la bo\u00eete de r\u00e9union intelligente pour 2 personnes de la s\u00e9rie Bosselino.<\/p>\n<p>Le \u201eBosselino Duo\u201c est con\u00e7u de mani\u00e8re aussi intelligente que son petit fr\u00e8re, <a href=\"https:\/\/99cubes.de\/fr\/produit\/box-telephonique-bosselino-uno-bosse\/\">le bo\u00eetier t\u00e9l\u00e9phonique Bosselino Uno.<\/a> Elle est deux fois plus large, poss\u00e8de deux portes vitr\u00e9es qui s'ouvrent vers le centre et est \u00e9quip\u00e9e d'une table fixe au centre. Les deux bancs sont disponibles en option.<\/p>\n<p><strong>Mat\u00e9riaux durables | Fabriqu\u00e9 en Allemagne | Multiplex en bois v\u00e9ritable | Tapis acoustique inclus<\/strong><\/p>","protected":false},"featured_media":3888,"comment_status":"open","ping_status":"closed","template":"","meta":{"content-type":"","_uag_custom_page_level_css":""},"product_brand":[],"product_cat":[60],"product_tag":[],"class_list":{"0":"post-3131","1":"product","2":"type-product","3":"status-publish","4":"has-post-thumbnail","6":"product_cat-meetingboxen","7":"pa_anzahl-personen-2-personen","8":"pa_belueftungssteuerung-vollautomatisch","9":"pa_breite-191-m","10":"pa_buchungstool-display-goconut-ready","11":"pa_einsatz-szenarien-buero","12":"pa_einsatz-szenarien-einzelhandel","13":"pa_einsatz-szenarien-hotel","14":"pa_einsatz-szenarien-schule-universitaet","15":"pa_farbe-weiss","16":"pa_flex-miete-verfuegbar-ja","17":"pa_gewicht-450-kg","18":"pa_hoehe-216-m","19":"pa_lan-kein-lan-anschluss","20":"pa_lieferzeit-2-wochen-lieferzeit","21":"pa_luftaustausch-240-m-h-nominell","22":"pa_marke-bosse","23":"pa_mobilitaet-keine","24":"pa_monitorhalterung-ohne-monitorhalterung","25":"pa_nachhaltigkeit-klimaneutral-hergestellt","26":"pa_preissegment-eins","27":"pa_schalldaemmung-zwei-sterne","28":"pa_sitzen-oder-stehen-im-sitzen-niedrig-mit-stuhl-oder-bank","29":"pa_spezial-features-fuer-selbstmontage-geeignet","30":"pa_tiefe-0994-m","31":"pa_verfuegbare-tisch-optionen-fixe-tischhoehe-sitzen","32":"pa_verwendung-meeting","33":"pa_verwendung-telefonieren","34":"pa_verwendung-video-call","36":"first","37":"instock","38":"taxable","39":"shipping-taxable","40":"purchasable","41":"product-type-simple"},"uagb_featured_image_src":{"full":["https:\/\/99cubes.de\/wp-content\/uploads\/2024\/11\/Meetingbox-Bosselino-Duo-weiss-zwei-Personen-09.jpg",1600,1067,false],"thumbnail":["https:\/\/99cubes.de\/wp-content\/uploads\/2024\/11\/Meetingbox-Bosselino-Duo-weiss-zwei-Personen-09-200x200.jpg",200,200,true],"medium":["https:\/\/99cubes.de\/wp-content\/uploads\/2024\/11\/Meetingbox-Bosselino-Duo-weiss-zwei-Personen-09-450x300.jpg",450,300,true],"medium_large":["https:\/\/99cubes.de\/wp-content\/uploads\/2024\/11\/Meetingbox-Bosselino-Duo-weiss-zwei-Personen-09-768x512.jpg",768,512,true],"large":["https:\/\/99cubes.de\/wp-content\/uploads\/2024\/11\/Meetingbox-Bosselino-Duo-weiss-zwei-Personen-09-1200x800.jpg",1140,760,true],"1536x1536":["https:\/\/99cubes.de\/wp-content\/uploads\/2024\/11\/Meetingbox-Bosselino-Duo-weiss-zwei-Personen-09-1536x1024.jpg",1536,1024,true],"2048x2048":["https:\/\/99cubes.de\/wp-content\/uploads\/2024\/11\/Meetingbox-Bosselino-Duo-weiss-zwei-Personen-09.jpg",1600,1067,false],"trp-custom-language-flag":["https:\/\/99cubes.de\/wp-content\/uploads\/2024\/11\/Meetingbox-Bosselino-Duo-weiss-zwei-Personen-09-18x12.jpg",18,12,true],"botiga-extra-large":["https:\/\/99cubes.de\/wp-content\/uploads\/2024\/11\/Meetingbox-Bosselino-Duo-weiss-zwei-Personen-09-1140x760.jpg",1140,760,true],"botiga-large":["https:\/\/99cubes.de\/wp-content\/uploads\/2024\/11\/Meetingbox-Bosselino-Duo-weiss-zwei-Personen-09-920x614.jpg",920,614,true],"botiga-big":["https:\/\/99cubes.de\/wp-content\/uploads\/2024\/11\/Meetingbox-Bosselino-Duo-weiss-zwei-Personen-09-575x383.jpg",575,383,true],"botiga-medium":["https:\/\/99cubes.de\/wp-content\/uploads\/2024\/11\/Meetingbox-Bosselino-Duo-weiss-zwei-Personen-09-380x253.jpg",380,253,true],"botiga-header-icons":["https:\/\/99cubes.de\/wp-content\/uploads\/2024\/11\/Meetingbox-Bosselino-Duo-weiss-zwei-Personen-09-50x50.jpg",50,50,true],"botiga-product-swatch-image":["https:\/\/99cubes.de\/wp-content\/uploads\/2024\/11\/Meetingbox-Bosselino-Duo-weiss-zwei-Personen-09-26x26.jpg",26,26,true],"woocommerce_thumbnail":["https:\/\/99cubes.de\/wp-content\/uploads\/2024\/11\/Meetingbox-Bosselino-Duo-weiss-zwei-Personen-09-420x420.jpg",420,420,true],"woocommerce_single":["https:\/\/99cubes.de\/wp-content\/uploads\/2024\/11\/Meetingbox-Bosselino-Duo-weiss-zwei-Personen-09-800x534.jpg",800,534,true],"woocommerce_gallery_thumbnail":["https:\/\/99cubes.de\/wp-content\/uploads\/2024\/11\/Meetingbox-Bosselino-Duo-weiss-zwei-Personen-09-100x100.jpg",100,100,true],"wpvr_mobile":["https:\/\/99cubes.de\/wp-content\/uploads\/2024\/11\/Meetingbox-Bosselino-Duo-weiss-zwei-Personen-09.jpg",1600,1067,false]},"uagb_author_info":{"display_name":"frank","author_link":"https:\/\/99cubes.de\/fr\/author\/"},"uagb_comment_info":0,"uagb_excerpt":"Die Meetingbox \"Bosselino Duo\" ist die smarte 2er-Meetingbox aus der Bosselino-Serie. Die \"Bosselino Duo\" ist genauso clever konstruiert wie ihr kleiner Bruder, die Telefonbox Bosselino Uno. Sie ist doppelt so breit, hat zwei zur Mitte hin \u00f6ffnende Glast\u00fcren und ist mit einem in der Mitte fest montierten Tisch ausgestattet. Die beiden Sitzb\u00e4nke sind optional erh\u00e4ltlich.\u2026","_links":{"self":[{"href":"https:\/\/99cubes.de\/fr\/wp-json\/wp\/v2\/product\/3131","targetHints":{"allow":["GET"]}}],"collection":[{"href":"https:\/\/99cubes.de\/fr\/wp-json\/wp\/v2\/product"}],"about":[{"href":"https:\/\/99cubes.de\/fr\/wp-json\/wp\/v2\/types\/product"}],"replies":[{"embeddable":true,"href":"https:\/\/99cubes.de\/fr\/wp-json\/wp\/v2\/comments?post=3131"}],"wp:featuredmedia":[{"embeddable":true,"href":"https:\/\/99cubes.de\/fr\/wp-json\/wp\/v2\/media\/3888"}],"wp:attachment":[{"href":"https:\/\/99cubes.de\/fr\/wp-json\/wp\/v2\/media?parent=3131"}],"wp:term":[{"taxonomy":"product_brand","embeddable":true,"href":"https:\/\/99cubes.de\/fr\/wp-json\/wp\/v2\/product_brand?post=3131"},{"taxonomy":"product_cat","embeddable":true,"href":"https:\/\/99cubes.de\/fr\/wp-json\/wp\/v2\/product_cat?post=3131"},{"taxonomy":"product_tag","embeddable":true,"href":"https:\/\/99cubes.de\/fr\/wp-json\/wp\/v2\/product_tag?post=3131"}],"curies":[{"name":"wp","href":"https:\/\/api.w.org\/{rel}","templated":true}]}}