{"id":3545,"date":"2025-01-26T18:02:17","date_gmt":"2025-01-26T17:02:17","guid":{"rendered":"https:\/\/99cubes.de\/?post_type=product&#038;p=3545"},"modified":"2026-03-27T15:08:15","modified_gmt":"2026-03-27T14:08:15","slug":"silen-space-4-boite-de-reunion-silen","status":"publish","type":"product","link":"https:\/\/99cubes.de\/fr\/produkt\/silen-space-4-meetingbox-silen\/","title":{"rendered":"Silen Space 4 Bo\u00eete de r\u00e9union | Silen"},"content":{"rendered":"<div class=\"su-accordion su-u-trim\">\n<div class=\"su-spoiler su-spoiler-style-default su-spoiler-icon-plus\" data-scroll-offset=\"0\" data-anchor-in-url=\"no\"><div class=\"su-spoiler-title\" tabindex=\"0\" role=\"button\"><span class=\"su-spoiler-icon\"><\/span><strong>\u00c0 propos des cubes acoustiques Silen Space<\/strong><\/div><div class=\"su-spoiler-content su-u-clearfix su-u-trim\">\n<p class=\"cvGsUA direction-ltr align-justify para-style-body\"><span class=\"OYPEnA font-feature-liga-off font-feature-clig-off font-feature-calt-off text-decoration-none text-strikethrough-none\">La s\u00e9rie Silen Space \u00e9tablit de nouveaux standards dans le domaine des cubes acoustiques haut de gamme. Fleuron du fabricant estonien Silen, l'un des principaux innovateurs mondiaux en mati\u00e8re de solutions acoustiques, cette ligne de produits s\u00e9duit des clients dans plus de 60 pays. Les cubes Silen Space se distinguent par une isolation acoustique exceptionnelle et une qualit\u00e9 de l'air int\u00e9rieur r\u00e9compens\u00e9e par un \u201eGold-Level\u201c.<\/span><\/p>\n<p class=\"cvGsUA direction-ltr align-justify para-style-body\"><span class=\"OYPEnA font-feature-liga-off font-feature-clig-off font-feature-calt-off text-decoration-none text-strikethrough-none\">Les multiples possibilit\u00e9s d'am\u00e9nagement sont particuli\u00e8rement impressionnantes : Du placage noble en bois v\u00e9ritable au verre intelligent qui s'obscurcit sur simple pression d'un bouton, chaque d\u00e9tail souligne le caract\u00e8re exclusif de cette s\u00e9rie. La durabilit\u00e9 est au c\u0153ur des pr\u00e9occupations de Silen : les cubes acoustiques Space sont con\u00e7us pour durer. Des mat\u00e9riaux de haute qualit\u00e9 et un design modulaire bien pens\u00e9 permettent des r\u00e9parations faciles et garantissent une longue dur\u00e9e d'utilisation.<\/span><\/p>\n<\/div><\/div>\n<div class=\"su-spoiler su-spoiler-style-default su-spoiler-icon-plus\" data-scroll-offset=\"0\" data-anchor-in-url=\"no\"><div class=\"su-spoiler-title\" tabindex=\"0\" role=\"button\"><span class=\"su-spoiler-icon\"><\/span><strong>Configurateur de produits :<\/strong><\/div><div class=\"su-spoiler-content su-u-clearfix su-u-trim\">\n<p>Tu trouveras toutes les options et possibilit\u00e9s de conception dans notre configurateur de produit interactif :<\/p>\n<div class=\"wp-block-button\"><a class=\"wp-block-button__link wp-element-button\" href=\"https:\/\/configurator.silen.com\/?site=6364&amp;&amp;code=113921\" target=\"_blank\" rel=\"noopener\">Vers le configurateur de produits<\/a><\/div>\n<\/div><\/div>\n<div class=\"su-spoiler su-spoiler-style-default su-spoiler-icon-plus su-spoiler-closed\" data-scroll-offset=\"0\" data-anchor-in-url=\"no\"><div class=\"su-spoiler-title\" tabindex=\"0\" role=\"button\"><span class=\"su-spoiler-icon\"><\/span><strong>Options d'\u00e9quipement :<\/strong><\/div><div class=\"su-spoiler-content su-u-clearfix su-u-trim\">\n<p><strong>Principales caract\u00e9ristiques :<\/strong><\/p>\n<ul>\n<li><span class=\"animate-in fade-in-25 duration-700\">Komf<\/span><span class=\"animate-in fade-in-25 duration-700\">ortabel pour 6 pers<\/span><span class=\"animate-in fade-in-25 duration-700\">ones, convient pour<\/span><span class=\"animate-in fade-in-25 duration-700\"> jusqu'\u00e0 8 pers<\/span><span class=\"animate-in fade-in-25 duration-700\">ones lors de r\u00e9unions plus courtes<\/span><span class=\"animate-in fade-in-25 duration-700\">ings.<\/span><\/li>\n<li>Avec \u00e9clairage automatique par LED (4.000 K)<\/li>\n<li>Syst\u00e8me de ventilation automatique avec capteur de pr\u00e9sence \u00e0 faible consommation d'\u00e9nergie<\/li>\n<li>Mobile gr\u00e2ce aux roulettes cach\u00e9es dans le sol<\/li>\n<li>Personnalisable en termes de couleurs et d'\u00e9quipement<\/li>\n<li>Durable avec une dur\u00e9e de vie de plus de 20 ans<\/li>\n<li>Verre de s\u00e9curit\u00e9 insonorisant<\/li>\n<li>Inclus 4x prises de courant 230V dans le sol<\/li>\n<li>Choix possible : porte ouvrant \u00e0 gauche ou \u00e0 droite (la table est toujours mont\u00e9e du c\u00f4t\u00e9 de la charni\u00e8re de la porte)<\/li>\n<li>Cadre de porte anodis\u00e9 au choix en noir, blanc ou gris<\/li>\n<li>trois couleurs standard diff\u00e9rentes au choix pour l'enveloppe ext\u00e9rieure : Blanc, noir ou gris argent\u00e9<\/li>\n<li>D\u00e9coration int\u00e9rieure :\n<ul>\n<li>tapis au choix en gris clair, gris fonc\u00e9 ou noir<\/li>\n<li>parois int\u00e9rieures au choix en feutre gris clair, feutre gris fonc\u00e9, feutre noir ou feutre couleur sable<\/li>\n<\/ul>\n<\/li>\n<\/ul>\n<p><strong>Options de personnalisation (certaines moyennant un suppl\u00e9ment de prix) :<\/strong><\/p>\n<ul>\n<li>Options de couleurs suppl\u00e9mentaires pour l'int\u00e9rieur et l'ext\u00e9rieur dans diff\u00e9rents mat\u00e9riaux (notamment les parties lat\u00e9rales recouvertes de tissu ou la version en placage de bois v\u00e9ritable) - voir l'image ci-dessous.<\/li>\n<li>charni\u00e8res de porte \u00e0 fermeture automatique<\/li>\n<li>Connexion LAN ou prises de charge USB(A+C) dans le sol<\/li>\n<li>Panneau de contr\u00f4le avec variateur d'\u00e9clairage et de ventilation<\/li>\n<li>Options d'ameublement (choix de tissu analogue au choix pour les parois lat\u00e9rales) :\n<ul>\n<li>vide<\/li>\n<li>\u201eSolar Eclipse\u201c : deux canap\u00e9s \u00e0 haut dossier + quatre tables d'ordinateur portable flexibles de type \u201eGaia\u201c.\u201c<\/li>\n<li>\u201eLunar Eclipse\u201c : deux canap\u00e9s \u00e0 dossier bas + table fixe<\/li>\n<\/ul>\n<\/li>\n<li>support d'\u00e9cran en option sur la paroi en verre arri\u00e8re<\/li>\n<li>Pr\u00e9paration des sprinklers<\/li>\n<li>film permanent sur le verre (face int\u00e9rieure avant et\/ou face int\u00e9rieure arri\u00e8re)<\/li>\n<li>Version en verre intelligent qui se transforme en verre d\u00e9poli sur simple pression d'un bouton.<\/li>\n<\/ul>\n<figure id=\"attachment_3471\" aria-describedby=\"caption-attachment-3471\" style=\"width: 338px\" class=\"wp-caption alignnone\"><a href=\"https:\/\/99cubes.de\/wp-content\/uploads\/2025\/01\/Silen-Space-Farbauswahl-aussen-und-innen.jpg\"><img loading=\"lazy\" decoding=\"async\" class=\"wp-image-3471 size-medium\" src=\"https:\/\/99cubes.de\/wp-content\/uploads\/2025\/01\/Silen-Space-Farbauswahl-aussen-und-innen-338x450.jpg\" alt=\"\" width=\"338\" height=\"450\" srcset=\"https:\/\/99cubes.de\/wp-content\/uploads\/2025\/01\/Silen-Space-Farbauswahl-aussen-und-innen-338x450.jpg 338w, https:\/\/99cubes.de\/wp-content\/uploads\/2025\/01\/Silen-Space-Farbauswahl-aussen-und-innen-900x1200.jpg 900w, https:\/\/99cubes.de\/wp-content\/uploads\/2025\/01\/Silen-Space-Farbauswahl-aussen-und-innen-768x1024.jpg 768w, https:\/\/99cubes.de\/wp-content\/uploads\/2025\/01\/Silen-Space-Farbauswahl-aussen-und-innen-1152x1536.jpg 1152w, https:\/\/99cubes.de\/wp-content\/uploads\/2025\/01\/Silen-Space-Farbauswahl-aussen-und-innen-9x12.jpg 9w, https:\/\/99cubes.de\/wp-content\/uploads\/2025\/01\/Silen-Space-Farbauswahl-aussen-und-innen-1140x1520.jpg 1140w, https:\/\/99cubes.de\/wp-content\/uploads\/2025\/01\/Silen-Space-Farbauswahl-aussen-und-innen-920x1227.jpg 920w, https:\/\/99cubes.de\/wp-content\/uploads\/2025\/01\/Silen-Space-Farbauswahl-aussen-und-innen-575x767.jpg 575w, https:\/\/99cubes.de\/wp-content\/uploads\/2025\/01\/Silen-Space-Farbauswahl-aussen-und-innen-380x507.jpg 380w, https:\/\/99cubes.de\/wp-content\/uploads\/2025\/01\/Silen-Space-Farbauswahl-aussen-und-innen-800x1067.jpg 800w, https:\/\/99cubes.de\/wp-content\/uploads\/2025\/01\/Silen-Space-Farbauswahl-aussen-und-innen.jpg 1164w\" sizes=\"auto, (max-width: 338px) 100vw, 338px\" \/><\/a><figcaption id=\"caption-attachment-3471\" class=\"wp-caption-text\">Options de couleurs et de mat\u00e9riaux pour la gamme Silen-Space<\/figcaption><\/figure>\n<\/div><\/div>\n<div class=\"su-spoiler su-spoiler-style-default su-spoiler-icon-plus su-spoiler-closed\" data-scroll-offset=\"0\" data-anchor-in-url=\"no\"><div class=\"su-spoiler-title\" tabindex=\"0\" role=\"button\"><span class=\"su-spoiler-icon\"><\/span><strong>Dimensions et poids :<\/strong><\/div><div class=\"su-spoiler-content su-u-clearfix su-u-trim\">\n<ul>\n<li>Largeur (ext\u00e9rieur \/ int\u00e9rieur) : 2400 mm \/ 2200 mm<\/li>\n<li>profondeur (ext\u00e9rieur \/ int\u00e9rieur) : 2420 mm \/ 2360 mm<\/li>\n<li>Hauteur (ext\u00e9rieur \/ int\u00e9rieur) : 2290 mm \/ 2050 mm<\/li>\n<li>Poids : 1200 kg<\/li>\n<\/ul>\n<\/div><\/div>\n<div class=\"su-spoiler su-spoiler-style-default su-spoiler-icon-plus su-spoiler-closed\" data-scroll-offset=\"0\" data-anchor-in-url=\"no\"><div class=\"su-spoiler-title\" tabindex=\"0\" role=\"button\"><span class=\"su-spoiler-icon\"><\/span><strong>Donn\u00e9es acoustiques et ventilation :<\/strong><\/div><div class=\"su-spoiler-content su-u-clearfix su-u-trim\">\n<p><strong>Isolation phonique :<\/strong> 31,9 dB (correspond \u00e0 la classe a selon ISO 23351-1)<\/p>\n<p><strong>\u00e9change d'air :\u00a0<\/strong>450 m\u00b3\/h (d\u00e9bit d'air du syst\u00e8me)<\/p>\n<p><strong>Particularit\u00e9s :<\/strong> Qualit\u00e9 de l'air int\u00e9rieur certifi\u00e9e : test\u00e9e pour les \u00e9missions de COV, c'est-\u00e0-dire les vapeurs de compos\u00e9s organiques volatils.<\/p>\n<\/div><\/div>\n<\/div>","protected":false},"excerpt":{"rendered":"<p>La bo\u00eete de r\u00e9union \u201eSilen Space 4\u201c r\u00e9pond aux exigences les plus \u00e9lev\u00e9es en mati\u00e8re d'insonorisation, d'\u00e9change d'air et de possibilit\u00e9s de personnalisation. En tant que bo\u00eete de r\u00e9union haut de gamme avec la classe d'insonorisation certifi\u00e9e A (ISO 23351-1), la Silen Space 4 fait partie de la ligue sup\u00e9rieure, c'est prouv\u00e9. Ceci est obtenu gr\u00e2ce \u00e0 des parois extra-\u00e9paisses, un vitrage insonorisant de haute qualit\u00e9 et l'utilisation de mousse \u00e9cologique et de feutre acoustique. Avec une surface de 2,40 x 2,42 m\u00e8tres, le \u201eSilen Space 4\u201c est si grand qu'il peut accueillir jusqu'\u00e0 8 personnes sur les deux bancs. Techniquement, la \u201eSpace 4\u201c se compose de deux modules \u201eSpace 2\u201c reli\u00e9s entre eux. Un \u201ekit de s\u00e9paration\u201c contient les pi\u00e8ces suppl\u00e9mentaires n\u00e9cessaires, comme par exemple des vitres suppl\u00e9mentaires.<\/p>\n<p>Comme tous les cubes acoustiques de la s\u00e9rie Silen-Space, il existe de vastes possibilit\u00e9s d'agencement des couleurs, jusqu'\u00e0 l'habillage en placage de bois v\u00e9ritable.<\/p>\n<p><strong>Remarque :<\/strong> Cette bo\u00eete de r\u00e9union fait partie de ce que l'on appelle la premi\u00e8re g\u00e9n\u00e9ration de la s\u00e9rie de produits Silen Space (<a href=\"https:\/\/99cubes.de\/fr\/cubes-acoustiques-silencieux-space\/\" target=\"_blank\" rel=\"noopener\">plus d'infos<\/a>). En mars 2026, la 2e g\u00e9n\u00e9ration de Silen Space a \u00e9t\u00e9 lanc\u00e9e - <a href=\"https:\/\/99cubes.de\/fr\/la-famille-de-produits-silen-space-2-generation\/\" target=\"_blank\" rel=\"noopener\">toutes les informations sur la s\u00e9rie de produits Silen Space remani\u00e9e (2e g\u00e9n\u00e9ration)<\/a>.<\/p>","protected":false},"featured_media":3547,"comment_status":"open","ping_status":"closed","template":"","meta":{"content-type":"","_uag_custom_page_level_css":""},"product_brand":[],"product_cat":[60],"product_tag":[],"class_list":{"0":"post-3545","1":"product","2":"type-product","3":"status-publish","4":"has-post-thumbnail","6":"product_cat-meetingboxen","7":"pa_anzahl-personen-6-personen","8":"pa_anzahl-personen-8-personen","9":"pa_belueftungssteuerung-individuell-steuerbar","10":"pa_belueftungssteuerung-vollautomatisch","11":"pa_breite-240-m","12":"pa_buchungstool-display-goconut-ready","13":"pa_einsatz-szenarien-buero","14":"pa_einsatz-szenarien-einzelhandel","15":"pa_einsatz-szenarien-flughafen-bahnhof","16":"pa_einsatz-szenarien-hotel","17":"pa_einsatz-szenarien-logistik","18":"pa_einsatz-szenarien-produktion","19":"pa_einsatz-szenarien-schule-universitaet","20":"pa_farbe-konfigurierbar","21":"pa_farbe-schwarz","22":"pa_farbe-weiss","23":"pa_flex-miete-verfuegbar-auf-anfrage","24":"pa_gewicht-1-200-kg","25":"pa_hoehe-229-m","26":"pa_lan-kein-lan-anschluss","27":"pa_lan-lan-anschluss-als-sonderausstattung","28":"pa_lieferzeit-2-wochen-lieferzeit","29":"pa_luftaustausch-450-m-h-systemluftstrom","30":"pa_marke-silen","31":"pa_mobilitaet-mit-integrierten-bodenrollen","32":"pa_monitorhalterung-monitorhalterung-als-sonderausstattung","33":"pa_monitorhalterung-ohne-monitorhalterung","34":"pa_nachhaltigkeit-klimaneutral-hergestellt","35":"pa_preissegment-vier","36":"pa_schalldaemmung-vier-sterne","37":"pa_sitzen-oder-stehen-im-sitzen-niedrig-mit-stuhl-oder-bank","38":"pa_spezial-features-aussenwandfarbe-nachtraeglich-austauschbar","39":"pa_spezial-features-gs-tuev-zertifiziert","40":"pa_spezial-features-modular-verkettbar-aufteilbar","41":"pa_spezial-features-zertifizierte-innenraum-luftqualitaet","42":"pa_tiefe-242-m","43":"pa_verfuegbare-tisch-optionen-fixe-tischhoehe-sitzen","44":"pa_verwendung-meeting","45":"pa_verwendung-telefonieren","46":"pa_verwendung-video-call","48":"first","49":"instock","50":"taxable","51":"shipping-taxable","52":"purchasable","53":"product-type-simple"},"uagb_featured_image_src":{"full":["https:\/\/99cubes.de\/wp-content\/uploads\/2025\/01\/Meetingbox-silen-space-4-bis-zu-acht-personen-ambiente-quad-1.jpg",1200,1200,false],"thumbnail":["https:\/\/99cubes.de\/wp-content\/uploads\/2025\/01\/Meetingbox-silen-space-4-bis-zu-acht-personen-ambiente-quad-1-200x200.jpg",200,200,true],"medium":["https:\/\/99cubes.de\/wp-content\/uploads\/2025\/01\/Meetingbox-silen-space-4-bis-zu-acht-personen-ambiente-quad-1-450x450.jpg",450,450,true],"medium_large":["https:\/\/99cubes.de\/wp-content\/uploads\/2025\/01\/Meetingbox-silen-space-4-bis-zu-acht-personen-ambiente-quad-1-768x768.jpg",768,768,true],"large":["https:\/\/99cubes.de\/wp-content\/uploads\/2025\/01\/Meetingbox-silen-space-4-bis-zu-acht-personen-ambiente-quad-1-1200x1200.jpg",1140,1140,true],"1536x1536":["https:\/\/99cubes.de\/wp-content\/uploads\/2025\/01\/Meetingbox-silen-space-4-bis-zu-acht-personen-ambiente-quad-1.jpg",1200,1200,false],"2048x2048":["https:\/\/99cubes.de\/wp-content\/uploads\/2025\/01\/Meetingbox-silen-space-4-bis-zu-acht-personen-ambiente-quad-1.jpg",1200,1200,false],"trp-custom-language-flag":["https:\/\/99cubes.de\/wp-content\/uploads\/2025\/01\/Meetingbox-silen-space-4-bis-zu-acht-personen-ambiente-quad-1-12x12.jpg",12,12,true],"botiga-extra-large":["https:\/\/99cubes.de\/wp-content\/uploads\/2025\/01\/Meetingbox-silen-space-4-bis-zu-acht-personen-ambiente-quad-1-1140x1140.jpg",1140,1140,true],"botiga-large":["https:\/\/99cubes.de\/wp-content\/uploads\/2025\/01\/Meetingbox-silen-space-4-bis-zu-acht-personen-ambiente-quad-1-920x920.jpg",920,920,true],"botiga-big":["https:\/\/99cubes.de\/wp-content\/uploads\/2025\/01\/Meetingbox-silen-space-4-bis-zu-acht-personen-ambiente-quad-1-575x575.jpg",575,575,true],"botiga-medium":["https:\/\/99cubes.de\/wp-content\/uploads\/2025\/01\/Meetingbox-silen-space-4-bis-zu-acht-personen-ambiente-quad-1-380x380.jpg",380,380,true],"botiga-header-icons":["https:\/\/99cubes.de\/wp-content\/uploads\/2025\/01\/Meetingbox-silen-space-4-bis-zu-acht-personen-ambiente-quad-1-50x50.jpg",50,50,true],"botiga-product-swatch-image":["https:\/\/99cubes.de\/wp-content\/uploads\/2025\/01\/Meetingbox-silen-space-4-bis-zu-acht-personen-ambiente-quad-1-26x26.jpg",26,26,true],"woocommerce_thumbnail":["https:\/\/99cubes.de\/wp-content\/uploads\/2025\/01\/Meetingbox-silen-space-4-bis-zu-acht-personen-ambiente-quad-1-420x420.jpg",420,420,true],"woocommerce_single":["https:\/\/99cubes.de\/wp-content\/uploads\/2025\/01\/Meetingbox-silen-space-4-bis-zu-acht-personen-ambiente-quad-1-800x800.jpg",800,800,true],"woocommerce_gallery_thumbnail":["https:\/\/99cubes.de\/wp-content\/uploads\/2025\/01\/Meetingbox-silen-space-4-bis-zu-acht-personen-ambiente-quad-1-100x100.jpg",100,100,true],"wpvr_mobile":["https:\/\/99cubes.de\/wp-content\/uploads\/2025\/01\/Meetingbox-silen-space-4-bis-zu-acht-personen-ambiente-quad-1.jpg",1200,1200,false]},"uagb_author_info":{"display_name":"frank","author_link":"https:\/\/99cubes.de\/fr\/author\/"},"uagb_comment_info":0,"uagb_excerpt":"Die Meetingbox \"Silen Space 4\" gen\u00fcgt h\u00f6chsten Anspr\u00fcchen, was Schalld\u00e4mmung, Luftaustausch und Individualisierungsm\u00f6glichkeiten angeht. Als Premium-Meetingbox mit der zertifizierten Schallschutzklasse A (ISO 23351-1) geh\u00f6rt die Silen Space 4 nachweislich zur Oberliga. Dies wird durch extra-dicke W\u00e4nde, hochwertige Schallschutz-Verglasung und die Verwendung von \u00f6kologischem Schaumstoff und Akustikfilz erreicht. Mit 2,40 x 2,42 Metern Grundfl\u00e4che ist die\u2026","_links":{"self":[{"href":"https:\/\/99cubes.de\/fr\/wp-json\/wp\/v2\/product\/3545","targetHints":{"allow":["GET"]}}],"collection":[{"href":"https:\/\/99cubes.de\/fr\/wp-json\/wp\/v2\/product"}],"about":[{"href":"https:\/\/99cubes.de\/fr\/wp-json\/wp\/v2\/types\/product"}],"replies":[{"embeddable":true,"href":"https:\/\/99cubes.de\/fr\/wp-json\/wp\/v2\/comments?post=3545"}],"wp:featuredmedia":[{"embeddable":true,"href":"https:\/\/99cubes.de\/fr\/wp-json\/wp\/v2\/media\/3547"}],"wp:attachment":[{"href":"https:\/\/99cubes.de\/fr\/wp-json\/wp\/v2\/media?parent=3545"}],"wp:term":[{"taxonomy":"product_brand","embeddable":true,"href":"https:\/\/99cubes.de\/fr\/wp-json\/wp\/v2\/product_brand?post=3545"},{"taxonomy":"product_cat","embeddable":true,"href":"https:\/\/99cubes.de\/fr\/wp-json\/wp\/v2\/product_cat?post=3545"},{"taxonomy":"product_tag","embeddable":true,"href":"https:\/\/99cubes.de\/fr\/wp-json\/wp\/v2\/product_tag?post=3545"}],"curies":[{"name":"wp","href":"https:\/\/api.w.org\/{rel}","templated":true}]}}