{"id":4015,"date":"2025-06-23T11:32:48","date_gmt":"2025-06-23T09:32:48","guid":{"rendered":"https:\/\/99cubes.de\/?post_type=product&#038;p=4015"},"modified":"2025-06-23T17:39:22","modified_gmt":"2025-06-23T15:39:22","slug":"boite-de-telephone-boite-de-travail-bonjour-studiobricks","status":"publish","type":"product","link":"https:\/\/99cubes.de\/fr\/produkt\/telefonbox-arbeitsbox-hallo-studiobricks\/","title":{"rendered":"Bo\u00eete t\u00e9l\u00e9phonique\/bo\u00eete de travail HELLO | Studiobricks"},"content":{"rendered":"<div class=\"su-accordion su-u-trim\">\n<div class=\"su-spoiler su-spoiler-style-default su-spoiler-icon-plus\" data-scroll-offset=\"0\" data-anchor-in-url=\"no\"><div class=\"su-spoiler-title\" tabindex=\"0\" role=\"button\"><span class=\"su-spoiler-icon\"><\/span><strong>A propos des bo\u00eetiers t\u00e9l\u00e9phoniques HALLO :<\/strong><\/div><div class=\"su-spoiler-content su-u-clearfix su-u-trim\">\n<p>La cabine d'insonorisation HALLO de Studiobricks a une surface de 1,17 x 1,17 m\u00e8tre et peut \u00eatre utilis\u00e9e soit comme box t\u00e9l\u00e9phonique, soit comme box de travail, selon l'am\u00e9nagement int\u00e9rieur choisi. Les variantes suivantes sont disponibles chez nous :<\/p>\n<ul>\n<li>Coffret t\u00e9l\u00e9phonique HALLO avec table haute \u00e0 105cm de hauteur<\/li>\n<li>Coffret t\u00e9l\u00e9phonique HALLO avec table basse \u00e0 75 cm de hauteur<\/li>\n<li>Coffret t\u00e9l\u00e9phonique HALLO avec table r\u00e9glable en hauteur \u00e9lectriquement<\/li>\n<\/ul>\n<p>L'apparence ou la couleur de la bo\u00eete de r\u00e9ception t\u00e9l\u00e9phonique HALLO est personnalisable :<\/p>\n<ul>\n<li>Parois en finition laqu\u00e9e, grand choix de couleurs<\/li>\n<li>Cadre de porte configurable en anthracite ou de la m\u00eame couleur que les murs ext\u00e9rieurs (dans ce cas, avec le bandeau typique des cabines t\u00e9l\u00e9phoniques)<\/li>\n<li>Absorbeurs de son en PET ou en tissu - respectivement en diff\u00e9rentes couleurs<\/li>\n<li>effet verre d\u00e9poli en option pour la porte<\/li>\n<li>en option, un panneau \"On Air\" indiquant si la bo\u00eete est actuellement occup\u00e9e.<\/li>\n<\/ul>\n<\/div><\/div>\n<div class=\"su-spoiler su-spoiler-style-default su-spoiler-icon-plus su-spoiler-closed\" data-scroll-offset=\"0\" data-anchor-in-url=\"no\"><div class=\"su-spoiler-title\" tabindex=\"0\" role=\"button\"><span class=\"su-spoiler-icon\"><\/span><strong>\u00c9quipement :<\/strong><\/div><div class=\"su-spoiler-content su-u-clearfix su-u-trim\">\n<p>L'\u00e9quipement int\u00e9rieur est configurable individuellement et permet une adaptation sur mesure \u00e0 de nombreux sc\u00e9narios d'utilisation et exigences diff\u00e9rents :<\/p>\n<ul>\n<li>Bureau int\u00e9gr\u00e9 - selon la configuration choisie, soit 105 cm de hauteur (debout), 75 cm de hauteur (assis) ou r\u00e9glable en hauteur \u00e9lectriquement (assis ou debout), avec chants en bois massif et diff\u00e9rentes surfaces<\/li>\n<li>\u00c9clairage LED int\u00e9gr\u00e9 LED avec capteur<\/li>\n<li>moquette antistatique (anthracite)<\/li>\n<li>Roulettes int\u00e9gr\u00e9es au sol pour un d\u00e9placement facile sur tous les mod\u00e8les<\/li>\n<li>Prise de courant dans le panneau lat\u00e9ral<\/li>\n<li>Connexions suppl\u00e9mentaires pour LAN, HDMI, USB-A\/C disponibles contre un suppl\u00e9ment de prix<\/li>\n<li>pouf ou canap\u00e9 assorti disponible moyennant un suppl\u00e9ment de prix<\/li>\n<li>Porte avec ou sans serrure, serrure \u00e9lectronique NFC disponible en option.<\/li>\n<\/ul>\n<\/div><\/div>\n<div class=\"su-spoiler su-spoiler-style-default su-spoiler-icon-plus su-spoiler-closed\" data-scroll-offset=\"0\" data-anchor-in-url=\"no\"><div class=\"su-spoiler-title\" tabindex=\"0\" role=\"button\"><span class=\"su-spoiler-icon\"><\/span><strong>Dimensions et poids :<\/strong><\/div><div class=\"su-spoiler-content su-u-clearfix su-u-trim\">\n<ul>\n<li>Dimensions ext\u00e9rieures 117 x 117 x 222 cm<\/li>\n<li>dimensions int\u00e9rieures 99 x 99 x 202 cm<\/li>\n<li>Hauteur minimale de plafond 235 cm<\/li>\n<li>Poids 459 kg<\/li>\n<\/ul>\n<\/div><\/div>\n<div class=\"su-spoiler su-spoiler-style-default su-spoiler-icon-plus su-spoiler-closed\" data-scroll-offset=\"0\" data-anchor-in-url=\"no\"><div class=\"su-spoiler-title\" tabindex=\"0\" role=\"button\"><span class=\"su-spoiler-icon\"><\/span><strong>Donn\u00e9es acoustiques et ventilation :<\/strong><\/div><div class=\"su-spoiler-content su-u-clearfix su-u-trim\">\n<p>Les valeurs d'isolation acoustique de Studiobricks sont en quelque sorte l'\u00e9talon-or dans le secteur. Les cabines d'insonorisation de Studiobricks atteignent 45 dB lors des tests - en moyenne sur toutes les fr\u00e9quences sonores et mesur\u00e9es de l'int\u00e9rieur vers l'ext\u00e9rieur (de l'ext\u00e9rieur vers l'int\u00e9rieur, l'isolation est un peu moins prononc\u00e9e). Voir \u00e0 ce sujet nos remarques sur le crit\u00e8re de s\u00e9lection <a href=\"https:\/\/99cubes.de\/fr\/isolation-phonique\/\">Isolation phonique<\/a>. L'isolation acoustique \u00e9lev\u00e9e des studiobricks est obtenue gr\u00e2ce aux composants suivants :<\/p>\n<ul>\n<li>Panneaux muraux de 8 cm d'\u00e9paisseur compos\u00e9s de plusieurs couches et de mat\u00e9riaux acoustiques compress\u00e9s<\/li>\n<li>Absorbeurs acoustiques \u00e0 l'int\u00e9rieur<\/li>\n<li>porte en verre acoustique avec verrouillage insonoris\u00e9 en soulevant la poign\u00e9e de la porte<\/li>\n<li>Ventilation insonoris\u00e9e : ventilateur int\u00e9gr\u00e9 extr\u00eamement silencieux en version double (ventilateur uniquement, pas de climatisation)<\/li>\n<li>Echange d'air nominal 177 m\u00b3\/h, voir aussi le crit\u00e8re de s\u00e9lection <a href=\"https:\/\/99cubes.de\/fr\/echange-dair\/\">Echange d'air<\/a><\/li>\n<\/ul>\n<\/div><\/div>\n<\/div>","protected":false},"excerpt":{"rendered":"<p>Le fabricant espagnol Studiobricks s'est fait un nom avec des solutions hautement sp\u00e9cialis\u00e9es pour le secteur audio et musical. L'entreprise a ses racines dans un secteur o\u00f9 la perfection acoustique est une priorit\u00e9 absolue et o\u00f9 les exigences en mati\u00e8re d'insonorisation et de qualit\u00e9 sonore vont bien au-del\u00e0 de ce qui est n\u00e9cessaire dans les environnements de bureau habituels. Cette expertise se refl\u00e8te \u00e9galement dans la gamme de produits de bureau de Studiobricks, qui offre des valeurs d'isolation acoustique exceptionnelles et satisfait m\u00eame les clients les plus exigeants. Il n'est donc pas surprenant que les cabines insonoris\u00e9es de Studiobricks \u00e9tablissent de nouvelles normes en mati\u00e8re d'acoustique et se distinguent nettement des solutions conventionnelles. La ligne de produits Office de Studiobricks ne s'utilise d'ailleurs pas uniquement dans les bureaux : Studiobricks propose \u00e9galement des solutions parfaites pour les halls de production et de logistique o\u00f9 le niveau sonore est \u00e9lev\u00e9, en proposant des solutions de repli insonoris\u00e9es, et m\u00eame, sur demande, une variante permettant le d\u00e9placement \u00e0 l'aide d'un chariot \u00e9l\u00e9vateur !<\/p>\n<p>HALLO est le mod\u00e8le de cabine d'insonorisation de Studiobricks qui se rapproche le plus visuellement des cabines t\u00e9l\u00e9phoniques \u00e0 pi\u00e8ces et \u00e0 cartes utilis\u00e9es autrefois (notamment avec le panneau de porte typique disponible moyennant un suppl\u00e9ment). Ainsi, la cabine t\u00e9l\u00e9phonique dans les bureaux attire tout particuli\u00e8rement l'attention.<\/p>\n<p>Le box t\u00e9l\u00e9phonique ou box de travail HALLO a une surface de 1,17 x 1,17 m\u00e8tres et est disponible chez nous dans les variantes suivantes :<\/p>\n<ul>\n<li>Coffret t\u00e9l\u00e9phonique HALLO avec table haute \u00e0 105cm de hauteur<\/li>\n<li>Coffret t\u00e9l\u00e9phonique\/coffret de travail HALLO avec table basse \u00e0 75 cm de hauteur<\/li>\n<li>Coffret t\u00e9l\u00e9phonique\/coffret de travail HALLO avec table r\u00e9glable en hauteur \u00e9lectriquement<\/li>\n<\/ul>\n<p>La bo\u00eete t\u00e9l\u00e9phonique HALLO peut \u00eatre configur\u00e9e individuellement. D'autres couleurs, d'autres mat\u00e9riaux ainsi que du mobilier (tabouret) sont entre autres disponibles moyennant un suppl\u00e9ment. Nous te conseillons volontiers sur les options qui t'int\u00e9ressent !<\/p>","protected":false},"featured_media":4018,"comment_status":"open","ping_status":"closed","template":"","meta":{"content-type":"","_uag_custom_page_level_css":""},"product_brand":[],"product_cat":[180,61],"product_tag":[],"class_list":{"0":"post-4015","1":"product","2":"type-product","3":"status-publish","4":"has-post-thumbnail","6":"product_cat-arbeitsbox","7":"product_cat-telefonbox","8":"pa_anzahl-personen-1-person","9":"pa_belueftungssteuerung-vollautomatisch","10":"pa_breite-117-m","11":"pa_buchungstool-display-goconut-ready","12":"pa_einsatz-szenarien-buero","13":"pa_einsatz-szenarien-flughafen-bahnhof","14":"pa_einsatz-szenarien-logistik","15":"pa_einsatz-szenarien-produktion","16":"pa_farbe-konfigurierbar","17":"pa_farbe-schwarz","18":"pa_farbe-weiss","19":"pa_flex-miete-verfuegbar-auf-anfrage","20":"pa_gewicht-459-kg","21":"pa_hoehe-222-m","22":"pa_lan-kein-lan-anschluss","23":"pa_lan-lan-anschluss-als-sonderausstattung","24":"pa_lieferzeit-8-bis-12-wochen-lieferzeit","25":"pa_luftaustausch-177-m-h-nominell","26":"pa_marke-studiobricks","27":"pa_mobilitaet-mit-integrierten-bodenrollen","28":"pa_monitorhalterung-ohne-monitorhalterung","29":"pa_preissegment-vier","30":"pa_schalldaemmung-fuenf-sterne","31":"pa_sitzen-oder-stehen-im-sitzen-hoch-mit-hocker","32":"pa_sitzen-oder-stehen-im-sitzen-niedrig-mit-stuhl-oder-bank","33":"pa_sitzen-oder-stehen-im-stehen","34":"pa_spezial-features-feuchtigkeitsbestaendig","35":"pa_spezial-features-klimaanlage","36":"pa_spezial-features-zertifikat-erdbebensicher","37":"pa_tiefe-117-m","38":"pa_verfuegbare-tisch-optionen-fixe-tischhoehe-sitzen","39":"pa_verfuegbare-tisch-optionen-fixe-tischhoehe-stehen","40":"pa_verfuegbare-tisch-optionen-variable-tischhoehe-elektrisch-verstellbar","41":"pa_verwendung-konzentriertes-arbeiten","42":"pa_verwendung-telefonieren","43":"pa_verwendung-video-call","45":"first","46":"instock","47":"taxable","48":"shipping-taxable","49":"purchasable","50":"product-type-simple"},"uagb_featured_image_src":{"full":["https:\/\/99cubes.de\/wp-content\/uploads\/2025\/06\/Telefonbox-HALLO-Studiobricks-gelb.jpg",1200,1200,false],"thumbnail":["https:\/\/99cubes.de\/wp-content\/uploads\/2025\/06\/Telefonbox-HALLO-Studiobricks-gelb-200x200.jpg",200,200,true],"medium":["https:\/\/99cubes.de\/wp-content\/uploads\/2025\/06\/Telefonbox-HALLO-Studiobricks-gelb-450x450.jpg",450,450,true],"medium_large":["https:\/\/99cubes.de\/wp-content\/uploads\/2025\/06\/Telefonbox-HALLO-Studiobricks-gelb-768x768.jpg",768,768,true],"large":["https:\/\/99cubes.de\/wp-content\/uploads\/2025\/06\/Telefonbox-HALLO-Studiobricks-gelb-1200x1200.jpg",1140,1140,true],"1536x1536":["https:\/\/99cubes.de\/wp-content\/uploads\/2025\/06\/Telefonbox-HALLO-Studiobricks-gelb-1536x1536.jpg",1200,1200,true],"2048x2048":["https:\/\/99cubes.de\/wp-content\/uploads\/2025\/06\/Telefonbox-HALLO-Studiobricks-gelb.jpg",1200,1200,false],"trp-custom-language-flag":["https:\/\/99cubes.de\/wp-content\/uploads\/2025\/06\/Telefonbox-HALLO-Studiobricks-gelb-12x12.jpg",12,12,true],"botiga-extra-large":["https:\/\/99cubes.de\/wp-content\/uploads\/2025\/06\/Telefonbox-HALLO-Studiobricks-gelb-1140x1140.jpg",1140,1140,true],"botiga-large":["https:\/\/99cubes.de\/wp-content\/uploads\/2025\/06\/Telefonbox-HALLO-Studiobricks-gelb-920x920.jpg",920,920,true],"botiga-big":["https:\/\/99cubes.de\/wp-content\/uploads\/2025\/06\/Telefonbox-HALLO-Studiobricks-gelb-575x575.jpg",575,575,true],"botiga-medium":["https:\/\/99cubes.de\/wp-content\/uploads\/2025\/06\/Telefonbox-HALLO-Studiobricks-gelb-380x380.jpg",380,380,true],"botiga-header-icons":["https:\/\/99cubes.de\/wp-content\/uploads\/2025\/06\/Telefonbox-HALLO-Studiobricks-gelb-50x50.jpg",50,50,true],"botiga-product-swatch-image":["https:\/\/99cubes.de\/wp-content\/uploads\/2025\/06\/Telefonbox-HALLO-Studiobricks-gelb-26x26.jpg",26,26,true],"woocommerce_thumbnail":["https:\/\/99cubes.de\/wp-content\/uploads\/2025\/06\/Telefonbox-HALLO-Studiobricks-gelb-420x420.jpg",420,420,true],"woocommerce_single":["https:\/\/99cubes.de\/wp-content\/uploads\/2025\/06\/Telefonbox-HALLO-Studiobricks-gelb-800x800.jpg",800,800,true],"woocommerce_gallery_thumbnail":["https:\/\/99cubes.de\/wp-content\/uploads\/2025\/06\/Telefonbox-HALLO-Studiobricks-gelb-100x100.jpg",100,100,true],"wpvr_mobile":["https:\/\/99cubes.de\/wp-content\/uploads\/2025\/06\/Telefonbox-HALLO-Studiobricks-gelb.jpg",1200,1200,false]},"uagb_author_info":{"display_name":"frank","author_link":"https:\/\/99cubes.de\/fr\/author\/"},"uagb_comment_info":0,"uagb_excerpt":"Der spanische Hersteller Studiobricks hat sich einen Namen mit hochspezialisierten L\u00f6sungen f\u00fcr die Audio- und Musikbranche gemacht. Die Wurzeln des Unternehmens liegen in einem Sektor, in dem akustische Perfektion oberste Priorit\u00e4t genie\u00dft und die Anforderungen an Schallschutz sowie Klangqualit\u00e4t weit \u00fcber das hinausgehen, was in gew\u00f6hnlichen B\u00fcroumgebungen erforderlich ist. Diese Expertise spiegelt sich auch in\u2026","_links":{"self":[{"href":"https:\/\/99cubes.de\/fr\/wp-json\/wp\/v2\/product\/4015","targetHints":{"allow":["GET"]}}],"collection":[{"href":"https:\/\/99cubes.de\/fr\/wp-json\/wp\/v2\/product"}],"about":[{"href":"https:\/\/99cubes.de\/fr\/wp-json\/wp\/v2\/types\/product"}],"replies":[{"embeddable":true,"href":"https:\/\/99cubes.de\/fr\/wp-json\/wp\/v2\/comments?post=4015"}],"wp:featuredmedia":[{"embeddable":true,"href":"https:\/\/99cubes.de\/fr\/wp-json\/wp\/v2\/media\/4018"}],"wp:attachment":[{"href":"https:\/\/99cubes.de\/fr\/wp-json\/wp\/v2\/media?parent=4015"}],"wp:term":[{"taxonomy":"product_brand","embeddable":true,"href":"https:\/\/99cubes.de\/fr\/wp-json\/wp\/v2\/product_brand?post=4015"},{"taxonomy":"product_cat","embeddable":true,"href":"https:\/\/99cubes.de\/fr\/wp-json\/wp\/v2\/product_cat?post=4015"},{"taxonomy":"product_tag","embeddable":true,"href":"https:\/\/99cubes.de\/fr\/wp-json\/wp\/v2\/product_tag?post=4015"}],"curies":[{"name":"wp","href":"https:\/\/api.w.org\/{rel}","templated":true}]}}