{"id":4031,"date":"2025-06-23T16:12:23","date_gmt":"2025-06-23T14:12:23","guid":{"rendered":"https:\/\/99cubes.de\/?post_type=product&#038;p=4031"},"modified":"2025-06-23T18:37:42","modified_gmt":"2025-06-23T16:37:42","slug":"boite-de-telephone-boite-de-travail-aloha-studiobricks","status":"publish","type":"product","link":"https:\/\/99cubes.de\/fr\/produkt\/telefonbox-arbeitsbox-aloha-studiobricks\/","title":{"rendered":"Bo\u00eete t\u00e9l\u00e9phonique\/bo\u00eete de travail ALOHA | Studiobricks"},"content":{"rendered":"<div class=\"su-accordion su-u-trim\">\n<div class=\"su-spoiler su-spoiler-style-default su-spoiler-icon-plus\" data-scroll-offset=\"0\" data-anchor-in-url=\"no\"><div class=\"su-spoiler-title\" tabindex=\"0\" role=\"button\"><span class=\"su-spoiler-icon\"><\/span><strong>\u00c0 propos des bo\u00eetiers t\u00e9l\u00e9phoniques ALOHA :<\/strong><\/div><div class=\"su-spoiler-content su-u-clearfix su-u-trim\">\n<p>La cabine d'insonorisation ALOHA de Studiobricks a une surface de 1,06 x 1,38 m\u00e8tres et peut \u00eatre utilis\u00e9e soit comme box t\u00e9l\u00e9phonique, soit comme box de travail, selon l'am\u00e9nagement int\u00e9rieur choisi. Les variantes suivantes sont disponibles chez nous :<\/p>\n<ul>\n<li>ALOHA Standard : avec paroi arri\u00e8re ferm\u00e9e<\/li>\n<li>ALOHA View : avec paroi arri\u00e8re vitr\u00e9e<\/li>\n<li>ALOHA Forklift : mont\u00e9 sur un cadre en acier \/ adapt\u00e9 aux chariots \u00e9l\u00e9vateurs \u00e0 fourche<\/li>\n<li>ALOHA Media : avec setup d'enregistrement - comprenant BassTrap (PET), support de moniteur, bras de moniteur, support de copie, support mural, adaptateur de m\u00e2t et bras de microphone<\/li>\n<li>ALOHA Videocall : avec fixation de moniteur r\u00e9glable en hauteur et moniteur avec \u00e9cran tactile<\/li>\n<\/ul>\n<p>L'aspect ou la couleur du bo\u00eetier t\u00e9l\u00e9phonique ALOHA est personnalisable :<\/p>\n<ul>\n<li>Parois en finition laqu\u00e9e ou stratifi\u00e9e, grand choix de couleurs<\/li>\n<li>Cadre de porte et de fen\u00eatre configurable en diff\u00e9rentes couleurs<\/li>\n<li>Absorbeurs de son en PET ou en tissu - respectivement en diff\u00e9rentes couleurs<\/li>\n<li>effet verre d\u00e9poli en option sur la porte \/ fen\u00eatre arri\u00e8re (si disponible)<\/li>\n<li>fen\u00eatre suppl\u00e9mentaire sur la paroi lat\u00e9rale droite (disponibilit\u00e9 en fonction de la configuration)<\/li>\n<li>en option, un panneau \"On Air\" indiquant si la bo\u00eete est actuellement occup\u00e9e.<\/li>\n<\/ul>\n<\/div><\/div>\n<div class=\"su-spoiler su-spoiler-style-default su-spoiler-icon-plus su-spoiler-closed\" data-scroll-offset=\"0\" data-anchor-in-url=\"no\"><div class=\"su-spoiler-title\" tabindex=\"0\" role=\"button\"><span class=\"su-spoiler-icon\"><\/span><strong>\u00c9quipement :<\/strong><\/div><div class=\"su-spoiler-content su-u-clearfix su-u-trim\">\n<p>L'\u00e9quipement int\u00e9rieur est configurable individuellement et permet une adaptation sur mesure \u00e0 de nombreux sc\u00e9narios d'utilisation et exigences diff\u00e9rents :<\/p>\n<ul>\n<li>Table r\u00e9glable au choix en hauteur debout, en hauteur assise ou \u00e9lectriquement en hauteur<\/li>\n<li>\u00c9clairage LED int\u00e9gr\u00e9 LED avec capteur<\/li>\n<li>moquette antistatique (anthracite)<\/li>\n<li>Prise de courant<\/li>\n<li>Connexions suppl\u00e9mentaires pour LAN, HDMI, USB-A\/C disponibles contre un suppl\u00e9ment de prix<\/li>\n<li>support d'\u00e9cran VESA disponible moyennant un suppl\u00e9ment de prix<\/li>\n<li>Soft ou tabouret assorti disponible contre suppl\u00e9ment (pour les tabourets, une ou deux pi\u00e8ces au choix)<\/li>\n<li>Porte avec ou sans serrure, serrure \u00e9lectronique NFC disponible en option.<\/li>\n<li>autres \u00e9quipements int\u00e9rieurs selon la variante de mod\u00e8le choisie<\/li>\n<\/ul>\n<\/div><\/div>\n<div class=\"su-spoiler su-spoiler-style-default su-spoiler-icon-plus su-spoiler-closed\" data-scroll-offset=\"0\" data-anchor-in-url=\"no\"><div class=\"su-spoiler-title\" tabindex=\"0\" role=\"button\"><span class=\"su-spoiler-icon\"><\/span><strong>Dimensions et poids :<\/strong><\/div><div class=\"su-spoiler-content su-u-clearfix su-u-trim\">\n<ul>\n<li>Dimensions ext\u00e9rieures 106 x 138 x 226 cm<\/li>\n<li>dimensions int\u00e9rieures 90 x 120 x 210 cm<\/li>\n<li>Hauteur minimale de plafond 240 cm<\/li>\n<li>Poids 435 kg<\/li>\n<\/ul>\n<\/div><\/div>\n<div class=\"su-spoiler su-spoiler-style-default su-spoiler-icon-plus su-spoiler-closed\" data-scroll-offset=\"0\" data-anchor-in-url=\"no\"><div class=\"su-spoiler-title\" tabindex=\"0\" role=\"button\"><span class=\"su-spoiler-icon\"><\/span><strong>Donn\u00e9es acoustiques et ventilation :<\/strong><\/div><div class=\"su-spoiler-content su-u-clearfix su-u-trim\">\n<p>Les valeurs d'isolation acoustique de Studiobricks sont en quelque sorte l'\u00e9talon-or dans le secteur. Les cabines d'insonorisation de Studiobricks atteignent 45 dB lors des tests - en moyenne sur toutes les fr\u00e9quences sonores et mesur\u00e9es de l'int\u00e9rieur vers l'ext\u00e9rieur (de l'ext\u00e9rieur vers l'int\u00e9rieur, l'isolation est un peu moins prononc\u00e9e). Voir \u00e0 ce sujet nos remarques sur le crit\u00e8re de s\u00e9lection <a href=\"https:\/\/99cubes.de\/fr\/isolation-phonique\/\">Isolation phonique<\/a>. L'isolation acoustique \u00e9lev\u00e9e des studiobricks est obtenue gr\u00e2ce aux composants suivants :<\/p>\n<ul>\n<li>Panneaux muraux de 8 cm d'\u00e9paisseur compos\u00e9s de plusieurs couches et de mat\u00e9riaux acoustiques compress\u00e9s<\/li>\n<li>Absorbeurs acoustiques \u00e0 l'int\u00e9rieur<\/li>\n<li>porte en verre acoustique avec verrouillage insonoris\u00e9 en soulevant la poign\u00e9e de la porte<\/li>\n<li>Ventilation insonoris\u00e9e : ventilateur int\u00e9gr\u00e9 extr\u00eamement silencieux en version double (ventilateur uniquement, pas de climatisation)<\/li>\n<li>Echange d'air nominal 177 m\u00b3\/h, voir aussi le crit\u00e8re de s\u00e9lection <a href=\"https:\/\/99cubes.de\/fr\/echange-dair\/\">Echange d'air<\/a><\/li>\n<\/ul>\n<\/div><\/div>\n<\/div>","protected":false},"excerpt":{"rendered":"<p>Le fabricant espagnol Studiobricks s'est fait un nom avec des solutions hautement sp\u00e9cialis\u00e9es pour le secteur audio et musical. L'entreprise a ses racines dans un secteur o\u00f9 la perfection acoustique est une priorit\u00e9 absolue et o\u00f9 les exigences en mati\u00e8re d'insonorisation et de qualit\u00e9 sonore vont bien au-del\u00e0 de ce qui est n\u00e9cessaire dans les environnements de bureau habituels. Cette expertise se refl\u00e8te \u00e9galement dans la gamme de produits de bureau de Studiobricks, qui offre des valeurs d'isolation acoustique exceptionnelles et satisfait m\u00eame les clients les plus exigeants. Il n'est donc pas surprenant que les cabines insonoris\u00e9es de Studiobricks \u00e9tablissent de nouvelles normes en mati\u00e8re d'acoustique et se distinguent nettement des solutions conventionnelles. La ligne de produits Office de Studiobricks ne s'utilise d'ailleurs pas uniquement dans les bureaux : Studiobricks propose \u00e9galement des solutions parfaites pour les halls de production et de logistique o\u00f9 le niveau sonore est \u00e9lev\u00e9, en proposant des solutions de repli insonoris\u00e9es, et m\u00eame, sur demande, une variante permettant le d\u00e9placement \u00e0 l'aide d'un chariot \u00e9l\u00e9vateur !<\/p>\n<p>La cabine d'insonorisation ALOHA de Studiobricks a une surface de 1,06 x 1,38 m\u00e8tres et peut \u00eatre utilis\u00e9e soit comme box t\u00e9l\u00e9phonique, soit comme box de travail, selon l'am\u00e9nagement int\u00e9rieur choisi. Les variantes suivantes sont disponibles chez nous :<\/p>\n<ul>\n<li>ALOHA Standard : avec paroi arri\u00e8re ferm\u00e9e<\/li>\n<li>ALOHA View : avec paroi arri\u00e8re vitr\u00e9e<\/li>\n<li>ALOHA Forklift : mont\u00e9 sur un cadre en acier \/ adapt\u00e9 aux chariots \u00e9l\u00e9vateurs \u00e0 fourche<\/li>\n<li>ALOHA Media : avec setup d'enregistrement - comprenant BassTrap (PET), support de moniteur, bras de moniteur, support de copie, support mural, adaptateur de m\u00e2t et bras de microphone<\/li>\n<li>ALOHA Videocall : avec fixation de moniteur r\u00e9glable en hauteur et moniteur avec \u00e9cran tactile<\/li>\n<\/ul>\n<p>Le box t\u00e9l\u00e9phonique ALOHA peut \u00eatre configur\u00e9 individuellement. D'autres couleurs, d'autres mat\u00e9riaux ainsi que du mobilier (tabouret\/canap\u00e9) sont entre autres disponibles moyennant un suppl\u00e9ment. Nous te conseillons volontiers sur les options qui t'int\u00e9ressent !<\/p>","protected":false},"featured_media":4032,"comment_status":"open","ping_status":"closed","template":"","meta":{"content-type":"","_uag_custom_page_level_css":""},"product_brand":[],"product_cat":[180,61],"product_tag":[],"class_list":{"0":"post-4031","1":"product","2":"type-product","3":"status-publish","4":"has-post-thumbnail","6":"product_cat-arbeitsbox","7":"product_cat-telefonbox","8":"pa_anzahl-personen-1-person","9":"pa_belueftungssteuerung-vollautomatisch","10":"pa_breite-138-m","11":"pa_buchungstool-display-goconut-ready","12":"pa_einsatz-szenarien-buero","13":"pa_einsatz-szenarien-flughafen-bahnhof","14":"pa_einsatz-szenarien-logistik","15":"pa_einsatz-szenarien-podcasts","16":"pa_einsatz-szenarien-produktion","17":"pa_farbe-konfigurierbar","18":"pa_farbe-schwarz","19":"pa_farbe-weiss","20":"pa_flex-miete-verfuegbar-auf-anfrage","21":"pa_gewicht-435-kg","22":"pa_hoehe-226-m","23":"pa_lan-kein-lan-anschluss","24":"pa_lan-lan-anschluss-als-sonderausstattung","25":"pa_lieferzeit-8-bis-12-wochen-lieferzeit","26":"pa_luftaustausch-177-m-h-nominell","27":"pa_marke-studiobricks","28":"pa_mobilitaet-gabelstapler-konfiguration-als-sonderausstattung","29":"pa_mobilitaet-keine","30":"pa_monitorhalterung-monitorhalterung-als-sonderausstattung","31":"pa_monitorhalterung-ohne-monitorhalterung","32":"pa_preissegment-vier","33":"pa_schalldaemmung-fuenf-sterne","34":"pa_sitzen-oder-stehen-im-sitzen-hoch-mit-hocker","35":"pa_sitzen-oder-stehen-im-sitzen-niedrig-mit-stuhl-oder-bank","36":"pa_sitzen-oder-stehen-im-stehen","37":"pa_spezial-features-feuchtigkeitsbestaendig","38":"pa_spezial-features-gabelstapler-tauglich","39":"pa_spezial-features-klimaanlage","40":"pa_spezial-features-media-innenausstattung","41":"pa_spezial-features-video-call-ausstattung","42":"pa_spezial-features-zertifikat-erdbebensicher","43":"pa_tiefe-106-m","44":"pa_verfuegbare-tisch-optionen-fixe-tischhoehe-sitzen","45":"pa_verfuegbare-tisch-optionen-fixe-tischhoehe-stehen","46":"pa_verfuegbare-tisch-optionen-variable-tischhoehe-elektrisch-verstellbar","47":"pa_verwendung-konzentriertes-arbeiten","48":"pa_verwendung-telefonieren","49":"pa_verwendung-tonaufnahme","50":"pa_verwendung-video-call","52":"first","53":"instock","54":"taxable","55":"shipping-taxable","56":"purchasable","57":"product-type-simple"},"uagb_featured_image_src":{"full":["https:\/\/99cubes.de\/wp-content\/uploads\/2025\/06\/Arbeitsbox-Studiobricks-ALOHA-white-edition-ambiente.jpg",1200,1200,false],"thumbnail":["https:\/\/99cubes.de\/wp-content\/uploads\/2025\/06\/Arbeitsbox-Studiobricks-ALOHA-white-edition-ambiente-200x200.jpg",200,200,true],"medium":["https:\/\/99cubes.de\/wp-content\/uploads\/2025\/06\/Arbeitsbox-Studiobricks-ALOHA-white-edition-ambiente-450x450.jpg",450,450,true],"medium_large":["https:\/\/99cubes.de\/wp-content\/uploads\/2025\/06\/Arbeitsbox-Studiobricks-ALOHA-white-edition-ambiente-768x768.jpg",768,768,true],"large":["https:\/\/99cubes.de\/wp-content\/uploads\/2025\/06\/Arbeitsbox-Studiobricks-ALOHA-white-edition-ambiente-1200x1200.jpg",1140,1140,true],"1536x1536":["https:\/\/99cubes.de\/wp-content\/uploads\/2025\/06\/Arbeitsbox-Studiobricks-ALOHA-white-edition-ambiente-1536x1536.jpg",1200,1200,true],"2048x2048":["https:\/\/99cubes.de\/wp-content\/uploads\/2025\/06\/Arbeitsbox-Studiobricks-ALOHA-white-edition-ambiente-2048x2048.jpg",1200,1200,true],"trp-custom-language-flag":["https:\/\/99cubes.de\/wp-content\/uploads\/2025\/06\/Arbeitsbox-Studiobricks-ALOHA-white-edition-ambiente-12x12.jpg",12,12,true],"botiga-extra-large":["https:\/\/99cubes.de\/wp-content\/uploads\/2025\/06\/Arbeitsbox-Studiobricks-ALOHA-white-edition-ambiente-1140x1140.jpg",1140,1140,true],"botiga-large":["https:\/\/99cubes.de\/wp-content\/uploads\/2025\/06\/Arbeitsbox-Studiobricks-ALOHA-white-edition-ambiente-920x920.jpg",920,920,true],"botiga-big":["https:\/\/99cubes.de\/wp-content\/uploads\/2025\/06\/Arbeitsbox-Studiobricks-ALOHA-white-edition-ambiente-575x575.jpg",575,575,true],"botiga-medium":["https:\/\/99cubes.de\/wp-content\/uploads\/2025\/06\/Arbeitsbox-Studiobricks-ALOHA-white-edition-ambiente-380x380.jpg",380,380,true],"botiga-header-icons":["https:\/\/99cubes.de\/wp-content\/uploads\/2025\/06\/Arbeitsbox-Studiobricks-ALOHA-white-edition-ambiente-50x50.jpg",50,50,true],"botiga-product-swatch-image":["https:\/\/99cubes.de\/wp-content\/uploads\/2025\/06\/Arbeitsbox-Studiobricks-ALOHA-white-edition-ambiente-26x26.jpg",26,26,true],"woocommerce_thumbnail":["https:\/\/99cubes.de\/wp-content\/uploads\/2025\/06\/Arbeitsbox-Studiobricks-ALOHA-white-edition-ambiente-420x420.jpg",420,420,true],"woocommerce_single":["https:\/\/99cubes.de\/wp-content\/uploads\/2025\/06\/Arbeitsbox-Studiobricks-ALOHA-white-edition-ambiente-800x800.jpg",800,800,true],"woocommerce_gallery_thumbnail":["https:\/\/99cubes.de\/wp-content\/uploads\/2025\/06\/Arbeitsbox-Studiobricks-ALOHA-white-edition-ambiente-100x100.jpg",100,100,true],"wpvr_mobile":["https:\/\/99cubes.de\/wp-content\/uploads\/2025\/06\/Arbeitsbox-Studiobricks-ALOHA-white-edition-ambiente-2048x2048.jpg",2048,2048,true]},"uagb_author_info":{"display_name":"frank","author_link":"https:\/\/99cubes.de\/fr\/author\/"},"uagb_comment_info":0,"uagb_excerpt":"Der spanische Hersteller Studiobricks hat sich einen Namen mit hochspezialisierten L\u00f6sungen f\u00fcr die Audio- und Musikbranche gemacht. Die Wurzeln des Unternehmens liegen in einem Sektor, in dem akustische Perfektion oberste Priorit\u00e4t genie\u00dft und die Anforderungen an Schallschutz sowie Klangqualit\u00e4t weit \u00fcber das hinausgehen, was in gew\u00f6hnlichen B\u00fcroumgebungen erforderlich ist. Diese Expertise spiegelt sich auch in\u2026","_links":{"self":[{"href":"https:\/\/99cubes.de\/fr\/wp-json\/wp\/v2\/product\/4031","targetHints":{"allow":["GET"]}}],"collection":[{"href":"https:\/\/99cubes.de\/fr\/wp-json\/wp\/v2\/product"}],"about":[{"href":"https:\/\/99cubes.de\/fr\/wp-json\/wp\/v2\/types\/product"}],"replies":[{"embeddable":true,"href":"https:\/\/99cubes.de\/fr\/wp-json\/wp\/v2\/comments?post=4031"}],"wp:featuredmedia":[{"embeddable":true,"href":"https:\/\/99cubes.de\/fr\/wp-json\/wp\/v2\/media\/4032"}],"wp:attachment":[{"href":"https:\/\/99cubes.de\/fr\/wp-json\/wp\/v2\/media?parent=4031"}],"wp:term":[{"taxonomy":"product_brand","embeddable":true,"href":"https:\/\/99cubes.de\/fr\/wp-json\/wp\/v2\/product_brand?post=4031"},{"taxonomy":"product_cat","embeddable":true,"href":"https:\/\/99cubes.de\/fr\/wp-json\/wp\/v2\/product_cat?post=4031"},{"taxonomy":"product_tag","embeddable":true,"href":"https:\/\/99cubes.de\/fr\/wp-json\/wp\/v2\/product_tag?post=4031"}],"curies":[{"name":"wp","href":"https:\/\/api.w.org\/{rel}","templated":true}]}}