{"id":4182,"date":"2025-07-16T15:15:45","date_gmt":"2025-07-16T13:15:45","guid":{"rendered":"https:\/\/99cubes.de\/?post_type=product&#038;p=4182"},"modified":"2025-07-16T15:52:15","modified_gmt":"2025-07-16T13:52:15","slug":"support-de-moniteur-pour-mute-modular-et-mute-modular-pods-mute","status":"publish","type":"product","link":"https:\/\/99cubes.de\/fr\/produkt\/monitorhalterung-fuer-mute-modular-und-mute-modular-pods-mute\/","title":{"rendered":"Support d'\u00e9cran pour MUTE Modular et MUTE Modular Pods | MUTE"},"content":{"rendered":"<p>Le support d'\u00e9cran modulaire MUTE convient aux \u00e9crans avec adaptateur de type VESA 100, 200 ou 300 (distance millim\u00e9trique entre les trous dispos\u00e9s dans le carr\u00e9).<\/p>\n<p>Il faut veiller \u00e0 ce qu'il y ait une prise de courant \u00e0 proximit\u00e9 lors du positionnement du support d'\u00e9cran.<\/p>","protected":false},"excerpt":{"rendered":"<p>Une caract\u00e9ristique particuli\u00e8rement pratique de MUTE Modular est le grand nombre d'options d'accessoires disponibles, qui permettent d'\u00e9quiper chaque espace MUTE Modular. Typiquement, les \u00e9l\u00e9ments d'\u00e9quipement sont accroch\u00e9s aux murs - hauteur \u00e0 choisir librement au pas de 4,5 centim\u00e8tres.<\/p>\n<p>Les supports d'\u00e9cran pour MUTE Modular sont des accessoires particuli\u00e8rement appr\u00e9ci\u00e9s. Ils sont disponibles en trois variantes :<\/p>\n<ul>\n<li>Pleine largeur - accroch\u00e9e \u00e0 deux colonnes<\/li>\n<li>Demi-largeur - accroch\u00e9 \u00e0 deux colonnes<\/li>\n<li>accroch\u00e9 \u00e0 une seule colonne<\/li>\n<\/ul>\n<p>&nbsp;<\/p>","protected":false},"featured_media":4183,"comment_status":"open","ping_status":"closed","template":"","meta":{"content-type":"","_uag_custom_page_level_css":""},"product_brand":[],"product_cat":[67],"product_tag":[],"class_list":{"0":"post-4182","1":"product","2":"type-product","3":"status-publish","4":"has-post-thumbnail","6":"product_cat-zubehoer","7":"pa_farbe-schwarz","8":"pa_marke-mute","9":"pa_monitorhalterung-monitorhalterung-als-sonderausstattung","11":"first","12":"instock","13":"taxable","14":"shipping-taxable","15":"product-type-simple"},"uagb_featured_image_src":{"full":["https:\/\/99cubes.de\/wp-content\/uploads\/2025\/07\/Monitorhalterung-fuer-MUTE-Modular-ganze-Breite.jpg",1200,1200,false],"thumbnail":["https:\/\/99cubes.de\/wp-content\/uploads\/2025\/07\/Monitorhalterung-fuer-MUTE-Modular-ganze-Breite-200x200.jpg",200,200,true],"medium":["https:\/\/99cubes.de\/wp-content\/uploads\/2025\/07\/Monitorhalterung-fuer-MUTE-Modular-ganze-Breite-450x450.jpg",450,450,true],"medium_large":["https:\/\/99cubes.de\/wp-content\/uploads\/2025\/07\/Monitorhalterung-fuer-MUTE-Modular-ganze-Breite-768x768.jpg",768,768,true],"large":["https:\/\/99cubes.de\/wp-content\/uploads\/2025\/07\/Monitorhalterung-fuer-MUTE-Modular-ganze-Breite-1200x1200.jpg",1140,1140,true],"1536x1536":["https:\/\/99cubes.de\/wp-content\/uploads\/2025\/07\/Monitorhalterung-fuer-MUTE-Modular-ganze-Breite-1536x1536.jpg",1200,1200,true],"2048x2048":["https:\/\/99cubes.de\/wp-content\/uploads\/2025\/07\/Monitorhalterung-fuer-MUTE-Modular-ganze-Breite.jpg",1200,1200,false],"trp-custom-language-flag":["https:\/\/99cubes.de\/wp-content\/uploads\/2025\/07\/Monitorhalterung-fuer-MUTE-Modular-ganze-Breite-12x12.jpg",12,12,true],"botiga-extra-large":["https:\/\/99cubes.de\/wp-content\/uploads\/2025\/07\/Monitorhalterung-fuer-MUTE-Modular-ganze-Breite-1140x1140.jpg",1140,1140,true],"botiga-large":["https:\/\/99cubes.de\/wp-content\/uploads\/2025\/07\/Monitorhalterung-fuer-MUTE-Modular-ganze-Breite-920x920.jpg",920,920,true],"botiga-big":["https:\/\/99cubes.de\/wp-content\/uploads\/2025\/07\/Monitorhalterung-fuer-MUTE-Modular-ganze-Breite-575x575.jpg",575,575,true],"botiga-medium":["https:\/\/99cubes.de\/wp-content\/uploads\/2025\/07\/Monitorhalterung-fuer-MUTE-Modular-ganze-Breite-380x380.jpg",380,380,true],"botiga-header-icons":["https:\/\/99cubes.de\/wp-content\/uploads\/2025\/07\/Monitorhalterung-fuer-MUTE-Modular-ganze-Breite-50x50.jpg",50,50,true],"botiga-product-swatch-image":["https:\/\/99cubes.de\/wp-content\/uploads\/2025\/07\/Monitorhalterung-fuer-MUTE-Modular-ganze-Breite-26x26.jpg",26,26,true],"woocommerce_thumbnail":["https:\/\/99cubes.de\/wp-content\/uploads\/2025\/07\/Monitorhalterung-fuer-MUTE-Modular-ganze-Breite-420x420.jpg",420,420,true],"woocommerce_single":["https:\/\/99cubes.de\/wp-content\/uploads\/2025\/07\/Monitorhalterung-fuer-MUTE-Modular-ganze-Breite-800x800.jpg",800,800,true],"woocommerce_gallery_thumbnail":["https:\/\/99cubes.de\/wp-content\/uploads\/2025\/07\/Monitorhalterung-fuer-MUTE-Modular-ganze-Breite-100x100.jpg",100,100,true],"wpvr_mobile":["https:\/\/99cubes.de\/wp-content\/uploads\/2025\/07\/Monitorhalterung-fuer-MUTE-Modular-ganze-Breite.jpg",1200,1200,false]},"uagb_author_info":{"display_name":"frank","author_link":"https:\/\/99cubes.de\/fr\/author\/"},"uagb_comment_info":0,"uagb_excerpt":"Ein besonders praktisches Feature von MUTE Modular sind die vielen verf\u00fcgbaren Zubeh\u00f6r-Optionen, mit denen sich jeder MUTE Modular Raum ausstatten l\u00e4sst. Typischerweise werden die Ausstattungs-Elemente in die W\u00e4nde eingeh\u00e4ngt - H\u00f6he im 4,5-Zentimeter-Raster frei w\u00e4hlbar. Ein besonders beliebtes Zubeh\u00f6r sind die Monitorhalterungen f\u00fcr MUTE Modular. Diese sind in drei Varianten verf\u00fcgbar: Volle Breite - an\u2026","_links":{"self":[{"href":"https:\/\/99cubes.de\/fr\/wp-json\/wp\/v2\/product\/4182","targetHints":{"allow":["GET"]}}],"collection":[{"href":"https:\/\/99cubes.de\/fr\/wp-json\/wp\/v2\/product"}],"about":[{"href":"https:\/\/99cubes.de\/fr\/wp-json\/wp\/v2\/types\/product"}],"replies":[{"embeddable":true,"href":"https:\/\/99cubes.de\/fr\/wp-json\/wp\/v2\/comments?post=4182"}],"wp:featuredmedia":[{"embeddable":true,"href":"https:\/\/99cubes.de\/fr\/wp-json\/wp\/v2\/media\/4183"}],"wp:attachment":[{"href":"https:\/\/99cubes.de\/fr\/wp-json\/wp\/v2\/media?parent=4182"}],"wp:term":[{"taxonomy":"product_brand","embeddable":true,"href":"https:\/\/99cubes.de\/fr\/wp-json\/wp\/v2\/product_brand?post=4182"},{"taxonomy":"product_cat","embeddable":true,"href":"https:\/\/99cubes.de\/fr\/wp-json\/wp\/v2\/product_cat?post=4182"},{"taxonomy":"product_tag","embeddable":true,"href":"https:\/\/99cubes.de\/fr\/wp-json\/wp\/v2\/product_tag?post=4182"}],"curies":[{"name":"wp","href":"https:\/\/api.w.org\/{rel}","templated":true}]}}