{"id":4282,"date":"2025-09-12T16:01:02","date_gmt":"2025-09-12T14:01:02","guid":{"rendered":"https:\/\/99cubes.de\/?post_type=product&#038;p=4282"},"modified":"2025-11-11T10:52:11","modified_gmt":"2025-11-11T09:52:11","slug":"meetingbox-pour-4-personnes-dialogue-cube-2-0-bosse-occasion","status":"publish","type":"product","link":"https:\/\/99cubes.de\/fr\/produkt\/meetingbox-fuer-4-personen-dialogue-cube-2-0-bosse-gebraucht\/","title":{"rendered":"Bo\u00eete de r\u00e9union pour 4 personnes - Dialogue Cube 2.0 | Bosse (occasion)"},"content":{"rendered":"<p><strong>S\u00e9rie de produits :<\/strong> Cube de dialogue 2.0<\/p>\n<p><strong>Dimensions : <\/strong>Dimensions ext\u00e9rieures 2327 x 1348 x 2398mm \/ dimensions int\u00e9rieures 2167 x 1216 x 2166mm \/ hauteur de pi\u00e8ce n\u00e9cessaire 2550mm<\/p>\n<p><strong>Description : <\/strong><\/p>\n<ul>\n<li>Cadre squelettique int\u00e9rieur<\/li>\n<li>Paroi arri\u00e8re en verre<\/li>\n<li>Fa\u00e7ade en verre avec porte<\/li>\n<li>Plafond, y compris ventilation et \u00e9clairage<\/li>\n<li>Profil\u00e9s de joues blancs<\/li>\n<li>Mur ext\u00e9rieur en surface de tableau blanc (gauche et droite)<\/li>\n<li>Panneau int\u00e9rieur Acoustique Tissu Polo des deux c\u00f4t\u00e9s<\/li>\n<li>Sol avec tapis anthracite<\/li>\n<li>Prise de sol avec double USB Charger<\/li>\n<\/ul>\n<p><strong>Am\u00e9nagement int\u00e9rieur :<\/strong><\/p>\n<ul>\n<li>Panneau technique avec prises de courant inclus (3x 230V au total)<\/li>\n<li>Table en m\u00e9lamine blanche incluse<\/li>\n<li>Incl. banquette des deux c\u00f4t\u00e9s tissu Divina avec dossier (couleur \"Divina gris clair\")<\/li>\n<li>Incl. lampe \u00e0 suspendre avec abat-jour en feutre<\/li>\n<li>Incl. rideau de voilage qualit\u00e9 B1 double rideau<\/li>\n<li>Y compris unit\u00e9 d'a\u00e9ration int\u00e9gr\u00e9e (type <a href=\"https:\/\/99cubes.de\/fr\/produit\/ioniseur-dair-ion-cloud-bosse\/\">ION-Cloud<\/a>)<\/li>\n<li>Habillage des parois int\u00e9rieures en tissu \u201ePolo 77.20 bleu standard\u201c.\u201c<\/li>\n<\/ul>\n<figure id=\"attachment_4283\" aria-describedby=\"caption-attachment-4283\" style=\"width: 228px\" class=\"wp-caption alignleft\"><img loading=\"lazy\" decoding=\"async\" class=\"wp-image-4283 size-full\" src=\"https:\/\/99cubes.de\/wp-content\/uploads\/2025\/09\/Polo-77.20-Standardblau.jpg\" alt=\"\" width=\"228\" height=\"172\" srcset=\"https:\/\/99cubes.de\/wp-content\/uploads\/2025\/09\/Polo-77.20-Standardblau.jpg 228w, https:\/\/99cubes.de\/wp-content\/uploads\/2025\/09\/Polo-77.20-Standardblau-16x12.jpg 16w\" sizes=\"auto, (max-width: 228px) 100vw, 228px\" \/><figcaption id=\"caption-attachment-4283\" class=\"wp-caption-text\">\u00c9chantillon de tissu \u201ePolo 77.20 bleu standard\u201c<\/figcaption><\/figure>","protected":false},"excerpt":{"rendered":"<h4>Nicht mehr verf\u00fcgbar &#8211; leider schon verkauft!<\/h4>\n[gebrauchte_boxen_text]\n<p>&nbsp;<\/p>\n","protected":false},"featured_media":4300,"comment_status":"open","ping_status":"closed","template":"","meta":{"content-type":"","_uag_custom_page_level_css":""},"product_brand":[],"product_cat":[361],"product_tag":[],"class_list":{"0":"post-4282","1":"product","2":"type-product","3":"status-publish","4":"has-post-thumbnail","6":"product_cat-gebrauchte-telefon-und-meetingboxen","7":"pa_anzahl-personen-4-personen","8":"pa_marke-bosse","10":"first","11":"instock","12":"taxable","13":"shipping-taxable","14":"purchasable","15":"product-type-simple"},"uagb_featured_image_src":{"full":["https:\/\/99cubes.de\/wp-content\/uploads\/2025\/09\/Gebrauchte-Meetingbox-von-Bosse-Dialogue-Cube-2.0-Bild-Frontal.jpg",1200,1200,false],"thumbnail":["https:\/\/99cubes.de\/wp-content\/uploads\/2025\/09\/Gebrauchte-Meetingbox-von-Bosse-Dialogue-Cube-2.0-Bild-Frontal-200x200.jpg",200,200,true],"medium":["https:\/\/99cubes.de\/wp-content\/uploads\/2025\/09\/Gebrauchte-Meetingbox-von-Bosse-Dialogue-Cube-2.0-Bild-Frontal-450x450.jpg",450,450,true],"medium_large":["https:\/\/99cubes.de\/wp-content\/uploads\/2025\/09\/Gebrauchte-Meetingbox-von-Bosse-Dialogue-Cube-2.0-Bild-Frontal-768x768.jpg",768,768,true],"large":["https:\/\/99cubes.de\/wp-content\/uploads\/2025\/09\/Gebrauchte-Meetingbox-von-Bosse-Dialogue-Cube-2.0-Bild-Frontal-1200x1200.jpg",1140,1140,true],"1536x1536":["https:\/\/99cubes.de\/wp-content\/uploads\/2025\/09\/Gebrauchte-Meetingbox-von-Bosse-Dialogue-Cube-2.0-Bild-Frontal-1536x1536.jpg",1200,1200,true],"2048x2048":["https:\/\/99cubes.de\/wp-content\/uploads\/2025\/09\/Gebrauchte-Meetingbox-von-Bosse-Dialogue-Cube-2.0-Bild-Frontal.jpg",1200,1200,false],"trp-custom-language-flag":["https:\/\/99cubes.de\/wp-content\/uploads\/2025\/09\/Gebrauchte-Meetingbox-von-Bosse-Dialogue-Cube-2.0-Bild-Frontal-12x12.jpg",12,12,true],"botiga-extra-large":["https:\/\/99cubes.de\/wp-content\/uploads\/2025\/09\/Gebrauchte-Meetingbox-von-Bosse-Dialogue-Cube-2.0-Bild-Frontal-1140x1140.jpg",1140,1140,true],"botiga-large":["https:\/\/99cubes.de\/wp-content\/uploads\/2025\/09\/Gebrauchte-Meetingbox-von-Bosse-Dialogue-Cube-2.0-Bild-Frontal-920x920.jpg",920,920,true],"botiga-big":["https:\/\/99cubes.de\/wp-content\/uploads\/2025\/09\/Gebrauchte-Meetingbox-von-Bosse-Dialogue-Cube-2.0-Bild-Frontal-575x575.jpg",575,575,true],"botiga-medium":["https:\/\/99cubes.de\/wp-content\/uploads\/2025\/09\/Gebrauchte-Meetingbox-von-Bosse-Dialogue-Cube-2.0-Bild-Frontal-380x380.jpg",380,380,true],"botiga-header-icons":["https:\/\/99cubes.de\/wp-content\/uploads\/2025\/09\/Gebrauchte-Meetingbox-von-Bosse-Dialogue-Cube-2.0-Bild-Frontal-50x50.jpg",50,50,true],"botiga-product-swatch-image":["https:\/\/99cubes.de\/wp-content\/uploads\/2025\/09\/Gebrauchte-Meetingbox-von-Bosse-Dialogue-Cube-2.0-Bild-Frontal-26x26.jpg",26,26,true],"woocommerce_thumbnail":["https:\/\/99cubes.de\/wp-content\/uploads\/2025\/09\/Gebrauchte-Meetingbox-von-Bosse-Dialogue-Cube-2.0-Bild-Frontal-420x420.jpg",420,420,true],"woocommerce_single":["https:\/\/99cubes.de\/wp-content\/uploads\/2025\/09\/Gebrauchte-Meetingbox-von-Bosse-Dialogue-Cube-2.0-Bild-Frontal-800x800.jpg",800,800,true],"woocommerce_gallery_thumbnail":["https:\/\/99cubes.de\/wp-content\/uploads\/2025\/09\/Gebrauchte-Meetingbox-von-Bosse-Dialogue-Cube-2.0-Bild-Frontal-100x100.jpg",100,100,true],"wpvr_mobile":["https:\/\/99cubes.de\/wp-content\/uploads\/2025\/09\/Gebrauchte-Meetingbox-von-Bosse-Dialogue-Cube-2.0-Bild-Frontal.jpg",1200,1200,false]},"uagb_author_info":{"display_name":"frank","author_link":"https:\/\/99cubes.de\/fr\/author\/"},"uagb_comment_info":0,"uagb_excerpt":"Nicht mehr verf\u00fcgbar - leider schon verkauft! [gebrauchte_boxen_text] &nbsp;","_links":{"self":[{"href":"https:\/\/99cubes.de\/fr\/wp-json\/wp\/v2\/product\/4282","targetHints":{"allow":["GET"]}}],"collection":[{"href":"https:\/\/99cubes.de\/fr\/wp-json\/wp\/v2\/product"}],"about":[{"href":"https:\/\/99cubes.de\/fr\/wp-json\/wp\/v2\/types\/product"}],"replies":[{"embeddable":true,"href":"https:\/\/99cubes.de\/fr\/wp-json\/wp\/v2\/comments?post=4282"}],"wp:featuredmedia":[{"embeddable":true,"href":"https:\/\/99cubes.de\/fr\/wp-json\/wp\/v2\/media\/4300"}],"wp:attachment":[{"href":"https:\/\/99cubes.de\/fr\/wp-json\/wp\/v2\/media?parent=4282"}],"wp:term":[{"taxonomy":"product_brand","embeddable":true,"href":"https:\/\/99cubes.de\/fr\/wp-json\/wp\/v2\/product_brand?post=4282"},{"taxonomy":"product_cat","embeddable":true,"href":"https:\/\/99cubes.de\/fr\/wp-json\/wp\/v2\/product_cat?post=4282"},{"taxonomy":"product_tag","embeddable":true,"href":"https:\/\/99cubes.de\/fr\/wp-json\/wp\/v2\/product_tag?post=4282"}],"curies":[{"name":"wp","href":"https:\/\/api.w.org\/{rel}","templated":true}]}}