{"id":4305,"date":"2025-09-17T11:01:08","date_gmt":"2025-09-17T09:01:08","guid":{"rendered":"https:\/\/99cubes.de\/?post_type=product&#038;p=4305"},"modified":"2025-11-21T09:04:43","modified_gmt":"2025-11-21T08:04:43","slug":"control-panel-panneau-de-controle-silen","status":"publish","type":"product","link":"https:\/\/99cubes.de\/fr\/produkt\/control-panel-steuerungspanel-silen\/","title":{"rendered":"Control Panel - Panneau de contr\u00f4le | Silen"},"content":{"rendered":"<div class=\"su-accordion su-u-trim\">\n<div class=\"su-spoiler su-spoiler-style-default su-spoiler-icon-plus\" data-scroll-offset=\"0\" data-anchor-in-url=\"no\"><div class=\"su-spoiler-title\" tabindex=\"0\" role=\"button\"><span class=\"su-spoiler-icon\"><\/span><strong>Caract\u00e9ristiques<\/strong><\/div><div class=\"su-spoiler-content su-u-clearfix su-u-trim\">\n<p><img loading=\"lazy\" decoding=\"async\" class=\"alignright wp-image-3488 size-medium\" src=\"https:\/\/99cubes.de\/wp-content\/uploads\/2025\/01\/Premium-Meetingbox-Silen-Space-Serie-Control-450x366.jpg\" alt=\"\" width=\"450\" height=\"366\" srcset=\"https:\/\/99cubes.de\/wp-content\/uploads\/2025\/01\/Premium-Meetingbox-Silen-Space-Serie-Control-450x366.jpg 450w, https:\/\/99cubes.de\/wp-content\/uploads\/2025\/01\/Premium-Meetingbox-Silen-Space-Serie-Control-1200x977.jpg 1200w, https:\/\/99cubes.de\/wp-content\/uploads\/2025\/01\/Premium-Meetingbox-Silen-Space-Serie-Control-768x625.jpg 768w, https:\/\/99cubes.de\/wp-content\/uploads\/2025\/01\/Premium-Meetingbox-Silen-Space-Serie-Control-15x12.jpg 15w, https:\/\/99cubes.de\/wp-content\/uploads\/2025\/01\/Premium-Meetingbox-Silen-Space-Serie-Control-1140x928.jpg 1140w, https:\/\/99cubes.de\/wp-content\/uploads\/2025\/01\/Premium-Meetingbox-Silen-Space-Serie-Control-920x749.jpg 920w, https:\/\/99cubes.de\/wp-content\/uploads\/2025\/01\/Premium-Meetingbox-Silen-Space-Serie-Control-575x468.jpg 575w, https:\/\/99cubes.de\/wp-content\/uploads\/2025\/01\/Premium-Meetingbox-Silen-Space-Serie-Control-380x309.jpg 380w, https:\/\/99cubes.de\/wp-content\/uploads\/2025\/01\/Premium-Meetingbox-Silen-Space-Serie-Control-800x651.jpg 800w, https:\/\/99cubes.de\/wp-content\/uploads\/2025\/01\/Premium-Meetingbox-Silen-Space-Serie-Control.jpg 1278w\" sizes=\"auto, (max-width: 450px) 100vw, 450px\" \/><\/p>\n<ul>\n<li>\u00e9cran tactile confortable et facile \u00e0 utiliser.<\/li>\n<li>R\u00e9glages r\u00e9glables de la ventilation pour un flux d'air plus important ou un niveau de bruit maximal. Dans les pods plus grands, la ventilation automatique est optimis\u00e9e pour une occupation compl\u00e8te, mais si une seule personne utilise le pod, le flux d'air peut \u00eatre r\u00e9duit via la Control Planel afin de minimiser le bruit de la ventilation.<\/li>\n<li>R\u00e9glages de l'\u00e9clairage, y compris le contr\u00f4le de l'intensit\u00e9 et de la temp\u00e9rature de la lumi\u00e8re, pour cr\u00e9er l'atmosph\u00e8re parfaite.<\/li>\n<li>dimensions env. 120 x 80 mm<\/li>\n<\/ul>\n<\/div><\/div>\n<div class=\"su-spoiler su-spoiler-style-default su-spoiler-icon-plus su-spoiler-closed\" data-scroll-offset=\"0\" data-anchor-in-url=\"no\"><div class=\"su-spoiler-title\" tabindex=\"0\" role=\"button\"><span class=\"su-spoiler-icon\"><\/span><strong>Autres options (la disponibilit\u00e9 d\u00e9pend du mod\u00e8le choisi)<\/strong><\/div><div class=\"su-spoiler-content su-u-clearfix su-u-trim\">\n<ul>\n<li>Mode vid\u00e9oconf\u00e9rence pour r\u00e9gler l'\u00e9clairage d'une simple pression sur un bouton, id\u00e9al pour les r\u00e9unions en ligne (la disponibilit\u00e9 d\u00e9pend du mod\u00e8le choisi).<\/li>\n<li>Option permettant d'adapter l'\u00e9clairage du visage et du plafond pour un \u00e9clairage personnalis\u00e9 (la disponibilit\u00e9 d\u00e9pend du mod\u00e8le choisi).<\/li>\n<li>La fonctionnalit\u00e9 ZEN en option est \u00e9galement disponible s\u00e9par\u00e9ment - elle comprend l'\u00e9clairage ambiant, le Smart Glass priv\u00e9 et des paysages sonores immersifs tels que la musique m\u00e9ditative, les sons de la for\u00eat tropicale ou le bruit de la mer (la disponibilit\u00e9 d\u00e9pend du mod\u00e8le choisi).<\/li>\n<\/ul>\n<\/div><\/div>\n<\/div>","protected":false},"excerpt":{"rendered":"<p>Le panneau de contr\u00f4le intuitif de Silen te donne un contr\u00f4le total sur le confort et l'efficacit\u00e9 de ton cube acoustique. Disponible dans les s\u00e9ries de produits <a href=\"https:\/\/99cubes.de\/fr\/les-cubes-acoustiques-chatbox-de-silen\/\">Silen Chatbox<\/a> et <a href=\"https:\/\/99cubes.de\/fr\/cubes-acoustiques-silencieux-space\/\">Silen Space<\/a>.<\/p>\n<ul>\n<li>Am\u00e9liore l'exp\u00e9rience utilisateur - Un pod confortable favorise une utilisation plus longue et plus productive.<\/li>\n<li>Efficacit\u00e9 \u00e9nerg\u00e9tique - Les automatismes r\u00e9duisent la consommation inutile d'\u00e9lectricit\u00e9 et diminuent les co\u00fbts d'exploitation.<\/li>\n<li>Adaptable aux besoins des utilisateurs - utilisation flexible pour diff\u00e9rentes cultures de bureau et styles de travail.<\/li>\n<\/ul>\n<p><strong>Remarque :<\/strong> En r\u00e8gle g\u00e9n\u00e9rale, le panneau de contr\u00f4le est d\u00e9j\u00e0 inclus dans les cubes acoustiques Silen que nous proposons ! Un \u00e9quipement ult\u00e9rieur est techniquement possible et nous l'examinerons volontiers.<\/p>","protected":false},"featured_media":4306,"comment_status":"open","ping_status":"closed","template":"","meta":{"content-type":"","_uag_custom_page_level_css":""},"product_brand":[],"product_cat":[67],"product_tag":[],"class_list":{"0":"post-4305","1":"product","2":"type-product","3":"status-publish","4":"has-post-thumbnail","6":"product_cat-zubehoer","7":"pa_belueftungssteuerung-individuell-steuerbar","8":"pa_farbe-schwarz","9":"pa_marke-silen","11":"first","12":"instock","13":"taxable","14":"shipping-taxable","15":"purchasable","16":"product-type-simple"},"uagb_featured_image_src":{"full":["https:\/\/99cubes.de\/wp-content\/uploads\/2025\/09\/Silen-Control-Panel-Main-Screen.jpg",1201,1200,false],"thumbnail":["https:\/\/99cubes.de\/wp-content\/uploads\/2025\/09\/Silen-Control-Panel-Main-Screen-200x200.jpg",200,200,true],"medium":["https:\/\/99cubes.de\/wp-content\/uploads\/2025\/09\/Silen-Control-Panel-Main-Screen-450x450.jpg",450,450,true],"medium_large":["https:\/\/99cubes.de\/wp-content\/uploads\/2025\/09\/Silen-Control-Panel-Main-Screen-768x767.jpg",768,767,true],"large":["https:\/\/99cubes.de\/wp-content\/uploads\/2025\/09\/Silen-Control-Panel-Main-Screen-1200x1200.jpg",1140,1140,true],"1536x1536":["https:\/\/99cubes.de\/wp-content\/uploads\/2025\/09\/Silen-Control-Panel-Main-Screen.jpg",1201,1200,false],"2048x2048":["https:\/\/99cubes.de\/wp-content\/uploads\/2025\/09\/Silen-Control-Panel-Main-Screen.jpg",1201,1200,false],"trp-custom-language-flag":["https:\/\/99cubes.de\/wp-content\/uploads\/2025\/09\/Silen-Control-Panel-Main-Screen-12x12.jpg",12,12,true],"botiga-extra-large":["https:\/\/99cubes.de\/wp-content\/uploads\/2025\/09\/Silen-Control-Panel-Main-Screen-1140x1139.jpg",1140,1139,true],"botiga-large":["https:\/\/99cubes.de\/wp-content\/uploads\/2025\/09\/Silen-Control-Panel-Main-Screen-920x919.jpg",920,919,true],"botiga-big":["https:\/\/99cubes.de\/wp-content\/uploads\/2025\/09\/Silen-Control-Panel-Main-Screen-575x575.jpg",575,575,true],"botiga-medium":["https:\/\/99cubes.de\/wp-content\/uploads\/2025\/09\/Silen-Control-Panel-Main-Screen-380x380.jpg",380,380,true],"botiga-header-icons":["https:\/\/99cubes.de\/wp-content\/uploads\/2025\/09\/Silen-Control-Panel-Main-Screen-50x50.jpg",50,50,true],"botiga-product-swatch-image":["https:\/\/99cubes.de\/wp-content\/uploads\/2025\/09\/Silen-Control-Panel-Main-Screen-26x26.jpg",26,26,true],"woocommerce_thumbnail":["https:\/\/99cubes.de\/wp-content\/uploads\/2025\/09\/Silen-Control-Panel-Main-Screen-420x420.jpg",420,420,true],"woocommerce_single":["https:\/\/99cubes.de\/wp-content\/uploads\/2025\/09\/Silen-Control-Panel-Main-Screen-800x799.jpg",800,799,true],"woocommerce_gallery_thumbnail":["https:\/\/99cubes.de\/wp-content\/uploads\/2025\/09\/Silen-Control-Panel-Main-Screen-100x100.jpg",100,100,true],"wpvr_mobile":["https:\/\/99cubes.de\/wp-content\/uploads\/2025\/09\/Silen-Control-Panel-Main-Screen.jpg",1201,1200,false]},"uagb_author_info":{"display_name":"frank","author_link":"https:\/\/99cubes.de\/fr\/author\/"},"uagb_comment_info":0,"uagb_excerpt":"Mit dem intuitiv bedienbaren Control Panel von Silen erh\u00e4ltst du volle Kontrolle \u00fcber Komfort und Effizienz in deinem Akustik-Cube. Verf\u00fcgbar in den Produktserien Silen Chatbox und Silen Space. Verbessert die Benutzererfahrung \u2013 Ein komfortabler Pod f\u00f6rdert eine l\u00e4ngere und produktivere Nutzung. Energieeffizienz \u2013 Automatisierungen reduzieren unn\u00f6tigen Stromverbrauch und senken die Betriebskosten. An die Bed\u00fcrfnisse der\u2026","_links":{"self":[{"href":"https:\/\/99cubes.de\/fr\/wp-json\/wp\/v2\/product\/4305","targetHints":{"allow":["GET"]}}],"collection":[{"href":"https:\/\/99cubes.de\/fr\/wp-json\/wp\/v2\/product"}],"about":[{"href":"https:\/\/99cubes.de\/fr\/wp-json\/wp\/v2\/types\/product"}],"replies":[{"embeddable":true,"href":"https:\/\/99cubes.de\/fr\/wp-json\/wp\/v2\/comments?post=4305"}],"wp:featuredmedia":[{"embeddable":true,"href":"https:\/\/99cubes.de\/fr\/wp-json\/wp\/v2\/media\/4306"}],"wp:attachment":[{"href":"https:\/\/99cubes.de\/fr\/wp-json\/wp\/v2\/media?parent=4305"}],"wp:term":[{"taxonomy":"product_brand","embeddable":true,"href":"https:\/\/99cubes.de\/fr\/wp-json\/wp\/v2\/product_brand?post=4305"},{"taxonomy":"product_cat","embeddable":true,"href":"https:\/\/99cubes.de\/fr\/wp-json\/wp\/v2\/product_cat?post=4305"},{"taxonomy":"product_tag","embeddable":true,"href":"https:\/\/99cubes.de\/fr\/wp-json\/wp\/v2\/product_tag?post=4305"}],"curies":[{"name":"wp","href":"https:\/\/api.w.org\/{rel}","templated":true}]}}