{"id":4312,"date":"2025-09-17T12:18:53","date_gmt":"2025-09-17T10:18:53","guid":{"rendered":"https:\/\/99cubes.de\/?post_type=product&#038;p=4312"},"modified":"2025-11-21T09:04:35","modified_gmt":"2025-11-21T08:04:35","slug":"preparation-sprinkler-silen","status":"publish","type":"product","link":"https:\/\/99cubes.de\/fr\/produkt\/sprinkler-vorbereitung-silen\/","title":{"rendered":"Pr\u00e9paration des sprinklers | Silen"},"content":{"rendered":"<div class=\"su-accordion su-u-trim\">\n<div class=\"su-spoiler su-spoiler-style-default su-spoiler-icon-plus\" data-scroll-offset=\"0\" data-anchor-in-url=\"no\"><div class=\"su-spoiler-title\" tabindex=\"0\" role=\"button\"><span class=\"su-spoiler-icon\"><\/span><strong>Caract\u00e9ristiques<\/strong><\/div><div class=\"su-spoiler-content su-u-clearfix su-u-trim\">\n<ul>\n<li>Evidement avec tuyauterie interne dans le module de plafond, pr\u00e9vu pour recevoir un sprinkler<\/li>\n<li>diam\u00e8tre int\u00e9rieur de l'ouverture : 42 mm ; diam\u00e8tre de l'ouverture sur le dessus : 60 mm<\/li>\n<li>T\u00eate d'arrosage non incluse - doit \u00eatre install\u00e9e par un fournisseur local de protection incendie certifi\u00e9<\/li>\n<li>Pas de possibilit\u00e9 de mise \u00e0 niveau<\/li>\n<\/ul>\n<\/div><\/div>\n<\/div>","protected":false},"excerpt":{"rendered":"<p>Dans certains cas, les r\u00e8gles de construction ou les directives de protection contre l'incendie exigent que les bo\u00eetiers de t\u00e9l\u00e9phone et de r\u00e9union soient raccord\u00e9s aux installations sprinkler existantes dans le b\u00e2timent (protection des monuments historiques, etc.). Ce n'est pas un probl\u00e8me pour les cubes acoustiques de Silen - ils peuvent \u00eatre pr\u00e9par\u00e9s en usine en per\u00e7ant des trous dans le plafond.<\/p>\n<p>Disponible en option pour les s\u00e9ries de produits <a href=\"https:\/\/99cubes.de\/fr\/les-cubes-acoustiques-chatbox-de-silen\/\">Silen Chatbox<\/a> et <a href=\"https:\/\/99cubes.de\/fr\/cubes-acoustiques-silencieux-space\/\">Silen Space<\/a>.<\/p>\n<p>L'option \"Sprinkler Prep\" comprend tous les travaux pr\u00e9paratoires n\u00e9cessaires pour qu'un sp\u00e9cialiste certifi\u00e9 de la protection contre les incendies puisse raccorder une t\u00eate de sprinkler au plafond du pod.<br \/>\nCette fonction garantit une coordination plus fluide avec les exigences de s\u00e9curit\u00e9 incendie du b\u00e2timent et favorise une int\u00e9gration transparente dans les environnements r\u00e9glement\u00e9s.<\/p>\n<p><strong>Remarque :<\/strong> Une mise \u00e0 niveau n'est pas techniquement possible.<\/p>","protected":false},"featured_media":4313,"comment_status":"open","ping_status":"closed","template":"","meta":{"content-type":"","_uag_custom_page_level_css":""},"product_brand":[],"product_cat":[67],"product_tag":[],"class_list":{"0":"post-4312","1":"product","2":"type-product","3":"status-publish","4":"has-post-thumbnail","6":"product_cat-zubehoer","7":"pa_marke-silen","9":"first","10":"instock","11":"taxable","12":"shipping-taxable","13":"purchasable","14":"product-type-simple"},"uagb_featured_image_src":{"full":["https:\/\/99cubes.de\/wp-content\/uploads\/2025\/09\/Silen-Sprinkler-Prep-2.jpg",937,938,false],"thumbnail":["https:\/\/99cubes.de\/wp-content\/uploads\/2025\/09\/Silen-Sprinkler-Prep-2-200x200.jpg",200,200,true],"medium":["https:\/\/99cubes.de\/wp-content\/uploads\/2025\/09\/Silen-Sprinkler-Prep-2-450x450.jpg",450,450,true],"medium_large":["https:\/\/99cubes.de\/wp-content\/uploads\/2025\/09\/Silen-Sprinkler-Prep-2-768x769.jpg",768,769,true],"large":["https:\/\/99cubes.de\/wp-content\/uploads\/2025\/09\/Silen-Sprinkler-Prep-2.jpg",937,938,false],"1536x1536":["https:\/\/99cubes.de\/wp-content\/uploads\/2025\/09\/Silen-Sprinkler-Prep-2.jpg",937,938,false],"2048x2048":["https:\/\/99cubes.de\/wp-content\/uploads\/2025\/09\/Silen-Sprinkler-Prep-2.jpg",937,938,false],"trp-custom-language-flag":["https:\/\/99cubes.de\/wp-content\/uploads\/2025\/09\/Silen-Sprinkler-Prep-2-12x12.jpg",12,12,true],"botiga-extra-large":["https:\/\/99cubes.de\/wp-content\/uploads\/2025\/09\/Silen-Sprinkler-Prep-2.jpg",937,938,false],"botiga-large":["https:\/\/99cubes.de\/wp-content\/uploads\/2025\/09\/Silen-Sprinkler-Prep-2-920x921.jpg",920,921,true],"botiga-big":["https:\/\/99cubes.de\/wp-content\/uploads\/2025\/09\/Silen-Sprinkler-Prep-2-575x576.jpg",575,576,true],"botiga-medium":["https:\/\/99cubes.de\/wp-content\/uploads\/2025\/09\/Silen-Sprinkler-Prep-2-380x380.jpg",380,380,true],"botiga-header-icons":["https:\/\/99cubes.de\/wp-content\/uploads\/2025\/09\/Silen-Sprinkler-Prep-2-50x50.jpg",50,50,true],"botiga-product-swatch-image":["https:\/\/99cubes.de\/wp-content\/uploads\/2025\/09\/Silen-Sprinkler-Prep-2-26x26.jpg",26,26,true],"woocommerce_thumbnail":["https:\/\/99cubes.de\/wp-content\/uploads\/2025\/09\/Silen-Sprinkler-Prep-2-420x420.jpg",420,420,true],"woocommerce_single":["https:\/\/99cubes.de\/wp-content\/uploads\/2025\/09\/Silen-Sprinkler-Prep-2-800x801.jpg",800,801,true],"woocommerce_gallery_thumbnail":["https:\/\/99cubes.de\/wp-content\/uploads\/2025\/09\/Silen-Sprinkler-Prep-2-100x100.jpg",100,100,true],"wpvr_mobile":["https:\/\/99cubes.de\/wp-content\/uploads\/2025\/09\/Silen-Sprinkler-Prep-2.jpg",937,938,false]},"uagb_author_info":{"display_name":"frank","author_link":"https:\/\/99cubes.de\/fr\/author\/"},"uagb_comment_info":0,"uagb_excerpt":"In einigen F\u00e4llen sorgen bauliche Vorschriften bzw. Vorgaben aus dem Feuerschutz daf\u00fcr, dass Telefon- und Meetingboxen an die im Geb\u00e4ude vorhandenen Sprinkler-Anlagen angeschlossen werden m\u00fcssen (Denkmalschutz etc.). Bei Akustik-Cubes von Silen ist dies kein Problem - diese k\u00f6nnen werksseitig durch Bohrungen in der Decke entsprechend vorbereitet werden. Optional erh\u00e4ltlich bei den Produktserien Silen Chatbox und\u2026","_links":{"self":[{"href":"https:\/\/99cubes.de\/fr\/wp-json\/wp\/v2\/product\/4312","targetHints":{"allow":["GET"]}}],"collection":[{"href":"https:\/\/99cubes.de\/fr\/wp-json\/wp\/v2\/product"}],"about":[{"href":"https:\/\/99cubes.de\/fr\/wp-json\/wp\/v2\/types\/product"}],"replies":[{"embeddable":true,"href":"https:\/\/99cubes.de\/fr\/wp-json\/wp\/v2\/comments?post=4312"}],"wp:featuredmedia":[{"embeddable":true,"href":"https:\/\/99cubes.de\/fr\/wp-json\/wp\/v2\/media\/4313"}],"wp:attachment":[{"href":"https:\/\/99cubes.de\/fr\/wp-json\/wp\/v2\/media?parent=4312"}],"wp:term":[{"taxonomy":"product_brand","embeddable":true,"href":"https:\/\/99cubes.de\/fr\/wp-json\/wp\/v2\/product_brand?post=4312"},{"taxonomy":"product_cat","embeddable":true,"href":"https:\/\/99cubes.de\/fr\/wp-json\/wp\/v2\/product_cat?post=4312"},{"taxonomy":"product_tag","embeddable":true,"href":"https:\/\/99cubes.de\/fr\/wp-json\/wp\/v2\/product_tag?post=4312"}],"curies":[{"name":"wp","href":"https:\/\/api.w.org\/{rel}","templated":true}]}}