{"id":4355,"date":"2025-11-11T11:59:36","date_gmt":"2025-11-11T10:59:36","guid":{"rendered":"https:\/\/99cubes.de\/?post_type=product&#038;p=4355"},"modified":"2026-04-01T16:29:43","modified_gmt":"2026-04-01T14:29:43","slug":"box-telephonique-cube-one-blanc","status":"publish","type":"product","link":"https:\/\/99cubes.de\/fr\/produkt\/telefonbox-cube-one-weiss\/","title":{"rendered":"Bo\u00eete t\u00e9l\u00e9phonique \u201eCube One\u201c - blanc"},"content":{"rendered":"<div class=\"su-accordion su-u-trim\">\n<div class=\"su-spoiler su-spoiler-style-default su-spoiler-icon-plus\" data-scroll-offset=\"0\" data-anchor-in-url=\"no\"><div class=\"su-spoiler-title\" tabindex=\"0\" role=\"button\"><span class=\"su-spoiler-icon\"><\/span><strong>Cube One<\/strong><\/div><div class=\"su-spoiler-content su-u-clearfix su-u-trim\">\n<p>La bo\u00eete t\u00e9l\u00e9phonique Cube marque des points avec des performances exceptionnelles dans sa cat\u00e9gorie de prix en termes de ventilation et d'insonorisation. De plus, elle contient tout ce qui est pratique pour une bo\u00eete t\u00e9l\u00e9phonique : D\u00e9tecteur de mouvement - Ventilation r\u00e9glable - \u00c9clairage r\u00e9glable - 230V + USB-C + USB-A.<\/p>\n<\/div><\/div>\n<div class=\"su-spoiler su-spoiler-style-default su-spoiler-icon-plus su-spoiler-closed\" data-scroll-offset=\"0\" data-anchor-in-url=\"no\"><div class=\"su-spoiler-title\" tabindex=\"0\" role=\"button\"><span class=\"su-spoiler-icon\"><\/span><strong>\u00c9quipement :<\/strong><\/div><div class=\"su-spoiler-content su-u-clearfix su-u-trim\">\n<p><strong>L'\u00e9quipement standard comprend<\/strong><\/p>\n<ul>\n<li>porte en verre acoustique \u00e9maill\u00e9 (8 mm)<\/li>\n<li>Poign\u00e9e de porte et cadre en bois stratifi\u00e9<\/li>\n<li>parois int\u00e9rieures recouvertes de feutre de laine italien beige de haute qualit\u00e9<\/li>\n<li>parois ext\u00e9rieures en m\u00e9lamine blanche<\/li>\n<li>Table encastr\u00e9e en m\u00e9lamine blanche avec prise \u00e9lectrique et commandes pour l'\u00e9clairage et la ventilation (hauteur de la table : 103 cm, surface de la table : 95 x 30 cm)<\/li>\n<li>1x prise 230V + 1x USB-A + 1x USB-C<\/li>\n<li>Lampe LED r\u00e9glable avec temp\u00e9rature de couleur de 4.000 K, r\u00e9glable individuellement<\/li>\n<li>panneau arri\u00e8re ferm\u00e9<\/li>\n<\/ul>\n<p><strong>Disponible en option ou contre un suppl\u00e9ment de prix :<\/strong><\/p>\n<ul>\n<li>paroi arri\u00e8re vitr\u00e9e (au lieu d'une paroi arri\u00e8re ferm\u00e9e)<\/li>\n<li>tabouret de bar rembourr\u00e9 avec dossier<\/li>\n<\/ul>\n<\/div><\/div>\n<div class=\"su-spoiler su-spoiler-style-default su-spoiler-icon-plus su-spoiler-closed\" data-scroll-offset=\"0\" data-anchor-in-url=\"no\"><div class=\"su-spoiler-title\" tabindex=\"0\" role=\"button\"><span class=\"su-spoiler-icon\"><\/span><strong>Dimensions et poids :<\/strong><\/div><div class=\"su-spoiler-content su-u-clearfix su-u-trim\">\n<p>Le bo\u00eetier t\u00e9l\u00e9phonique \u201eCube One\u201c est un peu plus spacieux que de nombreux autres mod\u00e8les de bo\u00eetiers t\u00e9l\u00e9phoniques.<\/p>\n<p><strong>Dimensions ext\u00e9rieures :<\/strong> 105 x 108 x 208 cm (largeur x profondeur x hauteur)<\/p>\n<p><strong>Dimensions int\u00e9rieures :<\/strong> 89 x 99 x 199 cm (largeur x profondeur x hauteur)<\/p>\n<p><strong>poids :<\/strong> 286 kg<\/p>\n<\/div><\/div>\n<div class=\"su-spoiler su-spoiler-style-default su-spoiler-icon-plus su-spoiler-closed\" data-scroll-offset=\"0\" data-anchor-in-url=\"no\"><div class=\"su-spoiler-title\" tabindex=\"0\" role=\"button\"><span class=\"su-spoiler-icon\"><\/span><strong>Donn\u00e9es acoustiques et ventilation :<\/strong><\/div><div class=\"su-spoiler-content su-u-clearfix su-u-trim\">\n<ul>\n<li>Tr\u00e8s bonne isolation acoustique par rapport au prix : le poids propre relativement \u00e9lev\u00e9 et la construction intelligente de la porte avec joint en caoutchouc sur tout le pourtour et fermeture magn\u00e9tique en sont en partie responsables.<\/li>\n<li>Concept de ventilation intelligent avec quatre ventilateurs et possibilit\u00e9 de r\u00e9glage individuel. L'\u00e9change d'air nominal maximal est de 240 m\u00b3\/h, ce qui est tr\u00e8s bien. En comparaison : d'autres fabricants n'installent parfois qu'un seul ventilateur (voir aussi le crit\u00e8re de s\u00e9lection <a href=\"https:\/\/99cubes.de\/fr\/echange-dair\/\">Echange d'air<\/a>).<\/li>\n<\/ul>\n<\/div><\/div>\n<\/div>","protected":false},"excerpt":{"rendered":"<p>Notre box t\u00e9l\u00e9phonique Cube One convainc par des caract\u00e9ristiques qui n'ont pas leur pareil dans cette cat\u00e9gorie de prix. Quatre ventilateurs puissants assurent une excellente circulation de l'air et, cerise sur le g\u00e2teau, l'intensit\u00e9 de la ventilation peut \u00eatre r\u00e9gl\u00e9e individuellement. Avec des dimensions ext\u00e9rieures de 1,05 m de large et 1,08 m de profondeur, le bo\u00eetier t\u00e9l\u00e9phonique Cube One offre un peu plus d'espace que les mod\u00e8les comparables - et c'est exactement ce que l'on ressent \u00e0 l'int\u00e9rieur. Pour une insonorisation efficace, il est essentiel que la porte soit \u00e9tanche. Ici aussi, la construction de la bo\u00eete t\u00e9l\u00e9phonique Cube One est bien pens\u00e9e : Un cadre de porte en bois stratifi\u00e9 plac\u00e9 devant maintient avec pr\u00e9cision la porte en verre gr\u00e2ce \u00e0 la force magn\u00e9tique sur le joint en caoutchouc qui l'entoure - pour un maximum de calme \u00e0 chaque conversation.<\/p>\n<p><strong>Disponible au choix avec paroi arri\u00e8re ferm\u00e9e ou vitr\u00e9e !<\/strong><\/p>","protected":false},"featured_media":4356,"comment_status":"open","ping_status":"closed","template":"","meta":{"content-type":"","_uag_custom_page_level_css":""},"product_brand":[],"product_cat":[61],"product_tag":[],"class_list":{"0":"post-4355","1":"product","2":"type-product","3":"status-publish","4":"has-post-thumbnail","6":"product_cat-telefonbox","7":"pa_anzahl-personen-1-person","8":"pa_belueftungssteuerung-individuell-steuerbar","9":"pa_belueftungssteuerung-vollautomatisch","10":"pa_breite-105-m","11":"pa_buchungstool-display-goconut-ready","12":"pa_einsatz-szenarien-buero","13":"pa_einsatz-szenarien-einzelhandel","14":"pa_einsatz-szenarien-hotel","15":"pa_einsatz-szenarien-logistik","16":"pa_einsatz-szenarien-produktion","17":"pa_einsatz-szenarien-schule-universitaet","18":"pa_farbe-weiss","19":"pa_flex-miete-verfuegbar-ja","20":"pa_gewicht-286-kg","21":"pa_hoehe-208-m","22":"pa_lan-kein-lan-anschluss","23":"pa_lieferzeit-2-wochen-lieferzeit","24":"pa_luftaustausch-240-m-h-nominell","25":"pa_marke-box17","26":"pa_mobilitaet-keine","27":"pa_monitorhalterung-ohne-monitorhalterung","28":"pa_preissegment-eins","29":"pa_schalldaemmung-zwei-sterne","30":"pa_sitzen-oder-stehen-im-stehen","31":"pa_tiefe-108-m","32":"pa_verfuegbare-tisch-optionen-fixe-tischhoehe-stehen","33":"pa_verwendung-telefonieren","34":"pa_verwendung-video-call","36":"first","37":"instock","38":"taxable","39":"shipping-taxable","40":"purchasable","41":"product-type-simple"},"uagb_featured_image_src":{"full":["https:\/\/99cubes.de\/wp-content\/uploads\/2025\/11\/Telefonbox-Cube-One-weiss-ambiente-1.jpg",1246,1200,false],"thumbnail":["https:\/\/99cubes.de\/wp-content\/uploads\/2025\/11\/Telefonbox-Cube-One-weiss-ambiente-1-200x200.jpg",200,200,true],"medium":["https:\/\/99cubes.de\/wp-content\/uploads\/2025\/11\/Telefonbox-Cube-One-weiss-ambiente-1-450x433.jpg",450,433,true],"medium_large":["https:\/\/99cubes.de\/wp-content\/uploads\/2025\/11\/Telefonbox-Cube-One-weiss-ambiente-1-768x740.jpg",768,740,true],"large":["https:\/\/99cubes.de\/wp-content\/uploads\/2025\/11\/Telefonbox-Cube-One-weiss-ambiente-1-1200x1156.jpg",1140,1098,true],"1536x1536":["https:\/\/99cubes.de\/wp-content\/uploads\/2025\/11\/Telefonbox-Cube-One-weiss-ambiente-1-1536x1479.jpg",1246,1200,true],"2048x2048":["https:\/\/99cubes.de\/wp-content\/uploads\/2025\/11\/Telefonbox-Cube-One-weiss-ambiente-1-2048x1972.jpg",1246,1200,true],"trp-custom-language-flag":["https:\/\/99cubes.de\/wp-content\/uploads\/2025\/11\/Telefonbox-Cube-One-weiss-ambiente-1-12x12.jpg",12,12,true],"botiga-extra-large":["https:\/\/99cubes.de\/wp-content\/uploads\/2025\/11\/Telefonbox-Cube-One-weiss-ambiente-1-1140x1098.jpg",1140,1098,true],"botiga-large":["https:\/\/99cubes.de\/wp-content\/uploads\/2025\/11\/Telefonbox-Cube-One-weiss-ambiente-1-920x886.jpg",920,886,true],"botiga-big":["https:\/\/99cubes.de\/wp-content\/uploads\/2025\/11\/Telefonbox-Cube-One-weiss-ambiente-1-575x554.jpg",575,554,true],"botiga-medium":["https:\/\/99cubes.de\/wp-content\/uploads\/2025\/11\/Telefonbox-Cube-One-weiss-ambiente-1-380x366.jpg",380,366,true],"botiga-header-icons":["https:\/\/99cubes.de\/wp-content\/uploads\/2025\/11\/Telefonbox-Cube-One-weiss-ambiente-1-50x50.jpg",50,50,true],"botiga-product-swatch-image":["https:\/\/99cubes.de\/wp-content\/uploads\/2025\/11\/Telefonbox-Cube-One-weiss-ambiente-1-26x26.jpg",26,26,true],"woocommerce_thumbnail":["https:\/\/99cubes.de\/wp-content\/uploads\/2025\/11\/Telefonbox-Cube-One-weiss-ambiente-1-420x420.jpg",420,420,true],"woocommerce_single":["https:\/\/99cubes.de\/wp-content\/uploads\/2025\/11\/Telefonbox-Cube-One-weiss-ambiente-1-800x770.jpg",800,770,true],"woocommerce_gallery_thumbnail":["https:\/\/99cubes.de\/wp-content\/uploads\/2025\/11\/Telefonbox-Cube-One-weiss-ambiente-1-100x100.jpg",100,100,true],"wpvr_mobile":["https:\/\/99cubes.de\/wp-content\/uploads\/2025\/11\/Telefonbox-Cube-One-weiss-ambiente-1-2127x2048.jpg",1246,1200,true]},"uagb_author_info":{"display_name":"frank","author_link":"https:\/\/99cubes.de\/fr\/author\/"},"uagb_comment_info":0,"uagb_excerpt":"Unsere Telefonbox Cube One \u00fcberzeugt mit Features, die in dieser Preisklasse ihresgleichen suchen. Gleich vierleistungsstarke Ventilatoren sorgen f\u00fcr eine hervorragend frische Luftzirkulation \u2013 und das Beste: Die Bel\u00fcftungsst\u00e4rke l\u00e4sst sich individuell anpassen. Mit Au\u00dfenma\u00dfen von 1,05 m Breite und 1,08 m Tiefe bietet die Telefonbox Cube One etwas mehr Raum als vergleichbare Modelle \u2013 und\u2026","_links":{"self":[{"href":"https:\/\/99cubes.de\/fr\/wp-json\/wp\/v2\/product\/4355","targetHints":{"allow":["GET"]}}],"collection":[{"href":"https:\/\/99cubes.de\/fr\/wp-json\/wp\/v2\/product"}],"about":[{"href":"https:\/\/99cubes.de\/fr\/wp-json\/wp\/v2\/types\/product"}],"replies":[{"embeddable":true,"href":"https:\/\/99cubes.de\/fr\/wp-json\/wp\/v2\/comments?post=4355"}],"wp:featuredmedia":[{"embeddable":true,"href":"https:\/\/99cubes.de\/fr\/wp-json\/wp\/v2\/media\/4356"}],"wp:attachment":[{"href":"https:\/\/99cubes.de\/fr\/wp-json\/wp\/v2\/media?parent=4355"}],"wp:term":[{"taxonomy":"product_brand","embeddable":true,"href":"https:\/\/99cubes.de\/fr\/wp-json\/wp\/v2\/product_brand?post=4355"},{"taxonomy":"product_cat","embeddable":true,"href":"https:\/\/99cubes.de\/fr\/wp-json\/wp\/v2\/product_cat?post=4355"},{"taxonomy":"product_tag","embeddable":true,"href":"https:\/\/99cubes.de\/fr\/wp-json\/wp\/v2\/product_tag?post=4355"}],"curies":[{"name":"wp","href":"https:\/\/api.w.org\/{rel}","templated":true}]}}