{"id":4369,"date":"2025-11-12T14:54:11","date_gmt":"2025-11-12T13:54:11","guid":{"rendered":"https:\/\/99cubes.de\/?post_type=product&#038;p=4369"},"modified":"2025-12-30T08:55:52","modified_gmt":"2025-12-30T07:55:52","slug":"kit-diy-pour-cabine-telephonique-a-monter-soi-meme","status":"publish","type":"product","link":"https:\/\/99cubes.de\/fr\/produkt\/diy-bausatz-telefonbox-zur-selbstmontage\/","title":{"rendered":"Kit de bricolage : bo\u00eete t\u00e9l\u00e9phonique \u00e0 monter soi-m\u00eame"},"content":{"rendered":"<div class=\"su-accordion su-u-trim\">\n<div class=\"su-spoiler su-spoiler-style-default su-spoiler-icon-plus\" data-scroll-offset=\"0\" data-anchor-in-url=\"no\"><div class=\"su-spoiler-title\" tabindex=\"0\" role=\"button\"><span class=\"su-spoiler-icon\"><\/span><strong>Kit \/ cabine t\u00e9l\u00e9phonique \u00e0 monter soi-m\u00eame<\/strong><\/div><div class=\"su-spoiler-content su-u-clearfix su-u-trim\">\n<p>Qu'y a-t-il de moins cher qu'une cabine t\u00e9l\u00e9phonique bon march\u00e9 ? Exactement : un kit de cabine t\u00e9l\u00e9phonique bon march\u00e9 ! Vous trouverez ici de plus amples informations sur le montage par vos soins et les points \u00e0 prendre en compte :\u00a0 <a href=\"https:\/\/99cubes.de\/fr\/boitiers-de-telephone-a-monter-soi-meme-boitiers-de-reunion-a-monter-soi-meme\/\">https:\/\/99cubes.de\/telefonboxen-zur-selbstmontage-meetingboxen-selber-montieren\/<\/a><\/p>\n<\/div><\/div>\n<div class=\"su-spoiler su-spoiler-style-default su-spoiler-icon-plus su-spoiler-closed\" data-scroll-offset=\"0\" data-anchor-in-url=\"no\"><div class=\"su-spoiler-title\" tabindex=\"0\" role=\"button\"><span class=\"su-spoiler-icon\"><\/span><strong>\u00c9quipement :<\/strong><\/div><div class=\"su-spoiler-content su-u-clearfix su-u-trim\">\n<ul>\n<li>D\u00e9tecteur de mouvement avec augmentation progressive de la luminosit\u00e9 : dur\u00e9e de fonctionnement 15 minutes<\/li>\n<li>Ruban LED, blanc froid, 4000 K, env. 6,5 W<\/li>\n<li>Ventilateur de plafond silencieux d'environ 14,7 dB(A) avec silencieux labyrinthe et d\u00e9bit d'air de 82,7 m\u00b3\/h<\/li>\n<li>table int\u00e9gr\u00e9e blanche, capacit\u00e9 de charge maximale 20 kg<\/li>\n<li>Prise 230 V (3600 watts) +  USB-A + USB-C (16 watts)<\/li>\n<li>Tapis : feutre aiguillet\u00e9 6 mm, graphite<\/li>\n<li>Porte vitr\u00e9e sans cadre : 40,8 kg, fermeture par aimant, verre de s\u00e9curit\u00e9 tremp\u00e9 ESG 8 mm<\/li>\n<\/ul>\n<\/div><\/div>\n<div class=\"su-spoiler su-spoiler-style-default su-spoiler-icon-plus su-spoiler-closed\" data-scroll-offset=\"0\" data-anchor-in-url=\"no\"><div class=\"su-spoiler-title\" tabindex=\"0\" role=\"button\"><span class=\"su-spoiler-icon\"><\/span><strong>Dimensions et poids :<\/strong><\/div><div class=\"su-spoiler-content su-u-clearfix su-u-trim\">\n<p><strong>Dimensions ext\u00e9rieures :<\/strong> 103,5 x 100 x 217,5 cm<\/p>\n<p><strong>Dimensions int\u00e9rieures :<\/strong> 92 x 89 x 201,8 cm<\/p>\n<p><strong>poids :<\/strong> 245 kg<\/p>\n<\/div><\/div>\n<div class=\"su-spoiler su-spoiler-style-default su-spoiler-icon-plus su-spoiler-closed\" data-scroll-offset=\"0\" data-anchor-in-url=\"no\"><div class=\"su-spoiler-title\" tabindex=\"0\" role=\"button\"><span class=\"su-spoiler-icon\"><\/span><strong>Donn\u00e9es acoustiques et ventilation :<\/strong><\/div><div class=\"su-spoiler-content su-u-clearfix su-u-trim\">\n<p>Notre kit est sans doute la seule solution \u00e0 monter soi-m\u00eame pour les cabines t\u00e9l\u00e9phoniques qui vous permet d'obtenir une cabine t\u00e9l\u00e9phonique avec une isolation acoustique certifi\u00e9e ! Conform\u00e9ment \u00e0 la norme ISO 23351-1, notre kit atteint la classe d'isolation acoustique C (voir \u00e9galement <a href=\"https:\/\/99cubes.de\/fr\/isolation-phonique\/\">Isolation phonique<\/a>).<\/p>\n<p>La cabine t\u00e9l\u00e9phonique est \u00e9quip\u00e9e d'un ventilateur \u00e0 commande automatique par capteur de mouvement, d'une puissance de 82,7 m\u00b3\/h (nominal), ce qui est suffisant pour les appels t\u00e9l\u00e9phoniques et vid\u00e9o de courte dur\u00e9e.<\/p>\n<\/div><\/div>\n<\/div>","protected":false},"excerpt":{"rendered":"<p>Si vous recherchez une solution \u00e9conomique pour votre cabine t\u00e9l\u00e9phonique et que vous \u00eates habile de vos mains, notre kit DIY est l'option id\u00e9ale. Contrairement aux cabines t\u00e9l\u00e9phoniques faites maison, dont l'isolation acoustique est souvent inf\u00e9rieure aux attentes, notre kit vous permet de r\u00e9aliser une cabine t\u00e9l\u00e9phonique de haute qualit\u00e9 et optimis\u00e9e sur le plan acoustique, et ce en deux \u00e0 trois heures de travail seulement. Le kit complet comprend toutes les fonctionnalit\u00e9s n\u00e9cessaires : ventilation et \u00e9clairage int\u00e9gr\u00e9s, d\u00e9tecteur de mouvement, porte vitr\u00e9e avec fermeture magn\u00e9tique, prise de courant et deux ports de chargement USB \u00e0 l'int\u00e9rieur. D'autres d\u00e9tails bien pens\u00e9s font de ce kit une solution DIY tr\u00e8s pris\u00e9e pour les environnements de travail modernes.<\/p>","protected":false},"featured_media":4380,"comment_status":"open","ping_status":"closed","template":"","meta":{"content-type":"","_uag_custom_page_level_css":""},"product_brand":[],"product_cat":[61],"product_tag":[],"class_list":{"0":"post-4369","1":"product","2":"type-product","3":"status-publish","4":"has-post-thumbnail","6":"product_cat-telefonbox","7":"pa_anzahl-personen-1-person","8":"pa_belueftungssteuerung-vollautomatisch","9":"pa_breite-1035-m","10":"pa_buchungstool-display-goconut-ready","11":"pa_einsatz-szenarien-buero","12":"pa_einsatz-szenarien-schule-universitaet","13":"pa_farbe-weiss","14":"pa_flex-miete-verfuegbar-nein","15":"pa_gewicht-245-kg","16":"pa_hoehe-2-175-m","17":"pa_lan-kein-lan-anschluss","18":"pa_lieferzeit-2-wochen-lieferzeit","19":"pa_luftaustausch-82-7-m-h-nominell","20":"pa_marke-hammerbacher","21":"pa_mobilitaet-keine","22":"pa_monitorhalterung-ohne-monitorhalterung","23":"pa_preissegment-eins","24":"pa_schalldaemmung-zwei-sterne","25":"pa_sitzen-oder-stehen-im-stehen","26":"pa_spezial-features-fuer-selbstmontage-geeignet","27":"pa_tiefe-100-m","28":"pa_verfuegbare-tisch-optionen-fixe-tischhoehe-stehen","29":"pa_verwendung-telefonieren","30":"pa_verwendung-video-call","32":"first","33":"instock","34":"taxable","35":"shipping-taxable","36":"purchasable","37":"product-type-simple"},"uagb_featured_image_src":{"full":["https:\/\/99cubes.de\/wp-content\/uploads\/2025\/11\/Bausatz-fuer-DIY-Telefonbox-Exposionszeichnung.jpg",1200,1200,false],"thumbnail":["https:\/\/99cubes.de\/wp-content\/uploads\/2025\/11\/Bausatz-fuer-DIY-Telefonbox-Exposionszeichnung-200x200.jpg",200,200,true],"medium":["https:\/\/99cubes.de\/wp-content\/uploads\/2025\/11\/Bausatz-fuer-DIY-Telefonbox-Exposionszeichnung-450x450.jpg",450,450,true],"medium_large":["https:\/\/99cubes.de\/wp-content\/uploads\/2025\/11\/Bausatz-fuer-DIY-Telefonbox-Exposionszeichnung-768x768.jpg",768,768,true],"large":["https:\/\/99cubes.de\/wp-content\/uploads\/2025\/11\/Bausatz-fuer-DIY-Telefonbox-Exposionszeichnung-1200x1200.jpg",1140,1140,true],"1536x1536":["https:\/\/99cubes.de\/wp-content\/uploads\/2025\/11\/Bausatz-fuer-DIY-Telefonbox-Exposionszeichnung-1536x1536.jpg",1200,1200,true],"2048x2048":["https:\/\/99cubes.de\/wp-content\/uploads\/2025\/11\/Bausatz-fuer-DIY-Telefonbox-Exposionszeichnung.jpg",1200,1200,false],"trp-custom-language-flag":["https:\/\/99cubes.de\/wp-content\/uploads\/2025\/11\/Bausatz-fuer-DIY-Telefonbox-Exposionszeichnung-12x12.jpg",12,12,true],"botiga-extra-large":["https:\/\/99cubes.de\/wp-content\/uploads\/2025\/11\/Bausatz-fuer-DIY-Telefonbox-Exposionszeichnung-1140x1140.jpg",1140,1140,true],"botiga-large":["https:\/\/99cubes.de\/wp-content\/uploads\/2025\/11\/Bausatz-fuer-DIY-Telefonbox-Exposionszeichnung-920x920.jpg",920,920,true],"botiga-big":["https:\/\/99cubes.de\/wp-content\/uploads\/2025\/11\/Bausatz-fuer-DIY-Telefonbox-Exposionszeichnung-575x575.jpg",575,575,true],"botiga-medium":["https:\/\/99cubes.de\/wp-content\/uploads\/2025\/11\/Bausatz-fuer-DIY-Telefonbox-Exposionszeichnung-380x380.jpg",380,380,true],"botiga-header-icons":["https:\/\/99cubes.de\/wp-content\/uploads\/2025\/11\/Bausatz-fuer-DIY-Telefonbox-Exposionszeichnung-50x50.jpg",50,50,true],"botiga-product-swatch-image":["https:\/\/99cubes.de\/wp-content\/uploads\/2025\/11\/Bausatz-fuer-DIY-Telefonbox-Exposionszeichnung-26x26.jpg",26,26,true],"woocommerce_thumbnail":["https:\/\/99cubes.de\/wp-content\/uploads\/2025\/11\/Bausatz-fuer-DIY-Telefonbox-Exposionszeichnung-420x420.jpg",420,420,true],"woocommerce_single":["https:\/\/99cubes.de\/wp-content\/uploads\/2025\/11\/Bausatz-fuer-DIY-Telefonbox-Exposionszeichnung-800x800.jpg",800,800,true],"woocommerce_gallery_thumbnail":["https:\/\/99cubes.de\/wp-content\/uploads\/2025\/11\/Bausatz-fuer-DIY-Telefonbox-Exposionszeichnung-100x100.jpg",100,100,true],"wpvr_mobile":["https:\/\/99cubes.de\/wp-content\/uploads\/2025\/11\/Bausatz-fuer-DIY-Telefonbox-Exposionszeichnung.jpg",1200,1200,false]},"uagb_author_info":{"display_name":"frank","author_link":"https:\/\/99cubes.de\/fr\/author\/"},"uagb_comment_info":0,"uagb_excerpt":"Wer nach einer preiswerten Telefonbox-L\u00f6sung sucht und handwerkliches Geschick mitbringt, findet in unserem DIY-Bausatz die ideale Option. Im Gegensatz zu selbstgebauten Telefonkabinen, bei denen die Schalld\u00e4mmung oft hinter den Erwartungen zur\u00fcckbleibt, gelingt mit unserem Set eine hochwertige, akustisch optimierte Telefonbox \u2013 und das binnen zwei bis drei Stunden Eigenarbeit. Das Komplettpaket enth\u00e4lt alle notwendigen Features:\u2026","_links":{"self":[{"href":"https:\/\/99cubes.de\/fr\/wp-json\/wp\/v2\/product\/4369","targetHints":{"allow":["GET"]}}],"collection":[{"href":"https:\/\/99cubes.de\/fr\/wp-json\/wp\/v2\/product"}],"about":[{"href":"https:\/\/99cubes.de\/fr\/wp-json\/wp\/v2\/types\/product"}],"replies":[{"embeddable":true,"href":"https:\/\/99cubes.de\/fr\/wp-json\/wp\/v2\/comments?post=4369"}],"wp:featuredmedia":[{"embeddable":true,"href":"https:\/\/99cubes.de\/fr\/wp-json\/wp\/v2\/media\/4380"}],"wp:attachment":[{"href":"https:\/\/99cubes.de\/fr\/wp-json\/wp\/v2\/media?parent=4369"}],"wp:term":[{"taxonomy":"product_brand","embeddable":true,"href":"https:\/\/99cubes.de\/fr\/wp-json\/wp\/v2\/product_brand?post=4369"},{"taxonomy":"product_cat","embeddable":true,"href":"https:\/\/99cubes.de\/fr\/wp-json\/wp\/v2\/product_cat?post=4369"},{"taxonomy":"product_tag","embeddable":true,"href":"https:\/\/99cubes.de\/fr\/wp-json\/wp\/v2\/product_tag?post=4369"}],"curies":[{"name":"wp","href":"https:\/\/api.w.org\/{rel}","templated":true}]}}