{"id":4432,"date":"2026-01-22T10:41:36","date_gmt":"2026-01-22T09:41:36","guid":{"rendered":"https:\/\/99cubes.de\/?post_type=product&#038;p=4432"},"modified":"2026-02-11T14:25:14","modified_gmt":"2026-02-11T13:25:14","slug":"boite-de-travail-framery-one-framery","status":"publish","type":"product","link":"https:\/\/99cubes.de\/fr\/produkt\/arbeitsbox-framery-one-framery\/","title":{"rendered":"Bo\u00eete de travail Framery One | Framery"},"content":{"rendered":"<div class=\"su-accordion su-u-trim\">\n<div class=\"su-spoiler su-spoiler-style-default su-spoiler-icon-plus\" data-scroll-offset=\"0\" data-anchor-in-url=\"no\"><div class=\"su-spoiler-title\" tabindex=\"0\" role=\"button\"><span class=\"su-spoiler-icon\"><\/span><strong>Informations sur les bo\u00eetes de t\u00e9l\u00e9phone et de r\u00e9union de Framery<\/strong><\/div><div class=\"su-spoiler-content su-u-clearfix su-u-trim\">\n<p>Le fabricant finlandais \u201eFramery\u201c est consid\u00e9r\u00e9 comme le fournisseur haut de gamme par excellence en mati\u00e8re de bo\u00eetiers t\u00e9l\u00e9phoniques. Framery a r\u00e9ussi ce que de nombreux fabricants r\u00eavent de faire : les produits Framery sont devenus un symbole de statut social dans de nombreux bureaux. Ceux qui ont de l'estime pour eux-m\u00eames et pour leurs collaborateurs (et qui peuvent se le permettre) passent leurs appels vid\u00e9o depuis un bo\u00eetier Framery. Qu'est-ce qui fait la fascination des cubes acoustiques Framery ?<\/p>\n<ul>\n<li><strong>Un design embl\u00e9matique :<\/strong> Le design iconique de Framery, avec ses courbes, rappelle un peu les capsules spatiales. Framery est futuriste tout en \u00e9tant confortable.<\/li>\n<li><strong>Une atmosph\u00e8re de bien-\u00eatre :<\/strong> Celui qui se trouve \u00e0 l'int\u00e9rieur d'un box Framery fait l'exp\u00e9rience d'une atmosph\u00e8re de bien-\u00eatre absolu. Cette sensation est assur\u00e9e par la fermeture sonore de la porte, l'am\u00e9nagement int\u00e9rieur de qualit\u00e9, la mont\u00e9e en douceur de l'\u00e9clairage et le sentiment d'isolement semblable \u00e0 un cocon.<\/li>\n<li><strong>Isolation phonique :<\/strong> Tous les produits Framery sont test\u00e9s selon la norme ISO 23351-1 et sont class\u00e9s A en mati\u00e8re d'isolation acoustique.<\/li>\n<li><strong>Interface utilisateur :<\/strong> La condition d'une bo\u00eete Framery est si intuitive et simple que tout le monde peut s'en servir du premier coup. Les diff\u00e9rents sc\u00e9narios d'\u00e9clairage et de ventilation sont s\u00e9lectionn\u00e9s par \u00e9cran tactile.<\/li>\n<li><strong>Mises \u00e0 jour Over-the-Air :<\/strong> Gr\u00e2ce \u00e0 la carte SIM int\u00e9gr\u00e9e avec connexion de donn\u00e9es 4G, les produits Framery b\u00e9n\u00e9ficient de mises \u00e0 jour logicielles r\u00e9guli\u00e8res - les bo\u00eetiers Framery sont donc aussi intelligemment positionn\u00e9s pour les d\u00e9veloppements futurs !<\/li>\n<li><strong>Int\u00e9gration avec l'outil de r\u00e9servation de salles :<\/strong> La fonction des \u201eFramery Room Displays\u201c repr\u00e9sente le prochain niveau d'int\u00e9gration sans faille : Il n'a jamais \u00e9t\u00e9 aussi facile de faire des r\u00e9servations spontan\u00e9es d'un box directement sur l'\u00e9cran - tout en \u00e9tant synchronis\u00e9 en temps r\u00e9el avec le calendrier central de r\u00e9servation.<\/li>\n<\/ul>\n<p>Les bo\u00eetes de Framery existent en quatre tailles diff\u00e9rentes :<\/p>\n<ul>\n<li>Framery One Compact : La bo\u00eete t\u00e9l\u00e9phonique pour une personne de Framery<\/li>\n<li>Framery One : La bo\u00eete de travail pour une personne de Framery<\/li>\n<li>Framery Four : la bo\u00eete de r\u00e9union pour quatre personnes de Framery<\/li>\n<li>Framery Six : La bo\u00eete de r\u00e9union pour jusqu'\u00e0 six personnes de Framery<\/li>\n<\/ul>\n<\/div><\/div>\n<div class=\"su-spoiler su-spoiler-style-default su-spoiler-icon-plus su-spoiler-closed\" data-scroll-offset=\"0\" data-anchor-in-url=\"no\"><div class=\"su-spoiler-title\" tabindex=\"0\" role=\"button\"><span class=\"su-spoiler-icon\"><\/span><strong>\u00c9quipement :<\/strong><\/div><div class=\"su-spoiler-content su-u-clearfix su-u-trim\">\n<p>&nbsp;<\/p>\n<\/div><\/div>\n<div class=\"su-spoiler su-spoiler-style-default su-spoiler-icon-plus su-spoiler-closed\" data-scroll-offset=\"0\" data-anchor-in-url=\"no\"><div class=\"su-spoiler-title\" tabindex=\"0\" role=\"button\"><span class=\"su-spoiler-icon\"><\/span><strong>Dimensions et poids :<\/strong><\/div><div class=\"su-spoiler-content su-u-clearfix su-u-trim\">\n<p><strong>Dimensions :<\/strong> 225,5 \u00d7 122 \u00d7 100 cm (hauteur x largeur x profondeur). En configuration avec roulettes, la hauteur est de 228,5 cm.<\/p>\n<p><strong>poids : <\/strong>357 kg<\/p>\n<\/div><\/div>\n<div class=\"su-spoiler su-spoiler-style-default su-spoiler-icon-plus su-spoiler-closed\" data-scroll-offset=\"0\" data-anchor-in-url=\"no\"><div class=\"su-spoiler-title\" tabindex=\"0\" role=\"button\"><span class=\"su-spoiler-icon\"><\/span><strong>Donn\u00e9es acoustiques et ventilation :<\/strong><\/div><div class=\"su-spoiler-content su-u-clearfix su-u-trim\">\n<p><strong>Isolation phonique :<\/strong> 30,0 dB (correspond \u00e0 la classe A selon ISO 23351-1, voir aussi : <a href=\"https:\/\/99cubes.de\/fr\/isolation-phonique\/\" target=\"_blank\" rel=\"noopener\">comment l'isolation acoustique est-elle mesur\u00e9e ?<\/a>)<\/p>\n<p><strong>A\u00e9ration :<\/strong> 94 m\u00b3\/h (flux d'air du syst\u00e8me) \u00e0 la puissance maximale. En mode veille, le renouvellement de l'air est de 25 m\u00b3\/h (\u00e9galement d\u00e9bit d'air du syst\u00e8me), ce qui fait que l'air \u00e0 l'int\u00e9rieur de la bo\u00eete est frais et jamais vici\u00e9, m\u00eame apr\u00e8s de longues p\u00e9riodes de repos.<\/p>\n<\/div><\/div>\n<\/div>","protected":false},"excerpt":{"rendered":"<p>Le Framery One est le bo\u00eetier t\u00e9l\u00e9phonique un peu plus grand de Framery, qui peut \u00e9galement \u00eatre utilis\u00e9 comme bo\u00eetier de travail gr\u00e2ce \u00e0 sa table r\u00e9glable en hauteur \u00e9lectriquement.<\/p>","protected":false},"featured_media":4464,"comment_status":"open","ping_status":"closed","template":"","meta":{"content-type":"","_uag_custom_page_level_css":""},"product_brand":[],"product_cat":[61,180],"product_tag":[],"class_list":{"0":"post-4432","1":"product","2":"type-product","3":"status-publish","4":"has-post-thumbnail","6":"product_cat-telefonbox","7":"product_cat-arbeitsbox","8":"pa_anzahl-personen-1-person","9":"pa_belueftungssteuerung-individuell-steuerbar","10":"pa_belueftungssteuerung-vollautomatisch","11":"pa_breite-122-m","12":"pa_buchungstool-display-framery-connect-framery-room-display","13":"pa_einsatz-szenarien-buero","14":"pa_einsatz-szenarien-einzelhandel","15":"pa_einsatz-szenarien-flughafen-bahnhof","16":"pa_einsatz-szenarien-hotel","17":"pa_einsatz-szenarien-schule-universitaet","18":"pa_farbe-konfigurierbar","19":"pa_farbe-schwarz","20":"pa_farbe-weiss","21":"pa_flex-miete-verfuegbar-ja","22":"pa_gewicht-357-kg","23":"pa_hoehe-2255-m","24":"pa_lan-kein-lan-anschluss","25":"pa_lan-lan-anschluss-als-sonderausstattung","26":"pa_lieferzeit-4-bis-6-wochen-lieferzeit","27":"pa_luftaustausch-94-m-h-systemluftstrom","28":"pa_marke-framery","29":"pa_mobilitaet-keine","30":"pa_mobilitaet-mit-integrierten-bodenrollen","31":"pa_monitorhalterung-monitorhalterung-als-sonderausstattung","32":"pa_monitorhalterung-ohne-monitorhalterung","33":"pa_preissegment-vier","34":"pa_schalldaemmung-vier-sterne","35":"pa_sitzen-oder-stehen-im-sitzen-hoch-mit-hocker","36":"pa_sitzen-oder-stehen-im-sitzen-niedrig-mit-stuhl-oder-bank","37":"pa_sitzen-oder-stehen-im-stehen","38":"pa_spezial-features-led-leuchtstreifen-on-air-signal","39":"pa_spezial-features-over-the-air-software-updates","40":"pa_spezial-features-touchscreen","41":"pa_spezial-features-white-board-option","42":"pa_tiefe-100-m","43":"pa_verfuegbare-tisch-optionen-fixe-tischhoehe-sitzen","44":"pa_verfuegbare-tisch-optionen-variable-tischhoehe-elektrisch-verstellbar","45":"pa_verwendung-konzentriertes-arbeiten","46":"pa_verwendung-telefonieren","47":"pa_verwendung-video-call","49":"first","50":"instock","51":"taxable","52":"shipping-taxable","53":"purchasable","54":"product-type-simple"},"uagb_featured_image_src":{"full":["https:\/\/99cubes.de\/wp-content\/uploads\/2026\/01\/Telefonbox-Arbeitsbox-Framery-One-Quad.jpg",1200,1200,false],"thumbnail":["https:\/\/99cubes.de\/wp-content\/uploads\/2026\/01\/Telefonbox-Arbeitsbox-Framery-One-Quad-200x200.jpg",200,200,true],"medium":["https:\/\/99cubes.de\/wp-content\/uploads\/2026\/01\/Telefonbox-Arbeitsbox-Framery-One-Quad-450x450.jpg",450,450,true],"medium_large":["https:\/\/99cubes.de\/wp-content\/uploads\/2026\/01\/Telefonbox-Arbeitsbox-Framery-One-Quad-768x768.jpg",768,768,true],"large":["https:\/\/99cubes.de\/wp-content\/uploads\/2026\/01\/Telefonbox-Arbeitsbox-Framery-One-Quad-1200x1200.jpg",1140,1140,true],"1536x1536":["https:\/\/99cubes.de\/wp-content\/uploads\/2026\/01\/Telefonbox-Arbeitsbox-Framery-One-Quad.jpg",1200,1200,false],"2048x2048":["https:\/\/99cubes.de\/wp-content\/uploads\/2026\/01\/Telefonbox-Arbeitsbox-Framery-One-Quad.jpg",1200,1200,false],"trp-custom-language-flag":["https:\/\/99cubes.de\/wp-content\/uploads\/2026\/01\/Telefonbox-Arbeitsbox-Framery-One-Quad-12x12.jpg",12,12,true],"botiga-extra-large":["https:\/\/99cubes.de\/wp-content\/uploads\/2026\/01\/Telefonbox-Arbeitsbox-Framery-One-Quad-1140x1140.jpg",1140,1140,true],"botiga-large":["https:\/\/99cubes.de\/wp-content\/uploads\/2026\/01\/Telefonbox-Arbeitsbox-Framery-One-Quad-920x920.jpg",920,920,true],"botiga-big":["https:\/\/99cubes.de\/wp-content\/uploads\/2026\/01\/Telefonbox-Arbeitsbox-Framery-One-Quad-575x575.jpg",575,575,true],"botiga-medium":["https:\/\/99cubes.de\/wp-content\/uploads\/2026\/01\/Telefonbox-Arbeitsbox-Framery-One-Quad-380x380.jpg",380,380,true],"botiga-header-icons":["https:\/\/99cubes.de\/wp-content\/uploads\/2026\/01\/Telefonbox-Arbeitsbox-Framery-One-Quad-50x50.jpg",50,50,true],"botiga-product-swatch-image":["https:\/\/99cubes.de\/wp-content\/uploads\/2026\/01\/Telefonbox-Arbeitsbox-Framery-One-Quad-26x26.jpg",26,26,true],"woocommerce_thumbnail":["https:\/\/99cubes.de\/wp-content\/uploads\/2026\/01\/Telefonbox-Arbeitsbox-Framery-One-Quad-420x420.jpg",420,420,true],"woocommerce_single":["https:\/\/99cubes.de\/wp-content\/uploads\/2026\/01\/Telefonbox-Arbeitsbox-Framery-One-Quad-800x800.jpg",800,800,true],"woocommerce_gallery_thumbnail":["https:\/\/99cubes.de\/wp-content\/uploads\/2026\/01\/Telefonbox-Arbeitsbox-Framery-One-Quad-100x100.jpg",100,100,true],"wpvr_mobile":["https:\/\/99cubes.de\/wp-content\/uploads\/2026\/01\/Telefonbox-Arbeitsbox-Framery-One-Quad.jpg",1200,1200,false]},"uagb_author_info":{"display_name":"frank","author_link":"https:\/\/99cubes.de\/fr\/author\/"},"uagb_comment_info":0,"uagb_excerpt":"Die Framery One ist die etwas gr\u00f6\u00dfere Telefonbox von Framery, die auf Grund ihres elektrisch h\u00f6henverstellbaren Tischs auch als Arbeitsbox genutzt werden kann.","_links":{"self":[{"href":"https:\/\/99cubes.de\/fr\/wp-json\/wp\/v2\/product\/4432","targetHints":{"allow":["GET"]}}],"collection":[{"href":"https:\/\/99cubes.de\/fr\/wp-json\/wp\/v2\/product"}],"about":[{"href":"https:\/\/99cubes.de\/fr\/wp-json\/wp\/v2\/types\/product"}],"replies":[{"embeddable":true,"href":"https:\/\/99cubes.de\/fr\/wp-json\/wp\/v2\/comments?post=4432"}],"wp:featuredmedia":[{"embeddable":true,"href":"https:\/\/99cubes.de\/fr\/wp-json\/wp\/v2\/media\/4464"}],"wp:attachment":[{"href":"https:\/\/99cubes.de\/fr\/wp-json\/wp\/v2\/media?parent=4432"}],"wp:term":[{"taxonomy":"product_brand","embeddable":true,"href":"https:\/\/99cubes.de\/fr\/wp-json\/wp\/v2\/product_brand?post=4432"},{"taxonomy":"product_cat","embeddable":true,"href":"https:\/\/99cubes.de\/fr\/wp-json\/wp\/v2\/product_cat?post=4432"},{"taxonomy":"product_tag","embeddable":true,"href":"https:\/\/99cubes.de\/fr\/wp-json\/wp\/v2\/product_tag?post=4432"}],"curies":[{"name":"wp","href":"https:\/\/api.w.org\/{rel}","templated":true}]}}