{"id":4609,"date":"2026-03-06T17:49:32","date_gmt":"2026-03-06T16:49:32","guid":{"rendered":"https:\/\/99cubes.de\/?post_type=product&#038;p=4609"},"modified":"2026-03-23T11:14:29","modified_gmt":"2026-03-23T10:14:29","slug":"boite-de-travail-silen-space-work-silen","status":"publish","type":"product","link":"https:\/\/99cubes.de\/fr\/produkt\/arbeitsbox-silen-space-work-silen\/","title":{"rendered":"Coffre de travail Silen Space Work | Silen (Gen. 2)"},"content":{"rendered":"<div class=\"su-accordion su-u-trim\">\n<div class=\"su-spoiler su-spoiler-style-default su-spoiler-icon-plus\" data-scroll-offset=\"0\" data-anchor-in-url=\"no\"><div class=\"su-spoiler-title\" tabindex=\"0\" role=\"button\"><span class=\"su-spoiler-icon\"><\/span><strong>Silen Space - La 2e g\u00e9n\u00e9ration d'une s\u00e9rie \u00e0 succ\u00e8s<\/strong><\/div><div class=\"su-spoiler-content su-u-clearfix su-u-trim\">\n<p>Avec la nouvelle \u00e9dition de la s\u00e9rie de produits Silen Space tr\u00e8s appr\u00e9ci\u00e9e, le fabricant estonien Silen a r\u00e9ussi un saut de d\u00e9veloppement remarquable. La deuxi\u00e8me g\u00e9n\u00e9ration combine une construction optimis\u00e9e avec des proportions plus fines, une utilisation r\u00e9duite de mat\u00e9riaux et un avantage de prix sensible - tout en conservant l'excellente insonorisation et le grand confort d'utilisation habituels.<\/p>\n<div class=\"no-controls\" style=\"float: right; margin-left: 15px; margin-bottom: 15px;\">\n<div style=\"width: 300px;\" class=\"wp-video\"><video class=\"wp-video-shortcode\" id=\"video-4609-1\" width=\"300\" height=\"300\" loop autoplay muted preload=\"metadata\" controls=\"controls\"><source type=\"video\/mp4\" src=\"https:\/\/99cubes.de\/wp-content\/uploads\/2026\/03\/dimmbare-LEDs-Silen-Space-Demo.mp4?_=1\" \/><a href=\"https:\/\/99cubes.de\/wp-content\/uploads\/2026\/03\/dimmbare-LEDs-Silen-Space-Demo.mp4\">https:\/\/99cubes.de\/wp-content\/uploads\/2026\/03\/dimmbare-LEDs-Silen-Space-Demo.mp4<\/a><\/video><\/div>\n<\/div>\n<p><strong>La livraison standard est tr\u00e8s compl\u00e8te :<\/strong><\/p>\n<ul>\n<li>\u00c9clairage LED r\u00e9glable (2.700-5.000 K) avec plusieurs sc\u00e9narios d'\u00e9clairage pr\u00e9d\u00e9finis<\/li>\n<li>Panneau de contr\u00f4le am\u00e9lior\u00e9 avec commande tactile intuitive<\/li>\n<li>Ventilation automatique, y compris le mode boost manuel<\/li>\n<li>signal d'occupation discret gr\u00e2ce \u00e0 une LED rouge qui s'allume sur le toit<\/li>\n<\/ul>\n<p><strong>Pour tous ceux qui recherchent la qualit\u00e9 sans compromis<\/strong><br \/>\nLes Silen Space Cubes de la 2e g\u00e9n\u00e9ration sont la nouvelle enseigne de l'un des leaders mondiaux de l'innovation en mati\u00e8re de solutions acoustiques. Puissants, d'un design \u00e9l\u00e9gant et discret, ils sont plus attractifs que jamais sur le plan \u00e9conomique.<\/p>\n<\/div><\/div>\n<div class=\"su-spoiler su-spoiler-style-default su-spoiler-icon-plus su-spoiler-closed\" data-scroll-offset=\"0\" data-anchor-in-url=\"no\"><div class=\"su-spoiler-title\" tabindex=\"0\" role=\"button\"><span class=\"su-spoiler-icon\"><\/span><strong>Options d'\u00e9quipement :<\/strong><\/div><div class=\"su-spoiler-content su-u-clearfix su-u-trim\">\n<p><strong>Principales caract\u00e9ristiques :<\/strong><\/p>\n<ul>\n<li>Con\u00e7u pour un travail concentr\u00e9 au bureau<\/li>\n<li>Pour 1 personne<\/li>\n<li>avec un \u00e9clairage LED automatique et graduable avec plusieurs sc\u00e9narios d'\u00e9clairage pr\u00e9d\u00e9finis et des temp\u00e9ratures de couleur entre 2 700 K (blanc chaud) et 5 000 K (blanc lumi\u00e8re du jour)<\/li>\n<li>Panneau de contr\u00f4le avec variateur d'\u00e9clairage et de ventilation et mode boost pour la ventilation<\/li>\n<li>Syst\u00e8me de ventilation automatique avec capteur de pr\u00e9sence \u00e0 faible consommation d'\u00e9nergie et mode extra boost<\/li>\n<li>mobile gr\u00e2ce \u00e0 des roulettes cach\u00e9es dans le fond, qui peuvent \u00eatre activ\u00e9es depuis l'int\u00e9rieur si n\u00e9cessaire<\/li>\n<li>Personnalisable en termes de couleurs et d'\u00e9quipement<\/li>\n<li>Durable avec une dur\u00e9e de vie de plus de 20 ans<\/li>\n<li>Verre de s\u00e9curit\u00e9 insonorisant (verre feuillet\u00e9 de 12 mm)<\/li>\n<li>Prise de courant 230V et prises USB (type A+C) incluses dans le mur<\/li>\n<li>Indicateur d'occupation : la bande lumineuse p\u00e9riph\u00e9rique dans le plafond passe au rouge lorsqu'elle est occup\u00e9e.<\/li>\n<li>Pas de choix possible : la porte est toujours sur charni\u00e8res \u00e0 droite<\/li>\n<li>Cadre de porte noir<\/li>\n<li>trois couleurs standard diff\u00e9rentes au choix pour l'enveloppe ext\u00e9rieure : Blanc, noir ou \u201eCotton-Grey\u201c.\u201c<\/li>\n<li>D\u00e9coration int\u00e9rieure :\n<ul>\n<li>Tapis en gris fonc\u00e9<\/li>\n<li>Parois int\u00e9rieures au choix dans les couleurs \u201eCool Beige\u201c ou \u201eDark Grey\u201c.\u201c<\/li>\n<\/ul>\n<\/li>\n<li>Une pr\u00e9paration pour sprinkler ou d\u00e9tecteur d'incendie est incluse en standard<\/li>\n<\/ul>\n<p><strong>Options de personnalisation (certaines moyennant un suppl\u00e9ment de prix) :<\/strong><\/p>\n<ul>\n<li>Options de couleurs suppl\u00e9mentaires pour l'int\u00e9rieur et l'ext\u00e9rieur dans diff\u00e9rents mat\u00e9riaux (entre autres, parties lat\u00e9rales recouvertes de tissu ou finition en placage de bois v\u00e9ritable)<\/li>\n<li>charni\u00e8res de porte \u00e0 fermeture automatique<\/li>\n<li>Connexion LAN<\/li>\n<li>Diff\u00e9rentes variantes de canap\u00e9s :\n<ul>\n<li>sans canap\u00e9<\/li>\n<li>avec canap\u00e9 standard (type \u201eVega\u201c)<\/li>\n<li>avec canap\u00e9 Premium avec accoudoir \u00e0 droite(type \u201eSpace\u201c)<\/li>\n<\/ul>\n<\/li>\n<li>Diff\u00e9rentes options de table :\n<ul>\n<li>sans table<\/li>\n<li>Table \u00e0 hauteur fixe (surface en blanc, noir mat ou placage en ch\u00eane v\u00e9ritable), extensible en option par un panneau acoustique<\/li>\n<li>table r\u00e9glable en hauteur \u00e9lectriquement avec panneau acoustique install\u00e9 de mani\u00e8re fixe sur la table, de sorte que celui-ci se d\u00e9place avec la hauteur de la table et peut ainsi \u00eatre \u00e9quip\u00e9 d'un support pour \u00e9cran par exemple<\/li>\n<\/ul>\n<\/li>\n<li>Si une table avec panneau acoustique a \u00e9t\u00e9 choisie, d'autres variantes d'\u00e9quipement sont disponibles \u00e0 cet effet :\n<ul>\n<li>Barres lumineuses suppl\u00e9mentaires dans le panneau acoustique pour un \u00e9clairage parfait lors des appels vid\u00e9o<\/li>\n<li>Support d'\u00e9cran VESA sur le panneau acoustique<\/li>\n<\/ul>\n<\/li>\n<li>possibilit\u00e9 d'int\u00e9grer jusqu'\u00e0 trois prises de courant suppl\u00e9mentaires<\/li>\n<\/ul>\n<\/div><\/div>\n<div class=\"su-spoiler su-spoiler-style-default su-spoiler-icon-plus su-spoiler-closed\" data-scroll-offset=\"0\" data-anchor-in-url=\"no\"><div class=\"su-spoiler-title\" tabindex=\"0\" role=\"button\"><span class=\"su-spoiler-icon\"><\/span><strong>Dimensions et poids :<\/strong><\/div><div class=\"su-spoiler-content su-u-clearfix su-u-trim\">\n<ul>\n<li>largeur (ext\u00e9rieur \/ int\u00e9rieur) : 1450 mm \/ 1300 mm<\/li>\n<li>profondeur (ext\u00e9rieur \/ int\u00e9rieur) : 1100 mm \/ 1050 mm<\/li>\n<li>Hauteur (ext\u00e9rieur \/ int\u00e9rieur) : 2280 mm \/ 2080 mm<\/li>\n<li>Poids : 390 kg<\/li>\n<\/ul>\n<\/div><\/div>\n<div class=\"su-spoiler su-spoiler-style-default su-spoiler-icon-plus su-spoiler-closed\" data-scroll-offset=\"0\" data-anchor-in-url=\"no\"><div class=\"su-spoiler-title\" tabindex=\"0\" role=\"button\"><span class=\"su-spoiler-icon\"><\/span><strong>Donn\u00e9es acoustiques et ventilation :<\/strong><\/div><div class=\"su-spoiler-content su-u-clearfix su-u-trim\">\n<p><strong>Isolation phonique :<\/strong> Certification en attente<\/p>\n<p><strong>\u00e9change d'air : <\/strong>Mesure \u00e0 venir<\/p>\n<p><strong>Particularit\u00e9s :<\/strong> Qualit\u00e9 de l'air int\u00e9rieur certifi\u00e9e : test\u00e9e pour les \u00e9missions de COV, c'est-\u00e0-dire les vapeurs de compos\u00e9s organiques volatils.<\/p>\n<\/div><\/div>\n<\/div>","protected":false},"excerpt":{"rendered":"<p>Le caisson de travail Silen Space Work fait partie de la s\u00e9rie de produits Silen Space de deuxi\u00e8me g\u00e9n\u00e9ration. Celle-ci est synonyme d'insonorisation de premi\u00e8re classe, de design moderne et de confort sensiblement am\u00e9lior\u00e9. Gr\u00e2ce \u00e0 une construction optimis\u00e9e, la nouvelle g\u00e9n\u00e9ration convainc par des proportions plus fines, une utilisation r\u00e9duite de mat\u00e9riaux et un prix plus attractif - sans faire de compromis sur les performances ou la qualit\u00e9. La classe d'insonorisation A selon la norme ISO-23351-1 et les panneaux textiles de haute qualit\u00e9 garantissent des conditions id\u00e9ales pour un travail concentr\u00e9.<br \/>\nL'\u00e9clairage LED variable, la ventilation automatique avec mode boost, un panneau de contr\u00f4le remani\u00e9 et un signal d'occupation discret font partie de l'\u00e9quipement standard. Parfait pour tous ceux qui recherchent des solutions \"pi\u00e8ce dans la pi\u00e8ce\" de haute qualit\u00e9 sans compromis.<\/p>","protected":false},"featured_media":4694,"comment_status":"open","ping_status":"closed","template":"","meta":{"content-type":"","_uag_custom_page_level_css":""},"product_brand":[],"product_cat":[180],"product_tag":[],"class_list":{"0":"post-4609","1":"product","2":"type-product","3":"status-publish","4":"has-post-thumbnail","6":"product_cat-arbeitsbox","7":"pa_anzahl-personen-1-person","8":"pa_belueftungssteuerung-individuell-steuerbar","9":"pa_belueftungssteuerung-vollautomatisch","10":"pa_breite-145-m","11":"pa_buchungstool-display-goconut-ready","12":"pa_einsatz-szenarien-buero","13":"pa_einsatz-szenarien-flughafen-bahnhof","14":"pa_einsatz-szenarien-hotel","15":"pa_einsatz-szenarien-logistik","16":"pa_einsatz-szenarien-produktion","17":"pa_einsatz-szenarien-schule-universitaet","18":"pa_farbe-konfigurierbar","19":"pa_farbe-schwarz","20":"pa_farbe-weiss","21":"pa_flex-miete-verfuegbar-auf-anfrage","22":"pa_gewicht-390-kg","23":"pa_hoehe-228-m","24":"pa_lan-kein-lan-anschluss","25":"pa_lan-lan-anschluss-als-sonderausstattung","26":"pa_lieferzeit-4-bis-6-wochen-lieferzeit","27":"pa_luftaustausch-keine-angaben","28":"pa_marke-silen","29":"pa_mobilitaet-mit-integrierten-bodenrollen","30":"pa_monitorhalterung-monitorhalterung-als-sonderausstattung","31":"pa_monitorhalterung-ohne-monitorhalterung","32":"pa_preissegment-vier","33":"pa_schalldaemmung-vier-sterne","34":"pa_sitzen-oder-stehen-im-sitzen-niedrig-mit-stuhl-oder-bank","35":"pa_sitzen-oder-stehen-im-stehen","36":"pa_spezial-features-aussenwandfarbe-nachtraeglich-austauschbar","37":"pa_spezial-features-zertifizierte-innenraum-luftqualitaet","38":"pa_tiefe-110-m","39":"pa_verfuegbare-tisch-optionen-fixe-tischhoehe-sitzen","40":"pa_verfuegbare-tisch-optionen-variable-tischhoehe-elektrisch-verstellbar","41":"pa_verwendung-konzentriertes-arbeiten","42":"pa_verwendung-telefonieren","43":"pa_verwendung-video-call","45":"first","46":"instock","47":"taxable","48":"shipping-taxable","49":"purchasable","50":"product-type-simple"},"uagb_featured_image_src":{"full":["https:\/\/99cubes.de\/wp-content\/uploads\/2026\/03\/99cubes-Arbeitsbox-Silen-Space-Work-Quad.jpg",1200,1200,false],"thumbnail":["https:\/\/99cubes.de\/wp-content\/uploads\/2026\/03\/99cubes-Arbeitsbox-Silen-Space-Work-Quad-200x200.jpg",200,200,true],"medium":["https:\/\/99cubes.de\/wp-content\/uploads\/2026\/03\/99cubes-Arbeitsbox-Silen-Space-Work-Quad-450x450.jpg",450,450,true],"medium_large":["https:\/\/99cubes.de\/wp-content\/uploads\/2026\/03\/99cubes-Arbeitsbox-Silen-Space-Work-Quad-768x768.jpg",768,768,true],"large":["https:\/\/99cubes.de\/wp-content\/uploads\/2026\/03\/99cubes-Arbeitsbox-Silen-Space-Work-Quad-1200x1200.jpg",1140,1140,true],"1536x1536":["https:\/\/99cubes.de\/wp-content\/uploads\/2026\/03\/99cubes-Arbeitsbox-Silen-Space-Work-Quad-1536x1536.jpg",1200,1200,true],"2048x2048":["https:\/\/99cubes.de\/wp-content\/uploads\/2026\/03\/99cubes-Arbeitsbox-Silen-Space-Work-Quad.jpg",1200,1200,false],"trp-custom-language-flag":["https:\/\/99cubes.de\/wp-content\/uploads\/2026\/03\/99cubes-Arbeitsbox-Silen-Space-Work-Quad-12x12.jpg",12,12,true],"botiga-extra-large":["https:\/\/99cubes.de\/wp-content\/uploads\/2026\/03\/99cubes-Arbeitsbox-Silen-Space-Work-Quad-1140x1140.jpg",1140,1140,true],"botiga-large":["https:\/\/99cubes.de\/wp-content\/uploads\/2026\/03\/99cubes-Arbeitsbox-Silen-Space-Work-Quad-920x920.jpg",920,920,true],"botiga-big":["https:\/\/99cubes.de\/wp-content\/uploads\/2026\/03\/99cubes-Arbeitsbox-Silen-Space-Work-Quad-575x575.jpg",575,575,true],"botiga-medium":["https:\/\/99cubes.de\/wp-content\/uploads\/2026\/03\/99cubes-Arbeitsbox-Silen-Space-Work-Quad-380x380.jpg",380,380,true],"botiga-header-icons":["https:\/\/99cubes.de\/wp-content\/uploads\/2026\/03\/99cubes-Arbeitsbox-Silen-Space-Work-Quad-50x50.jpg",50,50,true],"botiga-product-swatch-image":["https:\/\/99cubes.de\/wp-content\/uploads\/2026\/03\/99cubes-Arbeitsbox-Silen-Space-Work-Quad-26x26.jpg",26,26,true],"woocommerce_thumbnail":["https:\/\/99cubes.de\/wp-content\/uploads\/2026\/03\/99cubes-Arbeitsbox-Silen-Space-Work-Quad-420x420.jpg",420,420,true],"woocommerce_single":["https:\/\/99cubes.de\/wp-content\/uploads\/2026\/03\/99cubes-Arbeitsbox-Silen-Space-Work-Quad-800x800.jpg",800,800,true],"woocommerce_gallery_thumbnail":["https:\/\/99cubes.de\/wp-content\/uploads\/2026\/03\/99cubes-Arbeitsbox-Silen-Space-Work-Quad-100x100.jpg",100,100,true],"wpvr_mobile":["https:\/\/99cubes.de\/wp-content\/uploads\/2026\/03\/99cubes-Arbeitsbox-Silen-Space-Work-Quad.jpg",1200,1200,false]},"uagb_author_info":{"display_name":"frank","author_link":"https:\/\/99cubes.de\/fr\/author\/"},"uagb_comment_info":0,"uagb_excerpt":"Die Arbeitsbox Silen Space Work ist Teil der Silen Space Produktserie der 2. Generation. Diese steht f\u00fcr erstklassige Schalld\u00e4mmung, modernes Design und sp\u00fcrbar verbesserten Komfort. Dank optimierter Konstruktion \u00fcberzeugt die neue Generation mit schlankeren Proportionen, reduziertem Materialeinsatz und einem attraktiveren Preis \u2013 ohne Abstriche bei Leistung oder Qualit\u00e4t. Schallschutzklasse A gem\u00e4\u00df ISO\u201123351\u20111 und hochwertige Textilpaneele\u2026","_links":{"self":[{"href":"https:\/\/99cubes.de\/fr\/wp-json\/wp\/v2\/product\/4609","targetHints":{"allow":["GET"]}}],"collection":[{"href":"https:\/\/99cubes.de\/fr\/wp-json\/wp\/v2\/product"}],"about":[{"href":"https:\/\/99cubes.de\/fr\/wp-json\/wp\/v2\/types\/product"}],"replies":[{"embeddable":true,"href":"https:\/\/99cubes.de\/fr\/wp-json\/wp\/v2\/comments?post=4609"}],"wp:featuredmedia":[{"embeddable":true,"href":"https:\/\/99cubes.de\/fr\/wp-json\/wp\/v2\/media\/4694"}],"wp:attachment":[{"href":"https:\/\/99cubes.de\/fr\/wp-json\/wp\/v2\/media?parent=4609"}],"wp:term":[{"taxonomy":"product_brand","embeddable":true,"href":"https:\/\/99cubes.de\/fr\/wp-json\/wp\/v2\/product_brand?post=4609"},{"taxonomy":"product_cat","embeddable":true,"href":"https:\/\/99cubes.de\/fr\/wp-json\/wp\/v2\/product_cat?post=4609"},{"taxonomy":"product_tag","embeddable":true,"href":"https:\/\/99cubes.de\/fr\/wp-json\/wp\/v2\/product_tag?post=4609"}],"curies":[{"name":"wp","href":"https:\/\/api.w.org\/{rel}","templated":true}]}}