{"id":4631,"date":"2026-03-09T11:43:59","date_gmt":"2026-03-09T10:43:59","guid":{"rendered":"https:\/\/99cubes.de\/?post_type=product&#038;p=4631"},"modified":"2026-03-10T10:55:04","modified_gmt":"2026-03-10T09:55:04","slug":"entretien-reparation-et-pieces-de-rechange-pour-boxes-telephoniques-meetingboxes-differents-fabricants","status":"publish","type":"product","link":"https:\/\/99cubes.de\/fr\/produkt\/wartung-reparatur-und-ersatzteile-fuer-telefonboxen-meetingboxen-verschiedene-hersteller\/","title":{"rendered":"Maintenance, r\u00e9paration et pi\u00e8ces de rechange pour bo\u00eetiers t\u00e9l\u00e9phoniques &amp; bo\u00eetiers de r\u00e9union | diff\u00e9rents fabricants"},"content":{"rendered":"<div class=\"su-accordion su-u-trim\">\n<div class=\"su-spoiler su-spoiler-style-default su-spoiler-icon-plus\" data-scroll-offset=\"0\" data-anchor-in-url=\"no\"><div class=\"su-spoiler-title\" tabindex=\"0\" role=\"button\"><span class=\"su-spoiler-icon\"><\/span><b>Quels sont les cas typiques de maintenance des bo\u00eetiers de t\u00e9l\u00e9phone et de r\u00e9union ?<\/b><\/div><div class=\"su-spoiler-content su-u-clearfix su-u-trim\">\n<p>Les bo\u00eetiers de t\u00e9l\u00e9phone et de r\u00e9union sont en fait des \u00eatres faciles \u00e0 entretenir et \u00e0 c\u00f4toyer et ne n\u00e9cessitent pas n\u00e9cessairement un entretien r\u00e9gulier. Cependant, certains probl\u00e8mes ne peuvent \u00eatre r\u00e9solus que par une intervention de maintenance professionnelle. Si vous avez un grand nombre de cubes acoustiques dans votre entreprise, un \u201echeck-up\u201c r\u00e9gulier peut m\u00eame s'av\u00e9rer utile pour \u00e9viter les probl\u00e8mes.<\/p>\n<p>Les cas typiques de maintenance des bo\u00eetes de t\u00e9l\u00e9phone et de r\u00e9union sont les suivants :<\/p>\n<ul>\n<li>Les portes ne se ferment plus correctement et doivent \u00eatre r\u00e9ajust\u00e9es<\/li>\n<li>Le cube acoustique est l\u00e9g\u00e8rement de travers et doit \u00eatre r\u00e9orient\u00e9 (c'est souvent le cas apr\u00e8s un d\u00e9m\u00e9nagement non conforme).<\/li>\n<li>les joints se sont d\u00e9tach\u00e9s ou ont gliss\u00e9<\/li>\n<li>Un cube acoustique doit \u00eatre d\u00e9plac\u00e9 dans le b\u00e2timent selon les r\u00e8gles de l'art<\/li>\n<\/ul>\n<p>Dans de tels cas, n'h\u00e9sitez pas \u00e0 nous contacter, nous nous ferons un plaisir d'examiner votre probl\u00e8me ! En r\u00e8gle g\u00e9n\u00e9rale, il n'y a pas de restriction \u00e0 certains fabricants, car aucune pi\u00e8ce de rechange sp\u00e9cifique n'est n\u00e9cessaire lors d'un entretien.<\/p>\n<\/div><\/div>\n<p>&nbsp;<\/p>\n<div class=\"su-spoiler su-spoiler-style-default su-spoiler-icon-plus\" data-scroll-offset=\"0\" data-anchor-in-url=\"no\"><div class=\"su-spoiler-title\" tabindex=\"0\" role=\"button\"><span class=\"su-spoiler-icon\"><\/span><b>Besoin d'un service de r\u00e9paration ou de pi\u00e8ces de rechange ?<\/b><\/div><div class=\"su-spoiler-content su-u-clearfix su-u-trim\">\n<p>M\u00eame avec le meilleur soin, il est impossible d'\u00e9viter compl\u00e8tement les pannes ou les dommages sur les boxes t\u00e9l\u00e9phoniques et de r\u00e9union. Qu'il s'agisse de composants \u00e9lectroniques d\u00e9fectueux, de verre cass\u00e9, d'\u00e9raflures d\u00e9sagr\u00e9ables, d'\u00e9l\u00e9ments int\u00e9gr\u00e9s d\u00e9form\u00e9s ou m\u00eame d'un coll\u00e8gue qui a perdu la t\u00eate et s'est d\u00e9foul\u00e9 dans la bo\u00eete : Les raisons sont multiples, mais la solution est souvent simple. Nous fournissons des pi\u00e8ces de rechange adapt\u00e9es et envoyons nos coll\u00e8gues de montage intelligents.<\/p>\n<p>Notre service de r\u00e9paration et de pi\u00e8ces d\u00e9tach\u00e9es est bien s\u00fbr \u00e0 la disposition non seulement de nos clients existants, mais aussi de toutes les autres entreprises, pour autant que nous connaissions votre mod\u00e8le de bo\u00eetier t\u00e9l\u00e9phonique ou que nous ayons le fabricant sur notre liste. Il s'agit de<\/p>\n<ul>\n<li>Bosse (fabricant allemand)<\/li>\n<li>Silen (fabricant estonien)<\/li>\n<li>Mute (fabricant polonais)<\/li>\n<li>Sedus (fabricant allemand)<\/li>\n<li>Studiobricks (d'Espagne)<\/li>\n<li>Framery (fabricant finlandais)<\/li>\n<\/ul>\n<p>N'h\u00e9sitez pas \u00e0 nous contacter, nous essaierons de vous aider rapidement et simplement.<\/p>\n<\/div><\/div>\n<\/div>","protected":false},"excerpt":{"rendered":"<p>Nous sommes heureux de vous aider si vous avez des probl\u00e8mes avec vos bo\u00eetiers de t\u00e9l\u00e9phone ou de r\u00e9union. Nos \u00e9quipes r\u00e9parent les petits probl\u00e8mes d'entretien, aident \u00e0 aligner et \u00e0 ajuster les portes ou se chargent des r\u00e9parations compl\u00e8tes et installent des pi\u00e8ces de rechange.<\/p>\n<p>Nous proposons \u00e9galement des check-up r\u00e9guliers. Cela est particuli\u00e8rement utile si vous utilisez un grand nombre de cubes acoustiques. Les portes mal r\u00e9gl\u00e9es constituent un point faible typique. Si elles sont contr\u00f4l\u00e9es et ajust\u00e9es \u00e0 temps par un professionnel, vous \u00e9viterez des probl\u00e8mes ou des d\u00e9fauts ult\u00e9rieurs.<\/p>","protected":false},"featured_media":4632,"comment_status":"open","ping_status":"closed","template":"","meta":{"content-type":"","_uag_custom_page_level_css":""},"product_brand":[],"product_cat":[67],"product_tag":[],"class_list":{"0":"post-4631","1":"product","2":"type-product","3":"status-publish","4":"has-post-thumbnail","6":"product_cat-zubehoer","7":"pa_marke-bosse","8":"pa_marke-box17","9":"pa_marke-framery","10":"pa_marke-hammerbacher","11":"pa_marke-mute","12":"pa_marke-sedus","13":"pa_marke-silen","14":"pa_marke-studiobricks","16":"first","17":"instock","18":"taxable","19":"shipping-taxable","20":"product-type-simple"},"uagb_featured_image_src":{"full":["https:\/\/99cubes.de\/wp-content\/uploads\/2026\/03\/Wartung-und-Reparatur-Telefonboxen-1600.jpg",1600,900,false],"thumbnail":["https:\/\/99cubes.de\/wp-content\/uploads\/2026\/03\/Wartung-und-Reparatur-Telefonboxen-1600-200x200.jpg",200,200,true],"medium":["https:\/\/99cubes.de\/wp-content\/uploads\/2026\/03\/Wartung-und-Reparatur-Telefonboxen-1600-450x253.jpg",450,253,true],"medium_large":["https:\/\/99cubes.de\/wp-content\/uploads\/2026\/03\/Wartung-und-Reparatur-Telefonboxen-1600-768x432.jpg",768,432,true],"large":["https:\/\/99cubes.de\/wp-content\/uploads\/2026\/03\/Wartung-und-Reparatur-Telefonboxen-1600-1200x675.jpg",1140,641,true],"1536x1536":["https:\/\/99cubes.de\/wp-content\/uploads\/2026\/03\/Wartung-und-Reparatur-Telefonboxen-1600-1536x864.jpg",1536,864,true],"2048x2048":["https:\/\/99cubes.de\/wp-content\/uploads\/2026\/03\/Wartung-und-Reparatur-Telefonboxen-1600.jpg",1600,900,false],"trp-custom-language-flag":["https:\/\/99cubes.de\/wp-content\/uploads\/2026\/03\/Wartung-und-Reparatur-Telefonboxen-1600-18x10.jpg",18,10,true],"botiga-extra-large":["https:\/\/99cubes.de\/wp-content\/uploads\/2026\/03\/Wartung-und-Reparatur-Telefonboxen-1600-1140x641.jpg",1140,641,true],"botiga-large":["https:\/\/99cubes.de\/wp-content\/uploads\/2026\/03\/Wartung-und-Reparatur-Telefonboxen-1600-920x518.jpg",920,518,true],"botiga-big":["https:\/\/99cubes.de\/wp-content\/uploads\/2026\/03\/Wartung-und-Reparatur-Telefonboxen-1600-575x323.jpg",575,323,true],"botiga-medium":["https:\/\/99cubes.de\/wp-content\/uploads\/2026\/03\/Wartung-und-Reparatur-Telefonboxen-1600-380x214.jpg",380,214,true],"botiga-header-icons":["https:\/\/99cubes.de\/wp-content\/uploads\/2026\/03\/Wartung-und-Reparatur-Telefonboxen-1600-50x50.jpg",50,50,true],"botiga-product-swatch-image":["https:\/\/99cubes.de\/wp-content\/uploads\/2026\/03\/Wartung-und-Reparatur-Telefonboxen-1600-26x26.jpg",26,26,true],"woocommerce_thumbnail":["https:\/\/99cubes.de\/wp-content\/uploads\/2026\/03\/Wartung-und-Reparatur-Telefonboxen-1600-420x420.jpg",420,420,true],"woocommerce_single":["https:\/\/99cubes.de\/wp-content\/uploads\/2026\/03\/Wartung-und-Reparatur-Telefonboxen-1600-800x450.jpg",800,450,true],"woocommerce_gallery_thumbnail":["https:\/\/99cubes.de\/wp-content\/uploads\/2026\/03\/Wartung-und-Reparatur-Telefonboxen-1600-100x100.jpg",100,100,true],"wpvr_mobile":["https:\/\/99cubes.de\/wp-content\/uploads\/2026\/03\/Wartung-und-Reparatur-Telefonboxen-1600.jpg",1600,900,false]},"uagb_author_info":{"display_name":"frank","author_link":"https:\/\/99cubes.de\/fr\/author\/"},"uagb_comment_info":0,"uagb_excerpt":"Wir sind euch gerne behilflich, wenn ihr Probleme mit euren Telefon- oder Meetingboxen habt. Unsere Teams beheben kleinere Wartungsf\u00e4lle, sind beim Ausrichten und T\u00fcren justieren behilflich oder \u00fcbernehmen komplette Reparaturen und bauen Ersatzteile ein. Wir bieten auch regelm\u00e4\u00dfige Check-Ups an. Dies macht vor allem dann Sinn, wenn ihr eine gr\u00f6\u00dfere St\u00fcckzahl von Akustik-Cubes im Einsatz\u2026","_links":{"self":[{"href":"https:\/\/99cubes.de\/fr\/wp-json\/wp\/v2\/product\/4631","targetHints":{"allow":["GET"]}}],"collection":[{"href":"https:\/\/99cubes.de\/fr\/wp-json\/wp\/v2\/product"}],"about":[{"href":"https:\/\/99cubes.de\/fr\/wp-json\/wp\/v2\/types\/product"}],"replies":[{"embeddable":true,"href":"https:\/\/99cubes.de\/fr\/wp-json\/wp\/v2\/comments?post=4631"}],"wp:featuredmedia":[{"embeddable":true,"href":"https:\/\/99cubes.de\/fr\/wp-json\/wp\/v2\/media\/4632"}],"wp:attachment":[{"href":"https:\/\/99cubes.de\/fr\/wp-json\/wp\/v2\/media?parent=4631"}],"wp:term":[{"taxonomy":"product_brand","embeddable":true,"href":"https:\/\/99cubes.de\/fr\/wp-json\/wp\/v2\/product_brand?post=4631"},{"taxonomy":"product_cat","embeddable":true,"href":"https:\/\/99cubes.de\/fr\/wp-json\/wp\/v2\/product_cat?post=4631"},{"taxonomy":"product_tag","embeddable":true,"href":"https:\/\/99cubes.de\/fr\/wp-json\/wp\/v2\/product_tag?post=4631"}],"curies":[{"name":"wp","href":"https:\/\/api.w.org\/{rel}","templated":true}]}}