{"id":4830,"date":"2026-04-30T15:04:24","date_gmt":"2026-04-30T13:04:24","guid":{"rendered":"https:\/\/99cubes.de\/?post_type=product&#038;p=4830"},"modified":"2026-05-13T11:52:58","modified_gmt":"2026-05-13T09:52:58","slug":"arbeitsbox-bosselino-work-bosse","status":"publish","type":"product","link":"https:\/\/99cubes.de\/fr\/produkt\/arbeitsbox-bosselino-work-bosse\/","title":{"rendered":"Bo\u00eete de travail Bosselino Work | Bosse"},"content":{"rendered":"<div class=\"su-accordion su-u-trim\">\n<div class=\"su-spoiler su-spoiler-style-default su-spoiler-icon-plus\" data-scroll-offset=\"0\" data-anchor-in-url=\"no\"><div class=\"su-spoiler-title\" tabindex=\"0\" role=\"button\"><span class=\"su-spoiler-icon\"><\/span><strong>Informations sur la s\u00e9rie Bosselino<\/strong><\/div><div class=\"su-spoiler-content su-u-clearfix su-u-trim\">\n<p>Depuis les ann\u00e9es 1990, Bosse fait partie des pionniers dans le domaine des syst\u00e8mes d'espace dans l'espace et a donc maintenant des d\u00e9cennies d'exp\u00e9rience dans la structuration des bureaux paysagers. Apr\u00e8s le succ\u00e8s du bo\u00eetier t\u00e9l\u00e9phonique Bosselino (noir), Bosse a d'abord r\u00e9\u00e9dit\u00e9 ce produit dans des couleurs plus claires, mais depuis mi-2026, la s\u00e9rie Bosselino est \u00e9galement disponible en \u201eBlack Edition\u201c. La s\u00e9rie de produits se compose actuellement du bo\u00eetier t\u00e9l\u00e9phonique \u201eBosselino Uno\u201c, du bo\u00eetier de r\u00e9union \u201eBosselino Duo\u201c con\u00e7u pour deux personnes et du bo\u00eetier de travail \u201eBosselino Work\u201c.<\/p>\n<p><strong>Production climatiquement neutre :<\/strong> La s\u00e9rie de produits Bosselino est produite en Allemagne sans impact sur le climat !<\/p>\n<\/div><\/div>\n<div class=\"su-spoiler su-spoiler-style-default su-spoiler-icon-plus su-spoiler-closed\" data-scroll-offset=\"0\" data-anchor-in-url=\"no\"><div class=\"su-spoiler-title\" tabindex=\"0\" role=\"button\"><span class=\"su-spoiler-icon\"><\/span><strong>\u00c9quipement :<\/strong><\/div><div class=\"su-spoiler-content su-u-clearfix su-u-trim\">\n<ul>\n<li>Installation \u00e9lectrique via le syst\u00e8me Plug &amp; Play<\/li>\n<li>Ventilation int\u00e9gr\u00e9e avec 3 ventilateurs silencieux<\/li>\n<li>Energieeffiziente LED-Beleuchtung \u00fcber dem Arbeitsplatz<\/li>\n<li>Moderne Elektro-Power: 1x USB-Laden A+C mit 65 Watt Leistung, die eine herk\u00f6mmliche Schuko-Steckdose \u00fcberfl\u00fcssig machen (geeignetes Laptop vorausgesetzt)<\/li>\n<li>Vollverglaste Front, bestehend aus Fenster + Glast\u00fcr aus 8 mm ESG<\/li>\n<li>mechanisch h\u00f6henverstellbarer Tisch in Melamin Holzdekor &#8222;Lindberg Eiche&#8220;<\/li>\n<li>Plaque de sol stable avec feutre acoustique en guise de tapis<\/li>\n<li>Plafond suspendu<\/li>\n<li>compensation de la hauteur pour les in\u00e9galit\u00e9s du sol jusqu'\u00e0 15 mm<\/li>\n<li>Couleurs : murs ext\u00e9rieurs blancs, murs int\u00e9rieurs en feutre PET \u201ekaki clair\u201c, tapis anthracite<\/li>\n<\/ul>\n<p>Contre un suppl\u00e9ment :<\/p>\n<ul>\n<li>B\u00fcrodrehstuhl mit Netzr\u00fccken, Typ &#8222;Sequel Mesh&#8220; in grau oder schwarz<\/li>\n<\/ul>\n<\/div><\/div>\n<div class=\"su-spoiler su-spoiler-style-default su-spoiler-icon-plus su-spoiler-closed\" data-scroll-offset=\"0\" data-anchor-in-url=\"no\"><div class=\"su-spoiler-title\" tabindex=\"0\" role=\"button\"><span class=\"su-spoiler-icon\"><\/span><strong>Dimensions et poids :<\/strong><\/div><div class=\"su-spoiler-content su-u-clearfix su-u-trim\">\n<div class=\"item-603 readonly-607 indent-604\">\n<ul>\n<li>Largeur ext\u00e9rieure \/ int\u00e9rieure :<span class=\"secondary-text\"> 1909 mm \/ 1795 mm<\/span><\/li>\n<li>Profondeur Ext\u00e9rieur Int\u00e9rieur :<span class=\"secondary-text\"> 994 mm \/ 912 mm<\/span><\/li>\n<li>Hauteur ext\u00e9rieure \/ int\u00e9rieure :<span class=\"secondary-text\"> 2155 mm \/2018 mm<\/span><\/li>\n<li>min. hauteur de la pi\u00e8ce :<span class=\"secondary-text\"> 2320 mm<\/span><\/li>\n<li>poids : env.380 kg<\/li>\n<\/ul>\n<\/div>\n<\/div><\/div>\n<div class=\"su-spoiler su-spoiler-style-default su-spoiler-icon-plus su-spoiler-closed\" data-scroll-offset=\"0\" data-anchor-in-url=\"no\"><div class=\"su-spoiler-title\" tabindex=\"0\" role=\"button\"><span class=\"su-spoiler-icon\"><\/span><strong>Donn\u00e9es acoustiques et ventilation :<\/strong><\/div><div class=\"su-spoiler-content su-u-clearfix su-u-trim\">\n<ul>\n<li>Bonne isolation acoustique : parois lat\u00e9rales et arri\u00e8re absorbant le son avec panneaux acoustiques en feutre PET recycl\u00e9 100 %, tapis en feutre acoustique, porte en verre avec profil\u00e9s d'\u00e9tanch\u00e9it\u00e9 sur tout le pourtour<\/li>\n<li>Ventilation silencieuse et performante gr\u00e2ce \u00e0 trois ventilateurs Silent - Echange d'air nominal de 80 m\u00b3\/h par ventilateur, soit 240 m\u00b3\/h au total (voir aussi le crit\u00e8re de s\u00e9lection <a href=\"https:\/\/99cubes.de\/fr\/echange-dair\/\">Echange d'air<\/a>)<\/li>\n<\/ul>\n<\/div><\/div>\n<\/div>","protected":false},"excerpt":{"rendered":"<p>Die Arbeitsbox &#8222;Bosselino Work&#8220; ist die smarte Arbeitsbox aus der Bosselino-Serie.<\/p>\n<p>Die &#8222;Bosselino Work&#8220; ist konstruktiv weitestgehend identisch aufgebaut wie die Meetingbox\u00a0 <a href=\"https:\/\/99cubes.de\/fr\/produit\/cabine-de-reunion-2-places-bosselino-duo-bosse\/\">&#8222;Bosselino Duo&#8220;<\/a>, sie verf\u00fcgt aber \u00fcber eine andere Innenausstattung und einige zus\u00e4tzliche\u00a0 Features: So ist sie beispielsweise mit einem mechanisch h\u00f6henverstellbaren Tisch ausgestattet. Mit der in die Decke integrierten, auf den Tisch ausgerichteten LED-Beleuchtung wird sie damit zu einem vollwertigen Arbeitsplatz auf kleinem Raum.<\/p>\n<p><strong>Mat\u00e9riaux durables | Fabriqu\u00e9 en Allemagne | Multiplex en bois v\u00e9ritable | Tapis acoustique inclus<\/strong><\/p>","protected":false},"featured_media":4851,"comment_status":"open","ping_status":"closed","template":"","meta":{"content-type":"","_uag_custom_page_level_css":""},"product_brand":[],"product_cat":[180],"product_tag":[],"class_list":{"0":"post-4830","1":"product","2":"type-product","3":"status-publish","4":"has-post-thumbnail","6":"product_cat-arbeitsbox","7":"pa_anzahl-personen-1-person","8":"pa_belueftungssteuerung-vollautomatisch","9":"pa_breite-191-m","10":"pa_buchungstool-display-goconut-ready","11":"pa_einsatz-szenarien-buero","12":"pa_einsatz-szenarien-hotel","13":"pa_einsatz-szenarien-schule-universitaet","14":"pa_farbe-weiss","15":"pa_flex-miete-verfuegbar-ja","16":"pa_gewicht-450-kg","17":"pa_hoehe-216-m","18":"pa_lan-kein-lan-anschluss","19":"pa_lieferzeit-4-bis-6-wochen-lieferzeit","20":"pa_luftaustausch-240-m-h-nominell","21":"pa_marke-bosse","22":"pa_mobilitaet-keine","23":"pa_monitorhalterung-ohne-monitorhalterung","24":"pa_nachhaltigkeit-klimaneutral-hergestellt","25":"pa_preissegment-eins","26":"pa_schalldaemmung-zwei-sterne","27":"pa_sitzen-oder-stehen-im-sitzen-niedrig-mit-stuhl-oder-bank","28":"pa_sitzen-oder-stehen-im-stehen","29":"pa_spezial-features-fuer-selbstmontage-geeignet","30":"pa_tiefe-0994-m","31":"pa_verfuegbare-tisch-optionen-variable-tischhoehe-manuell-verstellbar","32":"pa_verwendung-konzentriertes-arbeiten","33":"pa_verwendung-telefonieren","34":"pa_verwendung-video-call","36":"first","37":"instock","38":"taxable","39":"shipping-taxable","40":"purchasable","41":"product-type-simple"},"uagb_featured_image_src":{"full":["https:\/\/99cubes.de\/wp-content\/uploads\/2026\/04\/Arbeitsbox-Bosselino-Work-black-edition-quAD.jpg",1200,1200,false],"thumbnail":["https:\/\/99cubes.de\/wp-content\/uploads\/2026\/04\/Arbeitsbox-Bosselino-Work-black-edition-quAD-200x200.jpg",200,200,true],"medium":["https:\/\/99cubes.de\/wp-content\/uploads\/2026\/04\/Arbeitsbox-Bosselino-Work-black-edition-quAD-450x450.jpg",450,450,true],"medium_large":["https:\/\/99cubes.de\/wp-content\/uploads\/2026\/04\/Arbeitsbox-Bosselino-Work-black-edition-quAD-768x768.jpg",768,768,true],"large":["https:\/\/99cubes.de\/wp-content\/uploads\/2026\/04\/Arbeitsbox-Bosselino-Work-black-edition-quAD-1200x1200.jpg",1140,1140,true],"1536x1536":["https:\/\/99cubes.de\/wp-content\/uploads\/2026\/04\/Arbeitsbox-Bosselino-Work-black-edition-quAD.jpg",1200,1200,false],"2048x2048":["https:\/\/99cubes.de\/wp-content\/uploads\/2026\/04\/Arbeitsbox-Bosselino-Work-black-edition-quAD.jpg",1200,1200,false],"trp-custom-language-flag":["https:\/\/99cubes.de\/wp-content\/uploads\/2026\/04\/Arbeitsbox-Bosselino-Work-black-edition-quAD-12x12.jpg",12,12,true],"botiga-extra-large":["https:\/\/99cubes.de\/wp-content\/uploads\/2026\/04\/Arbeitsbox-Bosselino-Work-black-edition-quAD-1140x1140.jpg",1140,1140,true],"botiga-large":["https:\/\/99cubes.de\/wp-content\/uploads\/2026\/04\/Arbeitsbox-Bosselino-Work-black-edition-quAD-920x920.jpg",920,920,true],"botiga-big":["https:\/\/99cubes.de\/wp-content\/uploads\/2026\/04\/Arbeitsbox-Bosselino-Work-black-edition-quAD-575x575.jpg",575,575,true],"botiga-medium":["https:\/\/99cubes.de\/wp-content\/uploads\/2026\/04\/Arbeitsbox-Bosselino-Work-black-edition-quAD-380x380.jpg",380,380,true],"botiga-header-icons":["https:\/\/99cubes.de\/wp-content\/uploads\/2026\/04\/Arbeitsbox-Bosselino-Work-black-edition-quAD-50x50.jpg",50,50,true],"botiga-product-swatch-image":["https:\/\/99cubes.de\/wp-content\/uploads\/2026\/04\/Arbeitsbox-Bosselino-Work-black-edition-quAD-26x26.jpg",26,26,true],"woocommerce_thumbnail":["https:\/\/99cubes.de\/wp-content\/uploads\/2026\/04\/Arbeitsbox-Bosselino-Work-black-edition-quAD-420x420.jpg",420,420,true],"woocommerce_single":["https:\/\/99cubes.de\/wp-content\/uploads\/2026\/04\/Arbeitsbox-Bosselino-Work-black-edition-quAD-800x800.jpg",800,800,true],"woocommerce_gallery_thumbnail":["https:\/\/99cubes.de\/wp-content\/uploads\/2026\/04\/Arbeitsbox-Bosselino-Work-black-edition-quAD-100x100.jpg",100,100,true],"wpvr_mobile":["https:\/\/99cubes.de\/wp-content\/uploads\/2026\/04\/Arbeitsbox-Bosselino-Work-black-edition-quAD.jpg",1200,1200,false]},"uagb_author_info":{"display_name":"frank","author_link":"https:\/\/99cubes.de\/fr\/author\/"},"uagb_comment_info":0,"uagb_excerpt":"Die Arbeitsbox \"Bosselino Work\" ist die smarte Arbeitsbox aus der Bosselino-Serie. Die \"Bosselino Work\" ist konstruktiv weitestgehend identisch aufgebaut wie die Meetingbox\u00a0 \"Bosselino Duo\", sie verf\u00fcgt aber \u00fcber eine andere Innenausstattung und einige zus\u00e4tzliche\u00a0 Features: So ist sie beispielsweise mit einem mechanisch h\u00f6henverstellbaren Tisch ausgestattet. Mit der in die Decke integrierten, auf den Tisch ausgerichteten\u2026","_links":{"self":[{"href":"https:\/\/99cubes.de\/fr\/wp-json\/wp\/v2\/product\/4830","targetHints":{"allow":["GET"]}}],"collection":[{"href":"https:\/\/99cubes.de\/fr\/wp-json\/wp\/v2\/product"}],"about":[{"href":"https:\/\/99cubes.de\/fr\/wp-json\/wp\/v2\/types\/product"}],"replies":[{"embeddable":true,"href":"https:\/\/99cubes.de\/fr\/wp-json\/wp\/v2\/comments?post=4830"}],"wp:featuredmedia":[{"embeddable":true,"href":"https:\/\/99cubes.de\/fr\/wp-json\/wp\/v2\/media\/4851"}],"wp:attachment":[{"href":"https:\/\/99cubes.de\/fr\/wp-json\/wp\/v2\/media?parent=4830"}],"wp:term":[{"taxonomy":"product_brand","embeddable":true,"href":"https:\/\/99cubes.de\/fr\/wp-json\/wp\/v2\/product_brand?post=4830"},{"taxonomy":"product_cat","embeddable":true,"href":"https:\/\/99cubes.de\/fr\/wp-json\/wp\/v2\/product_cat?post=4830"},{"taxonomy":"product_tag","embeddable":true,"href":"https:\/\/99cubes.de\/fr\/wp-json\/wp\/v2\/product_tag?post=4830"}],"curies":[{"name":"wp","href":"https:\/\/api.w.org\/{rel}","templated":true}]}}