{"id":3797,"date":"2025-04-03T11:44:17","date_gmt":"2025-04-03T09:44:17","guid":{"rendered":"https:\/\/99cubes.de\/?page_id=3797"},"modified":"2025-11-21T08:59:03","modified_gmt":"2025-11-21T07:59:03","slug":"gebruikte-telefooncellen-gebruikte-vergadercellen","status":"publish","type":"page","link":"https:\/\/99cubes.de\/nl\/gebrauchte-telefonboxen-gebrauchte-meetingboxen\/","title":{"rendered":"Gebruikte telefooncellen - Gebruikte vergadercellen"},"content":{"rendered":"<p>Als Spezialist f\u00fcr Telefon- und Meetingboxen in allen Erwerbsformen (Miete \/ Leasing \/ Kauf) erhalten wir immer wieder R\u00fcckl\u00e4ufer. Deshalb findet ihr bei uns ein wechselndes Angebot an gebrauchten Telefonboxen bzw. gebrauchten Meetingboxen. \u00c4hnlich wie im Autohaus handelt es sich dabei entweder um Leasingr\u00fcckl\u00e4ufer oder \u201cTageszulassungen\u201d \u2013 so nennen wir mit einer Prise Ironie diejenigen Telefonboxen, die nur wenige Tage bei Events oder Veranstaltungen zum Einsatz gekommen sind und von uns anschlie\u00dfend verg\u00fcnstigt abgegeben werden k\u00f6nnen. Bitte beachtet folgende Punkte:<\/p>\n<ul>\n<li>\nDie Verf\u00fcgbarkeit unserer gebrauchten Telefonboxen variiert regional und bez\u00fcglich der erh\u00e4ltlichen St\u00fcckzahlen.<\/li>\n<li>Die Telefonboxen wurden zuvor professionell demontiert und gereinigt, eingelagert und dann bei euch vor Ort von Profis wieder montiert.<\/li>\n<li>Eine Selbstmontage ist leider nicht m\u00f6glich.<\/li>\n<\/ul>\n\n\n\n\n<p>Preise und detaillierte Angaben zur Verf\u00fcgbarkeit senden wir euch gerne zu &#8211; nutzt dazu bitte unser Kontaktformular:<\/p>\n\n\n\n<div class=\"wp-block-buttons is-content-justification-center is-layout-flex wp-container-core-buttons-is-layout-a89b3969 wp-block-buttons-is-layout-flex\">\n<div class=\"wp-block-button\"><a class=\"wp-block-button__link has-text-align-center wp-element-button\" href=\"https:\/\/99cubes.de\/contact\/\">Zum Kontaktformular<\/a><\/div>\n<\/div>\n\n\n\n<div style=\"height:35px\" aria-hidden=\"true\" class=\"wp-block-spacer\"><\/div>\n\n\n\n<p>Aktuell auf Lager bzw. in den n\u00e4chsten sechs bis acht Wochen verf\u00fcgbar sind die folgenden gebrauchten Telefon- bzw. Meetingboxen:<\/p>\n\n\n<div data-attributes=\"[{&quot;id&quot;:363,&quot;attr_slug&quot;:&quot;pa_zustand&quot;},{&quot;id&quot;:362,&quot;attr_slug&quot;:&quot;pa_zustand&quot;},{&quot;id&quot;:389,&quot;attr_slug&quot;:&quot;pa_zustand&quot;}]\" data-block-name=\"woocommerce\/products-by-attribute\" data-columns=\"4\" data-content-visibility=\"{&quot;image&quot;:true,&quot;title&quot;:true,&quot;price&quot;:false,&quot;rating&quot;:false,&quot;button&quot;:false}\" data-orderby=\"menu_order\" data-rows=\"2\" class=\"wc-block-grid wp-block-products-by-attribute wp-block-woocommerce-products-by-attribute wc-block-products-by-attribute has-4-columns has-multiple-rows\"><ul class=\"wc-block-grid__products\"><li class=\"wc-block-grid__product merchant_product-labels-grid_item_html\">\n\t\t\t\t<a href=\"https:\/\/99cubes.de\/nl\/produkt\/silen-space-1-telefonbox-silen-gebraucht\/\" class=\"wc-block-grid__product-link\">\n\t\t\t\t\t<div class=\"wc-block-grid__product-image\"><img loading=\"lazy\" decoding=\"async\" width=\"420\" height=\"420\" src=\"https:\/\/99cubes.de\/wp-content\/uploads\/2025\/01\/Telefonbox-Silen-Space-1-99cubes-premium-telefonbox-11-420x420.jpg\" class=\"attachment-woocommerce_thumbnail size-woocommerce_thumbnail\" alt=\"Silen Space 1 Telefonbox  | Silen (gebraucht)\" srcset=\"https:\/\/99cubes.de\/wp-content\/uploads\/2025\/01\/Telefonbox-Silen-Space-1-99cubes-premium-telefonbox-11-420x420.jpg 420w, https:\/\/99cubes.de\/wp-content\/uploads\/2025\/01\/Telefonbox-Silen-Space-1-99cubes-premium-telefonbox-11-200x200.jpg 200w, https:\/\/99cubes.de\/wp-content\/uploads\/2025\/01\/Telefonbox-Silen-Space-1-99cubes-premium-telefonbox-11-50x50.jpg 50w, https:\/\/99cubes.de\/wp-content\/uploads\/2025\/01\/Telefonbox-Silen-Space-1-99cubes-premium-telefonbox-11-26x26.jpg 26w, https:\/\/99cubes.de\/wp-content\/uploads\/2025\/01\/Telefonbox-Silen-Space-1-99cubes-premium-telefonbox-11-100x100.jpg 100w\" sizes=\"auto, (max-width: 420px) 100vw, 420px\" \/><\/div>\n\t\t\t\t\t<div class=\"wc-block-grid__product-title\">Silen Space 1 Telefonbox  | Silen (gebraucht)<\/div>\n\t\t\t\t\t<div class=\"merchant-product-labels merchant-product-labels__regular merchant-product-labels--multiple show-on-desktop show-on-mobile\"><div class=\"merchant-product-labels__label-wrapper merchant-product-labels__text merchant-product-labels__text-shape-1 position-top-left\" style=\"margin:0;padding:0;width:100px;height:32px;font-size:14px;background-color:#212121;color:#ffffff;border-radius:5px;top:10px;left:10px;\"><span class=\"merchant-label merchant-label-top-left\" style=\"\">Gebraucht<\/span><\/div><\/div>\n\t\t\t\t<\/a>\n\t\t\t\t\n\t\t\t\t\n\t\t\t\t\n\t\t\t<\/li><li class=\"wc-block-grid__product merchant_product-labels-grid_item_html\">\n\t\t\t\t<a href=\"https:\/\/99cubes.de\/nl\/produkt\/telefonbox-bosselino-bosse-gebraucht\/\" class=\"wc-block-grid__product-link\">\n\t\t\t\t\t<div class=\"wc-block-grid__product-image\"><img loading=\"lazy\" decoding=\"async\" width=\"420\" height=\"420\" src=\"https:\/\/99cubes.de\/wp-content\/uploads\/2024\/07\/bosselino-neu-weisserhintergrund_quad-420x420.jpg\" class=\"attachment-woocommerce_thumbnail size-woocommerce_thumbnail\" alt=\"Telefonbox Bosselino | Bosse (gebraucht)\" srcset=\"https:\/\/99cubes.de\/wp-content\/uploads\/2024\/07\/bosselino-neu-weisserhintergrund_quad-420x420.jpg 420w, https:\/\/99cubes.de\/wp-content\/uploads\/2024\/07\/bosselino-neu-weisserhintergrund_quad-450x450.jpg 450w, https:\/\/99cubes.de\/wp-content\/uploads\/2024\/07\/bosselino-neu-weisserhintergrund_quad-200x200.jpg 200w, https:\/\/99cubes.de\/wp-content\/uploads\/2024\/07\/bosselino-neu-weisserhintergrund_quad-768x768.jpg 768w, https:\/\/99cubes.de\/wp-content\/uploads\/2024\/07\/bosselino-neu-weisserhintergrund_quad-575x575.jpg 575w, https:\/\/99cubes.de\/wp-content\/uploads\/2024\/07\/bosselino-neu-weisserhintergrund_quad-380x380.jpg 380w, https:\/\/99cubes.de\/wp-content\/uploads\/2024\/07\/bosselino-neu-weisserhintergrund_quad-50x50.jpg 50w, https:\/\/99cubes.de\/wp-content\/uploads\/2024\/07\/bosselino-neu-weisserhintergrund_quad-26x26.jpg 26w, https:\/\/99cubes.de\/wp-content\/uploads\/2024\/07\/bosselino-neu-weisserhintergrund_quad-100x100.jpg 100w, https:\/\/99cubes.de\/wp-content\/uploads\/2024\/07\/bosselino-neu-weisserhintergrund_quad.jpg 775w\" sizes=\"auto, (max-width: 420px) 100vw, 420px\" \/><\/div>\n\t\t\t\t\t<div class=\"wc-block-grid__product-title\">Telefonbox Bosselino | Bosse (gebraucht)<\/div>\n\t\t\t\t\t<div class=\"merchant-product-labels merchant-product-labels__regular merchant-product-labels--multiple show-on-desktop show-on-mobile\"><div class=\"merchant-product-labels__label-wrapper merchant-product-labels__text merchant-product-labels__text-shape-1 position-top-left\" style=\"margin:0;padding:0;width:100px;height:32px;font-size:14px;background-color:#212121;color:#ffffff;border-radius:5px;top:10px;left:10px;\"><span class=\"merchant-label merchant-label-top-left\" style=\"\">Gebraucht<\/span><\/div><\/div>\n\t\t\t\t<\/a>\n\t\t\t\t\n\t\t\t\t\n\t\t\t\t\n\t\t\t<\/li><li class=\"wc-block-grid__product merchant_product-labels-grid_item_html\">\n\t\t\t\t<a href=\"https:\/\/99cubes.de\/nl\/produkt\/telefonbox-jetson-s1-weiss-mute-gebraucht\/\" class=\"wc-block-grid__product-link\">\n\t\t\t\t\t<div class=\"wc-block-grid__product-image\"><img loading=\"lazy\" decoding=\"async\" width=\"420\" height=\"420\" src=\"https:\/\/99cubes.de\/wp-content\/uploads\/2024\/07\/Jetson-S1-Moon-White-420x420.jpg\" class=\"attachment-woocommerce_thumbnail size-woocommerce_thumbnail\" alt=\"Telefonbox Jetson S1, wei\u00df | MUTE (gebraucht)\" srcset=\"https:\/\/99cubes.de\/wp-content\/uploads\/2024\/07\/Jetson-S1-Moon-White-420x420.jpg 420w, https:\/\/99cubes.de\/wp-content\/uploads\/2024\/07\/Jetson-S1-Moon-White-450x450.jpg 450w, https:\/\/99cubes.de\/wp-content\/uploads\/2024\/07\/Jetson-S1-Moon-White.jpg 1200w, https:\/\/99cubes.de\/wp-content\/uploads\/2024\/07\/Jetson-S1-Moon-White-200x200.jpg 200w, https:\/\/99cubes.de\/wp-content\/uploads\/2024\/07\/Jetson-S1-Moon-White-768x768.jpg 768w, https:\/\/99cubes.de\/wp-content\/uploads\/2024\/07\/Jetson-S1-Moon-White-1140x1140.jpg 1140w, https:\/\/99cubes.de\/wp-content\/uploads\/2024\/07\/Jetson-S1-Moon-White-920x920.jpg 920w, https:\/\/99cubes.de\/wp-content\/uploads\/2024\/07\/Jetson-S1-Moon-White-575x575.jpg 575w, https:\/\/99cubes.de\/wp-content\/uploads\/2024\/07\/Jetson-S1-Moon-White-380x380.jpg 380w, https:\/\/99cubes.de\/wp-content\/uploads\/2024\/07\/Jetson-S1-Moon-White-50x50.jpg 50w, https:\/\/99cubes.de\/wp-content\/uploads\/2024\/07\/Jetson-S1-Moon-White-26x26.jpg 26w, https:\/\/99cubes.de\/wp-content\/uploads\/2024\/07\/Jetson-S1-Moon-White-800x800.jpg 800w, https:\/\/99cubes.de\/wp-content\/uploads\/2024\/07\/Jetson-S1-Moon-White-100x100.jpg 100w\" sizes=\"auto, (max-width: 420px) 100vw, 420px\" \/><\/div>\n\t\t\t\t\t<div class=\"wc-block-grid__product-title\">Telefonbox Jetson S1, wei\u00df | MUTE (gebraucht)<\/div>\n\t\t\t\t\t<div class=\"merchant-product-labels merchant-product-labels__regular merchant-product-labels--multiple show-on-desktop show-on-mobile\"><div class=\"merchant-product-labels__label-wrapper merchant-product-labels__text merchant-product-labels__text-shape-1 position-top-left\" style=\"margin:0;padding:0;width:100px;height:32px;font-size:14px;background-color:#212121;color:#ffffff;border-radius:5px;top:10px;left:10px;\"><span class=\"merchant-label merchant-label-top-left\" style=\"\">Gebraucht<\/span><\/div><\/div>\n\t\t\t\t<\/a>\n\t\t\t\t\n\t\t\t\t\n\t\t\t\t\n\t\t\t<\/li><li class=\"wc-block-grid__product merchant_product-labels-grid_item_html\">\n\t\t\t\t<a href=\"https:\/\/99cubes.de\/nl\/produkt\/telefonbox-bosselino-uno-bosse-gebraucht\/\" class=\"wc-block-grid__product-link\">\n\t\t\t\t\t<div class=\"wc-block-grid__product-image\"><img loading=\"lazy\" decoding=\"async\" width=\"420\" height=\"420\" src=\"https:\/\/99cubes.de\/wp-content\/uploads\/2024\/10\/99cubes-bosselino-uno-ambiente-1-quad-420x420.jpg\" class=\"attachment-woocommerce_thumbnail size-woocommerce_thumbnail\" alt=\"Telefonbox Bosselino Uno | Bosse (gebraucht)\" srcset=\"https:\/\/99cubes.de\/wp-content\/uploads\/2024\/10\/99cubes-bosselino-uno-ambiente-1-quad-420x420.jpg 420w, https:\/\/99cubes.de\/wp-content\/uploads\/2024\/10\/99cubes-bosselino-uno-ambiente-1-quad-450x450.jpg 450w, https:\/\/99cubes.de\/wp-content\/uploads\/2024\/10\/99cubes-bosselino-uno-ambiente-1-quad-200x200.jpg 200w, https:\/\/99cubes.de\/wp-content\/uploads\/2024\/10\/99cubes-bosselino-uno-ambiente-1-quad-768x768.jpg 768w, https:\/\/99cubes.de\/wp-content\/uploads\/2024\/10\/99cubes-bosselino-uno-ambiente-1-quad-12x12.jpg 12w, https:\/\/99cubes.de\/wp-content\/uploads\/2024\/10\/99cubes-bosselino-uno-ambiente-1-quad-575x575.jpg 575w, https:\/\/99cubes.de\/wp-content\/uploads\/2024\/10\/99cubes-bosselino-uno-ambiente-1-quad-380x380.jpg 380w, https:\/\/99cubes.de\/wp-content\/uploads\/2024\/10\/99cubes-bosselino-uno-ambiente-1-quad-50x50.jpg 50w, https:\/\/99cubes.de\/wp-content\/uploads\/2024\/10\/99cubes-bosselino-uno-ambiente-1-quad-26x26.jpg 26w, https:\/\/99cubes.de\/wp-content\/uploads\/2024\/10\/99cubes-bosselino-uno-ambiente-1-quad-800x800.jpg 800w, https:\/\/99cubes.de\/wp-content\/uploads\/2024\/10\/99cubes-bosselino-uno-ambiente-1-quad-100x100.jpg 100w, https:\/\/99cubes.de\/wp-content\/uploads\/2024\/10\/99cubes-bosselino-uno-ambiente-1-quad.jpg 902w\" sizes=\"auto, (max-width: 420px) 100vw, 420px\" \/><\/div>\n\t\t\t\t\t<div class=\"wc-block-grid__product-title\">Telefonbox Bosselino Uno | Bosse (gebraucht)<\/div>\n\t\t\t\t\t<div class=\"merchant-product-labels merchant-product-labels__regular merchant-product-labels--multiple show-on-desktop show-on-mobile\"><div class=\"merchant-product-labels__label-wrapper merchant-product-labels__text merchant-product-labels__text-shape-1 position-top-left\" style=\"margin:0;padding:0;width:100px;height:32px;font-size:14px;background-color:#212121;color:#ffffff;border-radius:5px;top:10px;left:10px;\"><span class=\"merchant-label merchant-label-top-left\" style=\"\">Gebraucht<\/span><\/div><\/div>\n\t\t\t\t<\/a>\n\t\t\t\t\n\t\t\t\t\n\t\t\t\t\n\t\t\t<\/li><li class=\"wc-block-grid__product merchant_product-labels-grid_item_html\">\n\t\t\t\t<a href=\"https:\/\/99cubes.de\/nl\/produkt\/meetingbox-jetson-l4-weiss-mute-gebraucht\/\" class=\"wc-block-grid__product-link\">\n\t\t\t\t\t<div class=\"wc-block-grid__product-image\"><img loading=\"lazy\" decoding=\"async\" width=\"420\" height=\"420\" src=\"https:\/\/99cubes.de\/wp-content\/uploads\/2024\/06\/Jetson-L4-white-2-420x420.jpg\" class=\"attachment-woocommerce_thumbnail size-woocommerce_thumbnail\" alt=\"Meetingbox Jetson L4, wei\u00df | MUTE (gebraucht)\" srcset=\"https:\/\/99cubes.de\/wp-content\/uploads\/2024\/06\/Jetson-L4-white-2-420x420.jpg 420w, https:\/\/99cubes.de\/wp-content\/uploads\/2024\/06\/Jetson-L4-white-2-200x200.jpg 200w, https:\/\/99cubes.de\/wp-content\/uploads\/2024\/06\/Jetson-L4-white-2-50x50.jpg 50w, https:\/\/99cubes.de\/wp-content\/uploads\/2024\/06\/Jetson-L4-white-2-26x26.jpg 26w, https:\/\/99cubes.de\/wp-content\/uploads\/2024\/06\/Jetson-L4-white-2-100x100.jpg 100w\" sizes=\"auto, (max-width: 420px) 100vw, 420px\" \/><\/div>\n\t\t\t\t\t<div class=\"wc-block-grid__product-title\">Meetingbox Jetson L4, wei\u00df | MUTE (gebraucht)<\/div>\n\t\t\t\t\t<div class=\"merchant-product-labels merchant-product-labels__regular merchant-product-labels--multiple show-on-desktop show-on-mobile\"><div class=\"merchant-product-labels__label-wrapper merchant-product-labels__text merchant-product-labels__text-shape-1 position-top-left\" style=\"margin:0;padding:0;width:100px;height:32px;font-size:14px;background-color:#212121;color:#ffffff;border-radius:5px;top:10px;left:10px;\"><span class=\"merchant-label merchant-label-top-left\" style=\"\">Gebraucht<\/span><\/div><\/div>\n\t\t\t\t<\/a>\n\t\t\t\t\n\t\t\t\t\n\t\t\t\t\n\t\t\t<\/li><\/ul><\/div>\n\n\n<p><\/p>\n","protected":false},"excerpt":{"rendered":"<p>Preise und detaillierte Angaben zur Verf\u00fcgbarkeit senden wir euch gerne zu &#8211; nutzt dazu bitte unser Kontaktformular: Aktuell [&hellip;]<\/p>\n","protected":false},"author":1,"featured_media":0,"parent":0,"menu_order":0,"comment_status":"closed","ping_status":"closed","template":"","meta":{"content-type":"","_uag_custom_page_level_css":"","footnotes":""},"class_list":["post-3797","page","type-page","status-publish","hentry"],"uagb_featured_image_src":{"full":false,"thumbnail":false,"medium":false,"medium_large":false,"large":false,"1536x1536":false,"2048x2048":false,"trp-custom-language-flag":false,"botiga-extra-large":false,"botiga-large":false,"botiga-big":false,"botiga-medium":false,"botiga-header-icons":false,"botiga-product-swatch-image":false,"woocommerce_thumbnail":false,"woocommerce_single":false,"woocommerce_gallery_thumbnail":false,"wpvr_mobile":false},"uagb_author_info":{"display_name":"frank","author_link":"https:\/\/99cubes.de\/nl\/author\/frank\/"},"uagb_comment_info":0,"uagb_excerpt":"Preise und detaillierte Angaben zur Verf\u00fcgbarkeit senden wir euch gerne zu &#8211; nutzt dazu bitte unser Kontaktformular: Aktuell [&hellip;]","_links":{"self":[{"href":"https:\/\/99cubes.de\/nl\/wp-json\/wp\/v2\/pages\/3797","targetHints":{"allow":["GET"]}}],"collection":[{"href":"https:\/\/99cubes.de\/nl\/wp-json\/wp\/v2\/pages"}],"about":[{"href":"https:\/\/99cubes.de\/nl\/wp-json\/wp\/v2\/types\/page"}],"author":[{"embeddable":true,"href":"https:\/\/99cubes.de\/nl\/wp-json\/wp\/v2\/users\/1"}],"replies":[{"embeddable":true,"href":"https:\/\/99cubes.de\/nl\/wp-json\/wp\/v2\/comments?post=3797"}],"version-history":[{"count":8,"href":"https:\/\/99cubes.de\/nl\/wp-json\/wp\/v2\/pages\/3797\/revisions"}],"predecessor-version":[{"id":4389,"href":"https:\/\/99cubes.de\/nl\/wp-json\/wp\/v2\/pages\/3797\/revisions\/4389"}],"wp:attachment":[{"href":"https:\/\/99cubes.de\/nl\/wp-json\/wp\/v2\/media?parent=3797"}],"curies":[{"name":"wp","href":"https:\/\/api.w.org\/{rel}","templated":true}]}}