{"id":522,"date":"2024-06-01T17:50:23","date_gmt":"2024-06-01T15:50:23","guid":{"rendered":"https:\/\/99cubes.de\/versand__lieferung\/"},"modified":"2024-12-02T22:05:40","modified_gmt":"2024-12-02T21:05:40","slug":"verzending-levering","status":"publish","type":"page","link":"https:\/\/99cubes.de\/nl\/versand-lieferung\/","title":{"rendered":"Levering &amp; montage"},"content":{"rendered":"\n<p><strong>Preise | Lieferung | Montage<\/strong><\/p>\n\n\n\n<p>Unser Angebot richtet sich ausschlie\u00dflich an Unternehmen, nicht an Endverbraucher. Die auf den Produktseiten genannten Preise sind Nettopreise und verstehen sich zuz\u00fcglich der gesetzlichen Mehrwertsteuer.<\/p>\n\n\n\n<p>Bei Preisangaben mit dem Zusatz &#8222;pro Monat&#8220; handelt es sich um einen unverbindlichen Richtwert einer monatlichen Leasing-Rate f\u00fcr die g\u00fcnstigste Variante des gezeigten Produkts bei einer angenommen Laufzeit von 60 Monaten. Diese Monatsrate ist kalkuliert auf Basis der aktuellen Geld- und Kapitalmarktkonditionen. Diese Angebot ist freibleibend und vorbehaltlich einer Bonit\u00e4tspr\u00fcfung durch den von uns vermittelten Leasinggeber.<\/p>\n\n\n\n<p>Die Kosten f\u00fcr Lieferung und ggf. Montage unterscheiden sich von Produkt zu Produkt und sind sind &#8211; in Abh\u00e4ngigkeit von der gew\u00e4hlten Erwerbsform (Leasing, Miete, Kauf) ggf. zus\u00e4tzlich zu entrichten. Au\u00dferdem k\u00f6nnen die Liefer- und Montagekosten von Land zu Land abweichen. Vor Erteilung eines Auftrags geht Ihnen&nbsp;ein verbindliches Angebot zu.<\/p>\n\n\n\n<div style=\"height:50px\" aria-hidden=\"true\" class=\"wp-block-spacer\"><\/div>\n\n\n\n<iframe title=\"Liefergebiet\" aria-label=\"Karte\" id=\"datawrapper-chart-3wWbs\" src=\"https:\/\/datawrapper.dwcdn.net\/3wWbs\/1\/\" scrolling=\"no\" frameborder=\"0\" style=\"width: 0; min-width: 100% !important; border: none;\" height=\"683\" data-external=\"1\"><\/iframe><script type=\"text\/javascript\">!function(){\"use strict\";window.addEventListener(\"message\",(function(a){if(void 0!==a.data[\"datawrapper-height\"]){var e=document.querySelectorAll(\"iframe\");for(var t in a.data[\"datawrapper-height\"])for(var r=0;r<e.length;r++)if(e[r].contentWindow===a.source){var i=a.data[\"datawrapper-height\"][t]+\"px\";e[r].style.height=i}}}))}();\n<\/script>\n\n\n\n<div style=\"height:50px\" aria-hidden=\"true\" class=\"wp-block-spacer\"><\/div>\n\n\n\n<p><strong>Wir liefern in folgende L\u00e4nder<\/strong>:<\/p>\n\n\n\n<p>Deutschland, D\u00e4nemark, Polen, \u00d6sterreich, Frankreich, Belgien, Niederlande, Luxemburg, Italien, Spanien, Portugal.<\/p>\n\n\n\n<p>Eine Lieferung in weitere EU-L\u00e4nder ist in der Regel m\u00f6glich, muss jedoch auf Anfrage von uns gepr\u00fcft werden.<\/p>\n\n\n\n<p>Eine Lieferung in die Schweiz (CH), nach Liechtenstein (LI) und ins Vereinigte K\u00f6nigreich (UK) ist leider nicht m\u00f6glich.<\/p>\n","protected":false},"excerpt":{"rendered":"<p>Preise | Lieferung | Montage Unser Angebot richtet sich ausschlie\u00dflich an Unternehmen, nicht an Endverbraucher. Die auf den [&hellip;]<\/p>\n","protected":false},"author":1,"featured_media":0,"parent":0,"menu_order":0,"comment_status":"closed","ping_status":"closed","template":"","meta":{"content-type":"","_uag_custom_page_level_css":"","footnotes":""},"class_list":["post-522","page","type-page","status-publish","hentry"],"uagb_featured_image_src":{"full":false,"thumbnail":false,"medium":false,"medium_large":false,"large":false,"1536x1536":false,"2048x2048":false,"trp-custom-language-flag":false,"botiga-extra-large":false,"botiga-large":false,"botiga-big":false,"botiga-medium":false,"botiga-header-icons":false,"botiga-product-swatch-image":false,"woocommerce_thumbnail":false,"woocommerce_single":false,"woocommerce_gallery_thumbnail":false,"wpvr_mobile":false},"uagb_author_info":{"display_name":"frank","author_link":"https:\/\/99cubes.de\/nl\/author\/frank\/"},"uagb_comment_info":0,"uagb_excerpt":"Preise | Lieferung | Montage Unser Angebot richtet sich ausschlie\u00dflich an Unternehmen, nicht an Endverbraucher. Die auf den [&hellip;]","_links":{"self":[{"href":"https:\/\/99cubes.de\/nl\/wp-json\/wp\/v2\/pages\/522","targetHints":{"allow":["GET"]}}],"collection":[{"href":"https:\/\/99cubes.de\/nl\/wp-json\/wp\/v2\/pages"}],"about":[{"href":"https:\/\/99cubes.de\/nl\/wp-json\/wp\/v2\/types\/page"}],"author":[{"embeddable":true,"href":"https:\/\/99cubes.de\/nl\/wp-json\/wp\/v2\/users\/1"}],"replies":[{"embeddable":true,"href":"https:\/\/99cubes.de\/nl\/wp-json\/wp\/v2\/comments?post=522"}],"version-history":[{"count":1,"href":"https:\/\/99cubes.de\/nl\/wp-json\/wp\/v2\/pages\/522\/revisions"}],"predecessor-version":[{"id":3251,"href":"https:\/\/99cubes.de\/nl\/wp-json\/wp\/v2\/pages\/522\/revisions\/3251"}],"wp:attachment":[{"href":"https:\/\/99cubes.de\/nl\/wp-json\/wp\/v2\/media?parent=522"}],"curies":[{"name":"wp","href":"https:\/\/api.w.org\/{rel}","templated":true}]}}