{"id":1268,"date":"2024-07-11T10:15:49","date_gmt":"2024-07-11T08:15:49","guid":{"rendered":"https:\/\/99cubes.de\/?post_type=product&#038;p=1268"},"modified":"2025-07-10T11:14:27","modified_gmt":"2025-07-10T09:14:27","slug":"meetingbox-space-xl-mute-2","status":"publish","type":"product","link":"https:\/\/99cubes.de\/nl\/produkt\/meetingbox-space-xl-mute-2\/","title":{"rendered":"Meetingbox Space XL | MUTE"},"content":{"rendered":"<div class=\"su-accordion su-u-trim\">\n<div class=\"su-spoiler su-spoiler-style-default su-spoiler-icon-plus\" data-scroll-offset=\"0\" data-anchor-in-url=\"no\"><div class=\"su-spoiler-title\" tabindex=\"0\" role=\"button\"><span class=\"su-spoiler-icon\"><\/span><strong>Info over de Space-serie<\/strong><\/div><div class=\"su-spoiler-content su-u-clearfix su-u-trim\">\n<p><strong>De Space serie: innovatieve akoestische oplossingen voor hedendaagse werkplekconcepten.<\/strong><\/p>\n<p>De Space serie is de high-end productlijn van MUTE en biedt op maat gemaakte retraites voor geconcentreerd werken en effectieve communicatie op het hoogste kwaliteitsniveau. De Space akoestische boxen (\u201eSpace Pods\u201c) zijn verkrijgbaar in de maten S, M, L en XL en beslaan het hele scala van (losse) telefoonboxen tot ruime vergaderboxen.<\/p>\n<p>De telefoon- en vergaderboxen uit de Space serie kunnen niet alleen worden aangepast aan verschillende doeleinden en teamgroottes, maar kunnen ook worden geconfigureerd in een groot aantal kleuren en materialen voor een perfecte integratie in elke kantooromgeving.<\/p>\n<p>Zeer goede geluidsisolatie en hoogwaardige afwerking gaan hand in hand met de Space-producten en bieden een onge\u00ebvenaarde verblijfskwaliteit binnenin. Zo is er bijvoorbeeld het rijke klikgeluid van de sluitende deur, het nauwelijks hoorbare gezoem van de ventilatie en de waardige sfeer die elke Space-capsule omtovert tot een oase van rust, concentratie en topprestaties!<\/p>\n<\/div><\/div>\n<div class=\"su-spoiler su-spoiler-style-default su-spoiler-icon-plus su-spoiler-closed\" data-scroll-offset=\"0\" data-anchor-in-url=\"no\"><div class=\"su-spoiler-title\" tabindex=\"0\" role=\"button\"><span class=\"su-spoiler-icon\"><\/span><strong>Uitrusting:<\/strong><\/div><div class=\"su-spoiler-content su-u-clearfix su-u-trim\">\n<ul>\n<li>Ventilatiesysteem<\/li>\n<li>LED-verlichting<\/li>\n<li>Aanwezigheidsmelder voor ventilatoren en licht<\/li>\n<li>Schakelpaneel voor het regelen van ventilatie en verlichting (standaard inbegrepen bij de Space XL!)<\/li>\n<li>Stopcontacten: 3 in de muur (ongemeubileerde versie) of 4 in de tafel (conferentieversie)<\/li>\n<li>Stroomkabel 3 m<\/li>\n<li>3 muurhaken<\/li>\n<li>Grafiet tapijt<\/li>\n<li>Deurscharnier naar keuze links of rechts<\/li>\n<li>LAN-aansluiting | dubbele USB-laadaansluiting type A+C (in de muur of in het tafelblad, afhankelijk van de variant)<\/li>\n<li>inbegrepen in de standaard leveringsomvang voor de modelvariant \u201eConference\u201c:\n<ul>\n<li>Trapeziumvormig tafelblad type \u201eConference\u201c met ge\u00efntegreerde technologiehub voor stopcontacten en andere aansluitingen<\/li>\n<li>HDMI-aansluiting voor monitor in de technologiehub<\/li>\n<li>USB-A ingang voor webcam in de technologiehub<\/li>\n<li>LAN-verbinding in de technologiehub<\/li>\n<\/ul>\n<\/li>\n<li>voor de modelvariant \u201eConference\u201c optioneel \/ tegen meerprijs: zwarte beeldschermhouder, bevestigd aan het achterframe<\/li>\n<\/ul>\n<p>Voor de Space serie van MUTE zijn er talloze ontwerpmogelijkheden qua kleuren en materialen:<\/p>\n<div id='gallery-1' class='gallery galleryid-1268 gallery-columns-4 gallery-size-medium'><figure class='gallery-item'>\n\t\t\t<div class='gallery-icon landscape'>\n\t\t\t\t<a href='https:\/\/99cubes.de\/wp-content\/uploads\/2024\/07\/Space-XL-MUTE-Farben-und-Material-Auswahl-1.jpg'><img loading=\"lazy\" decoding=\"async\" width=\"450\" height=\"411\" src=\"https:\/\/99cubes.de\/wp-content\/uploads\/2024\/07\/Space-XL-MUTE-Farben-und-Material-Auswahl-1-450x411.jpg\" class=\"attachment-medium size-medium\" alt=\"\" aria-describedby=\"gallery-1-1282\" srcset=\"https:\/\/99cubes.de\/wp-content\/uploads\/2024\/07\/Space-XL-MUTE-Farben-und-Material-Auswahl-1-450x411.jpg 450w, https:\/\/99cubes.de\/wp-content\/uploads\/2024\/07\/Space-XL-MUTE-Farben-und-Material-Auswahl-1-768x701.jpg 768w, https:\/\/99cubes.de\/wp-content\/uploads\/2024\/07\/Space-XL-MUTE-Farben-und-Material-Auswahl-1-920x840.jpg 920w, https:\/\/99cubes.de\/wp-content\/uploads\/2024\/07\/Space-XL-MUTE-Farben-und-Material-Auswahl-1-575x525.jpg 575w, https:\/\/99cubes.de\/wp-content\/uploads\/2024\/07\/Space-XL-MUTE-Farben-und-Material-Auswahl-1-380x347.jpg 380w, https:\/\/99cubes.de\/wp-content\/uploads\/2024\/07\/Space-XL-MUTE-Farben-und-Material-Auswahl-1-800x730.jpg 800w, https:\/\/99cubes.de\/wp-content\/uploads\/2024\/07\/Space-XL-MUTE-Farben-und-Material-Auswahl-1.jpg 931w\" sizes=\"auto, (max-width: 450px) 100vw, 450px\" \/><\/a>\n\t\t\t<\/div>\n\t\t\t\t<figcaption class='wp-caption-text gallery-caption' id='gallery-1-1282'>\n\t\t\t\tMuur- en dakkleuren\n\t\t\t\t<\/figcaption><\/figure><figure class='gallery-item'>\n\t\t\t<div class='gallery-icon landscape'>\n\t\t\t\t<a href='https:\/\/99cubes.de\/wp-content\/uploads\/2024\/07\/Space-XL-MUTE-Farben-und-Material-Auswahl-2.jpg'><img loading=\"lazy\" decoding=\"async\" width=\"450\" height=\"374\" src=\"https:\/\/99cubes.de\/wp-content\/uploads\/2024\/07\/Space-XL-MUTE-Farben-und-Material-Auswahl-2-450x374.jpg\" class=\"attachment-medium size-medium\" alt=\"\" aria-describedby=\"gallery-1-1283\" srcset=\"https:\/\/99cubes.de\/wp-content\/uploads\/2024\/07\/Space-XL-MUTE-Farben-und-Material-Auswahl-2-450x374.jpg 450w, https:\/\/99cubes.de\/wp-content\/uploads\/2024\/07\/Space-XL-MUTE-Farben-und-Material-Auswahl-2-768x638.jpg 768w, https:\/\/99cubes.de\/wp-content\/uploads\/2024\/07\/Space-XL-MUTE-Farben-und-Material-Auswahl-2-920x764.jpg 920w, https:\/\/99cubes.de\/wp-content\/uploads\/2024\/07\/Space-XL-MUTE-Farben-und-Material-Auswahl-2-575x477.jpg 575w, https:\/\/99cubes.de\/wp-content\/uploads\/2024\/07\/Space-XL-MUTE-Farben-und-Material-Auswahl-2-380x316.jpg 380w, https:\/\/99cubes.de\/wp-content\/uploads\/2024\/07\/Space-XL-MUTE-Farben-und-Material-Auswahl-2-800x664.jpg 800w, https:\/\/99cubes.de\/wp-content\/uploads\/2024\/07\/Space-XL-MUTE-Farben-und-Material-Auswahl-2.jpg 943w\" sizes=\"auto, (max-width: 450px) 100vw, 450px\" \/><\/a>\n\t\t\t<\/div>\n\t\t\t\t<figcaption class='wp-caption-text gallery-caption' id='gallery-1-1283'>\n\t\t\t\tDeurkozijn\n\t\t\t\t<\/figcaption><\/figure><figure class='gallery-item'>\n\t\t\t<div class='gallery-icon landscape'>\n\t\t\t\t<a href='https:\/\/99cubes.de\/wp-content\/uploads\/2024\/07\/Space-XL-MUTE-Farben-und-Material-Auswahl-3.jpg'><img loading=\"lazy\" decoding=\"async\" width=\"450\" height=\"388\" src=\"https:\/\/99cubes.de\/wp-content\/uploads\/2024\/07\/Space-XL-MUTE-Farben-und-Material-Auswahl-3-450x388.jpg\" class=\"attachment-medium size-medium\" alt=\"\" aria-describedby=\"gallery-1-1284\" srcset=\"https:\/\/99cubes.de\/wp-content\/uploads\/2024\/07\/Space-XL-MUTE-Farben-und-Material-Auswahl-3-450x388.jpg 450w, https:\/\/99cubes.de\/wp-content\/uploads\/2024\/07\/Space-XL-MUTE-Farben-und-Material-Auswahl-3-768x663.jpg 768w, https:\/\/99cubes.de\/wp-content\/uploads\/2024\/07\/Space-XL-MUTE-Farben-und-Material-Auswahl-3-920x794.jpg 920w, https:\/\/99cubes.de\/wp-content\/uploads\/2024\/07\/Space-XL-MUTE-Farben-und-Material-Auswahl-3-575x496.jpg 575w, https:\/\/99cubes.de\/wp-content\/uploads\/2024\/07\/Space-XL-MUTE-Farben-und-Material-Auswahl-3-380x328.jpg 380w, https:\/\/99cubes.de\/wp-content\/uploads\/2024\/07\/Space-XL-MUTE-Farben-und-Material-Auswahl-3-800x691.jpg 800w, https:\/\/99cubes.de\/wp-content\/uploads\/2024\/07\/Space-XL-MUTE-Farben-und-Material-Auswahl-3.jpg 936w\" sizes=\"auto, (max-width: 450px) 100vw, 450px\" \/><\/a>\n\t\t\t<\/div>\n\t\t\t\t<figcaption class='wp-caption-text gallery-caption' id='gallery-1-1284'>\n\t\t\t\tTafelblad\n\t\t\t\t<\/figcaption><\/figure><figure class='gallery-item'>\n\t\t\t<div class='gallery-icon landscape'>\n\t\t\t\t<a href='https:\/\/99cubes.de\/wp-content\/uploads\/2024\/07\/Space-XL-MUTE-Farben-und-Material-Auswahl-4.jpg'><img loading=\"lazy\" decoding=\"async\" width=\"450\" height=\"218\" src=\"https:\/\/99cubes.de\/wp-content\/uploads\/2024\/07\/Space-XL-MUTE-Farben-und-Material-Auswahl-4-450x218.jpg\" class=\"attachment-medium size-medium\" alt=\"\" aria-describedby=\"gallery-1-1285\" srcset=\"https:\/\/99cubes.de\/wp-content\/uploads\/2024\/07\/Space-XL-MUTE-Farben-und-Material-Auswahl-4-450x218.jpg 450w, https:\/\/99cubes.de\/wp-content\/uploads\/2024\/07\/Space-XL-MUTE-Farben-und-Material-Auswahl-4-768x371.jpg 768w, https:\/\/99cubes.de\/wp-content\/uploads\/2024\/07\/Space-XL-MUTE-Farben-und-Material-Auswahl-4-920x445.jpg 920w, https:\/\/99cubes.de\/wp-content\/uploads\/2024\/07\/Space-XL-MUTE-Farben-und-Material-Auswahl-4-575x278.jpg 575w, https:\/\/99cubes.de\/wp-content\/uploads\/2024\/07\/Space-XL-MUTE-Farben-und-Material-Auswahl-4-380x184.jpg 380w, https:\/\/99cubes.de\/wp-content\/uploads\/2024\/07\/Space-XL-MUTE-Farben-und-Material-Auswahl-4-800x387.jpg 800w, https:\/\/99cubes.de\/wp-content\/uploads\/2024\/07\/Space-XL-MUTE-Farben-und-Material-Auswahl-4.jpg 964w\" sizes=\"auto, (max-width: 450px) 100vw, 450px\" \/><\/a>\n\t\t\t<\/div>\n\t\t\t\t<figcaption class='wp-caption-text gallery-caption' id='gallery-1-1285'>\n\t\t\t\tWandbekleding\n\t\t\t\t<\/figcaption><\/figure>\n\t\t<\/div>\n\n<\/div><\/div>\n<div class=\"su-spoiler su-spoiler-style-default su-spoiler-icon-plus su-spoiler-closed\" data-scroll-offset=\"0\" data-anchor-in-url=\"no\"><div class=\"su-spoiler-title\" tabindex=\"0\" role=\"button\"><span class=\"su-spoiler-icon\"><\/span><strong>Afmetingen en gewicht:<\/strong><\/div><div class=\"su-spoiler-content su-u-clearfix su-u-trim\">\n<ul>\n<li>Breedte (buiten\/binnen): 2450 mm \/ 2255 mm<\/li>\n<li>Diepte (buiten\/binnen): 2800 mm \/ 2695 mm + 900 mm met deur open<\/li>\n<li>Hoogte (buiten\/binnen): 2247 mm \/ 2140 mm<\/li>\n<li class=\"tech-specs__field\">Gewicht: 1160 kg (inclusief tafel), 1050 kg (ongemeubileerd)<\/li>\n<\/ul>\n<div id='gallery-2' class='gallery galleryid-1268 gallery-columns-2 gallery-size-full'><figure class='gallery-item'>\n\t\t\t<div class='gallery-icon landscape'>\n\t\t\t\t<a href='https:\/\/99cubes.de\/wp-content\/uploads\/2024\/07\/Abmessungen-Space-XL-Meetingbox-MUTE-Conference.jpg'><img loading=\"lazy\" decoding=\"async\" width=\"1596\" height=\"469\" src=\"https:\/\/99cubes.de\/wp-content\/uploads\/2024\/07\/Abmessungen-Space-XL-Meetingbox-MUTE-Conference.jpg\" class=\"attachment-full size-full\" alt=\"\" aria-describedby=\"gallery-2-1269\" srcset=\"https:\/\/99cubes.de\/wp-content\/uploads\/2024\/07\/Abmessungen-Space-XL-Meetingbox-MUTE-Conference.jpg 1596w, https:\/\/99cubes.de\/wp-content\/uploads\/2024\/07\/Abmessungen-Space-XL-Meetingbox-MUTE-Conference-450x132.jpg 450w, https:\/\/99cubes.de\/wp-content\/uploads\/2024\/07\/Abmessungen-Space-XL-Meetingbox-MUTE-Conference-1200x353.jpg 1200w, https:\/\/99cubes.de\/wp-content\/uploads\/2024\/07\/Abmessungen-Space-XL-Meetingbox-MUTE-Conference-768x226.jpg 768w, https:\/\/99cubes.de\/wp-content\/uploads\/2024\/07\/Abmessungen-Space-XL-Meetingbox-MUTE-Conference-1536x451.jpg 1536w, https:\/\/99cubes.de\/wp-content\/uploads\/2024\/07\/Abmessungen-Space-XL-Meetingbox-MUTE-Conference-1140x335.jpg 1140w, https:\/\/99cubes.de\/wp-content\/uploads\/2024\/07\/Abmessungen-Space-XL-Meetingbox-MUTE-Conference-920x270.jpg 920w, https:\/\/99cubes.de\/wp-content\/uploads\/2024\/07\/Abmessungen-Space-XL-Meetingbox-MUTE-Conference-575x169.jpg 575w, https:\/\/99cubes.de\/wp-content\/uploads\/2024\/07\/Abmessungen-Space-XL-Meetingbox-MUTE-Conference-380x112.jpg 380w, https:\/\/99cubes.de\/wp-content\/uploads\/2024\/07\/Abmessungen-Space-XL-Meetingbox-MUTE-Conference-800x235.jpg 800w\" sizes=\"auto, (max-width: 1596px) 100vw, 1596px\" \/><\/a>\n\t\t\t<\/div>\n\t\t\t\t<figcaption class='wp-caption-text gallery-caption' id='gallery-2-1269'>\n\t\t\t\tSpace XL - Conferentie\n\t\t\t\t<\/figcaption><\/figure><figure class='gallery-item'>\n\t\t\t<div class='gallery-icon landscape'>\n\t\t\t\t<a href='https:\/\/99cubes.de\/wp-content\/uploads\/2024\/07\/Abmessungen-Space-XL-Meetingbox-MUTE-unmoebliert.jpg'><img loading=\"lazy\" decoding=\"async\" width=\"1585\" height=\"486\" src=\"https:\/\/99cubes.de\/wp-content\/uploads\/2024\/07\/Abmessungen-Space-XL-Meetingbox-MUTE-unmoebliert.jpg\" class=\"attachment-full size-full\" alt=\"\" aria-describedby=\"gallery-2-1270\" srcset=\"https:\/\/99cubes.de\/wp-content\/uploads\/2024\/07\/Abmessungen-Space-XL-Meetingbox-MUTE-unmoebliert.jpg 1585w, https:\/\/99cubes.de\/wp-content\/uploads\/2024\/07\/Abmessungen-Space-XL-Meetingbox-MUTE-unmoebliert-450x138.jpg 450w, https:\/\/99cubes.de\/wp-content\/uploads\/2024\/07\/Abmessungen-Space-XL-Meetingbox-MUTE-unmoebliert-1200x368.jpg 1200w, https:\/\/99cubes.de\/wp-content\/uploads\/2024\/07\/Abmessungen-Space-XL-Meetingbox-MUTE-unmoebliert-768x235.jpg 768w, https:\/\/99cubes.de\/wp-content\/uploads\/2024\/07\/Abmessungen-Space-XL-Meetingbox-MUTE-unmoebliert-1536x471.jpg 1536w, https:\/\/99cubes.de\/wp-content\/uploads\/2024\/07\/Abmessungen-Space-XL-Meetingbox-MUTE-unmoebliert-1140x350.jpg 1140w, https:\/\/99cubes.de\/wp-content\/uploads\/2024\/07\/Abmessungen-Space-XL-Meetingbox-MUTE-unmoebliert-920x282.jpg 920w, https:\/\/99cubes.de\/wp-content\/uploads\/2024\/07\/Abmessungen-Space-XL-Meetingbox-MUTE-unmoebliert-575x176.jpg 575w, https:\/\/99cubes.de\/wp-content\/uploads\/2024\/07\/Abmessungen-Space-XL-Meetingbox-MUTE-unmoebliert-380x117.jpg 380w, https:\/\/99cubes.de\/wp-content\/uploads\/2024\/07\/Abmessungen-Space-XL-Meetingbox-MUTE-unmoebliert-800x245.jpg 800w\" sizes=\"auto, (max-width: 1585px) 100vw, 1585px\" \/><\/a>\n\t\t\t<\/div>\n\t\t\t\t<figcaption class='wp-caption-text gallery-caption' id='gallery-2-1270'>\n\t\t\t\tRuimte XL ongemeubileerd\n\t\t\t\t<\/figcaption><\/figure>\n\t\t<\/div>\n\n<\/div><\/div>\n<div class=\"su-spoiler su-spoiler-style-default su-spoiler-icon-plus su-spoiler-closed\" data-scroll-offset=\"0\" data-anchor-in-url=\"no\"><div class=\"su-spoiler-title\" tabindex=\"0\" role=\"button\"><span class=\"su-spoiler-icon\"><\/span><strong>Akoestische gegevens en ventilatie:<\/strong><\/div><div class=\"su-spoiler-content su-u-clearfix su-u-trim\">\n<ul>\n<li>Geluidsisolatie: Geluidsisolatie tussen 28 dB (lage tonen) en 48 dB (hoge tonen)<\/li>\n<li>Spraakdemping: Klasse A volgens ISO 23351<\/li>\n<li>RT20 binnen: &lt;0,5 s volgens ISO 354:2000<\/li>\n<li>Luchtstroom systeem: 311 m\u00b3\/h (E<\/li>\n<li>Ventilatiegeluid buiten\/binnen: \u226439 dB \/33-40 dB<\/li>\n<\/ul>\n<\/div><\/div>\n<div class=\"su-spoiler su-spoiler-style-default su-spoiler-icon-plus su-spoiler-closed\" data-scroll-offset=\"0\" data-anchor-in-url=\"no\"><div class=\"su-spoiler-title\" tabindex=\"0\" role=\"button\"><span class=\"su-spoiler-icon\"><\/span><strong>Voeding en stroomverbruik:<\/strong><\/div><div class=\"su-spoiler-content su-u-clearfix su-u-trim\">\n<ul>\n<li>In bedrijf (LED's en ventilatie): 47 watt<\/li>\n<li>Stopcontacten: 3 in de muur (ongemeubileerd) of 4 in de tafel (vergaderapparatuur)<\/li>\n<li>Optionele USB-laadcontactdozen: TUF A+C 25 W, 5 V DC<\/li>\n<li>Beschikbare soorten stopcontacten: DE | FR | DK | IT<\/li>\n<\/ul>\n<\/div><\/div>\n<\/div>","protected":false},"excerpt":{"rendered":"<p>De Space XL vergaderbox maakt deel uit van de Space productlijn van akoestiekspecialist en premium fabrikant MUTE. De Space XL is ontworpen als high-end product en kan dankzij zijn extreem goede geluidsisolatie aan veel verschillende eisen voldoen. In zeer luide omgevingen biedt het een geluiddichte schuilplaats, terwijl het in stillere omgevingen ervoor zorgt dat priv\u00e9gesprekken priv\u00e9 blijven. Luchthaven, kantoortuin of museum - de Space XL vergaderbox slaat overal een goed figuur!<\/p>\n<p>De Space XL vergaderbox heeft een grondvlak van 2,45 m x 2,80 m en is verkrijgbaar in vele kleur- en stofvarianten en kan individueel worden geconfigureerd en uitgerust met extra opties die bijna niets te wensen overlaten. De modelvarianten omvatten de volgende uitrustingsopties:<\/p>\n<ul>\n<li>Space XL leeg: variant zonder meubels<\/li>\n<li>Space XL Conference: Variant met ingebouwde conferentietafel Ingebouwde tafel (zitplaatsen afzonderlijk verkrijgbaar)<\/li>\n<\/ul>\n<p>Tot de hoogtepunten van de speciale uitrusting behoren de whiteboardoptie (buitenwanden in whiteboardlaminaatdesign) en een intu\u00eftief bedieningspaneel waarmee de helderheid en het ventilatieniveau handmatig kunnen worden aangepast of de automatische ventilatieregeling kan worden uitgeschakeld. De conferentieversie voegt tal van technische functies toe, zoals LAN-aansluiting, HDMI-aansluiting, USB-aansluiting voor een webcam en USB-laadcontactdozen type A+C.<\/p>\n<p>We adviseren je graag over de opties die voor jou relevant zijn!<\/p>","protected":false},"featured_media":1271,"comment_status":"open","ping_status":"closed","template":"","meta":{"content-type":"","_uag_custom_page_level_css":""},"product_brand":[],"product_cat":[60],"product_tag":[],"class_list":{"0":"post-1268","1":"product","2":"type-product","3":"status-publish","4":"has-post-thumbnail","6":"product_cat-meetingboxen","7":"pa_anzahl-personen-6-personen","8":"pa_anzahl-personen-8-personen","9":"pa_belueftungssteuerung-individuell-steuerbar","10":"pa_belueftungssteuerung-vollautomatisch","11":"pa_breite-245-m","12":"pa_buchungstool-display-goconut-ready","13":"pa_einsatz-szenarien-buero","14":"pa_einsatz-szenarien-einzelhandel","15":"pa_einsatz-szenarien-flughafen-bahnhof","16":"pa_einsatz-szenarien-hotel","17":"pa_einsatz-szenarien-logistik","18":"pa_einsatz-szenarien-produktion","19":"pa_farbe-konfigurierbar","20":"pa_farbe-schwarz","21":"pa_farbe-weiss","22":"pa_flex-miete-verfuegbar-auf-anfrage","23":"pa_gewicht-1-160-kg","24":"pa_hoehe-225-m","25":"pa_lan-lan-anschluss-im-standard","26":"pa_lieferzeit-4-bis-6-wochen-lieferzeit","27":"pa_luftaustausch-311-m-h-systemluftstrom","28":"pa_marke-mute","29":"pa_mobilitaet-keine","30":"pa_monitorhalterung-monitorhalterung-als-sonderausstattung","31":"pa_monitorhalterung-ohne-monitorhalterung","32":"pa_preissegment-vier","33":"pa_schalldaemmung-vier-sterne","34":"pa_sitzen-oder-stehen-im-sitzen-hoch-mit-hocker","35":"pa_sitzen-oder-stehen-im-sitzen-niedrig-mit-stuhl-oder-bank","36":"pa_sitzen-oder-stehen-im-stehen","37":"pa_spezial-features-white-board-option","38":"pa_tiefe-280-m","39":"pa_verfuegbare-tisch-optionen-fixe-tischhoehe-sitzen","40":"pa_verfuegbare-tisch-optionen-ohne-tisch","41":"pa_verwendung-konzentriertes-arbeiten","42":"pa_verwendung-meeting","43":"pa_verwendung-telefonieren","44":"pa_verwendung-video-call","45":"pa_verwendung-zusammenarbeiten","47":"first","48":"instock","49":"taxable","50":"shipping-taxable","51":"purchasable","52":"product-type-simple"},"uagb_featured_image_src":{"full":["https:\/\/99cubes.de\/wp-content\/uploads\/2024\/07\/MUTE_Space-XL-Conference-Front-with-additional-chairs-and-TV-arm.jpg",1500,1200,false],"thumbnail":["https:\/\/99cubes.de\/wp-content\/uploads\/2024\/07\/MUTE_Space-XL-Conference-Front-with-additional-chairs-and-TV-arm-200x200.jpg",200,200,true],"medium":["https:\/\/99cubes.de\/wp-content\/uploads\/2024\/07\/MUTE_Space-XL-Conference-Front-with-additional-chairs-and-TV-arm-450x360.jpg",450,360,true],"medium_large":["https:\/\/99cubes.de\/wp-content\/uploads\/2024\/07\/MUTE_Space-XL-Conference-Front-with-additional-chairs-and-TV-arm-768x614.jpg",768,614,true],"large":["https:\/\/99cubes.de\/wp-content\/uploads\/2024\/07\/MUTE_Space-XL-Conference-Front-with-additional-chairs-and-TV-arm-1200x960.jpg",1140,912,true],"1536x1536":["https:\/\/99cubes.de\/wp-content\/uploads\/2024\/07\/MUTE_Space-XL-Conference-Front-with-additional-chairs-and-TV-arm-1536x1229.jpg",1500,1200,true],"2048x2048":["https:\/\/99cubes.de\/wp-content\/uploads\/2024\/07\/MUTE_Space-XL-Conference-Front-with-additional-chairs-and-TV-arm-2048x1638.jpg",1500,1200,true],"trp-custom-language-flag":["https:\/\/99cubes.de\/wp-content\/uploads\/2024\/07\/MUTE_Space-XL-Conference-Front-with-additional-chairs-and-TV-arm.jpg",15,12,false],"botiga-extra-large":["https:\/\/99cubes.de\/wp-content\/uploads\/2024\/07\/MUTE_Space-XL-Conference-Front-with-additional-chairs-and-TV-arm-1140x912.jpg",1140,912,true],"botiga-large":["https:\/\/99cubes.de\/wp-content\/uploads\/2024\/07\/MUTE_Space-XL-Conference-Front-with-additional-chairs-and-TV-arm-920x736.jpg",920,736,true],"botiga-big":["https:\/\/99cubes.de\/wp-content\/uploads\/2024\/07\/MUTE_Space-XL-Conference-Front-with-additional-chairs-and-TV-arm-575x460.jpg",575,460,true],"botiga-medium":["https:\/\/99cubes.de\/wp-content\/uploads\/2024\/07\/MUTE_Space-XL-Conference-Front-with-additional-chairs-and-TV-arm-380x304.jpg",380,304,true],"botiga-header-icons":["https:\/\/99cubes.de\/wp-content\/uploads\/2024\/07\/MUTE_Space-XL-Conference-Front-with-additional-chairs-and-TV-arm-50x50.jpg",50,50,true],"botiga-product-swatch-image":["https:\/\/99cubes.de\/wp-content\/uploads\/2024\/07\/MUTE_Space-XL-Conference-Front-with-additional-chairs-and-TV-arm-26x26.jpg",26,26,true],"woocommerce_thumbnail":["https:\/\/99cubes.de\/wp-content\/uploads\/2024\/07\/MUTE_Space-XL-Conference-Front-with-additional-chairs-and-TV-arm-420x420.jpg",420,420,true],"woocommerce_single":["https:\/\/99cubes.de\/wp-content\/uploads\/2024\/07\/MUTE_Space-XL-Conference-Front-with-additional-chairs-and-TV-arm-800x640.jpg",800,640,true],"woocommerce_gallery_thumbnail":["https:\/\/99cubes.de\/wp-content\/uploads\/2024\/07\/MUTE_Space-XL-Conference-Front-with-additional-chairs-and-TV-arm-100x100.jpg",100,100,true],"wpvr_mobile":["https:\/\/99cubes.de\/wp-content\/uploads\/2024\/07\/MUTE_Space-XL-Conference-Front-with-additional-chairs-and-TV-arm-2560x2048.jpg",1500,1200,true]},"uagb_author_info":{"display_name":"frank","author_link":"https:\/\/99cubes.de\/nl\/author\/"},"uagb_comment_info":0,"uagb_excerpt":"Die Meetingbox Space XL ist Teil der Space-Produktlinie des Akustik-Spezialisten und Premium-Herstellers MUTE. Als Produkt im High-End-Bereich konzipiert, kommt die Space XL auf Grund der extrem guten Schalld\u00e4mmung mit vielen unterschiedlichen Anforderungen klar. In sehr lauten Umgebungen sorgt sie f\u00fcr eine schallgesch\u00fctzte R\u00fcckzugsm\u00f6glichkeit, in eher leisen Umgebungen sorgt sie daf\u00fcr, dass private Gespr\u00e4che auch privat&hellip;","_links":{"self":[{"href":"https:\/\/99cubes.de\/nl\/wp-json\/wp\/v2\/product\/1268","targetHints":{"allow":["GET"]}}],"collection":[{"href":"https:\/\/99cubes.de\/nl\/wp-json\/wp\/v2\/product"}],"about":[{"href":"https:\/\/99cubes.de\/nl\/wp-json\/wp\/v2\/types\/product"}],"replies":[{"embeddable":true,"href":"https:\/\/99cubes.de\/nl\/wp-json\/wp\/v2\/comments?post=1268"}],"wp:featuredmedia":[{"embeddable":true,"href":"https:\/\/99cubes.de\/nl\/wp-json\/wp\/v2\/media\/1271"}],"wp:attachment":[{"href":"https:\/\/99cubes.de\/nl\/wp-json\/wp\/v2\/media?parent=1268"}],"wp:term":[{"taxonomy":"product_brand","embeddable":true,"href":"https:\/\/99cubes.de\/nl\/wp-json\/wp\/v2\/product_brand?post=1268"},{"taxonomy":"product_cat","embeddable":true,"href":"https:\/\/99cubes.de\/nl\/wp-json\/wp\/v2\/product_cat?post=1268"},{"taxonomy":"product_tag","embeddable":true,"href":"https:\/\/99cubes.de\/nl\/wp-json\/wp\/v2\/product_tag?post=1268"}],"curies":[{"name":"wp","href":"https:\/\/api.w.org\/{rel}","templated":true}]}}