{"id":2230,"date":"2024-08-16T12:55:41","date_gmt":"2024-08-16T10:55:41","guid":{"rendered":"https:\/\/99cubes.de\/?post_type=product&#038;p=2230"},"modified":"2024-08-16T13:26:11","modified_gmt":"2024-08-16T11:26:11","slug":"staan-zitten-kruk-aan-gierzwaluw","status":"publish","type":"product","link":"https:\/\/99cubes.de\/nl\/produkt\/steh-sitz-hocker-to-swift\/","title":{"rendered":"Sta-zit-kruk \u201eto-swift\u201c.\u201c"},"content":{"rendered":"","protected":false},"excerpt":{"rendered":"<p>De \u201eto-swift\u201c zit-sta-kruk is een comfortabele, in hoogte verstelbare kruk met een schommelfunctie. Hij biedt meer mobiliteit dan bijvoorbeeld vaste barkrukken en wordt normaal gebruikt om tegenaan te leunen in plaats van op te zitten. De \u201eto-swift\u201c is ideaal als aanvulling op alle telefooncellen in ons assortiment. De hoogte kan intu\u00eftief worden aangepast met grote knoppen onder de zitting, zodat lange en kleine mensen hun ideale positie kunnen vinden.<\/p>\n<p>De stoffen stoelhoes \"Tonal\" is 99% gemaakt van gerecyclede PET-flessen!<\/p>\n<p>&nbsp;<\/p>\n<p>&nbsp;<\/p>","protected":false},"featured_media":2232,"comment_status":"open","ping_status":"closed","template":"","meta":{"content-type":"","_uag_custom_page_level_css":""},"product_brand":[],"product_cat":[67],"product_tag":[],"class_list":{"0":"post-2230","1":"product","2":"type-product","3":"status-publish","4":"has-post-thumbnail","6":"product_cat-zubehoer","7":"pa_farbe-schwarz","8":"pa_marke-bosse","9":"pa_sitzen-oder-stehen-im-sitzen-hoch-mit-hocker","11":"first","12":"instock","13":"taxable","14":"shipping-taxable","15":"product-type-simple"},"uagb_featured_image_src":{"full":["https:\/\/99cubes.de\/wp-content\/uploads\/2024\/08\/Steh-Sitz-Hocker-to-swift-Trendoffice-passend-fuer-Bosselino-quadratisch.jpg",1200,1200,false],"thumbnail":["https:\/\/99cubes.de\/wp-content\/uploads\/2024\/08\/Steh-Sitz-Hocker-to-swift-Trendoffice-passend-fuer-Bosselino-quadratisch-200x200.jpg",200,200,true],"medium":["https:\/\/99cubes.de\/wp-content\/uploads\/2024\/08\/Steh-Sitz-Hocker-to-swift-Trendoffice-passend-fuer-Bosselino-quadratisch-450x450.jpg",450,450,true],"medium_large":["https:\/\/99cubes.de\/wp-content\/uploads\/2024\/08\/Steh-Sitz-Hocker-to-swift-Trendoffice-passend-fuer-Bosselino-quadratisch-768x768.jpg",768,768,true],"large":["https:\/\/99cubes.de\/wp-content\/uploads\/2024\/08\/Steh-Sitz-Hocker-to-swift-Trendoffice-passend-fuer-Bosselino-quadratisch-1200x1200.jpg",1140,1140,true],"1536x1536":["https:\/\/99cubes.de\/wp-content\/uploads\/2024\/08\/Steh-Sitz-Hocker-to-swift-Trendoffice-passend-fuer-Bosselino-quadratisch-1536x1536.jpg",1200,1200,true],"2048x2048":["https:\/\/99cubes.de\/wp-content\/uploads\/2024\/08\/Steh-Sitz-Hocker-to-swift-Trendoffice-passend-fuer-Bosselino-quadratisch.jpg",1200,1200,false],"trp-custom-language-flag":["https:\/\/99cubes.de\/wp-content\/uploads\/2024\/08\/Steh-Sitz-Hocker-to-swift-Trendoffice-passend-fuer-Bosselino-quadratisch-12x12.jpg",12,12,true],"botiga-extra-large":["https:\/\/99cubes.de\/wp-content\/uploads\/2024\/08\/Steh-Sitz-Hocker-to-swift-Trendoffice-passend-fuer-Bosselino-quadratisch-1140x1140.jpg",1140,1140,true],"botiga-large":["https:\/\/99cubes.de\/wp-content\/uploads\/2024\/08\/Steh-Sitz-Hocker-to-swift-Trendoffice-passend-fuer-Bosselino-quadratisch-920x920.jpg",920,920,true],"botiga-big":["https:\/\/99cubes.de\/wp-content\/uploads\/2024\/08\/Steh-Sitz-Hocker-to-swift-Trendoffice-passend-fuer-Bosselino-quadratisch-575x575.jpg",575,575,true],"botiga-medium":["https:\/\/99cubes.de\/wp-content\/uploads\/2024\/08\/Steh-Sitz-Hocker-to-swift-Trendoffice-passend-fuer-Bosselino-quadratisch-380x380.jpg",380,380,true],"botiga-header-icons":["https:\/\/99cubes.de\/wp-content\/uploads\/2024\/08\/Steh-Sitz-Hocker-to-swift-Trendoffice-passend-fuer-Bosselino-quadratisch-50x50.jpg",50,50,true],"botiga-product-swatch-image":["https:\/\/99cubes.de\/wp-content\/uploads\/2024\/08\/Steh-Sitz-Hocker-to-swift-Trendoffice-passend-fuer-Bosselino-quadratisch-26x26.jpg",26,26,true],"woocommerce_thumbnail":["https:\/\/99cubes.de\/wp-content\/uploads\/2024\/08\/Steh-Sitz-Hocker-to-swift-Trendoffice-passend-fuer-Bosselino-quadratisch-420x420.jpg",420,420,true],"woocommerce_single":["https:\/\/99cubes.de\/wp-content\/uploads\/2024\/08\/Steh-Sitz-Hocker-to-swift-Trendoffice-passend-fuer-Bosselino-quadratisch-800x800.jpg",800,800,true],"woocommerce_gallery_thumbnail":["https:\/\/99cubes.de\/wp-content\/uploads\/2024\/08\/Steh-Sitz-Hocker-to-swift-Trendoffice-passend-fuer-Bosselino-quadratisch-100x100.jpg",100,100,true],"wpvr_mobile":["https:\/\/99cubes.de\/wp-content\/uploads\/2024\/08\/Steh-Sitz-Hocker-to-swift-Trendoffice-passend-fuer-Bosselino-quadratisch.jpg",1200,1200,false]},"uagb_author_info":{"display_name":"frank","author_link":"https:\/\/99cubes.de\/nl\/author\/"},"uagb_comment_info":0,"uagb_excerpt":"Der Steh-Sitz-Hocker \"to-swift\" ist ein bequemer, h\u00f6henverstellbarer Hocker mit Wippfunktion. Er bietet mehr Beweglichkeit als beispielsweise starre Barhocker und wird normalerweise eher zum Anlehnen als zum Draufsitzen verwendet. Der \"to-swift\" eignet sich optimal als Erg\u00e4nzung f\u00fcr alle Telefonboxen aus unserem Sortiment. Die H\u00f6henverstellung erfolgt intuitiv durch gro\u00dfe Tasten unterhalb der Sitzfl\u00e4che - so k\u00f6nnen gro\u00dfe&hellip;","_links":{"self":[{"href":"https:\/\/99cubes.de\/nl\/wp-json\/wp\/v2\/product\/2230","targetHints":{"allow":["GET"]}}],"collection":[{"href":"https:\/\/99cubes.de\/nl\/wp-json\/wp\/v2\/product"}],"about":[{"href":"https:\/\/99cubes.de\/nl\/wp-json\/wp\/v2\/types\/product"}],"replies":[{"embeddable":true,"href":"https:\/\/99cubes.de\/nl\/wp-json\/wp\/v2\/comments?post=2230"}],"wp:featuredmedia":[{"embeddable":true,"href":"https:\/\/99cubes.de\/nl\/wp-json\/wp\/v2\/media\/2232"}],"wp:attachment":[{"href":"https:\/\/99cubes.de\/nl\/wp-json\/wp\/v2\/media?parent=2230"}],"wp:term":[{"taxonomy":"product_brand","embeddable":true,"href":"https:\/\/99cubes.de\/nl\/wp-json\/wp\/v2\/product_brand?post=2230"},{"taxonomy":"product_cat","embeddable":true,"href":"https:\/\/99cubes.de\/nl\/wp-json\/wp\/v2\/product_cat?post=2230"},{"taxonomy":"product_tag","embeddable":true,"href":"https:\/\/99cubes.de\/nl\/wp-json\/wp\/v2\/product_tag?post=2230"}],"curies":[{"name":"wp","href":"https:\/\/api.w.org\/{rel}","templated":true}]}}