{"id":2354,"date":"2024-08-30T10:30:58","date_gmt":"2024-08-30T08:30:58","guid":{"rendered":"https:\/\/99cubes.de\/?post_type=product&#038;p=2354"},"modified":"2025-02-04T10:31:38","modified_gmt":"2025-02-04T09:31:38","slug":"vergaderzaal-team-verschillende-maten-studiobricks","status":"publish","type":"product","link":"https:\/\/99cubes.de\/nl\/produkt\/konferenzraum-team-up-verschiedene-groessen-studiobricks\/","title":{"rendered":"Vergaderzaal TEAM-UP (diverse afmetingen) | Studiobricks"},"content":{"rendered":"<div class=\"su-accordion su-u-trim\">\n<div class=\"su-spoiler su-spoiler-style-default su-spoiler-icon-plus\" data-scroll-offset=\"0\" data-anchor-in-url=\"no\"><div class=\"su-spoiler-title\" tabindex=\"0\" role=\"button\"><span class=\"su-spoiler-icon\"><\/span><strong>Over de TEAM-UP vergaderruimtes<\/strong><\/div><div class=\"su-spoiler-content su-u-clearfix su-u-trim\">\n<p>De TEAM-UP modelseries van Studiobricks zijn vergaderboxen ter grootte van een vergaderzaal. De TEAM-UP modellen zijn verkrijgbaar in drie verschillende maten en drie verschillende uitrustingsvarianten.<\/p>\n<p><strong>Maten:<\/strong><\/p>\n<ul>\n<li>TEAM-UP: ongeveer 8 vierkante meter<\/li>\n<li>TEAM-UP Plus: ca. 13 vierkante meter<\/li>\n<li>TEAM-UP XXL: ca. 30 vierkante meter<\/li>\n<\/ul>\n<p><strong>Uitrustingsvarianten:<\/strong><\/p>\n<ul>\n<li>Standaard: Binnenwanden met vlakke PET-viltabsorber<\/li>\n<li>3D Wall: Binnenwanden met bijzonder geluidsabsorberende 3D-absorbers van het type Eco45 (zelf ontwikkeld door Studiobricks).<\/li>\n<li>Presentatie: Binnenwanden met stoffen beklede, gestoffeerde wandelementen (verschillende stoffen en kleuren mogelijk), in hoogte verstelbare VESA-bevestiging standaard meegeleverd<\/li>\n<\/ul>\n<p><strong>Ontwerp:<\/strong><\/p>\n<p>Het uiterlijk en kleurenschema van de TEAM-UP vergaderruimtes kunnen worden aangepast:<\/p>\n<ul>\n<li>Wanden in lak of laminaat, ruime keuze aan kleuren<\/li>\n<li>Deur- en raamkozijnen configureerbaar in verschillende kleuren<\/li>\n<li>Geluidsabsorbers gemaakt van PET, als een 3D-wand of bekleed met stof - elk in verschillende kleuren<\/li>\n<li>Optionele ramen of extra deuren aan de achterwand en\/of een andere kant<\/li>\n<li>Optioneel matglaseffect op portier-\/zij-\/achterruit (indien beschikbaar)<\/li>\n<li>Optioneel met een \"On Air\"-teken dat aangeeft of het vakje momenteel bezet is.<\/li>\n<\/ul>\n<\/div><\/div>\n<div class=\"su-spoiler su-spoiler-style-default su-spoiler-icon-plus su-spoiler-closed\" data-scroll-offset=\"0\" data-anchor-in-url=\"no\"><div class=\"su-spoiler-title\" tabindex=\"0\" role=\"button\"><span class=\"su-spoiler-icon\"><\/span><strong>Uitrusting:<\/strong><\/div><div class=\"su-spoiler-content su-u-clearfix su-u-trim\">\n<p>Het interieur is individueel configureerbaar en kan worden aangepast aan veel verschillende toepassingsscenario's en vereisten:<\/p>\n<ul>\n<li>Downlights dimbaar, met bewegingssensor (tussen 6 en 10 afhankelijk van modelvariant)<\/li>\n<li>Antistatisch tapijt (antraciet)<\/li>\n<li>Contactdozen<\/li>\n<li>Extra stopcontacten en\/of LAN beschikbaar tegen betaling<\/li>\n<li>In hoogte verstelbare VESA-monitorbevestiging beschikbaar tegen meerprijs<\/li>\n<li>Optioneel verkrijgbaar met bijpassende tafel (laag of handmatig in hoogte verstelbaar)<\/li>\n<li>Deur met of zonder slot, optioneel elektronisch NFC-slot verkrijgbaar.<\/li>\n<li>Verdere interieuruitrusting afhankelijk van de gekozen modelvariant<\/li>\n<li>TEAM-UP XXL: optioneel tegen meerprijs met bijpassend dressoir aan de achterwand verkrijgbaar<\/li>\n<\/ul>\n<\/div><\/div>\n<div class=\"su-spoiler su-spoiler-style-default su-spoiler-icon-plus su-spoiler-closed\" data-scroll-offset=\"0\" data-anchor-in-url=\"no\"><div class=\"su-spoiler-title\" tabindex=\"0\" role=\"button\"><span class=\"su-spoiler-icon\"><\/span><strong>Afmetingen en gewicht:<\/strong><\/div><div class=\"su-spoiler-content su-u-clearfix su-u-trim\">\n<p>De TEAM-UP vergaderruimtes zijn verkrijgbaar in drie verschillende formaten (TEAM-UP, TEAM-UP Plus en TEAM-UP XXL):<\/p>\n<p>TEAM-UP (ongeveer 8 vierkante meter):<\/p>\n<ul>\n<li>Buitenafmetingen 318 x 288 x 226 cm<\/li>\n<li>Interne afmetingen 300 x 270 x 210 cm<\/li>\n<li>Minimale plafondhoogte 245 cm<\/li>\n<li>Gewicht ca. 1.473 kg<\/li>\n<\/ul>\n<p>TEAM-UP Plus (ca. 13 vierkante meter):<\/p>\n<ul>\n<li>Buitenafmetingen 408 x 348 x 256 cm<\/li>\n<li>Inwendige afmetingen 390 x 330 x 240 cm<\/li>\n<li>Minimale plafondhoogte 286 cm<\/li>\n<li>Gewicht ongeveer 2,123 kg<\/li>\n<\/ul>\n<p>TEAM-UP XXL (ca. 30 vierkante meter):<\/p>\n<ul>\n<li>Buitenafmetingen 468 x 678 x 307 cm<\/li>\n<li>Interne afmetingen 450 x 660 x 270 cm<\/li>\n<li>Minimale plafondhoogte 316 cm<\/li>\n<li>Gewicht ongeveer 4,223 kg<\/li>\n<\/ul>\n<\/div><\/div>\n<div class=\"su-spoiler su-spoiler-style-default su-spoiler-icon-plus su-spoiler-closed\" data-scroll-offset=\"0\" data-anchor-in-url=\"no\"><div class=\"su-spoiler-title\" tabindex=\"0\" role=\"button\"><span class=\"su-spoiler-icon\"><\/span><strong>Akoestische gegevens en ventilatie:<\/strong><\/div><div class=\"su-spoiler-content su-u-clearfix su-u-trim\">\n<p>De akoestische isolatiewaarden van Studiobricks zijn zowat de gouden standaard in de industrie. Studiobricks geluidsisolerende cabines halen 45 dB in de test - gemiddeld over alle geluidsfrequenties en gemeten van binnen naar buiten (de isolatie is iets minder sterk van buiten naar binnen). Zie ook onze opmerkingen over het selectiecriterium\u00a0<a href=\"https:\/\/99cubes.de\/nl\/geluidsisolatie\/\">Geluidsisolatie<\/a>. De hoge geluidsisolatie van Studiobricks wordt bereikt door de volgende componenten:<\/p>\n<ul>\n<li>8 cm dikke wandpanelen gemaakt van verschillende lagen en geperst akoestisch materiaal<\/li>\n<li>Akoestische absorber binnen<\/li>\n<li>Akoestische glazen deur met geluiddempende vergrendeling door de deurkruk op te tillen<\/li>\n<li>Geluiddichte ventilatie:\n<ul>\n<li>TEAM-UP en TEAM-UP Plus: 12 of 20 ge\u00efntegreerde, extreem stille dubbele ventilatoren.<\/li>\n<li>TEAM-UP XXL: Ventilatiesysteem op het dak, bestaande uit drievoudige geluidsisolerende ventilator voor de toevoerlucht + drievoudige geluidsisolerende ventilator voor de afvoerlucht<\/li>\n<\/ul>\n<\/li>\n<li>Nominale luchtuitwisseling 1.416 m\u00b3\/h, 1.770 m\u00b3\/h of 2.200 m\u00b3\/h afhankelijk van de modelvariant, zie ook selectiecriterium <a href=\"https:\/\/99cubes.de\/nl\/luchtuitwisseling\/\">Luchtuitwisseling<\/a><\/li>\n<\/ul>\n<\/div><\/div>\n<\/div>","protected":false},"excerpt":{"rendered":"<p>De Spaanse fabrikant Studiobricks heeft naam gemaakt met zeer gespecialiseerde oplossingen voor de audio- en muziekindustrie. De wortels van het bedrijf liggen in een sector waar akoestische perfectie een topprioriteit is en de eisen voor geluidsisolatie en geluidskwaliteit veel verder gaan dan wat vereist is in gewone kantooromgevingen. Deze expertise wordt ook weerspiegeld in de Studiobricks office productlijn, die uitstekende geluidsisolatiewaarden heeft en zelfs de meest veeleisende klanten tevreden stelt. Het is dan ook niet verwonderlijk dat de geluidsisolerende cabines van Studiobricks nieuwe normen stellen op het gebied van akoestiek en zich duidelijk onderscheiden van conventionele oplossingen. De office productlijn van Studiobricks is overigens niet alleen geschikt voor gebruik in kantoren: Studiobricks biedt ook perfecte oplossingen voor geluiddichte retraites, met name voor productie- en logistieke hallen met verhoogde geluidsniveaus!<\/p>\n<p>De TEAM-UP modelseries van Studiobricks zijn vergaderboxen ter grootte van een vergaderzaal. De TEAM-UP modellen zijn verkrijgbaar in drie verschillende maten en drie verschillende uitrustingsvarianten.<\/p>\n<p><strong>Maten:<\/strong><\/p>\n<ul>\n<li>TEAM-UP: ongeveer 8 vierkante meter<\/li>\n<li>TEAM-UP Plus: ca. 13 vierkante meter<\/li>\n<li>TEAM-UP XXL: ca. 30 vierkante meter<\/li>\n<\/ul>\n<p><strong>Uitrustingsvarianten:<\/strong><\/p>\n<ul>\n<li>Standaard: Binnenwanden met vlakke PET-viltabsorber<\/li>\n<li>3D Wall: Binnenwanden met bijzonder geluidsabsorberende 3D-absorbers van het type Eco45 (zelf ontwikkeld door Studiobricks).<\/li>\n<li>Presentatie: Binnenwanden met stoffen beklede, gestoffeerde wandelementen (verschillende stoffen en kleuren mogelijk), in hoogte verstelbare VESA-bevestiging standaard meegeleverd<\/li>\n<\/ul>\n<p>De TEAM-UP vergaderruimtes van Studiobricks kunnen individueel worden geconfigureerd. Andere kleuren, andere materialen, het kenmerkende \"On-Air\" bord en diverse opties voor extra ramen en deuren zijn beschikbaar tegen een meerprijs. Wij adviseren u graag over de voor u relevante opties!<\/p>","protected":false},"featured_media":2375,"comment_status":"open","ping_status":"closed","template":"","meta":{"content-type":"","_uag_custom_page_level_css":""},"product_brand":[],"product_cat":[238,60],"product_tag":[],"class_list":{"0":"post-2354","1":"product","2":"type-product","3":"status-publish","4":"has-post-thumbnail","6":"product_cat-konferenzraeume","7":"product_cat-meetingboxen","8":"pa_anzahl-personen-10-personen","9":"pa_anzahl-personen-8-personen","10":"pa_anzahl-personen-mehr-als-10-personen","11":"pa_belueftungssteuerung-vollautomatisch","12":"pa_breite-318-m","13":"pa_breite-408-m","14":"pa_breite-468-m","15":"pa_buchungstool-display-goconut-ready","16":"pa_einsatz-szenarien-buero","17":"pa_einsatz-szenarien-flughafen-bahnhof","18":"pa_einsatz-szenarien-hotel","19":"pa_einsatz-szenarien-logistik","20":"pa_einsatz-szenarien-produktion","21":"pa_einsatz-szenarien-schule-universitaet","22":"pa_farbe-konfigurierbar","23":"pa_farbe-schwarz","24":"pa_farbe-weiss","25":"pa_flex-miete-verfuegbar-auf-anfrage","26":"pa_gewicht-1-473-kg","27":"pa_gewicht-2-123-kg","28":"pa_gewicht-4-223-kg","29":"pa_hoehe-226-m","30":"pa_hoehe-256-m","31":"pa_hoehe-307-m","32":"pa_lan-kein-lan-anschluss","33":"pa_lan-lan-anschluss-als-sonderausstattung","34":"pa_lieferzeit-8-bis-12-wochen-lieferzeit","35":"pa_luftaustausch-1416-m-h-nominell","36":"pa_luftaustausch-1770-m-h-nominell","37":"pa_luftaustausch-2200-m-h-nominell","38":"pa_marke-studiobricks","39":"pa_mobilitaet-keine","40":"pa_monitorhalterung-monitorhalterung-als-sonderausstattung","41":"pa_monitorhalterung-ohne-monitorhalterung","42":"pa_preissegment-vier","43":"pa_schalldaemmung-fuenf-sterne","44":"pa_sitzen-oder-stehen-im-stehen","45":"pa_spezial-features-feuchtigkeitsbestaendig","46":"pa_spezial-features-klimaanlage","47":"pa_spezial-features-led-leuchtstreifen-on-air-signal","48":"pa_spezial-features-zertifikat-erdbebensicher","49":"pa_tiefe-288-m","50":"pa_tiefe-348-m","51":"pa_tiefe-678-m","52":"pa_verfuegbare-tisch-optionen-fixe-tischhoehe-sitzen","53":"pa_verfuegbare-tisch-optionen-ohne-tisch","54":"pa_verfuegbare-tisch-optionen-variable-tischhoehe-manuell-verstellbar","55":"pa_verwendung-konzentriertes-arbeiten","56":"pa_verwendung-meeting","57":"pa_verwendung-zusammenarbeiten","59":"first","60":"instock","61":"taxable","62":"shipping-taxable","63":"purchasable","64":"product-type-simple"},"uagb_featured_image_src":{"full":["https:\/\/99cubes.de\/wp-content\/uploads\/2024\/08\/Meetingbox-Studiobricks-TEAM-UP-Plus-clean-quad.jpg",1202,1200,false],"thumbnail":["https:\/\/99cubes.de\/wp-content\/uploads\/2024\/08\/Meetingbox-Studiobricks-TEAM-UP-Plus-clean-quad-200x200.jpg",200,200,true],"medium":["https:\/\/99cubes.de\/wp-content\/uploads\/2024\/08\/Meetingbox-Studiobricks-TEAM-UP-Plus-clean-quad-450x450.jpg",450,450,true],"medium_large":["https:\/\/99cubes.de\/wp-content\/uploads\/2024\/08\/Meetingbox-Studiobricks-TEAM-UP-Plus-clean-quad-768x767.jpg",768,767,true],"large":["https:\/\/99cubes.de\/wp-content\/uploads\/2024\/08\/Meetingbox-Studiobricks-TEAM-UP-Plus-clean-quad-1200x1198.jpg",1140,1138,true],"1536x1536":["https:\/\/99cubes.de\/wp-content\/uploads\/2024\/08\/Meetingbox-Studiobricks-TEAM-UP-Plus-clean-quad-1536x1534.jpg",1202,1200,true],"2048x2048":["https:\/\/99cubes.de\/wp-content\/uploads\/2024\/08\/Meetingbox-Studiobricks-TEAM-UP-Plus-clean-quad.jpg",1202,1200,false],"trp-custom-language-flag":["https:\/\/99cubes.de\/wp-content\/uploads\/2024\/08\/Meetingbox-Studiobricks-TEAM-UP-Plus-clean-quad-12x12.jpg",12,12,true],"botiga-extra-large":["https:\/\/99cubes.de\/wp-content\/uploads\/2024\/08\/Meetingbox-Studiobricks-TEAM-UP-Plus-clean-quad-1140x1139.jpg",1140,1139,true],"botiga-large":["https:\/\/99cubes.de\/wp-content\/uploads\/2024\/08\/Meetingbox-Studiobricks-TEAM-UP-Plus-clean-quad-920x919.jpg",920,919,true],"botiga-big":["https:\/\/99cubes.de\/wp-content\/uploads\/2024\/08\/Meetingbox-Studiobricks-TEAM-UP-Plus-clean-quad-575x574.jpg",575,574,true],"botiga-medium":["https:\/\/99cubes.de\/wp-content\/uploads\/2024\/08\/Meetingbox-Studiobricks-TEAM-UP-Plus-clean-quad-380x380.jpg",380,380,true],"botiga-header-icons":["https:\/\/99cubes.de\/wp-content\/uploads\/2024\/08\/Meetingbox-Studiobricks-TEAM-UP-Plus-clean-quad-50x50.jpg",50,50,true],"botiga-product-swatch-image":["https:\/\/99cubes.de\/wp-content\/uploads\/2024\/08\/Meetingbox-Studiobricks-TEAM-UP-Plus-clean-quad-26x26.jpg",26,26,true],"woocommerce_thumbnail":["https:\/\/99cubes.de\/wp-content\/uploads\/2024\/08\/Meetingbox-Studiobricks-TEAM-UP-Plus-clean-quad-420x420.jpg",420,420,true],"woocommerce_single":["https:\/\/99cubes.de\/wp-content\/uploads\/2024\/08\/Meetingbox-Studiobricks-TEAM-UP-Plus-clean-quad-800x799.jpg",800,799,true],"woocommerce_gallery_thumbnail":["https:\/\/99cubes.de\/wp-content\/uploads\/2024\/08\/Meetingbox-Studiobricks-TEAM-UP-Plus-clean-quad-100x100.jpg",100,100,true],"wpvr_mobile":["https:\/\/99cubes.de\/wp-content\/uploads\/2024\/08\/Meetingbox-Studiobricks-TEAM-UP-Plus-clean-quad.jpg",1202,1200,false]},"uagb_author_info":{"display_name":"frank","author_link":"https:\/\/99cubes.de\/nl\/author\/"},"uagb_comment_info":0,"uagb_excerpt":"Der spanische Hersteller Studiobricks hat sich einen Namen mit hochspezialisierten L\u00f6sungen f\u00fcr die Audio- und Musikbranche gemacht. Die Wurzeln des Unternehmens liegen in einem Sektor, in dem akustische Perfektion oberste Priorit\u00e4t genie\u00dft und die Anforderungen an Schallschutz sowie Klangqualit\u00e4t weit \u00fcber das hinausgehen, was in gew\u00f6hnlichen B\u00fcroumgebungen erforderlich ist. Diese Expertise spiegelt sich auch in&hellip;","_links":{"self":[{"href":"https:\/\/99cubes.de\/nl\/wp-json\/wp\/v2\/product\/2354","targetHints":{"allow":["GET"]}}],"collection":[{"href":"https:\/\/99cubes.de\/nl\/wp-json\/wp\/v2\/product"}],"about":[{"href":"https:\/\/99cubes.de\/nl\/wp-json\/wp\/v2\/types\/product"}],"replies":[{"embeddable":true,"href":"https:\/\/99cubes.de\/nl\/wp-json\/wp\/v2\/comments?post=2354"}],"wp:featuredmedia":[{"embeddable":true,"href":"https:\/\/99cubes.de\/nl\/wp-json\/wp\/v2\/media\/2375"}],"wp:attachment":[{"href":"https:\/\/99cubes.de\/nl\/wp-json\/wp\/v2\/media?parent=2354"}],"wp:term":[{"taxonomy":"product_brand","embeddable":true,"href":"https:\/\/99cubes.de\/nl\/wp-json\/wp\/v2\/product_brand?post=2354"},{"taxonomy":"product_cat","embeddable":true,"href":"https:\/\/99cubes.de\/nl\/wp-json\/wp\/v2\/product_cat?post=2354"},{"taxonomy":"product_tag","embeddable":true,"href":"https:\/\/99cubes.de\/nl\/wp-json\/wp\/v2\/product_tag?post=2354"}],"curies":[{"name":"wp","href":"https:\/\/api.w.org\/{rel}","templated":true}]}}