{"id":2388,"date":"2024-09-02T15:48:11","date_gmt":"2024-09-02T13:48:11","guid":{"rendered":"https:\/\/99cubes.de\/?post_type=product&#038;p=2388"},"modified":"2025-08-07T14:48:10","modified_gmt":"2025-08-07T12:48:10","slug":"2er-vergaderdoos-jetson-l2-wit-demper","status":"publish","type":"product","link":"https:\/\/99cubes.de\/nl\/produkt\/2er-meetingbox-jetson-l2-weiss-mute\/","title":{"rendered":"2-zits vergaderbox Jetson L2, wit | MUTE"},"content":{"rendered":"<div class=\"su-accordion su-u-trim\">\n<div class=\"su-spoiler su-spoiler-style-default su-spoiler-icon-plus\" data-scroll-offset=\"0\" data-anchor-in-url=\"no\"><div class=\"su-spoiler-title\" tabindex=\"0\" role=\"button\"><span class=\"su-spoiler-icon\"><\/span><strong>Informatie over de Jetson-serie:<\/strong><\/div><div class=\"su-spoiler-content su-u-clearfix su-u-trim\">\n<p>De telefoon- en vergaderkasten uit de Jetson-serie behoren tot onze absolute bestsellers - en terecht! Hoogwaardige materialen, duurzame componenten en een doordacht interieur gaan samen met gunstige prijzen. Achter de Jetson serie staat de Poolse akoestiekspecialist MUTE, die zijn geconcentreerde productontwerp en productie-expertise gebruikt voor de vier modellen in de Jetson serie. Dankzij de beperking tot twee kleuren (zwart en wit) en veel gemeenschappelijke ontwerpcomponenten kunnen de akoestische luidsprekers in de Jetson-serie in grote hoeveelheden worden voorgeproduceerd en zijn ze dus altijd op voorraad.<\/p>\n<p>De structuur van de Jetson L2 vergaderbox is gemaakt van ge\u00ebxtrudeerd aluminium en is daardoor veel duurzamer en lichter dan modellen op basis van houten panelen. In combinatie met een uniek wandverbindingssysteem zonder gereedschap kunnen de kasten uit de Jetson-serie sneller worden gemonteerd en gedemonteerd dan elke andere telefoon- of vergaderkast op de markt.<\/p>\n<p>Jetson L2 is verkrijgbaar in zwart of wit en de buitenwanden kunnen optioneel worden voorzien van extra boekenplanken of whiteboards. De vergaderbox kan ook worden uitgerust met een monitorhouder op de tafel.<\/p>\n<p>Meer info: <a href=\"https:\/\/99cubes.de\/nl\/de-akoestische-kubussen-van-de-jetson-productserie\/\">De akoestische kubussen uit de Jetson-serie<\/a>.<\/div><\/div>\n<div class=\"su-spoiler su-spoiler-style-default su-spoiler-icon-plus su-spoiler-closed\" data-scroll-offset=\"0\" data-anchor-in-url=\"no\"><div class=\"su-spoiler-title\" tabindex=\"0\" role=\"button\"><span class=\"su-spoiler-icon\"><\/span><strong>Uitrusting:<\/strong><\/div><div class=\"su-spoiler-content su-u-clearfix su-u-trim\">\n<ul>\n<li>Ventilatiesysteem<\/li>\n<li>LED-verlichting<\/li>\n<li>Aanwezigheidsmelder voor ventilatoren en licht<\/li>\n<li>Strip met 2 stopcontacten en 2 USB-poorten<\/li>\n<li>Melamine tafelblad<\/li>\n<li>2x sofa met in hoogte verstelbare rugleuning<\/li>\n<li>Vlakke plank met displayrail en magneet, 2 haken<\/li>\n<li>Stroomkabel 3 m<\/li>\n<\/ul>\n<\/div><\/div>\n<div class=\"su-spoiler su-spoiler-style-default su-spoiler-icon-plus su-spoiler-closed\" data-scroll-offset=\"0\" data-anchor-in-url=\"no\"><div class=\"su-spoiler-title\" tabindex=\"0\" role=\"button\"><span class=\"su-spoiler-icon\"><\/span><strong>Afmetingen en gewicht:<\/strong><\/div><div class=\"su-spoiler-content su-u-clearfix su-u-trim\">\n<ul>\n<li>Breedte (buiten\/binnen): 2150 mm \/ 2010 mm<\/li>\n<li>Diepte (buiten\/binnen): 1000 mm \/ 860 mm + 800 mm met deur open<\/li>\n<li>Hoogte (buiten\/binnen): 2264 mm \/ 2102 mm<\/li>\n<li class=\"tech-specs__field\">Tafelblad (B x D x H): 950 x 504 x 745<\/li>\n<li>Gewicht: 373 kg<\/li>\n<\/ul>\n<\/div><\/div>\n<div class=\"su-spoiler su-spoiler-style-default su-spoiler-icon-plus su-spoiler-closed\" data-scroll-offset=\"0\" data-anchor-in-url=\"no\"><div class=\"su-spoiler-title\" tabindex=\"0\" role=\"button\"><span class=\"su-spoiler-icon\"><\/span><strong>Akoestische gegevens en ventilatie:<\/strong><\/div><div class=\"su-spoiler-content su-u-clearfix su-u-trim\">\n<ul>\n<li>Spraakdemping tot 44,7 dB<\/li>\n<li>Luchtstroom: 365 m\u00b3\/h (nominaal)<\/li>\n<li>Ventilatiegeluid buiten \/ binnen: \u226436 dB \/ \u226438 dB<\/li>\n<\/ul>\n<\/div><\/div>\n<div class=\"su-spoiler su-spoiler-style-default su-spoiler-icon-plus su-spoiler-closed\" data-scroll-offset=\"0\" data-anchor-in-url=\"no\"><div class=\"su-spoiler-title\" tabindex=\"0\" role=\"button\"><span class=\"su-spoiler-icon\"><\/span><strong>Verlichting:<\/strong><\/div><div class=\"su-spoiler-content su-u-clearfix su-u-trim\">\n<ul>\n<li>Helderheid: 300 lux<\/li>\n<li>Kleurtemperatuur: 4.000 K<\/li>\n<\/ul>\n<\/div><\/div>\n<div class=\"su-spoiler su-spoiler-style-default su-spoiler-icon-plus su-spoiler-closed\" data-scroll-offset=\"0\" data-anchor-in-url=\"no\"><div class=\"su-spoiler-title\" tabindex=\"0\" role=\"button\"><span class=\"su-spoiler-icon\"><\/span><strong>Stopcontact met meerdere stopcontacten:<\/strong><\/div><div class=\"su-spoiler-content su-u-clearfix su-u-trim\">\n<ul>\n<li>Voedingsspanning: 220-240 \/ 100-120 VAC, 50-60 Hz<\/li>\n<li>Contactdozen: 2<\/li>\n<li>USB-snellader: TUF A+C 25 W, 5 V DC<\/li>\n<li>Kleur: Zwart<\/li>\n<\/ul>\n<\/div><\/div>\n<\/div>","protected":false},"excerpt":{"rendered":"<p>De Jetson L2 2-zits vergadercabine is ontworpen door akoestiekspecialist en premium fabrikant MUTE en vult een gat in de Jetson productfamilie. Met een diepte van precies \u00e9\u00e9n meter is de Jetson L2 smaller dan zijn grotere broer, de Jetson L4, maar verder vrijwel identiek uitgerust. Een ideale oplossing voor iedereen die op zoek is naar een vergaderbox maar over beperkte ruimte beschikt. De gunstige prijzen zijn mogelijk door het slimme ontwerp: de Jetson L2 is even diep als de Jetson S1 en even breed als de Jetson L4 - daardoor zijn veel onderdelen identiek en kunnen ze voordelig in grote hoeveelheden worden voorgeproduceerd.<\/p>\n<p>Tot de bijzonder praktische kenmerken die deel uitmaken van de standaard leveringsomvang behoren<\/p>\n<ul>\n<li>Comfortabele, gestoffeerde bank aan beide zijden met in hoogte verstelbare rugleuning<\/li>\n<li>Binneninrichting met smalle wandplank, magneetstrip en jashaken<\/li>\n<li>Stroomaansluiting en USB-oplader (type A + C) direct onder het tafelblad<\/li>\n<\/ul>\n<p>De Jetson L2 scoort met een uitstekende prijs-prestatieverhouding, die kenmerkend is voor de hele Jetson productfamilie!<\/p>","protected":false},"featured_media":2436,"comment_status":"open","ping_status":"closed","template":"","meta":{"content-type":"","_uag_custom_page_level_css":""},"product_brand":[],"product_cat":[60],"product_tag":[],"class_list":{"0":"post-2388","1":"product","2":"type-product","3":"status-publish","4":"has-post-thumbnail","6":"product_cat-meetingboxen","7":"pa_anzahl-personen-2-personen","8":"pa_belueftungssteuerung-individuell-steuerbar","9":"pa_belueftungssteuerung-vollautomatisch","10":"pa_breite-215-m","11":"pa_buchungstool-display-goconut-ready","12":"pa_einsatz-szenarien-buero","13":"pa_einsatz-szenarien-einzelhandel","14":"pa_einsatz-szenarien-hotel","15":"pa_einsatz-szenarien-schule-universitaet","16":"pa_farbe-weiss","17":"pa_flex-miete-verfuegbar-ja","18":"pa_gewicht-373-kg","19":"pa_hoehe-227-m","20":"pa_lan-kein-lan-anschluss","21":"pa_lan-lan-anschluss-als-sonderausstattung","22":"pa_lieferzeit-2-wochen-lieferzeit","23":"pa_luftaustausch-365-m-h-nominell","24":"pa_marke-mute","25":"pa_mobilitaet-keine","26":"pa_mobilitaet-mit-integrierten-bodenrollen","27":"pa_monitorhalterung-monitorhalterung-als-sonderausstattung","28":"pa_monitorhalterung-ohne-monitorhalterung","29":"pa_preissegment-zwei","30":"pa_schalldaemmung-drei-sterne","31":"pa_sitzen-oder-stehen-im-sitzen-niedrig-mit-stuhl-oder-bank","32":"pa_spezial-features-buecherregal-option","33":"pa_spezial-features-white-board-option","34":"pa_tiefe-100-m","35":"pa_verfuegbare-tisch-optionen-fixe-tischhoehe-sitzen","36":"pa_verwendung-konzentriertes-arbeiten","37":"pa_verwendung-meeting","38":"pa_verwendung-telefonieren","39":"pa_verwendung-video-call","41":"first","42":"instock","43":"taxable","44":"shipping-taxable","45":"purchasable","46":"product-type-simple"},"uagb_featured_image_src":{"full":["https:\/\/99cubes.de\/wp-content\/uploads\/2024\/09\/MUTE-Jetson-L2-frontal-temp.jpg",1200,1200,false],"thumbnail":["https:\/\/99cubes.de\/wp-content\/uploads\/2024\/09\/MUTE-Jetson-L2-frontal-temp-200x200.jpg",200,200,true],"medium":["https:\/\/99cubes.de\/wp-content\/uploads\/2024\/09\/MUTE-Jetson-L2-frontal-temp-450x450.jpg",450,450,true],"medium_large":["https:\/\/99cubes.de\/wp-content\/uploads\/2024\/09\/MUTE-Jetson-L2-frontal-temp-768x768.jpg",768,768,true],"large":["https:\/\/99cubes.de\/wp-content\/uploads\/2024\/09\/MUTE-Jetson-L2-frontal-temp-1200x1200.jpg",1140,1140,true],"1536x1536":["https:\/\/99cubes.de\/wp-content\/uploads\/2024\/09\/MUTE-Jetson-L2-frontal-temp-1536x1536.jpg",1200,1200,true],"2048x2048":["https:\/\/99cubes.de\/wp-content\/uploads\/2024\/09\/MUTE-Jetson-L2-frontal-temp.jpg",1200,1200,false],"trp-custom-language-flag":["https:\/\/99cubes.de\/wp-content\/uploads\/2024\/09\/MUTE-Jetson-L2-frontal-temp-12x12.jpg",12,12,true],"botiga-extra-large":["https:\/\/99cubes.de\/wp-content\/uploads\/2024\/09\/MUTE-Jetson-L2-frontal-temp-1140x1140.jpg",1140,1140,true],"botiga-large":["https:\/\/99cubes.de\/wp-content\/uploads\/2024\/09\/MUTE-Jetson-L2-frontal-temp-920x920.jpg",920,920,true],"botiga-big":["https:\/\/99cubes.de\/wp-content\/uploads\/2024\/09\/MUTE-Jetson-L2-frontal-temp-575x575.jpg",575,575,true],"botiga-medium":["https:\/\/99cubes.de\/wp-content\/uploads\/2024\/09\/MUTE-Jetson-L2-frontal-temp-380x380.jpg",380,380,true],"botiga-header-icons":["https:\/\/99cubes.de\/wp-content\/uploads\/2024\/09\/MUTE-Jetson-L2-frontal-temp-50x50.jpg",50,50,true],"botiga-product-swatch-image":["https:\/\/99cubes.de\/wp-content\/uploads\/2024\/09\/MUTE-Jetson-L2-frontal-temp-26x26.jpg",26,26,true],"woocommerce_thumbnail":["https:\/\/99cubes.de\/wp-content\/uploads\/2024\/09\/MUTE-Jetson-L2-frontal-temp-420x420.jpg",420,420,true],"woocommerce_single":["https:\/\/99cubes.de\/wp-content\/uploads\/2024\/09\/MUTE-Jetson-L2-frontal-temp-800x800.jpg",800,800,true],"woocommerce_gallery_thumbnail":["https:\/\/99cubes.de\/wp-content\/uploads\/2024\/09\/MUTE-Jetson-L2-frontal-temp-100x100.jpg",100,100,true],"wpvr_mobile":["https:\/\/99cubes.de\/wp-content\/uploads\/2024\/09\/MUTE-Jetson-L2-frontal-temp.jpg",1200,1200,false]},"uagb_author_info":{"display_name":"frank","author_link":"https:\/\/99cubes.de\/nl\/author\/"},"uagb_comment_info":1,"uagb_excerpt":"Die 2er-Meetingbox Jetson L2 wurde vom Akustik-Spezialisten und Premium-Hersteller MUTE designt und f\u00fcllt eine bisherige L\u00fccke in der Jetson-Produktfamilie. Mit exakt einem Meter Tiefe ist die Jetson L2 schmaler als ihr gr\u00f6\u00dferer Bruder Jetson L4, ansonsten aber nahezu identisch ausgestattet. Eine ideale L\u00f6sung f\u00fcr alle, die auf der Suche nach einer\u00a0 Meetingbox sind, aber wenig&hellip;","_links":{"self":[{"href":"https:\/\/99cubes.de\/nl\/wp-json\/wp\/v2\/product\/2388","targetHints":{"allow":["GET"]}}],"collection":[{"href":"https:\/\/99cubes.de\/nl\/wp-json\/wp\/v2\/product"}],"about":[{"href":"https:\/\/99cubes.de\/nl\/wp-json\/wp\/v2\/types\/product"}],"replies":[{"embeddable":true,"href":"https:\/\/99cubes.de\/nl\/wp-json\/wp\/v2\/comments?post=2388"}],"wp:featuredmedia":[{"embeddable":true,"href":"https:\/\/99cubes.de\/nl\/wp-json\/wp\/v2\/media\/2436"}],"wp:attachment":[{"href":"https:\/\/99cubes.de\/nl\/wp-json\/wp\/v2\/media?parent=2388"}],"wp:term":[{"taxonomy":"product_brand","embeddable":true,"href":"https:\/\/99cubes.de\/nl\/wp-json\/wp\/v2\/product_brand?post=2388"},{"taxonomy":"product_cat","embeddable":true,"href":"https:\/\/99cubes.de\/nl\/wp-json\/wp\/v2\/product_cat?post=2388"},{"taxonomy":"product_tag","embeddable":true,"href":"https:\/\/99cubes.de\/nl\/wp-json\/wp\/v2\/product_tag?post=2388"}],"curies":[{"name":"wp","href":"https:\/\/api.w.org\/{rel}","templated":true}]}}