{"id":2459,"date":"2024-09-12T16:33:18","date_gmt":"2024-09-12T14:33:18","guid":{"rendered":"https:\/\/99cubes.de\/?post_type=product&#038;p=2459"},"modified":"2025-08-07T14:44:48","modified_gmt":"2025-08-07T12:44:48","slug":"werkbak-jetson-m1-zwart-demper","status":"publish","type":"product","link":"https:\/\/99cubes.de\/nl\/produkt\/arbeitsbox-jetson-m1-schwarz-mute\/","title":{"rendered":"Jetson M1 werkbak, zwart | MUTE"},"content":{"rendered":"<div class=\"su-accordion su-u-trim\">\n<div class=\"su-spoiler su-spoiler-style-default su-spoiler-icon-plus\" data-scroll-offset=\"0\" data-anchor-in-url=\"no\"><div class=\"su-spoiler-title\" tabindex=\"0\" role=\"button\"><span class=\"su-spoiler-icon\"><\/span><strong>Informatie over de Jetson-serie:<\/strong><\/div><div class=\"su-spoiler-content su-u-clearfix su-u-trim\">\n<p>De telefoon- en vergaderkasten uit de Jetson-serie behoren tot onze absolute bestsellers - en terecht! Hoogwaardige materialen, duurzame componenten en een doordacht interieur gaan samen met gunstige prijzen. Achter de Jetson serie staat de Poolse akoestiekspecialist MUTE, die zijn geconcentreerde productontwerp en productie-expertise gebruikt voor de vier modellen in de Jetson serie. Dankzij de beperking tot twee kleuren (zwart en wit) en veel gemeenschappelijke ontwerpcomponenten kunnen de akoestische luidsprekers in de Jetson-serie in grote hoeveelheden worden voorgeproduceerd en zijn ze dus altijd op voorraad.<\/p>\n<p>De structuur van de Jetson M1-werkbox is gemaakt van ge\u00ebxtrudeerd aluminium en is daardoor veel duurzamer en lichter dan modellen op basis van houten panelen. In combinatie met een uniek wandverbindingssysteem zonder gereedschap kunnen de kasten uit de Jetson-serie sneller worden gemonteerd en gedemonteerd dan elke andere telefoon- of vergaderkast op de markt.<\/p>\n<p>Jetson M1 is verkrijgbaar in zwart of wit en de buitenwanden kunnen optioneel worden voorzien van extra boekenplanken of whiteboards. De workbox kan ook worden uitgerust met een monitorhouder aan de muur boven het bureau.<\/p>\n<p>Meer info: <a href=\"https:\/\/99cubes.de\/nl\/de-akoestische-kubussen-van-de-jetson-productserie\/\">De akoestische kubussen uit de Jetson-serie<\/a>.<\/div><\/div>\n<div class=\"su-spoiler su-spoiler-style-default su-spoiler-icon-plus su-spoiler-closed\" data-scroll-offset=\"0\" data-anchor-in-url=\"no\"><div class=\"su-spoiler-title\" tabindex=\"0\" role=\"button\"><span class=\"su-spoiler-icon\"><\/span><strong>Uitrusting:<\/strong><\/div><div class=\"su-spoiler-content su-u-clearfix su-u-trim\">\n<ul>\n<li>Ventilatiesysteem<\/li>\n<li>LED-verlichting<\/li>\n<li>Aanwezigheidsmelder voor ventilatoren en licht<\/li>\n<li>Strip met 2 stopcontacten en 2 USB-poorten<\/li>\n<li>Melamine tafelblad<\/li>\n<li>Vlakke plank met displayrail en magneet, 2 haken<\/li>\n<li>Stroomkabel 3 m<\/li>\n<\/ul>\n<\/div><\/div>\n<div class=\"su-spoiler su-spoiler-style-default su-spoiler-icon-plus su-spoiler-closed\" data-scroll-offset=\"0\" data-anchor-in-url=\"no\"><div class=\"su-spoiler-title\" tabindex=\"0\" role=\"button\"><span class=\"su-spoiler-icon\"><\/span><strong>Afmetingen en gewicht:<\/strong><\/div><div class=\"su-spoiler-content su-u-clearfix su-u-trim\">\n<ul>\n<li>Breedte (buiten\/binnen): 1575 mm \/ 1435 mm<\/li>\n<li>Diepte (buiten\/binnen): 1000 mm \/ 860 mm + 800 mm met deur open<\/li>\n<li>Hoogte (buiten\/binnen): 2264 mm \/ 2102 mm<\/li>\n<li class=\"tech-specs__field\">Tafelblad (B x D x H): 855 x 600 x 735<\/li>\n<li>Gewicht: 275 kg<\/li>\n<\/ul>\n<\/div><\/div>\n<div class=\"su-spoiler su-spoiler-style-default su-spoiler-icon-plus su-spoiler-closed\" data-scroll-offset=\"0\" data-anchor-in-url=\"no\"><div class=\"su-spoiler-title\" tabindex=\"0\" role=\"button\"><span class=\"su-spoiler-icon\"><\/span><strong>Akoestische gegevens en ventilatie:<\/strong><\/div><div class=\"su-spoiler-content su-u-clearfix su-u-trim\">\n<ul>\n<li>Spraakdemping tot 44,7 dB<\/li>\n<li>Luchtstroom: 365 m\u00b3\/h (nominaal)<\/li>\n<li>Ventilatiegeluid buiten \/ binnen: \u226436 dB \/ \u226438 dB<\/li>\n<\/ul>\n<\/div><\/div>\n<div class=\"su-spoiler su-spoiler-style-default su-spoiler-icon-plus su-spoiler-closed\" data-scroll-offset=\"0\" data-anchor-in-url=\"no\"><div class=\"su-spoiler-title\" tabindex=\"0\" role=\"button\"><span class=\"su-spoiler-icon\"><\/span><strong>Verlichting:<\/strong><\/div><div class=\"su-spoiler-content su-u-clearfix su-u-trim\">\n<ul>\n<li>Helderheid: 300 lux<\/li>\n<li>Kleurtemperatuur: 4.000 K<\/li>\n<\/ul>\n<\/div><\/div>\n<div class=\"su-spoiler su-spoiler-style-default su-spoiler-icon-plus su-spoiler-closed\" data-scroll-offset=\"0\" data-anchor-in-url=\"no\"><div class=\"su-spoiler-title\" tabindex=\"0\" role=\"button\"><span class=\"su-spoiler-icon\"><\/span><strong>Stopcontact met meerdere stopcontacten:<\/strong><\/div><div class=\"su-spoiler-content su-u-clearfix su-u-trim\">\n<ul>\n<li>Voedingsspanning: 220-240 \/ 100-120 VAC, 50-60 Hz<\/li>\n<li>Contactdozen: 2<\/li>\n<li>USB-snellader: TUF A+C 25 W, 5 V DC<\/li>\n<li>Kleur: Zwart<\/li>\n<\/ul>\n<\/div><\/div>\n<\/div>","protected":false},"excerpt":{"rendered":"<p>De Jetson M1 werkbox is ontworpen door akoestiekspecialist en premiumfabrikant MUTE en vult een eerder gat in de Jetson productfamilie als geluidsdichte box voor geconcentreerd werken. In vergelijking met de Jetson S1 telefooncabine is de Jetson M1 werkcabine iets breder en voorzien van een bureau op zithoogte. De gunstige prijzen zijn mogelijk door het slimme ontwerp: de Jetson M1 is even diep als de Jetson S1. Veel onderdelen zijn daardoor identiek en kunnen voordelig in grote hoeveelheden worden voorgeproduceerd.<\/p>\n<p>Tot de bijzonder praktische kenmerken die deel uitmaken van de standaard leveringsomvang behoren<\/p>\n<ul>\n<li>Bureau in eiken melamine<\/li>\n<li>Binneninrichting met smalle wandplank, magneetstrip en jashaken<\/li>\n<li>Stroomaansluiting en USB-oplader (type A + C) direct op het tafelblad<\/li>\n<\/ul>\n<p>De Jetson M1 scoort met een uitstekende prijs-prestatieverhouding, die kenmerkend is voor de hele Jetson productfamilie!<\/p>","protected":false},"featured_media":2465,"comment_status":"open","ping_status":"closed","template":"","meta":{"content-type":"","_uag_custom_page_level_css":""},"product_brand":[],"product_cat":[180],"product_tag":[],"class_list":{"0":"post-2459","1":"product","2":"type-product","3":"status-publish","4":"has-post-thumbnail","6":"product_cat-arbeitsbox","7":"pa_anzahl-personen-1-person","8":"pa_belueftungssteuerung-individuell-steuerbar","9":"pa_belueftungssteuerung-vollautomatisch","10":"pa_breite-1575-m","11":"pa_buchungstool-display-goconut-ready","12":"pa_einsatz-szenarien-buero","13":"pa_einsatz-szenarien-einzelhandel","14":"pa_einsatz-szenarien-hotel","15":"pa_einsatz-szenarien-schule-universitaet","16":"pa_farbe-schwarz","17":"pa_flex-miete-verfuegbar-ja","18":"pa_gewicht-275-kg","19":"pa_hoehe-227-m","20":"pa_lan-kein-lan-anschluss","21":"pa_lan-lan-anschluss-als-sonderausstattung","22":"pa_lieferzeit-2-wochen-lieferzeit","23":"pa_luftaustausch-365-m-h-nominell","24":"pa_marke-mute","25":"pa_mobilitaet-keine","26":"pa_mobilitaet-mit-integrierten-bodenrollen","27":"pa_monitorhalterung-monitorhalterung-als-sonderausstattung","28":"pa_monitorhalterung-ohne-monitorhalterung","29":"pa_preissegment-zwei","30":"pa_schalldaemmung-drei-sterne","31":"pa_sitzen-oder-stehen-im-sitzen-niedrig-mit-stuhl-oder-bank","32":"pa_spezial-features-buecherregal-option","33":"pa_spezial-features-white-board-option","34":"pa_tiefe-100-m","35":"pa_verfuegbare-tisch-optionen-fixe-tischhoehe-sitzen","36":"pa_verwendung-konzentriertes-arbeiten","37":"pa_verwendung-telefonieren","38":"pa_verwendung-video-call","40":"first","41":"instock","42":"taxable","43":"shipping-taxable","44":"purchasable","45":"product-type-simple"},"uagb_featured_image_src":{"full":["https:\/\/99cubes.de\/wp-content\/uploads\/2024\/09\/99cubes-MUTE-Jetson-M1-quad.jpg",1102,1093,false],"thumbnail":["https:\/\/99cubes.de\/wp-content\/uploads\/2024\/09\/99cubes-MUTE-Jetson-M1-quad-200x200.jpg",200,200,true],"medium":["https:\/\/99cubes.de\/wp-content\/uploads\/2024\/09\/99cubes-MUTE-Jetson-M1-quad-450x446.jpg",450,446,true],"medium_large":["https:\/\/99cubes.de\/wp-content\/uploads\/2024\/09\/99cubes-MUTE-Jetson-M1-quad-768x762.jpg",768,762,true],"large":["https:\/\/99cubes.de\/wp-content\/uploads\/2024\/09\/99cubes-MUTE-Jetson-M1-quad.jpg",1102,1093,false],"1536x1536":["https:\/\/99cubes.de\/wp-content\/uploads\/2024\/09\/99cubes-MUTE-Jetson-M1-quad.jpg",1102,1093,false],"2048x2048":["https:\/\/99cubes.de\/wp-content\/uploads\/2024\/09\/99cubes-MUTE-Jetson-M1-quad.jpg",1102,1093,false],"trp-custom-language-flag":["https:\/\/99cubes.de\/wp-content\/uploads\/2024\/09\/99cubes-MUTE-Jetson-M1-quad-12x12.jpg",12,12,true],"botiga-extra-large":["https:\/\/99cubes.de\/wp-content\/uploads\/2024\/09\/99cubes-MUTE-Jetson-M1-quad.jpg",1102,1093,false],"botiga-large":["https:\/\/99cubes.de\/wp-content\/uploads\/2024\/09\/99cubes-MUTE-Jetson-M1-quad-920x912.jpg",920,912,true],"botiga-big":["https:\/\/99cubes.de\/wp-content\/uploads\/2024\/09\/99cubes-MUTE-Jetson-M1-quad-575x570.jpg",575,570,true],"botiga-medium":["https:\/\/99cubes.de\/wp-content\/uploads\/2024\/09\/99cubes-MUTE-Jetson-M1-quad-380x377.jpg",380,377,true],"botiga-header-icons":["https:\/\/99cubes.de\/wp-content\/uploads\/2024\/09\/99cubes-MUTE-Jetson-M1-quad-50x50.jpg",50,50,true],"botiga-product-swatch-image":["https:\/\/99cubes.de\/wp-content\/uploads\/2024\/09\/99cubes-MUTE-Jetson-M1-quad-26x26.jpg",26,26,true],"woocommerce_thumbnail":["https:\/\/99cubes.de\/wp-content\/uploads\/2024\/09\/99cubes-MUTE-Jetson-M1-quad-420x420.jpg",420,420,true],"woocommerce_single":["https:\/\/99cubes.de\/wp-content\/uploads\/2024\/09\/99cubes-MUTE-Jetson-M1-quad-800x793.jpg",800,793,true],"woocommerce_gallery_thumbnail":["https:\/\/99cubes.de\/wp-content\/uploads\/2024\/09\/99cubes-MUTE-Jetson-M1-quad-100x100.jpg",100,100,true],"wpvr_mobile":["https:\/\/99cubes.de\/wp-content\/uploads\/2024\/09\/99cubes-MUTE-Jetson-M1-quad.jpg",1102,1093,false]},"uagb_author_info":{"display_name":"frank","author_link":"https:\/\/99cubes.de\/nl\/author\/"},"uagb_comment_info":0,"uagb_excerpt":"Die Arbeitsbox Jetson M1 wurde vom Akustik-Spezialisten und Premium-Hersteller MUTE designt und f\u00fcllt als schallgesch\u00fctzte Box f\u00fcr konzentriertes Arbeiten eine bisherige L\u00fccke in der Jetson-Produktfamilie. Im Vergleich zur Telefonbox Jetson S1 ist die Arbeitsbox Jetson M1 etwas breiter und mit einem Schreibtisch in Sitzh\u00f6he ausgestattet. Die g\u00fcnstigen Preise werden durch die clevere Konstruktion erm\u00f6glicht: Die&hellip;","_links":{"self":[{"href":"https:\/\/99cubes.de\/nl\/wp-json\/wp\/v2\/product\/2459","targetHints":{"allow":["GET"]}}],"collection":[{"href":"https:\/\/99cubes.de\/nl\/wp-json\/wp\/v2\/product"}],"about":[{"href":"https:\/\/99cubes.de\/nl\/wp-json\/wp\/v2\/types\/product"}],"replies":[{"embeddable":true,"href":"https:\/\/99cubes.de\/nl\/wp-json\/wp\/v2\/comments?post=2459"}],"wp:featuredmedia":[{"embeddable":true,"href":"https:\/\/99cubes.de\/nl\/wp-json\/wp\/v2\/media\/2465"}],"wp:attachment":[{"href":"https:\/\/99cubes.de\/nl\/wp-json\/wp\/v2\/media?parent=2459"}],"wp:term":[{"taxonomy":"product_brand","embeddable":true,"href":"https:\/\/99cubes.de\/nl\/wp-json\/wp\/v2\/product_brand?post=2459"},{"taxonomy":"product_cat","embeddable":true,"href":"https:\/\/99cubes.de\/nl\/wp-json\/wp\/v2\/product_cat?post=2459"},{"taxonomy":"product_tag","embeddable":true,"href":"https:\/\/99cubes.de\/nl\/wp-json\/wp\/v2\/product_tag?post=2459"}],"curies":[{"name":"wp","href":"https:\/\/api.w.org\/{rel}","templated":true}]}}