{"id":3063,"date":"2024-11-01T13:50:56","date_gmt":"2024-11-01T12:50:56","guid":{"rendered":"https:\/\/99cubes.de\/?post_type=product&#038;p=3063"},"modified":"2026-03-17T12:16:51","modified_gmt":"2026-03-17T11:16:51","slug":"workbox-chatbox-solo-silen","status":"publish","type":"product","link":"https:\/\/99cubes.de\/nl\/produkt\/arbeitsbox-chatbox-solo-silen\/","title":{"rendered":"Werkbox Chatbox Solo | Silen"},"content":{"rendered":"<div class=\"su-accordion su-u-trim\">\n<div class=\"su-spoiler su-spoiler-style-default su-spoiler-icon-plus\" data-scroll-offset=\"0\" data-anchor-in-url=\"no\"><div class=\"su-spoiler-title\" tabindex=\"0\" role=\"button\"><span class=\"su-spoiler-icon\"><\/span><strong>Informatie over de Silen Chatbox-productserie<\/strong><\/div><div class=\"su-spoiler-content su-u-clearfix su-u-trim\">\nDe in Estland gevestigde fabrikant \u201eSilen\u201c is een van de meest innovatieve en succesvolle producenten van akoestische kubussen ter wereld en levert aan meer dan 60 landen. Na het grote succes van de hoogwaardige productserie \u201eSilen Space\u201c (geluidsisolatieklasse A) werd een tweede productlijn gelanceerd met \u201eSilen Chatbox\u201c, die zich nog meer richt op prijs, effici\u00ebntie en modulariteit. Chatbox-akoestische kubussen zijn iets lichter en daardoor merkbaar goedkoper, maar voldoen nog steeds met vlag en wimpel aan de eisen van geluidsisolatieklasse B.<br \/>\nWat we vooral leuk vinden aan de Silen Chatbox akoestische kubussen:<\/p>\n<ul>\n<li>De zijpanelen zijn verwisselbaar. Andere kleuren of het populaire zijpaneelontwerp met houten latten kunnen dus heel eenvoudig achteraf worden gemonteerd - dankzij een innovatief magnetisch sluitsysteem.<\/li>\n<li>De Duo en Quattro edities van Chatbox kunnen in serie worden geschakeld om een grotere ruimte te vormen. Omgekeerd kan een Chatbox Quattro worden gesplitst en omgevormd tot twee Duo's. Het enige wat je hoeft te doen, is de bijpassende glazen wanden opnieuw ordenen of tijdelijk opbergen.<\/li>\n<li>De apart verkrijgbare mobiliteitskit maakt het eenvoudiger om alle akoestische kubussen binnen het kantoor te verplaatsen.<\/li>\n<li>Bijzonder goede luchtuitwisselingswaarden (zie ook: <a href=\"https:\/\/99cubes.de\/nl\/luchtuitwisseling\/\">Selectiecriterium luchtuitwisseling<\/a>).<\/li>\n<\/ul>\n<\/div><\/div>\n<div class=\"su-spoiler su-spoiler-style-default su-spoiler-icon-plus\" data-scroll-offset=\"0\" data-anchor-in-url=\"no\"><div class=\"su-spoiler-title\" tabindex=\"0\" role=\"button\"><span class=\"su-spoiler-icon\"><\/span><strong>Productconfigurator:<\/strong><\/div><div class=\"su-spoiler-content su-u-clearfix su-u-trim\">\n<p>Je vindt alle opties en ontwerpmogelijkheden in onze interactieve productconfigurator:<\/p>\n<div class=\"wp-block-button\"><a class=\"wp-block-button__link wp-element-button\" href=\"https:\/\/configurator.silen.com\/?site=6364&amp;code=113438\" target=\"_blank\" rel=\"noopener\">Naar de productconfigurator<\/a><\/div>\n<\/div><\/div>\n<div class=\"su-spoiler su-spoiler-style-default su-spoiler-icon-plus su-spoiler-closed\" data-scroll-offset=\"0\" data-anchor-in-url=\"no\"><div class=\"su-spoiler-title\" tabindex=\"0\" role=\"button\"><span class=\"su-spoiler-icon\"><\/span><strong>Uitrusting:<\/strong><\/div><div class=\"su-spoiler-content su-u-clearfix su-u-trim\">\n<ul>\n<li>Aanwezigheidsdetector<\/li>\n<li>Ventilatiesysteem in het plafond<\/li>\n<li>Ge\u00efntegreerde LED-lamp (4.000 K, 2240 lumen, 28 watt)<\/li>\n<li>Aansluiting via voedingskabel 3 m<\/li>\n<li>Schuko stopcontact + USB\/A\/C oplaadaansluiting<\/li>\n<li>Binnenwanden voorzien van echovrije akoestische panelen<\/li>\n<li>Antistatisch en vuilafstotend laagpolig tapijt<\/li>\n<li>Rechtsdraaiende deur<\/li>\n<li>Keuze uit interieur: zonder bureau | met elektrisch in hoogte verstelbaar bureau | met ingebouwd bureau op vaste hoogte<\/li>\n<li>Optionele bank in drie verschillende kleuren (alleen in combinatie met vaste hoge inbouwtafel)<\/li>\n<li>Optioneel: LAN-aansluiting<\/li>\n<li>Optioneel: bedieningspaneel voor handmatige regeling van licht (dimmen) en ventilatie (sterker of zwakker)<\/li>\n<li>Zijpanelen zwart of wit; optioneel verkrijgbaar in 9 andere kleuren (incl. whiteboardkleur) of in houten lattendesign (eiken)<\/li>\n<\/ul>\n<figure id=\"attachment_3059\" aria-describedby=\"caption-attachment-3059\" style=\"width: 1200px\" class=\"wp-caption alignnone\"><img loading=\"lazy\" decoding=\"async\" class=\"wp-image-3059 size-large\" src=\"https:\/\/99cubes.de\/wp-content\/uploads\/2024\/10\/Oberflaechen-Silen-Chatbox-1200x534.jpg\" alt=\"\" width=\"1200\" height=\"534\" srcset=\"https:\/\/99cubes.de\/wp-content\/uploads\/2024\/10\/Oberflaechen-Silen-Chatbox-1200x534.jpg 1200w, https:\/\/99cubes.de\/wp-content\/uploads\/2024\/10\/Oberflaechen-Silen-Chatbox-450x200.jpg 450w, https:\/\/99cubes.de\/wp-content\/uploads\/2024\/10\/Oberflaechen-Silen-Chatbox-768x342.jpg 768w, https:\/\/99cubes.de\/wp-content\/uploads\/2024\/10\/Oberflaechen-Silen-Chatbox-18x8.jpg 18w, https:\/\/99cubes.de\/wp-content\/uploads\/2024\/10\/Oberflaechen-Silen-Chatbox-1140x507.jpg 1140w, https:\/\/99cubes.de\/wp-content\/uploads\/2024\/10\/Oberflaechen-Silen-Chatbox-920x409.jpg 920w, https:\/\/99cubes.de\/wp-content\/uploads\/2024\/10\/Oberflaechen-Silen-Chatbox-575x256.jpg 575w, https:\/\/99cubes.de\/wp-content\/uploads\/2024\/10\/Oberflaechen-Silen-Chatbox-380x169.jpg 380w, https:\/\/99cubes.de\/wp-content\/uploads\/2024\/10\/Oberflaechen-Silen-Chatbox-800x356.jpg 800w, https:\/\/99cubes.de\/wp-content\/uploads\/2024\/10\/Oberflaechen-Silen-Chatbox.jpg 1234w\" sizes=\"auto, (max-width: 1200px) 100vw, 1200px\" \/><figcaption id=\"caption-attachment-3059\" class=\"wp-caption-text\">De oppervlakteselectie voor de Silen Chatbox-productserie<\/figcaption><\/figure>\n<\/div><\/div>\n<div class=\"su-spoiler su-spoiler-style-default su-spoiler-icon-plus su-spoiler-closed\" data-scroll-offset=\"0\" data-anchor-in-url=\"no\"><div class=\"su-spoiler-title\" tabindex=\"0\" role=\"button\"><span class=\"su-spoiler-icon\"><\/span><strong>Afmetingen en gewicht:<\/strong><\/div><div class=\"su-spoiler-content su-u-clearfix su-u-trim\">\n<ul>\n<li>Breedte (buiten\/binnen): 1250 mm \/ 1130 mm<\/li>\n<li>Diepte (buiten\/binnen): 980 mm \/ 910 mm<\/li>\n<li>Hoogte (buiten\/binnen): 2220 mm \/ 2040 mm<\/li>\n<li>Gewicht: 380 kg<\/li>\n<\/ul>\n<\/div><\/div>\n<div class=\"su-spoiler su-spoiler-style-default su-spoiler-icon-plus su-spoiler-closed\" data-scroll-offset=\"0\" data-anchor-in-url=\"no\"><div class=\"su-spoiler-title\" tabindex=\"0\" role=\"button\"><span class=\"su-spoiler-icon\"><\/span><strong>Akoestische gegevens en ventilatie:<\/strong><\/div><div class=\"su-spoiler-content su-u-clearfix su-u-trim\">\n<p><strong>Geluidsisolatie:<\/strong> 27,8 dB (komt overeen met klasse B volgens ISO 23351-1)<\/p>\n<p><strong>Luchtuitwisseling: <\/strong>198 m\u00b3\/h (luchtstroom systeem)<\/p>\n<p><strong>Speciale functies:<\/strong>\u00a0Gecertificeerde binnenluchtkwaliteit: getest op VOC-emissies, d.w.z. dampen van vluchtige organische stoffen<\/p>\n<\/div><\/div>\n<\/div>","protected":false},"excerpt":{"rendered":"<p>De Silen Chatbox Solo is de perfecte oplossing voor geconcentreerd werken in kantoortuinen. Als compacte werkbox biedt de Silen Chatbox Solo een geluiddichte werkplek - afhankelijk van de uitvoering knus (met bureau en bank) of ergonomisch vormgegeven (met in hoogte verstelbaar bureau). De Chatbox-productserie is modulair opgebouwd en tot in het kleinste detail doordacht: de zijwandbekleding kan bijvoorbeeld later worden vervangen! Praktisch voor iedereen die zijn workbox achteraf wil uitrusten met stijlvolle houten latten of de kleuren van het oppervlak tussen verschillende akoestische kubussen wil verwisselen.<br \/>\nEen apart verkrijgbare mobiliteitskit helpt bij het verplaatsen van de boxen. In tegenstelling tot andere fabrikanten zijn de wielen niet ge\u00efntegreerd, maar worden ze aan de zijkant bevestigd voor transport indien nodig - dus \u00e9\u00e9n mobiliteitskit per kantoor\/per gebouw is voldoende!<br \/>\nGoede geluidsisolatie, hoogwaardig vakmanschap en een goede prijs-prestatieverhouding kenmerken alle akoestische kubussen in de Silen Chatbox-serie.<br \/>\nDe \u201eChatbox Solo\u201c workbox is beschikbaar in de volgende versies:<\/p>\n<ul>\n<li>Leeg<\/li>\n<li>met bureau met vaste hoogte (bureaustoel apart te bestellen)<\/li>\n<li>met bureau op vaste hoogte en bijpassende sofa<\/li>\n<li>met elektrisch in hoogte verstelbaar bureau (we raden aan een bijpassende zit-sta kruk te bestellen)<\/li>\n<\/ul>\n<p>Naast de zijpanelen in verschillende kleuren heeft de Silen Chatbox Solo veel extra functies, zoals een optioneel bedieningspaneel voor verlichting en ventilatie of een LAN-aansluiting.<\/p>\n<p>We adviseren je graag over de opties die voor jou relevant zijn!<\/p>","protected":false},"featured_media":4666,"comment_status":"open","ping_status":"closed","template":"","meta":{"content-type":"","_uag_custom_page_level_css":""},"product_brand":[],"product_cat":[180],"product_tag":[],"class_list":{"0":"post-3063","1":"product","2":"type-product","3":"status-publish","4":"has-post-thumbnail","6":"product_cat-arbeitsbox","7":"pa_anzahl-personen-1-person","8":"pa_belueftungssteuerung-individuell-steuerbar","9":"pa_belueftungssteuerung-vollautomatisch","10":"pa_breite-125-m","11":"pa_buchungstool-display-goconut-ready","12":"pa_einsatz-szenarien-buero","13":"pa_einsatz-szenarien-einzelhandel","14":"pa_einsatz-szenarien-hotel","15":"pa_einsatz-szenarien-schule-universitaet","16":"pa_farbe-holzlamellen","17":"pa_farbe-konfigurierbar","18":"pa_farbe-schwarz","19":"pa_farbe-weiss","20":"pa_flex-miete-verfuegbar-ja","21":"pa_gewicht-380-kg","22":"pa_hoehe-222-m","23":"pa_lan-kein-lan-anschluss","24":"pa_lan-lan-anschluss-als-sonderausstattung","25":"pa_lieferzeit-4-bis-6-wochen-lieferzeit","26":"pa_luftaustausch-198-m-h-systemluftstrom","27":"pa_marke-silen","28":"pa_mobilitaet-keine","29":"pa_mobilitaet-mobility-kit-als-zubehoer","30":"pa_monitorhalterung-ohne-monitorhalterung","31":"pa_nachhaltigkeit-klimaneutral-hergestellt","32":"pa_preissegment-zwei","33":"pa_schalldaemmung-drei-sterne","34":"pa_sitzen-oder-stehen-im-sitzen-niedrig-mit-stuhl-oder-bank","35":"pa_sitzen-oder-stehen-im-stehen","36":"pa_spezial-features-aussenwandfarbe-nachtraeglich-austauschbar","37":"pa_spezial-features-gs-tuev-zertifiziert","38":"pa_spezial-features-white-board-option","39":"pa_spezial-features-zertifizierte-innenraum-luftqualitaet","40":"pa_tiefe-098-m","41":"pa_verfuegbare-tisch-optionen-fixe-tischhoehe-sitzen","42":"pa_verfuegbare-tisch-optionen-ohne-tisch","43":"pa_verfuegbare-tisch-optionen-variable-tischhoehe-elektrisch-verstellbar","44":"pa_verwendung-telefonieren","45":"pa_verwendung-video-call","47":"first","48":"instock","49":"taxable","50":"shipping-taxable","51":"purchasable","52":"product-type-simple"},"uagb_featured_image_src":{"full":["https:\/\/99cubes.de\/wp-content\/uploads\/2024\/11\/99cubes-Telefonbox-Silen-Chatbox-Solo.jpg",1200,1200,false],"thumbnail":["https:\/\/99cubes.de\/wp-content\/uploads\/2024\/11\/99cubes-Telefonbox-Silen-Chatbox-Solo-200x200.jpg",200,200,true],"medium":["https:\/\/99cubes.de\/wp-content\/uploads\/2024\/11\/99cubes-Telefonbox-Silen-Chatbox-Solo-450x450.jpg",450,450,true],"medium_large":["https:\/\/99cubes.de\/wp-content\/uploads\/2024\/11\/99cubes-Telefonbox-Silen-Chatbox-Solo-768x768.jpg",768,768,true],"large":["https:\/\/99cubes.de\/wp-content\/uploads\/2024\/11\/99cubes-Telefonbox-Silen-Chatbox-Solo-1200x1200.jpg",1140,1140,true],"1536x1536":["https:\/\/99cubes.de\/wp-content\/uploads\/2024\/11\/99cubes-Telefonbox-Silen-Chatbox-Solo.jpg",1200,1200,false],"2048x2048":["https:\/\/99cubes.de\/wp-content\/uploads\/2024\/11\/99cubes-Telefonbox-Silen-Chatbox-Solo.jpg",1200,1200,false],"trp-custom-language-flag":["https:\/\/99cubes.de\/wp-content\/uploads\/2024\/11\/99cubes-Telefonbox-Silen-Chatbox-Solo-12x12.jpg",12,12,true],"botiga-extra-large":["https:\/\/99cubes.de\/wp-content\/uploads\/2024\/11\/99cubes-Telefonbox-Silen-Chatbox-Solo-1140x1140.jpg",1140,1140,true],"botiga-large":["https:\/\/99cubes.de\/wp-content\/uploads\/2024\/11\/99cubes-Telefonbox-Silen-Chatbox-Solo-920x920.jpg",920,920,true],"botiga-big":["https:\/\/99cubes.de\/wp-content\/uploads\/2024\/11\/99cubes-Telefonbox-Silen-Chatbox-Solo-575x575.jpg",575,575,true],"botiga-medium":["https:\/\/99cubes.de\/wp-content\/uploads\/2024\/11\/99cubes-Telefonbox-Silen-Chatbox-Solo-380x380.jpg",380,380,true],"botiga-header-icons":["https:\/\/99cubes.de\/wp-content\/uploads\/2024\/11\/99cubes-Telefonbox-Silen-Chatbox-Solo-50x50.jpg",50,50,true],"botiga-product-swatch-image":["https:\/\/99cubes.de\/wp-content\/uploads\/2024\/11\/99cubes-Telefonbox-Silen-Chatbox-Solo-26x26.jpg",26,26,true],"woocommerce_thumbnail":["https:\/\/99cubes.de\/wp-content\/uploads\/2024\/11\/99cubes-Telefonbox-Silen-Chatbox-Solo-420x420.jpg",420,420,true],"woocommerce_single":["https:\/\/99cubes.de\/wp-content\/uploads\/2024\/11\/99cubes-Telefonbox-Silen-Chatbox-Solo-800x800.jpg",800,800,true],"woocommerce_gallery_thumbnail":["https:\/\/99cubes.de\/wp-content\/uploads\/2024\/11\/99cubes-Telefonbox-Silen-Chatbox-Solo-100x100.jpg",100,100,true],"wpvr_mobile":["https:\/\/99cubes.de\/wp-content\/uploads\/2024\/11\/99cubes-Telefonbox-Silen-Chatbox-Solo.jpg",1200,1200,false]},"uagb_author_info":{"display_name":"frank","author_link":"https:\/\/99cubes.de\/nl\/author\/"},"uagb_comment_info":0,"uagb_excerpt":"Die Silen Chatbox Solo ist die perfekte L\u00f6sung f\u00fcr konzentriertes Arbeiten im Gro\u00dfraumb\u00fcro. Als kompakte Arbeitsbox bietet die Silen Chatbox Solo einen schallgesch\u00fctzten Arbeitsplatz - je nach Variante entweder gem\u00fctlich (mit Schreibtisch und Sofa) oder ergonomisch gestaltet (mit h\u00f6henverstellbarem Schreibtisch). Die Chatbox-Produktserie ist modular aufgebaut und durchdacht bis ins letzte Detail: So sind die Seitenwand-Verkleidungen&hellip;","_links":{"self":[{"href":"https:\/\/99cubes.de\/nl\/wp-json\/wp\/v2\/product\/3063","targetHints":{"allow":["GET"]}}],"collection":[{"href":"https:\/\/99cubes.de\/nl\/wp-json\/wp\/v2\/product"}],"about":[{"href":"https:\/\/99cubes.de\/nl\/wp-json\/wp\/v2\/types\/product"}],"replies":[{"embeddable":true,"href":"https:\/\/99cubes.de\/nl\/wp-json\/wp\/v2\/comments?post=3063"}],"wp:featuredmedia":[{"embeddable":true,"href":"https:\/\/99cubes.de\/nl\/wp-json\/wp\/v2\/media\/4666"}],"wp:attachment":[{"href":"https:\/\/99cubes.de\/nl\/wp-json\/wp\/v2\/media?parent=3063"}],"wp:term":[{"taxonomy":"product_brand","embeddable":true,"href":"https:\/\/99cubes.de\/nl\/wp-json\/wp\/v2\/product_brand?post=3063"},{"taxonomy":"product_cat","embeddable":true,"href":"https:\/\/99cubes.de\/nl\/wp-json\/wp\/v2\/product_cat?post=3063"},{"taxonomy":"product_tag","embeddable":true,"href":"https:\/\/99cubes.de\/nl\/wp-json\/wp\/v2\/product_tag?post=3063"}],"curies":[{"name":"wp","href":"https:\/\/api.w.org\/{rel}","templated":true}]}}