{"id":3176,"date":"2024-11-27T17:37:35","date_gmt":"2024-11-27T16:37:35","guid":{"rendered":"https:\/\/99cubes.de\/?post_type=product&#038;p=3176"},"modified":"2026-03-17T12:31:14","modified_gmt":"2026-03-17T11:31:14","slug":"4er-vergaderbox-chatbox-duo-plus-silen","status":"publish","type":"product","link":"https:\/\/99cubes.de\/nl\/produkt\/4er-meetingbox-chatbox-duo-plus-silen\/","title":{"rendered":"4-zits vergaderbox Chatbox Duo Plus | Silen"},"content":{"rendered":"<div class=\"su-accordion su-u-trim\">\n<div class=\"su-spoiler su-spoiler-style-default su-spoiler-icon-plus\" data-scroll-offset=\"0\" data-anchor-in-url=\"no\"><div class=\"su-spoiler-title\" tabindex=\"0\" role=\"button\"><span class=\"su-spoiler-icon\"><\/span><strong>Informatie over de Silen Chatbox-productserie<\/strong><\/div><div class=\"su-spoiler-content su-u-clearfix su-u-trim\">\nDe in Estland gevestigde fabrikant \u201eSilen\u201c is een van de meest innovatieve en succesvolle producenten van akoestische kubussen ter wereld en levert aan meer dan 60 landen. Na het grote succes van de hoogwaardige productserie \u201eSilen Space\u201c (geluidsisolatieklasse A) werd een tweede productlijn gelanceerd met \u201eSilen Chatbox\u201c, die zich nog meer richt op prijs, effici\u00ebntie en modulariteit. Silen Chatbox akoestische kubussen zijn iets lichter en dus merkbaar goedkoper, maar voldoen met vlag en wimpel aan de eisen van geluidsisolatieklasse B. Met een geluidsisolatie van net geen 30 dB haalt de Chatbox Duo Plus zelfs het randje van geluidsisolatieklasse A!<br \/>\nWat we vooral leuk vinden aan de Silen Chatbox akoestische kubussen:<\/p>\n<ul>\n<li>De zijpanelen zijn verwisselbaar. Andere kleuren of het populaire zijpaneelontwerp met houten latten kunnen dus heel eenvoudig achteraf worden gemonteerd - dankzij een innovatief magnetisch sluitsysteem.<\/li>\n<li>De Duo en Quattro edities van Chatbox kunnen in serie worden geschakeld om een grotere ruimte te vormen. Omgekeerd kan een Chatbox Quattro worden gesplitst en omgevormd tot twee Duo's. Het enige wat je hoeft te doen, is de bijpassende glazen wanden opnieuw ordenen of tijdelijk opbergen.<\/li>\n<li>De apart verkrijgbare mobiliteitskit maakt het eenvoudiger om alle akoestische kubussen binnen het kantoor te verplaatsen.<\/li>\n<li>Bijzonder goede luchtuitwisselingswaarden (zie ook: <a href=\"https:\/\/99cubes.de\/nl\/luchtuitwisseling\/\">Selectiecriterium luchtuitwisseling<\/a>).<\/li>\n<\/ul>\n<\/div><\/div>\n<div class=\"su-spoiler su-spoiler-style-default su-spoiler-icon-plus\" data-scroll-offset=\"0\" data-anchor-in-url=\"no\"><div class=\"su-spoiler-title\" tabindex=\"0\" role=\"button\"><span class=\"su-spoiler-icon\"><\/span><strong>Productconfigurator:<\/strong><\/div><div class=\"su-spoiler-content su-u-clearfix su-u-trim\">\n<p>Je vindt alle opties en ontwerpmogelijkheden in onze interactieve productconfigurator:<\/p>\n<div class=\"wp-block-button\"><a class=\"wp-block-button__link wp-element-button\" href=\"https:\/\/configurator.silen.com\/?site=6364&amp;code=113440\" target=\"_blank\" rel=\"noopener\">Naar de productconfigurator<\/a><\/div>\n<\/div><\/div>\n<div class=\"su-spoiler su-spoiler-style-default su-spoiler-icon-plus su-spoiler-closed\" data-scroll-offset=\"0\" data-anchor-in-url=\"no\"><div class=\"su-spoiler-title\" tabindex=\"0\" role=\"button\"><span class=\"su-spoiler-icon\"><\/span><strong>Uitrusting:<\/strong><\/div><div class=\"su-spoiler-content su-u-clearfix su-u-trim\">\n<ul>\n<li>Aanwezigheidsdetector<\/li>\n<li>Ventilatiesysteem in het plafond<\/li>\n<li>Ge\u00efntegreerde LED-lamp (4.000 K, 2240 lumen, 28 watt)<\/li>\n<li>Aansluiting via voedingskabel 3 m<\/li>\n<li>Schuko stopcontact + USB oplaadcontact voor airco (extra stopcontact beschikbaar voor permanent ge\u00efntegreerde tafel)<\/li>\n<li>Binnenwanden voorzien van echovrije akoestische panelen<\/li>\n<li>Antistatisch en vuilafstotend laagpolig tapijt<\/li>\n<li>Kan worden gemonteerd als links- of rechtshandige deur (dezelfde onderdelen)<\/li>\n<li>Keuze uit verschillende interieuraccessoires:\n<ul>\n<li>Twee comfortabele banken met rugleuning in drie verschillende kleuren<\/li>\n<li>Flexibele laptoptafels \u201eGaia\u201c (naar keuze voor \u00e9\u00e9n of beide zijden, oppervlak naar keuze in \u201eBlack matt Fenix\u201c of \u201eWhite matt Fenix\u201c)<\/li>\n<li>Permanent ge\u00efntegreerde tafel (optioneel met extra contactdoosstrip)<\/li>\n<\/ul>\n<\/li>\n<li>Optioneel: LAN-aansluiting<\/li>\n<li>Optioneel: VESA-monitorbevestiging op het glazen achterpaneel<\/li>\n<li>Optioneel: bedieningspaneel voor handmatige regeling van licht (dimmen) en ventilatie (sterker of zwakker)<\/li>\n<li>Zijpanelen zwart of wit; optioneel verkrijgbaar in 9 andere kleuren (incl. whiteboardkleur) of in houten lattendesign (eiken)<\/li>\n<\/ul>\n<figure id=\"attachment_3059\" aria-describedby=\"caption-attachment-3059\" style=\"width: 1200px\" class=\"wp-caption alignnone\"><img loading=\"lazy\" decoding=\"async\" class=\"wp-image-3059 size-large\" src=\"https:\/\/99cubes.de\/wp-content\/uploads\/2024\/10\/Oberflaechen-Silen-Chatbox-1200x534.jpg\" alt=\"\" width=\"1200\" height=\"534\" srcset=\"https:\/\/99cubes.de\/wp-content\/uploads\/2024\/10\/Oberflaechen-Silen-Chatbox-1200x534.jpg 1200w, https:\/\/99cubes.de\/wp-content\/uploads\/2024\/10\/Oberflaechen-Silen-Chatbox-450x200.jpg 450w, https:\/\/99cubes.de\/wp-content\/uploads\/2024\/10\/Oberflaechen-Silen-Chatbox-768x342.jpg 768w, https:\/\/99cubes.de\/wp-content\/uploads\/2024\/10\/Oberflaechen-Silen-Chatbox-18x8.jpg 18w, https:\/\/99cubes.de\/wp-content\/uploads\/2024\/10\/Oberflaechen-Silen-Chatbox-1140x507.jpg 1140w, https:\/\/99cubes.de\/wp-content\/uploads\/2024\/10\/Oberflaechen-Silen-Chatbox-920x409.jpg 920w, https:\/\/99cubes.de\/wp-content\/uploads\/2024\/10\/Oberflaechen-Silen-Chatbox-575x256.jpg 575w, https:\/\/99cubes.de\/wp-content\/uploads\/2024\/10\/Oberflaechen-Silen-Chatbox-380x169.jpg 380w, https:\/\/99cubes.de\/wp-content\/uploads\/2024\/10\/Oberflaechen-Silen-Chatbox-800x356.jpg 800w, https:\/\/99cubes.de\/wp-content\/uploads\/2024\/10\/Oberflaechen-Silen-Chatbox.jpg 1234w\" sizes=\"auto, (max-width: 1200px) 100vw, 1200px\" \/><figcaption id=\"caption-attachment-3059\" class=\"wp-caption-text\">De oppervlakteselectie voor de Silen Chatbox-productserie<\/figcaption><\/figure>\n<\/div><\/div>\n<div class=\"su-spoiler su-spoiler-style-default su-spoiler-icon-plus su-spoiler-closed\" data-scroll-offset=\"0\" data-anchor-in-url=\"no\"><div class=\"su-spoiler-title\" tabindex=\"0\" role=\"button\"><span class=\"su-spoiler-icon\"><\/span><strong>Afmetingen en gewicht:<\/strong><\/div><div class=\"su-spoiler-content su-u-clearfix su-u-trim\">\n<ul>\n<li>Breedte (buiten\/binnen): 2130 mm \/ 2000 mm<\/li>\n<li>Diepte (buiten\/binnen): 1230 mm \/ 1160 mm<\/li>\n<li>Hoogte (buiten\/binnen): 2220 mm \/ 2040 mm<\/li>\n<li>Gewicht: 580 kg<\/li>\n<\/ul>\n<\/div><\/div>\n<div class=\"su-spoiler su-spoiler-style-default su-spoiler-icon-plus su-spoiler-closed\" data-scroll-offset=\"0\" data-anchor-in-url=\"no\"><div class=\"su-spoiler-title\" tabindex=\"0\" role=\"button\"><span class=\"su-spoiler-icon\"><\/span><strong>Akoestische gegevens en ventilatie:<\/strong><\/div><div class=\"su-spoiler-content su-u-clearfix su-u-trim\">\n<p><strong>Geluidsisolatie:<\/strong> 29,4 dB (komt overeen met klasse B volgens ISO 23351-1)<\/p>\n<p><strong>Luchtuitwisseling: <\/strong>198 m\u00b3\/h (luchtstroom systeem)<\/p>\n<p><strong>Speciale functies:<\/strong>\u00a0Gecertificeerde binnenluchtkwaliteit: getest op VOC-emissies, d.w.z. dampen van vluchtige organische stoffen<\/p>\n<\/div><\/div>\n<\/div>","protected":false},"excerpt":{"rendered":"<p>De Silen Chatbox Duo Plus is de perfecte oplossing voor vergaderingen met twee tot maximaal vier personen in een open kantoorruimte. Uitgerust met twee banken en verschillende tafelopties biedt de Silen Chatbox Duo Plus alles wat u nodig hebt voor een korte vergadering. In tegenstelling tot de iets kleinere Chatbox Duo is de \u201eDuo Plus\u201c iets dieper. Vier personen kunnen compact, maar toch comfortabel zitten.<\/p>\n<p>De Silen Chatbox-productserie heeft een modulair ontwerp en is tot in het kleinste detail doordacht: de zijwandbekleding kan bijvoorbeeld later worden vervangen! Praktisch voor iedereen die zijn werkbox achteraf wil uitrusten met stijlvolle houten latten of de kleuren van het oppervlak tussen verschillende akoestische kubussen wil verwisselen.<br \/>\nEen apart verkrijgbare mobiliteitskit helpt bij het verplaatsen van de boxen. In tegenstelling tot andere fabrikanten zijn de wielen niet ge\u00efntegreerd, maar worden ze aan de zijkant bevestigd voor transport indien nodig - dus \u00e9\u00e9n mobiliteitskit per kantoor\/per gebouw is voldoende!<br \/>\nGoede geluidsisolatie, hoogwaardig vakmanschap en een goede prijs-prestatieverhouding kenmerken alle akoestische kubussen in de Silen Chatbox-serie.<br \/>\nDe 4-persoons \u201eChatbox Duo Plus\u201c vergaderbox is verkrijgbaar in de volgende versies, vergelijkbaar met het zustermodel \u201eDuo\u201c:<\/p>\n<ul>\n<li>Leeg (zonder foto)<\/li>\n<li>met vast ge\u00efntegreerde tafel (kan naar wens worden gecombineerd met draaistoelen of krukken)<\/li>\n<li>met twee banken, maar zonder tafel<\/li>\n<li>met twee banken en ge\u00efntegreerde tafel<\/li>\n<li>met twee banken en een of twee flexibele laptoptafels \u201eGaia\u201c<\/li>\n<\/ul>\n<p>Naast de zijpanelen in verschillende kleuren heeft de Silen Chatbox Duo Plus veel extra mogelijkheden, zoals een optioneel bedieningspaneel voor verlichting en ventilatie, een LAN-aansluiting, een VESA-monitorhouder of extra stopcontacten.<\/p>\n<p>We adviseren je graag over de opties die voor jou relevant zijn!<\/p>","protected":false},"featured_media":4673,"comment_status":"open","ping_status":"closed","template":"","meta":{"content-type":"","_uag_custom_page_level_css":""},"product_brand":[],"product_cat":[60],"product_tag":[],"class_list":{"0":"post-3176","1":"product","2":"type-product","3":"status-publish","4":"has-post-thumbnail","6":"product_cat-meetingboxen","7":"pa_anzahl-personen-2-personen","8":"pa_anzahl-personen-4-personen","9":"pa_belueftungssteuerung-individuell-steuerbar","10":"pa_belueftungssteuerung-vollautomatisch","11":"pa_breite-213-m","12":"pa_buchungstool-display-goconut-ready","13":"pa_einsatz-szenarien-buero","14":"pa_einsatz-szenarien-einzelhandel","15":"pa_einsatz-szenarien-hotel","16":"pa_einsatz-szenarien-schule-universitaet","17":"pa_farbe-holzlamellen","18":"pa_farbe-konfigurierbar","19":"pa_farbe-schwarz","20":"pa_farbe-weiss","21":"pa_flex-miete-verfuegbar-ja","22":"pa_gewicht-580-kg","23":"pa_hoehe-222-m","24":"pa_lan-kein-lan-anschluss","25":"pa_lan-lan-anschluss-als-sonderausstattung","26":"pa_lieferzeit-4-bis-6-wochen-lieferzeit","27":"pa_luftaustausch-198-m-h-systemluftstrom","28":"pa_marke-silen","29":"pa_mobilitaet-keine","30":"pa_mobilitaet-mobility-kit-als-zubehoer","31":"pa_monitorhalterung-monitorhalterung-als-sonderausstattung","32":"pa_monitorhalterung-ohne-monitorhalterung","33":"pa_nachhaltigkeit-klimaneutral-hergestellt","34":"pa_preissegment-zwei","35":"pa_schalldaemmung-drei-sterne","36":"pa_sitzen-oder-stehen-im-sitzen-niedrig-mit-stuhl-oder-bank","37":"pa_spezial-features-aussenwandfarbe-nachtraeglich-austauschbar","38":"pa_spezial-features-gs-tuev-zertifiziert","39":"pa_spezial-features-modular-verkettbar-aufteilbar","40":"pa_spezial-features-white-board-option","41":"pa_spezial-features-zertifizierte-innenraum-luftqualitaet","42":"pa_tiefe-123-m","43":"pa_verfuegbare-tisch-optionen-fixe-tischhoehe-sitzen","44":"pa_verfuegbare-tisch-optionen-ohne-tisch","45":"pa_verwendung-konzentriertes-arbeiten","46":"pa_verwendung-meeting","47":"pa_verwendung-telefonieren","48":"pa_verwendung-video-call","50":"first","51":"instock","52":"taxable","53":"shipping-taxable","54":"purchasable","55":"product-type-simple"},"uagb_featured_image_src":{"full":["https:\/\/99cubes.de\/wp-content\/uploads\/2024\/11\/99cubes-silen-meetingbox-chatbox-duo-plus-4-personen.jpg",1200,1200,false],"thumbnail":["https:\/\/99cubes.de\/wp-content\/uploads\/2024\/11\/99cubes-silen-meetingbox-chatbox-duo-plus-4-personen-200x200.jpg",200,200,true],"medium":["https:\/\/99cubes.de\/wp-content\/uploads\/2024\/11\/99cubes-silen-meetingbox-chatbox-duo-plus-4-personen-450x450.jpg",450,450,true],"medium_large":["https:\/\/99cubes.de\/wp-content\/uploads\/2024\/11\/99cubes-silen-meetingbox-chatbox-duo-plus-4-personen-768x768.jpg",768,768,true],"large":["https:\/\/99cubes.de\/wp-content\/uploads\/2024\/11\/99cubes-silen-meetingbox-chatbox-duo-plus-4-personen-1200x1200.jpg",1140,1140,true],"1536x1536":["https:\/\/99cubes.de\/wp-content\/uploads\/2024\/11\/99cubes-silen-meetingbox-chatbox-duo-plus-4-personen-1536x1536.jpg",1200,1200,true],"2048x2048":["https:\/\/99cubes.de\/wp-content\/uploads\/2024\/11\/99cubes-silen-meetingbox-chatbox-duo-plus-4-personen.jpg",1200,1200,false],"trp-custom-language-flag":["https:\/\/99cubes.de\/wp-content\/uploads\/2024\/11\/99cubes-silen-meetingbox-chatbox-duo-plus-4-personen-12x12.jpg",12,12,true],"botiga-extra-large":["https:\/\/99cubes.de\/wp-content\/uploads\/2024\/11\/99cubes-silen-meetingbox-chatbox-duo-plus-4-personen-1140x1140.jpg",1140,1140,true],"botiga-large":["https:\/\/99cubes.de\/wp-content\/uploads\/2024\/11\/99cubes-silen-meetingbox-chatbox-duo-plus-4-personen-920x920.jpg",920,920,true],"botiga-big":["https:\/\/99cubes.de\/wp-content\/uploads\/2024\/11\/99cubes-silen-meetingbox-chatbox-duo-plus-4-personen-575x575.jpg",575,575,true],"botiga-medium":["https:\/\/99cubes.de\/wp-content\/uploads\/2024\/11\/99cubes-silen-meetingbox-chatbox-duo-plus-4-personen-380x380.jpg",380,380,true],"botiga-header-icons":["https:\/\/99cubes.de\/wp-content\/uploads\/2024\/11\/99cubes-silen-meetingbox-chatbox-duo-plus-4-personen-50x50.jpg",50,50,true],"botiga-product-swatch-image":["https:\/\/99cubes.de\/wp-content\/uploads\/2024\/11\/99cubes-silen-meetingbox-chatbox-duo-plus-4-personen-26x26.jpg",26,26,true],"woocommerce_thumbnail":["https:\/\/99cubes.de\/wp-content\/uploads\/2024\/11\/99cubes-silen-meetingbox-chatbox-duo-plus-4-personen-420x420.jpg",420,420,true],"woocommerce_single":["https:\/\/99cubes.de\/wp-content\/uploads\/2024\/11\/99cubes-silen-meetingbox-chatbox-duo-plus-4-personen-800x800.jpg",800,800,true],"woocommerce_gallery_thumbnail":["https:\/\/99cubes.de\/wp-content\/uploads\/2024\/11\/99cubes-silen-meetingbox-chatbox-duo-plus-4-personen-100x100.jpg",100,100,true],"wpvr_mobile":["https:\/\/99cubes.de\/wp-content\/uploads\/2024\/11\/99cubes-silen-meetingbox-chatbox-duo-plus-4-personen.jpg",1200,1200,false]},"uagb_author_info":{"display_name":"frank","author_link":"https:\/\/99cubes.de\/nl\/author\/"},"uagb_comment_info":0,"uagb_excerpt":"Die Silen Chatbox Duo Plus ist die perfekte L\u00f6sung f\u00fcr Meetings mit zwei bis maximal vier Personen im Gro\u00dfraumb\u00fcro. Mit zwei Sofas ausgestattet und verschieden Tisch-Optionen im Angebot, bietet die Silen Chatbox Duo Plus alles was man f\u00fcr eine kurze Besprechung\u00a0 ben\u00f6tigt. Im Gegensatz zur etwas kleineren Chatbox Duo ist die \"Duo Plus\" etwas tiefer.&hellip;","_links":{"self":[{"href":"https:\/\/99cubes.de\/nl\/wp-json\/wp\/v2\/product\/3176","targetHints":{"allow":["GET"]}}],"collection":[{"href":"https:\/\/99cubes.de\/nl\/wp-json\/wp\/v2\/product"}],"about":[{"href":"https:\/\/99cubes.de\/nl\/wp-json\/wp\/v2\/types\/product"}],"replies":[{"embeddable":true,"href":"https:\/\/99cubes.de\/nl\/wp-json\/wp\/v2\/comments?post=3176"}],"wp:featuredmedia":[{"embeddable":true,"href":"https:\/\/99cubes.de\/nl\/wp-json\/wp\/v2\/media\/4673"}],"wp:attachment":[{"href":"https:\/\/99cubes.de\/nl\/wp-json\/wp\/v2\/media?parent=3176"}],"wp:term":[{"taxonomy":"product_brand","embeddable":true,"href":"https:\/\/99cubes.de\/nl\/wp-json\/wp\/v2\/product_brand?post=3176"},{"taxonomy":"product_cat","embeddable":true,"href":"https:\/\/99cubes.de\/nl\/wp-json\/wp\/v2\/product_cat?post=3176"},{"taxonomy":"product_tag","embeddable":true,"href":"https:\/\/99cubes.de\/nl\/wp-json\/wp\/v2\/product_tag?post=3176"}],"curies":[{"name":"wp","href":"https:\/\/api.w.org\/{rel}","templated":true}]}}