{"id":4031,"date":"2025-06-23T16:12:23","date_gmt":"2025-06-23T14:12:23","guid":{"rendered":"https:\/\/99cubes.de\/?post_type=product&#038;p=4031"},"modified":"2025-06-23T18:37:42","modified_gmt":"2025-06-23T16:37:42","slug":"telefooncel-werkbak-aloha-studiobricks","status":"publish","type":"product","link":"https:\/\/99cubes.de\/nl\/produkt\/telefonbox-arbeitsbox-aloha-studiobricks\/","title":{"rendered":"Telefooncel\/werkkast ALOHA | Studiobricks"},"content":{"rendered":"<div class=\"su-accordion su-u-trim\">\n<div class=\"su-spoiler su-spoiler-style-default su-spoiler-icon-plus\" data-scroll-offset=\"0\" data-anchor-in-url=\"no\"><div class=\"su-spoiler-title\" tabindex=\"0\" role=\"button\"><span class=\"su-spoiler-icon\"><\/span><strong>Over de ALOHA-telefooncellen:<\/strong><\/div><div class=\"su-spoiler-content su-u-clearfix su-u-trim\">\n<p>De ALOHA geluiddichte cabine van Studiobricks heeft een vloeroppervlak van 1,06 x 1,38 meter en kan gebruikt worden als telefooncel of als werkcel, afhankelijk van de gekozen inrichting. De volgende uitvoeringen zijn bij ons verkrijgbaar:<\/p>\n<ul>\n<li>ALOHA Standaard: met gesloten achterpaneel<\/li>\n<li>ALOHA View: met glazen achterpaneel<\/li>\n<li>ALOHA vorkheftruck: gemonteerd op een stalen frame \/ geschikt voor vorkheftrucks<\/li>\n<li>ALOHA Media: met opnameopstelling - bestaande uit BassTrap (PET), monitorbeugel, monitorarm, kopieerstandaard, muurbeugel, mastadapter en microfoonarm<\/li>\n<li>ALOHA Videocall: met in hoogte verstelbare monitorsteun en monitor met aanraakscherm<\/li>\n<\/ul>\n<p>Het uiterlijk en kleurontwerp van de ALOHA-telefooncel kunnen worden aangepast:<\/p>\n<ul>\n<li>Wanden in lak of laminaat, ruime keuze aan kleuren<\/li>\n<li>Deur- en raamkozijnen configureerbaar in verschillende kleuren<\/li>\n<li>Geluidsabsorbers van PET of stof - elk in verschillende kleuren<\/li>\n<li>Optioneel matglaseffect op deur\/achterruit (indien beschikbaar)<\/li>\n<li>Extra venster op het rechter zijpaneel (beschikbaarheid afhankelijk van configuratie)<\/li>\n<li>Optioneel met een \"On Air\"-teken dat aangeeft of het vakje momenteel bezet is.<\/li>\n<\/ul>\n<\/div><\/div>\n<div class=\"su-spoiler su-spoiler-style-default su-spoiler-icon-plus su-spoiler-closed\" data-scroll-offset=\"0\" data-anchor-in-url=\"no\"><div class=\"su-spoiler-title\" tabindex=\"0\" role=\"button\"><span class=\"su-spoiler-icon\"><\/span><strong>Uitrusting:<\/strong><\/div><div class=\"su-spoiler-content su-u-clearfix su-u-trim\">\n<p>Het interieur is individueel configureerbaar en kan worden aangepast aan veel verschillende toepassingsscenario's en vereisten:<\/p>\n<ul>\n<li>Tafel optioneel verkrijgbaar in stahoogte, zithoogte of elektrisch in hoogte verstelbaar<\/li>\n<li>Ge\u00efntegreerde LED-verlichting LED met sensor<\/li>\n<li>Antistatisch tapijt (antraciet)<\/li>\n<li>Contactdoos<\/li>\n<li>Extra aansluitingen voor LAN, HDMI, USB-A\/C beschikbaar tegen meerprijs<\/li>\n<li>VESA-monitorbevestiging beschikbaar tegen meerprijs<\/li>\n<li>Bijpassende zachte of bijpassende zitting\/kruk verkrijgbaar tegen meerprijs (\u00e9\u00e9n of twee krukken verkrijgbaar)<\/li>\n<li>Deur met of zonder slot, optioneel elektronisch NFC-slot verkrijgbaar.<\/li>\n<li>Verdere interieuruitrusting afhankelijk van de gekozen modelvariant<\/li>\n<\/ul>\n<\/div><\/div>\n<div class=\"su-spoiler su-spoiler-style-default su-spoiler-icon-plus su-spoiler-closed\" data-scroll-offset=\"0\" data-anchor-in-url=\"no\"><div class=\"su-spoiler-title\" tabindex=\"0\" role=\"button\"><span class=\"su-spoiler-icon\"><\/span><strong>Afmetingen en gewicht:<\/strong><\/div><div class=\"su-spoiler-content su-u-clearfix su-u-trim\">\n<ul>\n<li>Buitenafmetingen 106 x 138 x 226 cm<\/li>\n<li>Inwendige afmetingen 90 x 120 x 210 cm<\/li>\n<li>Minimale plafondhoogte 240 cm<\/li>\n<li>Gewicht 435 kg<\/li>\n<\/ul>\n<\/div><\/div>\n<div class=\"su-spoiler su-spoiler-style-default su-spoiler-icon-plus su-spoiler-closed\" data-scroll-offset=\"0\" data-anchor-in-url=\"no\"><div class=\"su-spoiler-title\" tabindex=\"0\" role=\"button\"><span class=\"su-spoiler-icon\"><\/span><strong>Akoestische gegevens en ventilatie:<\/strong><\/div><div class=\"su-spoiler-content su-u-clearfix su-u-trim\">\n<p>De akoestische isolatiewaarden van Studiobricks zijn zowat de gouden standaard in de industrie. Studiobricks geluidsisolerende cabines halen 45 dB in de test - gemiddeld over alle geluidsfrequenties en gemeten van binnen naar buiten (de isolatie is iets minder sterk van buiten naar binnen). Zie ook onze opmerkingen over het selectiecriterium <a href=\"https:\/\/99cubes.de\/nl\/geluidsisolatie\/\">Geluidsisolatie<\/a>. De hoge geluidsisolatie van Studiobricks wordt bereikt door de volgende componenten:<\/p>\n<ul>\n<li>8 cm dikke wandpanelen gemaakt van verschillende lagen en geperst akoestisch materiaal<\/li>\n<li>Akoestische absorber binnen<\/li>\n<li>Akoestische glazen deur met geluiddempende vergrendeling door de deurkruk op te tillen<\/li>\n<li>Geluiddichte ventilatie: ge\u00efntegreerde, extreem stille ventilator in dubbel ontwerp (alleen ventilator, geen airconditioning)<\/li>\n<li>Nominale luchtuitwisseling 177 m\u00b3\/h, zie ook selectiecriterium <a href=\"https:\/\/99cubes.de\/nl\/luchtuitwisseling\/\">Luchtuitwisseling<\/a><\/li>\n<\/ul>\n<\/div><\/div>\n<\/div>","protected":false},"excerpt":{"rendered":"<p>De Spaanse fabrikant Studiobricks heeft naam gemaakt met zeer gespecialiseerde oplossingen voor de audio- en muziekindustrie. De wortels van het bedrijf liggen in een sector waar akoestische perfectie een topprioriteit is en de eisen voor geluidsisolatie en geluidskwaliteit veel verder gaan dan wat vereist is in gewone kantooromgevingen. Deze expertise wordt ook weerspiegeld in de Studiobricks office productlijn, die uitstekende geluidsisolatiewaarden heeft en zelfs de meest veeleisende klanten tevreden stelt. Het is dan ook niet verwonderlijk dat de geluidsisolerende cabines van Studiobricks nieuwe normen stellen op het gebied van akoestiek en zich duidelijk onderscheiden van conventionele oplossingen. De office productlijn van Studiobricks is overigens niet alleen geschikt voor gebruik in kantoren: Studiobricks biedt ook perfecte oplossingen voor geluiddichte retraites, met name voor productie- en logistieke hallen met verhoogde geluidsniveaus - zelfs in een versie die desgewenst met een vorkheftruck kan worden verplaatst!<\/p>\n<p>De ALOHA geluiddichte cabine van Studiobricks heeft een vloeroppervlak van 1,06 x 1,38 meter en kan gebruikt worden als telefooncel of als werkcel, afhankelijk van de gekozen inrichting. De volgende uitvoeringen zijn bij ons verkrijgbaar:<\/p>\n<ul>\n<li>ALOHA Standaard: met gesloten achterpaneel<\/li>\n<li>ALOHA View: met glazen achterpaneel<\/li>\n<li>ALOHA vorkheftruck: gemonteerd op een stalen frame \/ geschikt voor vorkheftrucks<\/li>\n<li>ALOHA Media: met opnameopstelling - bestaande uit BassTrap (PET), monitorbeugel, monitorarm, kopieerstandaard, muurbeugel, mastadapter en microfoonarm<\/li>\n<li>ALOHA Videocall: met in hoogte verstelbare monitorsteun en monitor met aanraakscherm<\/li>\n<\/ul>\n<p>De ALOHA-telefoonkast kan individueel worden geconfigureerd; andere kleuren, andere materialen en meubels (kruk\/sofa) zijn verkrijgbaar tegen een meerprijs. We adviseren je graag over de opties die voor jou relevant zijn!<\/p>","protected":false},"featured_media":4032,"comment_status":"open","ping_status":"closed","template":"","meta":{"content-type":"","_uag_custom_page_level_css":""},"product_brand":[],"product_cat":[180,61],"product_tag":[],"class_list":{"0":"post-4031","1":"product","2":"type-product","3":"status-publish","4":"has-post-thumbnail","6":"product_cat-arbeitsbox","7":"product_cat-telefonbox","8":"pa_anzahl-personen-1-person","9":"pa_belueftungssteuerung-vollautomatisch","10":"pa_breite-138-m","11":"pa_buchungstool-display-goconut-ready","12":"pa_einsatz-szenarien-buero","13":"pa_einsatz-szenarien-flughafen-bahnhof","14":"pa_einsatz-szenarien-logistik","15":"pa_einsatz-szenarien-podcasts","16":"pa_einsatz-szenarien-produktion","17":"pa_farbe-konfigurierbar","18":"pa_farbe-schwarz","19":"pa_farbe-weiss","20":"pa_flex-miete-verfuegbar-auf-anfrage","21":"pa_gewicht-435-kg","22":"pa_hoehe-226-m","23":"pa_lan-kein-lan-anschluss","24":"pa_lan-lan-anschluss-als-sonderausstattung","25":"pa_lieferzeit-8-bis-12-wochen-lieferzeit","26":"pa_luftaustausch-177-m-h-nominell","27":"pa_marke-studiobricks","28":"pa_mobilitaet-gabelstapler-konfiguration-als-sonderausstattung","29":"pa_mobilitaet-keine","30":"pa_monitorhalterung-monitorhalterung-als-sonderausstattung","31":"pa_monitorhalterung-ohne-monitorhalterung","32":"pa_preissegment-vier","33":"pa_schalldaemmung-fuenf-sterne","34":"pa_sitzen-oder-stehen-im-sitzen-hoch-mit-hocker","35":"pa_sitzen-oder-stehen-im-sitzen-niedrig-mit-stuhl-oder-bank","36":"pa_sitzen-oder-stehen-im-stehen","37":"pa_spezial-features-feuchtigkeitsbestaendig","38":"pa_spezial-features-gabelstapler-tauglich","39":"pa_spezial-features-klimaanlage","40":"pa_spezial-features-media-innenausstattung","41":"pa_spezial-features-video-call-ausstattung","42":"pa_spezial-features-zertifikat-erdbebensicher","43":"pa_tiefe-106-m","44":"pa_verfuegbare-tisch-optionen-fixe-tischhoehe-sitzen","45":"pa_verfuegbare-tisch-optionen-fixe-tischhoehe-stehen","46":"pa_verfuegbare-tisch-optionen-variable-tischhoehe-elektrisch-verstellbar","47":"pa_verwendung-konzentriertes-arbeiten","48":"pa_verwendung-telefonieren","49":"pa_verwendung-tonaufnahme","50":"pa_verwendung-video-call","52":"first","53":"instock","54":"taxable","55":"shipping-taxable","56":"purchasable","57":"product-type-simple"},"uagb_featured_image_src":{"full":["https:\/\/99cubes.de\/wp-content\/uploads\/2025\/06\/Arbeitsbox-Studiobricks-ALOHA-white-edition-ambiente.jpg",1200,1200,false],"thumbnail":["https:\/\/99cubes.de\/wp-content\/uploads\/2025\/06\/Arbeitsbox-Studiobricks-ALOHA-white-edition-ambiente-200x200.jpg",200,200,true],"medium":["https:\/\/99cubes.de\/wp-content\/uploads\/2025\/06\/Arbeitsbox-Studiobricks-ALOHA-white-edition-ambiente-450x450.jpg",450,450,true],"medium_large":["https:\/\/99cubes.de\/wp-content\/uploads\/2025\/06\/Arbeitsbox-Studiobricks-ALOHA-white-edition-ambiente-768x768.jpg",768,768,true],"large":["https:\/\/99cubes.de\/wp-content\/uploads\/2025\/06\/Arbeitsbox-Studiobricks-ALOHA-white-edition-ambiente-1200x1200.jpg",1140,1140,true],"1536x1536":["https:\/\/99cubes.de\/wp-content\/uploads\/2025\/06\/Arbeitsbox-Studiobricks-ALOHA-white-edition-ambiente-1536x1536.jpg",1200,1200,true],"2048x2048":["https:\/\/99cubes.de\/wp-content\/uploads\/2025\/06\/Arbeitsbox-Studiobricks-ALOHA-white-edition-ambiente-2048x2048.jpg",1200,1200,true],"trp-custom-language-flag":["https:\/\/99cubes.de\/wp-content\/uploads\/2025\/06\/Arbeitsbox-Studiobricks-ALOHA-white-edition-ambiente-12x12.jpg",12,12,true],"botiga-extra-large":["https:\/\/99cubes.de\/wp-content\/uploads\/2025\/06\/Arbeitsbox-Studiobricks-ALOHA-white-edition-ambiente-1140x1140.jpg",1140,1140,true],"botiga-large":["https:\/\/99cubes.de\/wp-content\/uploads\/2025\/06\/Arbeitsbox-Studiobricks-ALOHA-white-edition-ambiente-920x920.jpg",920,920,true],"botiga-big":["https:\/\/99cubes.de\/wp-content\/uploads\/2025\/06\/Arbeitsbox-Studiobricks-ALOHA-white-edition-ambiente-575x575.jpg",575,575,true],"botiga-medium":["https:\/\/99cubes.de\/wp-content\/uploads\/2025\/06\/Arbeitsbox-Studiobricks-ALOHA-white-edition-ambiente-380x380.jpg",380,380,true],"botiga-header-icons":["https:\/\/99cubes.de\/wp-content\/uploads\/2025\/06\/Arbeitsbox-Studiobricks-ALOHA-white-edition-ambiente-50x50.jpg",50,50,true],"botiga-product-swatch-image":["https:\/\/99cubes.de\/wp-content\/uploads\/2025\/06\/Arbeitsbox-Studiobricks-ALOHA-white-edition-ambiente-26x26.jpg",26,26,true],"woocommerce_thumbnail":["https:\/\/99cubes.de\/wp-content\/uploads\/2025\/06\/Arbeitsbox-Studiobricks-ALOHA-white-edition-ambiente-420x420.jpg",420,420,true],"woocommerce_single":["https:\/\/99cubes.de\/wp-content\/uploads\/2025\/06\/Arbeitsbox-Studiobricks-ALOHA-white-edition-ambiente-800x800.jpg",800,800,true],"woocommerce_gallery_thumbnail":["https:\/\/99cubes.de\/wp-content\/uploads\/2025\/06\/Arbeitsbox-Studiobricks-ALOHA-white-edition-ambiente-100x100.jpg",100,100,true],"wpvr_mobile":["https:\/\/99cubes.de\/wp-content\/uploads\/2025\/06\/Arbeitsbox-Studiobricks-ALOHA-white-edition-ambiente-2048x2048.jpg",2048,2048,true]},"uagb_author_info":{"display_name":"frank","author_link":"https:\/\/99cubes.de\/nl\/author\/"},"uagb_comment_info":0,"uagb_excerpt":"Der spanische Hersteller Studiobricks hat sich einen Namen mit hochspezialisierten L\u00f6sungen f\u00fcr die Audio- und Musikbranche gemacht. Die Wurzeln des Unternehmens liegen in einem Sektor, in dem akustische Perfektion oberste Priorit\u00e4t genie\u00dft und die Anforderungen an Schallschutz sowie Klangqualit\u00e4t weit \u00fcber das hinausgehen, was in gew\u00f6hnlichen B\u00fcroumgebungen erforderlich ist. Diese Expertise spiegelt sich auch in&hellip;","_links":{"self":[{"href":"https:\/\/99cubes.de\/nl\/wp-json\/wp\/v2\/product\/4031","targetHints":{"allow":["GET"]}}],"collection":[{"href":"https:\/\/99cubes.de\/nl\/wp-json\/wp\/v2\/product"}],"about":[{"href":"https:\/\/99cubes.de\/nl\/wp-json\/wp\/v2\/types\/product"}],"replies":[{"embeddable":true,"href":"https:\/\/99cubes.de\/nl\/wp-json\/wp\/v2\/comments?post=4031"}],"wp:featuredmedia":[{"embeddable":true,"href":"https:\/\/99cubes.de\/nl\/wp-json\/wp\/v2\/media\/4032"}],"wp:attachment":[{"href":"https:\/\/99cubes.de\/nl\/wp-json\/wp\/v2\/media?parent=4031"}],"wp:term":[{"taxonomy":"product_brand","embeddable":true,"href":"https:\/\/99cubes.de\/nl\/wp-json\/wp\/v2\/product_brand?post=4031"},{"taxonomy":"product_cat","embeddable":true,"href":"https:\/\/99cubes.de\/nl\/wp-json\/wp\/v2\/product_cat?post=4031"},{"taxonomy":"product_tag","embeddable":true,"href":"https:\/\/99cubes.de\/nl\/wp-json\/wp\/v2\/product_tag?post=4031"}],"curies":[{"name":"wp","href":"https:\/\/api.w.org\/{rel}","templated":true}]}}