{"id":4355,"date":"2025-11-11T11:59:36","date_gmt":"2025-11-11T10:59:36","guid":{"rendered":"https:\/\/99cubes.de\/?post_type=product&#038;p=4355"},"modified":"2026-04-01T16:29:43","modified_gmt":"2026-04-01T14:29:43","slug":"telefooncel-kubus-een-wit","status":"publish","type":"product","link":"https:\/\/99cubes.de\/nl\/produkt\/telefonbox-cube-one-weiss\/","title":{"rendered":"Cube One\u201e telefooncel - wit"},"content":{"rendered":"<div class=\"su-accordion su-u-trim\">\n<div class=\"su-spoiler su-spoiler-style-default su-spoiler-icon-plus\" data-scroll-offset=\"0\" data-anchor-in-url=\"no\"><div class=\"su-spoiler-title\" tabindex=\"0\" role=\"button\"><span class=\"su-spoiler-icon\"><\/span><strong>Kubus \u00e9\u00e9n<\/strong><\/div><div class=\"su-spoiler-content su-u-clearfix su-u-trim\">\n<p>De Cube telefooncel scoort met uitzonderlijke prestatiewaarden in zijn prijsklasse op het vlak van ventilatie en geluidsisolatie. Hij heeft ook alles wat praktisch is voor een telefooncel: Bewegingsdetector - Regelbare ventilatie - Regelbare verlichting - 230V + USB-C + USB-A.<\/p>\n<\/div><\/div>\n<div class=\"su-spoiler su-spoiler-style-default su-spoiler-icon-plus su-spoiler-closed\" data-scroll-offset=\"0\" data-anchor-in-url=\"no\"><div class=\"su-spoiler-title\" tabindex=\"0\" role=\"button\"><span class=\"su-spoiler-icon\"><\/span><strong>Uitrusting:<\/strong><\/div><div class=\"su-spoiler-content su-u-clearfix su-u-trim\">\n<p><strong>De standaarduitrusting omvat<\/strong><\/p>\n<ul>\n<li>Deur van ge\u00ebmailleerd akoestisch glas (8 mm)<\/li>\n<li>Deurgreep en frame gemaakt van gelamineerd hout<\/li>\n<li>Binnenmuren bekleed met hoogwaardig beige Italiaans wolvilt<\/li>\n<li>Buitenwanden van wit melamineplaat<\/li>\n<li>Inbouwtafel van wit melamineplaat met stopcontact en bediening voor licht en ventilatie (tafelhoogte: 103 cm, tafeloppervlak: 95 x 30 cm)<\/li>\n<li>1x 230V wandcontactdoos + 1x USB-A + 1x USB-C<\/li>\n<li>Instelbaar LED licht met kleurtemperatuur 4.000 K, individueel instelbaar<\/li>\n<li>Gesloten achterpaneel<\/li>\n<\/ul>\n<p><strong>Beschikbaar als optie of tegen meerprijs:<\/strong><\/p>\n<ul>\n<li>Glazen achterpaneel (in plaats van gesloten achterpaneel)<\/li>\n<li>Gestoffeerde barkruk met rugleuning<\/li>\n<\/ul>\n<\/div><\/div>\n<div class=\"su-spoiler su-spoiler-style-default su-spoiler-icon-plus su-spoiler-closed\" data-scroll-offset=\"0\" data-anchor-in-url=\"no\"><div class=\"su-spoiler-title\" tabindex=\"0\" role=\"button\"><span class=\"su-spoiler-icon\"><\/span><strong>Afmetingen en gewicht:<\/strong><\/div><div class=\"su-spoiler-content su-u-clearfix su-u-trim\">\n<p>De \u201eCube One\u201c telefooncel is iets ruimer dan veel andere telefooncelmodellen.<\/p>\n<p><strong>Uitwendige afmetingen:<\/strong> 105 x 108 x 208 cm (breedte x diepte x hoogte)<\/p>\n<p><strong>Interne afmetingen:<\/strong> 89 x 99 x 199 cm (breedte x diepte x hoogte)<\/p>\n<p><strong>Gewicht:<\/strong> 286 kg<\/p>\n<\/div><\/div>\n<div class=\"su-spoiler su-spoiler-style-default su-spoiler-icon-plus su-spoiler-closed\" data-scroll-offset=\"0\" data-anchor-in-url=\"no\"><div class=\"su-spoiler-title\" tabindex=\"0\" role=\"button\"><span class=\"su-spoiler-icon\"><\/span><strong>Akoestische gegevens en ventilatie:<\/strong><\/div><div class=\"su-spoiler-content su-u-clearfix su-u-trim\">\n<ul>\n<li>Zeer goede geluidsisolatie in verhouding tot de prijs: Dit is deels te danken aan het relatief hoge gewicht en het slimme deurontwerp met rubberen afdichting rondom en magnetische vastzetting.<\/li>\n<li>Intelligent ventilatieconcept met vier ventilatoren en individuele instelmogelijkheden. De maximale nominale luchtuitwisseling is een zeer goede 240 m\u00b3\/u. Ter vergelijking: andere fabrikanten installeren soms maar \u00e9\u00e9n ventilator (zie ook selectiecriterium <a href=\"https:\/\/99cubes.de\/nl\/luchtuitwisseling\/\">Luchtuitwisseling<\/a>).<\/li>\n<\/ul>\n<\/div><\/div>\n<\/div>","protected":false},"excerpt":{"rendered":"<p>Onze Cube One telefooncel maakt indruk met functies die onge\u00ebvenaard zijn in deze prijsklasse. Vier krachtige ventilatoren zorgen voor een buitengewoon frisse luchtcirculatie - en het beste van alles is dat de ventilatie-intensiteit individueel kan worden aangepast. Met buitenafmetingen van 1,05 m breed en 1,08 m diep biedt de Cube One telefooncel iets meer ruimte dan vergelijkbare modellen - en dat voel je binnenin. Een goed sluitende deur is cruciaal voor een effectieve geluidsisolatie. Ook hier heeft de Cube One telefooncel een goed doordacht ontwerp: Een voordeurframe van gelamineerd hout houdt de magnetische kracht van de glazen deur precies tegen de omringende rubberen afdichting - voor maximale stilte tijdens elk gesprek.<\/p>\n<p><strong>Verkrijgbaar met een gesloten of glazen achterpaneel!<\/strong><\/p>","protected":false},"featured_media":4356,"comment_status":"open","ping_status":"closed","template":"","meta":{"content-type":"","_uag_custom_page_level_css":""},"product_brand":[],"product_cat":[61],"product_tag":[],"class_list":{"0":"post-4355","1":"product","2":"type-product","3":"status-publish","4":"has-post-thumbnail","6":"product_cat-telefonbox","7":"pa_anzahl-personen-1-person","8":"pa_belueftungssteuerung-individuell-steuerbar","9":"pa_belueftungssteuerung-vollautomatisch","10":"pa_breite-105-m","11":"pa_buchungstool-display-goconut-ready","12":"pa_einsatz-szenarien-buero","13":"pa_einsatz-szenarien-einzelhandel","14":"pa_einsatz-szenarien-hotel","15":"pa_einsatz-szenarien-logistik","16":"pa_einsatz-szenarien-produktion","17":"pa_einsatz-szenarien-schule-universitaet","18":"pa_farbe-weiss","19":"pa_flex-miete-verfuegbar-ja","20":"pa_gewicht-286-kg","21":"pa_hoehe-208-m","22":"pa_lan-kein-lan-anschluss","23":"pa_lieferzeit-2-wochen-lieferzeit","24":"pa_luftaustausch-240-m-h-nominell","25":"pa_marke-box17","26":"pa_mobilitaet-keine","27":"pa_monitorhalterung-ohne-monitorhalterung","28":"pa_preissegment-eins","29":"pa_schalldaemmung-zwei-sterne","30":"pa_sitzen-oder-stehen-im-stehen","31":"pa_tiefe-108-m","32":"pa_verfuegbare-tisch-optionen-fixe-tischhoehe-stehen","33":"pa_verwendung-telefonieren","34":"pa_verwendung-video-call","36":"first","37":"instock","38":"taxable","39":"shipping-taxable","40":"purchasable","41":"product-type-simple"},"uagb_featured_image_src":{"full":["https:\/\/99cubes.de\/wp-content\/uploads\/2025\/11\/Telefonbox-Cube-One-weiss-ambiente-1.jpg",1246,1200,false],"thumbnail":["https:\/\/99cubes.de\/wp-content\/uploads\/2025\/11\/Telefonbox-Cube-One-weiss-ambiente-1-200x200.jpg",200,200,true],"medium":["https:\/\/99cubes.de\/wp-content\/uploads\/2025\/11\/Telefonbox-Cube-One-weiss-ambiente-1-450x433.jpg",450,433,true],"medium_large":["https:\/\/99cubes.de\/wp-content\/uploads\/2025\/11\/Telefonbox-Cube-One-weiss-ambiente-1-768x740.jpg",768,740,true],"large":["https:\/\/99cubes.de\/wp-content\/uploads\/2025\/11\/Telefonbox-Cube-One-weiss-ambiente-1-1200x1156.jpg",1140,1098,true],"1536x1536":["https:\/\/99cubes.de\/wp-content\/uploads\/2025\/11\/Telefonbox-Cube-One-weiss-ambiente-1-1536x1479.jpg",1246,1200,true],"2048x2048":["https:\/\/99cubes.de\/wp-content\/uploads\/2025\/11\/Telefonbox-Cube-One-weiss-ambiente-1-2048x1972.jpg",1246,1200,true],"trp-custom-language-flag":["https:\/\/99cubes.de\/wp-content\/uploads\/2025\/11\/Telefonbox-Cube-One-weiss-ambiente-1-12x12.jpg",12,12,true],"botiga-extra-large":["https:\/\/99cubes.de\/wp-content\/uploads\/2025\/11\/Telefonbox-Cube-One-weiss-ambiente-1-1140x1098.jpg",1140,1098,true],"botiga-large":["https:\/\/99cubes.de\/wp-content\/uploads\/2025\/11\/Telefonbox-Cube-One-weiss-ambiente-1-920x886.jpg",920,886,true],"botiga-big":["https:\/\/99cubes.de\/wp-content\/uploads\/2025\/11\/Telefonbox-Cube-One-weiss-ambiente-1-575x554.jpg",575,554,true],"botiga-medium":["https:\/\/99cubes.de\/wp-content\/uploads\/2025\/11\/Telefonbox-Cube-One-weiss-ambiente-1-380x366.jpg",380,366,true],"botiga-header-icons":["https:\/\/99cubes.de\/wp-content\/uploads\/2025\/11\/Telefonbox-Cube-One-weiss-ambiente-1-50x50.jpg",50,50,true],"botiga-product-swatch-image":["https:\/\/99cubes.de\/wp-content\/uploads\/2025\/11\/Telefonbox-Cube-One-weiss-ambiente-1-26x26.jpg",26,26,true],"woocommerce_thumbnail":["https:\/\/99cubes.de\/wp-content\/uploads\/2025\/11\/Telefonbox-Cube-One-weiss-ambiente-1-420x420.jpg",420,420,true],"woocommerce_single":["https:\/\/99cubes.de\/wp-content\/uploads\/2025\/11\/Telefonbox-Cube-One-weiss-ambiente-1-800x770.jpg",800,770,true],"woocommerce_gallery_thumbnail":["https:\/\/99cubes.de\/wp-content\/uploads\/2025\/11\/Telefonbox-Cube-One-weiss-ambiente-1-100x100.jpg",100,100,true],"wpvr_mobile":["https:\/\/99cubes.de\/wp-content\/uploads\/2025\/11\/Telefonbox-Cube-One-weiss-ambiente-1-2127x2048.jpg",1246,1200,true]},"uagb_author_info":{"display_name":"frank","author_link":"https:\/\/99cubes.de\/nl\/author\/"},"uagb_comment_info":0,"uagb_excerpt":"Unsere Telefonbox Cube One \u00fcberzeugt mit Features, die in dieser Preisklasse ihresgleichen suchen. Gleich vierleistungsstarke Ventilatoren sorgen f\u00fcr eine hervorragend frische Luftzirkulation \u2013 und das Beste: Die Bel\u00fcftungsst\u00e4rke l\u00e4sst sich individuell anpassen. Mit Au\u00dfenma\u00dfen von 1,05 m Breite und 1,08 m Tiefe bietet die Telefonbox Cube One etwas mehr Raum als vergleichbare Modelle \u2013 und&hellip;","_links":{"self":[{"href":"https:\/\/99cubes.de\/nl\/wp-json\/wp\/v2\/product\/4355","targetHints":{"allow":["GET"]}}],"collection":[{"href":"https:\/\/99cubes.de\/nl\/wp-json\/wp\/v2\/product"}],"about":[{"href":"https:\/\/99cubes.de\/nl\/wp-json\/wp\/v2\/types\/product"}],"replies":[{"embeddable":true,"href":"https:\/\/99cubes.de\/nl\/wp-json\/wp\/v2\/comments?post=4355"}],"wp:featuredmedia":[{"embeddable":true,"href":"https:\/\/99cubes.de\/nl\/wp-json\/wp\/v2\/media\/4356"}],"wp:attachment":[{"href":"https:\/\/99cubes.de\/nl\/wp-json\/wp\/v2\/media?parent=4355"}],"wp:term":[{"taxonomy":"product_brand","embeddable":true,"href":"https:\/\/99cubes.de\/nl\/wp-json\/wp\/v2\/product_brand?post=4355"},{"taxonomy":"product_cat","embeddable":true,"href":"https:\/\/99cubes.de\/nl\/wp-json\/wp\/v2\/product_cat?post=4355"},{"taxonomy":"product_tag","embeddable":true,"href":"https:\/\/99cubes.de\/nl\/wp-json\/wp\/v2\/product_tag?post=4355"}],"curies":[{"name":"wp","href":"https:\/\/api.w.org\/{rel}","templated":true}]}}