{"id":4631,"date":"2026-03-09T11:43:59","date_gmt":"2026-03-09T10:43:59","guid":{"rendered":"https:\/\/99cubes.de\/?post_type=product&#038;p=4631"},"modified":"2026-03-10T10:55:04","modified_gmt":"2026-03-10T09:55:04","slug":"onderhoud-reparatie-en-reserveonderdelen-voor-telefooncellen-vergaderdozen-diverse-fabrikanten","status":"publish","type":"product","link":"https:\/\/99cubes.de\/nl\/produkt\/wartung-reparatur-und-ersatzteile-fuer-telefonboxen-meetingboxen-verschiedene-hersteller\/","title":{"rendered":"Onderhoud, reparatie en reserveonderdelen voor telefooncellen &amp; vergadercellen | verschillende fabrikanten"},"content":{"rendered":"<div class=\"su-accordion su-u-trim\">\n<div class=\"su-spoiler su-spoiler-style-default su-spoiler-icon-plus\" data-scroll-offset=\"0\" data-anchor-in-url=\"no\"><div class=\"su-spoiler-title\" tabindex=\"0\" role=\"button\"><span class=\"su-spoiler-icon\"><\/span><b>Wat zijn typische onderhoudsgevallen voor telefoon- en vergaderdozen?<\/b><\/div><div class=\"su-spoiler-content su-u-clearfix su-u-trim\">\n<p>Telefoon- en vergaderkasten zijn eigenlijk onderhoudsarme en gezellige wezens die niet per se regelmatig onderhoud nodig hebben. Sommige problemen kunnen echter alleen worden opgelost door professioneel onderhoud. Als je een groot aantal akoestische kubussen in gebruik hebt in je bedrijf, kan een regelmatige controle zelfs raadzaam zijn om te voorkomen dat er \u00fcberhaupt problemen ontstaan.<\/p>\n<p>Typische onderhoudsgevallen voor telefoon- en vergaderdozen zijn als volgt:<\/p>\n<ul>\n<li>Deuren sluiten niet meer goed en moeten opnieuw worden afgesteld<\/li>\n<li>De Acoustic Cube staat een beetje scheef en moet opnieuw worden uitgelijnd (vaak het geval na een verkeerde verplaatsing)<\/li>\n<li>Afdichtingen zijn losgeraakt of verschoven<\/li>\n<li>Een akoestische kubus wordt professioneel verplaatst in het gebouw<\/li>\n<\/ul>\n<p>Neem in dergelijke gevallen contact met ons op en we kijken graag naar uw probleem! In de regel is er geen beperking tot bepaalde fabrikanten, omdat er geen specifieke reserveonderdelen nodig zijn voor onderhoud.<\/p>\n<\/div><\/div>\n<p>&nbsp;<\/p>\n<div class=\"su-spoiler su-spoiler-style-default su-spoiler-icon-plus\" data-scroll-offset=\"0\" data-anchor-in-url=\"no\"><div class=\"su-spoiler-title\" tabindex=\"0\" role=\"button\"><span class=\"su-spoiler-icon\"><\/span><b>Heb je een reparatie- en onderdelenservice nodig?<\/b><\/div><div class=\"su-spoiler-content su-u-clearfix su-u-trim\">\n<p>Zelfs met de beste zorg kunnen storingen of schade aan telefoon- en vergaderdozen niet volledig worden voorkomen. Of het nu gaat om defecte elektronische componenten, gebroken glas, vervelende krassen, verbogen fittingen of zelfs een collega die door het lint is gegaan in de kast: De redenen zijn divers, maar de oplossing is meestal eenvoudig. Wij leveren geschikte reserveonderdelen en sturen onze slimme montagecollega's rond.<\/p>\n<p>Onze reparatie- en onderdelenservice is natuurlijk niet alleen beschikbaar voor onze bestaande klanten, maar ook voor alle andere bedrijven, op voorwaarde dat we het model van je telefooncel kennen of de fabrikant op onze lijst hebben staan. Deze zijn<\/p>\n<ul>\n<li>Bosse (Duitse fabrikant)<\/li>\n<li>Silen (fabrikant uit Estland)<\/li>\n<li>Mute (fabrikant uit Polen)<\/li>\n<li>Sedus (Duitse fabrikant)<\/li>\n<li>Studiobricks (uit Spanje)<\/li>\n<li>Framery (fabrikant uit Finland)<\/li>\n<\/ul>\n<p>Neem gerust contact met ons op, we proberen je snel en gemakkelijk te helpen.<\/p>\n<\/div><\/div>\n<\/div>","protected":false},"excerpt":{"rendered":"<p>We helpen je graag als je problemen hebt met je telefoon- of vergaderkasten. Onze teams verhelpen kleine onderhoudsproblemen, helpen je met het uitlijnen en afstellen van deuren of voeren volledige reparaties uit en installeren reserveonderdelen.<\/p>\n<p>We bieden ook regelmatige controles aan. Dit is vooral zinvol als u een groot aantal akoestische kubussen in gebruik hebt. Verkeerd afgestelde deuren zijn een typisch zwak punt. Als deze in een vroeg stadium professioneel worden gecontroleerd en bijgesteld, kunt u later problemen of defecten voorkomen.<\/p>","protected":false},"featured_media":4632,"comment_status":"open","ping_status":"closed","template":"","meta":{"content-type":"","_uag_custom_page_level_css":""},"product_brand":[],"product_cat":[67],"product_tag":[],"class_list":{"0":"post-4631","1":"product","2":"type-product","3":"status-publish","4":"has-post-thumbnail","6":"product_cat-zubehoer","7":"pa_marke-bosse","8":"pa_marke-box17","9":"pa_marke-framery","10":"pa_marke-hammerbacher","11":"pa_marke-mute","12":"pa_marke-sedus","13":"pa_marke-silen","14":"pa_marke-studiobricks","16":"first","17":"instock","18":"taxable","19":"shipping-taxable","20":"product-type-simple"},"uagb_featured_image_src":{"full":["https:\/\/99cubes.de\/wp-content\/uploads\/2026\/03\/Wartung-und-Reparatur-Telefonboxen-1600.jpg",1600,900,false],"thumbnail":["https:\/\/99cubes.de\/wp-content\/uploads\/2026\/03\/Wartung-und-Reparatur-Telefonboxen-1600-200x200.jpg",200,200,true],"medium":["https:\/\/99cubes.de\/wp-content\/uploads\/2026\/03\/Wartung-und-Reparatur-Telefonboxen-1600-450x253.jpg",450,253,true],"medium_large":["https:\/\/99cubes.de\/wp-content\/uploads\/2026\/03\/Wartung-und-Reparatur-Telefonboxen-1600-768x432.jpg",768,432,true],"large":["https:\/\/99cubes.de\/wp-content\/uploads\/2026\/03\/Wartung-und-Reparatur-Telefonboxen-1600-1200x675.jpg",1140,641,true],"1536x1536":["https:\/\/99cubes.de\/wp-content\/uploads\/2026\/03\/Wartung-und-Reparatur-Telefonboxen-1600-1536x864.jpg",1536,864,true],"2048x2048":["https:\/\/99cubes.de\/wp-content\/uploads\/2026\/03\/Wartung-und-Reparatur-Telefonboxen-1600.jpg",1600,900,false],"trp-custom-language-flag":["https:\/\/99cubes.de\/wp-content\/uploads\/2026\/03\/Wartung-und-Reparatur-Telefonboxen-1600-18x10.jpg",18,10,true],"botiga-extra-large":["https:\/\/99cubes.de\/wp-content\/uploads\/2026\/03\/Wartung-und-Reparatur-Telefonboxen-1600-1140x641.jpg",1140,641,true],"botiga-large":["https:\/\/99cubes.de\/wp-content\/uploads\/2026\/03\/Wartung-und-Reparatur-Telefonboxen-1600-920x518.jpg",920,518,true],"botiga-big":["https:\/\/99cubes.de\/wp-content\/uploads\/2026\/03\/Wartung-und-Reparatur-Telefonboxen-1600-575x323.jpg",575,323,true],"botiga-medium":["https:\/\/99cubes.de\/wp-content\/uploads\/2026\/03\/Wartung-und-Reparatur-Telefonboxen-1600-380x214.jpg",380,214,true],"botiga-header-icons":["https:\/\/99cubes.de\/wp-content\/uploads\/2026\/03\/Wartung-und-Reparatur-Telefonboxen-1600-50x50.jpg",50,50,true],"botiga-product-swatch-image":["https:\/\/99cubes.de\/wp-content\/uploads\/2026\/03\/Wartung-und-Reparatur-Telefonboxen-1600-26x26.jpg",26,26,true],"woocommerce_thumbnail":["https:\/\/99cubes.de\/wp-content\/uploads\/2026\/03\/Wartung-und-Reparatur-Telefonboxen-1600-420x420.jpg",420,420,true],"woocommerce_single":["https:\/\/99cubes.de\/wp-content\/uploads\/2026\/03\/Wartung-und-Reparatur-Telefonboxen-1600-800x450.jpg",800,450,true],"woocommerce_gallery_thumbnail":["https:\/\/99cubes.de\/wp-content\/uploads\/2026\/03\/Wartung-und-Reparatur-Telefonboxen-1600-100x100.jpg",100,100,true],"wpvr_mobile":["https:\/\/99cubes.de\/wp-content\/uploads\/2026\/03\/Wartung-und-Reparatur-Telefonboxen-1600.jpg",1600,900,false]},"uagb_author_info":{"display_name":"frank","author_link":"https:\/\/99cubes.de\/nl\/author\/"},"uagb_comment_info":0,"uagb_excerpt":"Wir sind euch gerne behilflich, wenn ihr Probleme mit euren Telefon- oder Meetingboxen habt. Unsere Teams beheben kleinere Wartungsf\u00e4lle, sind beim Ausrichten und T\u00fcren justieren behilflich oder \u00fcbernehmen komplette Reparaturen und bauen Ersatzteile ein. Wir bieten auch regelm\u00e4\u00dfige Check-Ups an. Dies macht vor allem dann Sinn, wenn ihr eine gr\u00f6\u00dfere St\u00fcckzahl von Akustik-Cubes im Einsatz&hellip;","_links":{"self":[{"href":"https:\/\/99cubes.de\/nl\/wp-json\/wp\/v2\/product\/4631","targetHints":{"allow":["GET"]}}],"collection":[{"href":"https:\/\/99cubes.de\/nl\/wp-json\/wp\/v2\/product"}],"about":[{"href":"https:\/\/99cubes.de\/nl\/wp-json\/wp\/v2\/types\/product"}],"replies":[{"embeddable":true,"href":"https:\/\/99cubes.de\/nl\/wp-json\/wp\/v2\/comments?post=4631"}],"wp:featuredmedia":[{"embeddable":true,"href":"https:\/\/99cubes.de\/nl\/wp-json\/wp\/v2\/media\/4632"}],"wp:attachment":[{"href":"https:\/\/99cubes.de\/nl\/wp-json\/wp\/v2\/media?parent=4631"}],"wp:term":[{"taxonomy":"product_brand","embeddable":true,"href":"https:\/\/99cubes.de\/nl\/wp-json\/wp\/v2\/product_brand?post=4631"},{"taxonomy":"product_cat","embeddable":true,"href":"https:\/\/99cubes.de\/nl\/wp-json\/wp\/v2\/product_cat?post=4631"},{"taxonomy":"product_tag","embeddable":true,"href":"https:\/\/99cubes.de\/nl\/wp-json\/wp\/v2\/product_tag?post=4631"}],"curies":[{"name":"wp","href":"https:\/\/api.w.org\/{rel}","templated":true}]}}