{"id":946,"date":"2024-07-17T18:01:52","date_gmt":"2024-07-17T16:01:52","guid":{"rendered":"https:\/\/99cubes.de\/?post_type=product&#038;p=946"},"modified":"2025-08-07T14:37:46","modified_gmt":"2025-08-07T12:37:46","slug":"telefooncel-jetson-s1-wit-demper","status":"publish","type":"product","link":"https:\/\/99cubes.de\/nl\/produkt\/telefonbox-jetson-s1-weiss-mute\/","title":{"rendered":"Telefooncel Jetson S1, wit | MUTE"},"content":{"rendered":"<div class=\"su-accordion su-u-trim\">\n<div class=\"su-spoiler su-spoiler-style-default su-spoiler-icon-plus\" data-scroll-offset=\"0\" data-anchor-in-url=\"no\"><div class=\"su-spoiler-title\" tabindex=\"0\" role=\"button\"><span class=\"su-spoiler-icon\"><\/span><strong>Informatie over de Jetson-serie<\/strong><\/div><div class=\"su-spoiler-content su-u-clearfix su-u-trim\">\n<p>De telefoon- en vergaderkasten uit de Jetson-serie behoren tot onze absolute bestsellers - en terecht! Hoogwaardige materialen, duurzame componenten en een doordacht interieur gaan samen met gunstige prijzen. Achter de Jetson serie staat de Poolse akoestiekspecialist MUTE, die zijn geconcentreerde productontwerp en productie-expertise inzet voor de vier modellen in de Jetson serie. Dankzij de beperking tot twee kleuren (zwart en wit) en veel gemeenschappelijke ontwerpcomponenten kunnen de akoestische luidsprekers in de Jetson-serie in grote hoeveelheden worden voorgeproduceerd en zijn ze dus altijd op voorraad.<\/p>\n<p>De structuur van de Jetson S1 telefooncel is gemaakt van ge\u00ebxtrudeerd aluminium en is daardoor veel duurzamer en lichter dan modellen op basis van houten panelen. In combinatie met een uniek wandverbindingssysteem zonder gereedschap kan de Jetson S1 sneller worden gemonteerd en gedemonteerd dan elke andere telefooncel op de markt.<\/p>\n<p>Jetson S1 is verkrijgbaar in zwart of wit en de buitenwanden kunnen optioneel worden voorzien van extra boekenplanken of whiteboards. Er is ook een bijpassende, in hoogte verstelbare kruk verkrijgbaar.<\/p>\n<p>Meer info: <a href=\"https:\/\/99cubes.de\/nl\/de-akoestische-kubussen-van-de-jetson-productserie\/\">De akoestische kubussen uit de Jetson-serie<\/a>.<\/p>\n<\/div><\/div>\n<div class=\"su-spoiler su-spoiler-style-default su-spoiler-icon-plus su-spoiler-closed\" data-scroll-offset=\"0\" data-anchor-in-url=\"no\"><div class=\"su-spoiler-title\" tabindex=\"0\" role=\"button\"><span class=\"su-spoiler-icon\"><\/span><strong>Uitrusting:<\/strong><\/div><div class=\"su-spoiler-content su-u-clearfix su-u-trim\">\n<ul>\n<li>Ventilatiesysteem<\/li>\n<li>LED-verlichting<\/li>\n<li>Aanwezigheidsmelder voor ventilatoren en licht<\/li>\n<li>Strip met 2 stopcontacten en 2 USB-poorten (type A en type C)<\/li>\n<li>Aan de muur bevestigd tafelblad<\/li>\n<li>Displayrail, telefoonhouder en magneet<\/li>\n<li>Muurhaken<\/li>\n<li>Deur met frame (altijd links scharnierend)<\/li>\n<li>Stroomkabel 3 m<\/li>\n<li>optioneel \/ tegen meerprijs: stoel<\/li>\n<li>optioneel \/ tegen meerprijs: LAN-kabel<\/li>\n<\/ul>\n<\/div><\/div>\n<div class=\"su-spoiler su-spoiler-style-default su-spoiler-icon-plus su-spoiler-closed\" data-scroll-offset=\"0\" data-anchor-in-url=\"no\"><div class=\"su-spoiler-title\" tabindex=\"0\" role=\"button\"><span class=\"su-spoiler-icon\"><\/span><strong>Afmetingen en gewicht:<\/strong><\/div><div class=\"su-spoiler-content su-u-clearfix su-u-trim\">\n<ul>\n<li>Breedte (buiten\/binnen): 1000 mm \/ 860 mm<\/li>\n<li>Diepte (buiten\/binnen): 1000 mm \/ 860 mm + 800 mm met deur open<\/li>\n<li>Hoogte (buiten\/binnen): 2264 mm \/ 2102 mm<\/li>\n<li class=\"tech-specs__field\">Tafelblad (B x D x H): 860 x 300 x verstelbaar (elke 4,5 cm)<\/li>\n<li class=\"tech-specs__field\">Gewicht: 210 kg (+ 11 kg met stoel)<\/li>\n<\/ul>\n<\/div><\/div>\n<div class=\"su-spoiler su-spoiler-style-default su-spoiler-icon-plus su-spoiler-closed\" data-scroll-offset=\"0\" data-anchor-in-url=\"no\"><div class=\"su-spoiler-title\" tabindex=\"0\" role=\"button\"><span class=\"su-spoiler-icon\"><\/span><strong>Akoestische gegevens en ventilatie:<\/strong><\/div><div class=\"su-spoiler-content su-u-clearfix su-u-trim\">\n<ul>\n<li>Geluidsisolatie: tot 43 dB<\/li>\n<li>Spraakdemping: 27,2 dB, klasse B volgens ISO 23351<\/li>\n<li>Nagalmtijd: 0,1 s<\/li>\n<li>RT20 binnen: &lt;0,2 s volgens ISO 354:2000<\/li>\n<li>Luchtstroom: 182,5 m\u00b3\/h (nominaal), 50 m\u00b3\/h (systeemluchtstroom)<\/li>\n<li>Ventilatiegeluid buiten\/binnen: \u226430 dB \/ \u226436 dB<\/li>\n<\/ul>\n<\/div><\/div>\n<div class=\"su-spoiler su-spoiler-style-default su-spoiler-icon-plus su-spoiler-closed\" data-scroll-offset=\"0\" data-anchor-in-url=\"no\"><div class=\"su-spoiler-title\" tabindex=\"0\" role=\"button\"><span class=\"su-spoiler-icon\"><\/span><strong>Voeding en stroomverbruik:<\/strong><\/div><div class=\"su-spoiler-content su-u-clearfix su-u-trim\">\n<ul>\n<li>Voedingsspanning: 220-240 \/ 100-120 VAC, 50-60 Hz<\/li>\n<li>In bedrijf (LED's en ventilatie): 12 watt<\/li>\n<li>Contactdozen: 2<\/li>\n<li>USB-snellader: TUF A+C 25 W, 5 V DC<\/li>\n<li>Beschikbare soorten stopcontacten: DE | FR | DK | IT<\/li>\n<\/ul>\n<\/div><\/div>\n<\/div>","protected":false},"excerpt":{"rendered":"<p>De Jetons S1 is ontworpen door akoestiekspecialist en premium fabrikant MUTE. Jarenlange ervaring en aandacht voor detail maken van de Jetson S1 een hoogwaardige akoestische oplossing waar je jarenlang plezier van zult hebben.<\/p>\n<p>Tot de bijzonder praktische kenmerken die deel uitmaken van de standaard leveringsomvang behoren<\/p>\n<ul>\n<li>Strak sluitende, omkaderde glazen deur met rubberen lip rondom en vergrendelingsmechanisme<\/li>\n<li>Binneninrichting met displayrail, telefoonhouder, magneet en muurhaken<\/li>\n<li>Stroomaansluiting en USB-oplader (type A + C) direct onder het tafelblad<\/li>\n<\/ul>\n<p>Met zijn uitstekende prijs-prestatieverhouding en tijdloze ontwerp is de Jetson S1 een van de populairste telefooncellen in ons assortiment!<\/p>","protected":false},"featured_media":950,"comment_status":"closed","ping_status":"closed","template":"","meta":{"content-type":"","_uag_custom_page_level_css":""},"product_brand":[],"product_cat":[61],"product_tag":[],"class_list":{"0":"post-946","1":"product","2":"type-product","3":"status-publish","4":"has-post-thumbnail","6":"product_cat-telefonbox","7":"pa_anzahl-personen-1-person","8":"pa_belueftungssteuerung-individuell-steuerbar","9":"pa_belueftungssteuerung-vollautomatisch","10":"pa_breite-100-m","11":"pa_buchungstool-display-goconut-ready","12":"pa_einsatz-szenarien-buero","13":"pa_einsatz-szenarien-einzelhandel","14":"pa_einsatz-szenarien-hotel","15":"pa_einsatz-szenarien-schule-universitaet","16":"pa_farbe-weiss","17":"pa_flex-miete-verfuegbar-ja","18":"pa_gewicht-210-kg","19":"pa_hoehe-227-m","20":"pa_lan-kein-lan-anschluss","21":"pa_lan-lan-anschluss-als-sonderausstattung","22":"pa_lieferzeit-2-wochen-lieferzeit","23":"pa_luftaustausch-1825-m3-h-nominell","24":"pa_luftaustausch-50-m3-h-system","25":"pa_marke-mute","26":"pa_mobilitaet-keine","27":"pa_mobilitaet-mit-integrierten-bodenrollen","28":"pa_monitorhalterung-monitorhalterung-als-sonderausstattung","29":"pa_monitorhalterung-ohne-monitorhalterung","30":"pa_preissegment-zwei","31":"pa_schalldaemmung-drei-sterne","32":"pa_sitzen-oder-stehen-im-sitzen-hoch-mit-hocker","33":"pa_sitzen-oder-stehen-im-stehen","34":"pa_spezial-features-buecherregal-option","35":"pa_spezial-features-video-call-ausstattung","36":"pa_spezial-features-white-board-option","37":"pa_tiefe-100-m","38":"pa_verfuegbare-tisch-optionen-fixe-tischhoehe-stehen","39":"pa_verwendung-telefonieren","40":"pa_verwendung-video-call","42":"first","43":"instock","44":"taxable","45":"shipping-taxable","46":"purchasable","47":"product-type-simple"},"uagb_featured_image_src":{"full":["https:\/\/99cubes.de\/wp-content\/uploads\/2024\/07\/Jetson-S1-Moon-White.jpg",1200,1200,false],"thumbnail":["https:\/\/99cubes.de\/wp-content\/uploads\/2024\/07\/Jetson-S1-Moon-White-200x200.jpg",200,200,true],"medium":["https:\/\/99cubes.de\/wp-content\/uploads\/2024\/07\/Jetson-S1-Moon-White-450x450.jpg",450,450,true],"medium_large":["https:\/\/99cubes.de\/wp-content\/uploads\/2024\/07\/Jetson-S1-Moon-White-768x768.jpg",768,768,true],"large":["https:\/\/99cubes.de\/wp-content\/uploads\/2024\/07\/Jetson-S1-Moon-White-1200x1200.jpg",1140,1140,true],"1536x1536":["https:\/\/99cubes.de\/wp-content\/uploads\/2024\/07\/Jetson-S1-Moon-White-1536x1536.jpg",1200,1200,true],"2048x2048":["https:\/\/99cubes.de\/wp-content\/uploads\/2024\/07\/Jetson-S1-Moon-White.jpg",1200,1200,false],"trp-custom-language-flag":["https:\/\/99cubes.de\/wp-content\/uploads\/2024\/07\/Jetson-S1-Moon-White.jpg",12,12,false],"botiga-extra-large":["https:\/\/99cubes.de\/wp-content\/uploads\/2024\/07\/Jetson-S1-Moon-White-1140x1140.jpg",1140,1140,true],"botiga-large":["https:\/\/99cubes.de\/wp-content\/uploads\/2024\/07\/Jetson-S1-Moon-White-920x920.jpg",920,920,true],"botiga-big":["https:\/\/99cubes.de\/wp-content\/uploads\/2024\/07\/Jetson-S1-Moon-White-575x575.jpg",575,575,true],"botiga-medium":["https:\/\/99cubes.de\/wp-content\/uploads\/2024\/07\/Jetson-S1-Moon-White-380x380.jpg",380,380,true],"botiga-header-icons":["https:\/\/99cubes.de\/wp-content\/uploads\/2024\/07\/Jetson-S1-Moon-White-50x50.jpg",50,50,true],"botiga-product-swatch-image":["https:\/\/99cubes.de\/wp-content\/uploads\/2024\/07\/Jetson-S1-Moon-White-26x26.jpg",26,26,true],"woocommerce_thumbnail":["https:\/\/99cubes.de\/wp-content\/uploads\/2024\/07\/Jetson-S1-Moon-White-420x420.jpg",420,420,true],"woocommerce_single":["https:\/\/99cubes.de\/wp-content\/uploads\/2024\/07\/Jetson-S1-Moon-White-800x800.jpg",800,800,true],"woocommerce_gallery_thumbnail":["https:\/\/99cubes.de\/wp-content\/uploads\/2024\/07\/Jetson-S1-Moon-White-100x100.jpg",100,100,true],"wpvr_mobile":["https:\/\/99cubes.de\/wp-content\/uploads\/2024\/07\/Jetson-S1-Moon-White.jpg",1200,1200,false]},"uagb_author_info":{"display_name":"frank","author_link":"https:\/\/99cubes.de\/nl\/author\/"},"uagb_comment_info":0,"uagb_excerpt":"Die Jetons S1 wurde vom Akustik-Spezialisten und Premium-Hersteller MUTE designt. Viele Jahre Erfahrung und Liebe zum Detail machen die Jetson S1 zu einer hochwertigen Akustik-L\u00f6sung, an der man viele Jahre lang seine Freude haben wird. Zu den besonders praktischen Eigenschaften im Standard-Lieferumfang geh\u00f6ren: dicht schlie\u00dfende, gerahmte Glast\u00fcr mit umlaufender Gummilippe und Einrastmechanismus Innenausstattung mit Ausstellungsschiene,&hellip;","_links":{"self":[{"href":"https:\/\/99cubes.de\/nl\/wp-json\/wp\/v2\/product\/946","targetHints":{"allow":["GET"]}}],"collection":[{"href":"https:\/\/99cubes.de\/nl\/wp-json\/wp\/v2\/product"}],"about":[{"href":"https:\/\/99cubes.de\/nl\/wp-json\/wp\/v2\/types\/product"}],"replies":[{"embeddable":true,"href":"https:\/\/99cubes.de\/nl\/wp-json\/wp\/v2\/comments?post=946"}],"wp:featuredmedia":[{"embeddable":true,"href":"https:\/\/99cubes.de\/nl\/wp-json\/wp\/v2\/media\/950"}],"wp:attachment":[{"href":"https:\/\/99cubes.de\/nl\/wp-json\/wp\/v2\/media?parent=946"}],"wp:term":[{"taxonomy":"product_brand","embeddable":true,"href":"https:\/\/99cubes.de\/nl\/wp-json\/wp\/v2\/product_brand?post=946"},{"taxonomy":"product_cat","embeddable":true,"href":"https:\/\/99cubes.de\/nl\/wp-json\/wp\/v2\/product_cat?post=946"},{"taxonomy":"product_tag","embeddable":true,"href":"https:\/\/99cubes.de\/nl\/wp-json\/wp\/v2\/product_tag?post=946"}],"curies":[{"name":"wp","href":"https:\/\/api.w.org\/{rel}","templated":true}]}}