{"id":954,"date":"2024-07-02T10:34:01","date_gmt":"2024-07-02T08:34:01","guid":{"rendered":"https:\/\/99cubes.de\/?post_type=product&#038;p=954"},"modified":"2025-03-11T11:18:24","modified_gmt":"2025-03-11T10:18:24","slug":"telefooncel-bosselino-bosse","status":"publish","type":"product","link":"https:\/\/99cubes.de\/nl\/produkt\/telefonbox-bosselino-bosse\/","title":{"rendered":"Bosselino | Bosse telefooncel (uit productie genomen model)"},"content":{"rendered":"<div class=\"su-accordion su-u-trim\">\n<div class=\"su-spoiler su-spoiler-style-default su-spoiler-icon-plus\" data-scroll-offset=\"0\" data-anchor-in-url=\"no\"><div class=\"su-spoiler-title\" tabindex=\"0\" role=\"button\"><span class=\"su-spoiler-icon\"><\/span><strong>Geavanceerde constructie en hoogwaardig ontwerp<\/strong><\/div><div class=\"su-spoiler-content su-u-clearfix su-u-trim\">\n<ul>\n<li>8 mm deur van veiligheidsglas met eiken multiplex frame, 180\u00b0 openingshoek en ge\u00efntegreerde deurvanger<\/li>\n<li>Basis, deksel, deur en legplank gemaakt van multiplex met echt houtfineer eiken (gelakt)<\/li>\n<li>Hoekverbindingen en panelen van zwart gepoedercoat staal<\/li>\n<li>Buitenpanelen in melamine<\/li>\n<li>Mobiliteit dankzij wielen aan de onderkant van de basis<\/li>\n<\/ul>\n<\/div><\/div>\n<div class=\"su-spoiler su-spoiler-style-default su-spoiler-icon-plus su-spoiler-closed\" data-scroll-offset=\"0\" data-anchor-in-url=\"no\"><div class=\"su-spoiler-title\" tabindex=\"0\" role=\"button\"><span class=\"su-spoiler-icon\"><\/span><strong>Uitrusting<\/strong><\/div><div class=\"su-spoiler-content su-u-clearfix su-u-trim\">\n<ul>\n<li>Aanwezigheidsdetector regelt verlichting en ventilatie<\/li>\n<li>Handig werken dankzij ge\u00efntegreerd opbergrek<\/li>\n<li>Muurbevestiging voor videogesprekken op ooghoogte<\/li>\n<li>Energie-effici\u00ebnte LED-verlichting (3000K warm wit)<\/li>\n<li>Uitgerust met landaansluiting en USB-oplaadmogelijkheid (type A &amp; C)<\/li>\n<li>Optioneel tegen meerprijs: LAN-aansluiting (in plaats van opladen via USB)<\/li>\n<\/ul>\n<\/div><\/div>\n<div class=\"su-spoiler su-spoiler-style-default su-spoiler-icon-plus su-spoiler-closed\" data-scroll-offset=\"0\" data-anchor-in-url=\"no\"><div class=\"su-spoiler-title\" tabindex=\"0\" role=\"button\"><span class=\"su-spoiler-icon\"><\/span><strong>Afmetingen &amp; gewicht<\/strong><\/div><div class=\"su-spoiler-content su-u-clearfix su-u-trim\">\n<ul>\n<li>Ruimtebesparend oppervlak van slechts 97,5 x 97,5 cm<\/li>\n<li>Totale hoogte van 2,14 m (vereiste plafondhoogte: 2,30 m)<\/li>\n<li>Gewicht: 275 kg<\/li>\n<\/ul>\n<\/div><\/div>\n<div class=\"su-spoiler su-spoiler-style-default su-spoiler-icon-plus su-spoiler-closed\" data-scroll-offset=\"0\" data-anchor-in-url=\"no\"><div class=\"su-spoiler-title\" tabindex=\"0\" role=\"button\"><span class=\"su-spoiler-icon\"><\/span><strong>Akoestische gegevens en ventilatie:<\/strong><\/div><div class=\"su-spoiler-content su-u-clearfix su-u-trim\">\n<ul>\n<li>Akoestisch effectieve, met stof beklede binnenwanden voor een aangename nagalmtijd<\/li>\n<li>Uitgerust met akoestisch effectieve vloer<\/li>\n<li>Geluidsisolatie tot 35 decibel van binnen naar buiten (meting volgens DIN EN ISO 16283-1) (zie ook selectiecriterium <a href=\"https:\/\/99cubes.de\/nl\/geluidsisolatie\/\">Geluidsisolatie<\/a>)<\/li>\n<li>Geluidsarme, krachtige ventilatie dankzij twee stille ventilatoren - Nominale luchtuitwisseling van 80 m\u00b3\/h per ventilator, dus 160 m\u00b3\/h in totaal (zie ook selectiecriterium) <a href=\"https:\/\/99cubes.de\/nl\/luchtuitwisseling\/\">Luchtuitwisseling<\/a>)<\/li>\n<\/ul>\n<\/div><\/div>\n<\/div>","protected":false},"excerpt":{"rendered":"<p>De telefooncel \u201eBosselino\u201c combineert modern design met functionaliteit en cre\u00ebert een aangename werksfeer in miniatuurformaat op een oppervlak van 1 vierkante meter. De Bosselino wordt in Duitsland geproduceerd door Bosse en wordt gekenmerkt door de volgende eigenschappen:<\/p>\n<ul class=\"list-disc pl-8\">\n<li>Hoogwaardige afwerking met afgeronde hoeken en veel designelementen van echt hout (eiken multiplex)<\/li>\n<li>Uitstekende geluidsisolatie voor ongestoord werken<\/li>\n<li>Zijpanelen buitenkant in elegant zwart (melamine), binnenkant met stoffen bekleding.<\/li>\n<li>Stille maar krachtige ventilatie met continue luchtverversing<\/li>\n<li>Ongecompliceerde installatie dankzij plug-and-play-aansluiting<\/li>\n<li>Flexibel gebruik dankzij ge\u00efntegreerde wielen<\/li>\n<\/ul>\n<p>De combinatie van functionaliteit en esthetiek maakt deze telefooncel tot een ideale oplossing voor moderne werkomgevingen.<\/p>","protected":false},"featured_media":969,"comment_status":"open","ping_status":"closed","template":"","meta":{"content-type":"","_uag_custom_page_level_css":""},"product_brand":[],"product_cat":[61],"product_tag":[],"class_list":{"0":"post-954","1":"product","2":"type-product","3":"status-publish","4":"has-post-thumbnail","6":"product_cat-telefonbox","7":"pa_anzahl-personen-1-person","8":"pa_belueftungssteuerung-vollautomatisch","9":"pa_breite-098-m","10":"pa_buchungstool-display-goconut-ready","11":"pa_einsatz-szenarien-buero","12":"pa_einsatz-szenarien-einzelhandel","13":"pa_einsatz-szenarien-hotel","14":"pa_einsatz-szenarien-schule-universitaet","15":"pa_farbe-schwarz","16":"pa_flex-miete-verfuegbar-ja","17":"pa_gewicht-275-kg","18":"pa_hoehe-214-m","19":"pa_lan-kein-lan-anschluss","20":"pa_lan-lan-anschluss-als-sonderausstattung","21":"pa_lieferzeit-2-wochen-lieferzeit","22":"pa_luftaustausch-160-m-h-nominell","23":"pa_marke-bosse","24":"pa_mobilitaet-mit-integrierten-bodenrollen","25":"pa_monitorhalterung-ohne-monitorhalterung","26":"pa_preissegment-zwei","27":"pa_schalldaemmung-drei-sterne","28":"pa_sitzen-oder-stehen-im-sitzen-hoch-mit-hocker","29":"pa_sitzen-oder-stehen-im-stehen","30":"pa_spezial-features-mit-optionalem-luftionisierer-ion-cloud","31":"pa_tiefe-098-m","32":"pa_verfuegbare-tisch-optionen-fixe-tischhoehe-stehen","33":"pa_verwendung-telefonieren","34":"pa_verwendung-video-call","36":"first","37":"instock","38":"taxable","39":"shipping-taxable","40":"purchasable","41":"product-type-simple"},"uagb_featured_image_src":{"full":["https:\/\/99cubes.de\/wp-content\/uploads\/2024\/07\/bosselino-neu-weisserhintergrund_quad.jpg",775,775,false],"thumbnail":["https:\/\/99cubes.de\/wp-content\/uploads\/2024\/07\/bosselino-neu-weisserhintergrund_quad-200x200.jpg",200,200,true],"medium":["https:\/\/99cubes.de\/wp-content\/uploads\/2024\/07\/bosselino-neu-weisserhintergrund_quad-450x450.jpg",450,450,true],"medium_large":["https:\/\/99cubes.de\/wp-content\/uploads\/2024\/07\/bosselino-neu-weisserhintergrund_quad-768x768.jpg",768,768,true],"large":["https:\/\/99cubes.de\/wp-content\/uploads\/2024\/07\/bosselino-neu-weisserhintergrund_quad.jpg",775,775,false],"1536x1536":["https:\/\/99cubes.de\/wp-content\/uploads\/2024\/07\/bosselino-neu-weisserhintergrund_quad.jpg",775,775,false],"2048x2048":["https:\/\/99cubes.de\/wp-content\/uploads\/2024\/07\/bosselino-neu-weisserhintergrund_quad.jpg",775,775,false],"trp-custom-language-flag":["https:\/\/99cubes.de\/wp-content\/uploads\/2024\/07\/bosselino-neu-weisserhintergrund_quad.jpg",12,12,false],"botiga-extra-large":["https:\/\/99cubes.de\/wp-content\/uploads\/2024\/07\/bosselino-neu-weisserhintergrund_quad.jpg",775,775,false],"botiga-large":["https:\/\/99cubes.de\/wp-content\/uploads\/2024\/07\/bosselino-neu-weisserhintergrund_quad.jpg",775,775,false],"botiga-big":["https:\/\/99cubes.de\/wp-content\/uploads\/2024\/07\/bosselino-neu-weisserhintergrund_quad-575x575.jpg",575,575,true],"botiga-medium":["https:\/\/99cubes.de\/wp-content\/uploads\/2024\/07\/bosselino-neu-weisserhintergrund_quad-380x380.jpg",380,380,true],"botiga-header-icons":["https:\/\/99cubes.de\/wp-content\/uploads\/2024\/07\/bosselino-neu-weisserhintergrund_quad-50x50.jpg",50,50,true],"botiga-product-swatch-image":["https:\/\/99cubes.de\/wp-content\/uploads\/2024\/07\/bosselino-neu-weisserhintergrund_quad-26x26.jpg",26,26,true],"woocommerce_thumbnail":["https:\/\/99cubes.de\/wp-content\/uploads\/2024\/07\/bosselino-neu-weisserhintergrund_quad-420x420.jpg",420,420,true],"woocommerce_single":["https:\/\/99cubes.de\/wp-content\/uploads\/2024\/07\/bosselino-neu-weisserhintergrund_quad.jpg",775,775,false],"woocommerce_gallery_thumbnail":["https:\/\/99cubes.de\/wp-content\/uploads\/2024\/07\/bosselino-neu-weisserhintergrund_quad-100x100.jpg",100,100,true],"wpvr_mobile":["https:\/\/99cubes.de\/wp-content\/uploads\/2024\/07\/bosselino-neu-weisserhintergrund_quad.jpg",775,775,false]},"uagb_author_info":{"display_name":"frank","author_link":"https:\/\/99cubes.de\/nl\/author\/"},"uagb_comment_info":1,"uagb_excerpt":"Die\u00a0 Telefonbox \"Bosselino\" vereint modernes Design mit Funktionalit\u00e4t und schafft eine angenehme Arbeitsatmosph\u00e4re im Miniformat auf 1 Quadratmeter Stellfl\u00e4che. Die Bosselino wird in Deutschland vom Hersteller Bosse gefertigt und zeichnet sich durch folgende Merkmale aus: Hochwertige Verarbeitung mit abgerundeten Ecken und vielen Design-Elementen aus Echtholz (Eiche-Multiplex) Hervorragende Schallisolierung f\u00fcr ungest\u00f6rtes Arbeiten Seitenw\u00e4nde au\u00dfen in elegantem&hellip;","_links":{"self":[{"href":"https:\/\/99cubes.de\/nl\/wp-json\/wp\/v2\/product\/954","targetHints":{"allow":["GET"]}}],"collection":[{"href":"https:\/\/99cubes.de\/nl\/wp-json\/wp\/v2\/product"}],"about":[{"href":"https:\/\/99cubes.de\/nl\/wp-json\/wp\/v2\/types\/product"}],"replies":[{"embeddable":true,"href":"https:\/\/99cubes.de\/nl\/wp-json\/wp\/v2\/comments?post=954"}],"wp:featuredmedia":[{"embeddable":true,"href":"https:\/\/99cubes.de\/nl\/wp-json\/wp\/v2\/media\/969"}],"wp:attachment":[{"href":"https:\/\/99cubes.de\/nl\/wp-json\/wp\/v2\/media?parent=954"}],"wp:term":[{"taxonomy":"product_brand","embeddable":true,"href":"https:\/\/99cubes.de\/nl\/wp-json\/wp\/v2\/product_brand?post=954"},{"taxonomy":"product_cat","embeddable":true,"href":"https:\/\/99cubes.de\/nl\/wp-json\/wp\/v2\/product_cat?post=954"},{"taxonomy":"product_tag","embeddable":true,"href":"https:\/\/99cubes.de\/nl\/wp-json\/wp\/v2\/product_tag?post=954"}],"curies":[{"name":"wp","href":"https:\/\/api.w.org\/{rel}","templated":true}]}}