{"id":995,"date":"2024-07-03T10:19:16","date_gmt":"2024-07-03T08:19:16","guid":{"rendered":"https:\/\/99cubes.de\/?post_type=product&#038;p=995"},"modified":"2025-02-04T10:19:33","modified_gmt":"2025-02-04T09:19:33","slug":"telefooncel-hola-studiobricks","status":"publish","type":"product","link":"https:\/\/99cubes.de\/nl\/produkt\/telefonbox-hola-studiobricks\/","title":{"rendered":"Telefooncel HOLA | Studiobricks"},"content":{"rendered":"<div class=\"su-accordion su-u-trim\">\n<div class=\"su-spoiler su-spoiler-style-default su-spoiler-icon-plus\" data-scroll-offset=\"0\" data-anchor-in-url=\"no\"><div class=\"su-spoiler-title\" tabindex=\"0\" role=\"button\"><span class=\"su-spoiler-icon\"><\/span><strong>Over de HOLA-telefooncellen:<\/strong><\/div><div class=\"su-spoiler-content su-u-clearfix su-u-trim\">\n<p>HOLA is het kleinste model van Studiobricks en is bij ons verkrijgbaar in drie verschillende versies:<\/p>\n<ul>\n<li>HOLA Standaard: met gesloten achterpaneel<\/li>\n<li>HOLA View: met glazen achterpaneel<\/li>\n<li>HOLA vorkheftruck: gemonteerd op stalen frame \/ geschikt voor vorkheftrucks<\/li>\n<\/ul>\n<p>Het uiterlijk en kleurontwerp van de HOLA fob box kan worden aangepast:<\/p>\n<ul>\n<li>Wanden in lak of laminaat, ruime keuze aan kleuren<\/li>\n<li>Deur- en raamkozijnen configureerbaar in verschillende kleuren<\/li>\n<li>Geluidsabsorbers van PET of stof - elk in verschillende kleuren<\/li>\n<li>Optioneel matglaseffect op deur\/achterruit (indien beschikbaar)<\/li>\n<\/ul>\n<\/div><\/div>\n<div class=\"su-spoiler su-spoiler-style-default su-spoiler-icon-plus su-spoiler-closed\" data-scroll-offset=\"0\" data-anchor-in-url=\"no\"><div class=\"su-spoiler-title\" tabindex=\"0\" role=\"button\"><span class=\"su-spoiler-icon\"><\/span><strong>Uitrusting:<\/strong><\/div><div class=\"su-spoiler-content su-u-clearfix su-u-trim\">\n<p>Het interieur is individueel configureerbaar en kan worden aangepast aan veel verschillende toepassingsscenario's en vereisten:<\/p>\n<ul>\n<li>Ge\u00efntegreerd bureau 105 cm hoog, met houten randen en wit oppervlak<\/li>\n<li>Ge\u00efntegreerde LED-verlichting LED met sensor<\/li>\n<li>Antistatisch tapijt (antraciet)<\/li>\n<li>Ge\u00efntegreerde wielen voor eenvoudige verplaatsing op alle modellen<\/li>\n<li>Stopcontact op tafelhoogte<\/li>\n<li>Extra aansluitingen voor LAN, HDMI, USB-A\/C beschikbaar tegen meerprijs<\/li>\n<li>VESA-monitorbevestiging beschikbaar tegen meerprijs<\/li>\n<li>Bijpassende zitkruk verkrijgbaar tegen meerprijs<\/li>\n<li>Deur met of zonder slot, optioneel elektronisch NFC-slot verkrijgbaar.<\/li>\n<\/ul>\n<\/div><\/div>\n<div class=\"su-spoiler su-spoiler-style-default su-spoiler-icon-plus su-spoiler-closed\" data-scroll-offset=\"0\" data-anchor-in-url=\"no\"><div class=\"su-spoiler-title\" tabindex=\"0\" role=\"button\"><span class=\"su-spoiler-icon\"><\/span><strong>Afmetingen en gewicht:<\/strong><\/div><div class=\"su-spoiler-content su-u-clearfix su-u-trim\">\n<ul>\n<li>Buitenafmetingen 106 x 106 x 226 cm<\/li>\n<li>Inwendige afmetingen 88 x 90 x 210 cm<\/li>\n<li>Minimale plafondhoogte 242 cm<\/li>\n<li>Gewicht 428 kg<\/li>\n<\/ul>\n<\/div><\/div>\n<div class=\"su-spoiler su-spoiler-style-default su-spoiler-icon-plus su-spoiler-closed\" data-scroll-offset=\"0\" data-anchor-in-url=\"no\"><div class=\"su-spoiler-title\" tabindex=\"0\" role=\"button\"><span class=\"su-spoiler-icon\"><\/span><strong>Akoestische gegevens en ventilatie:<\/strong><\/div><div class=\"su-spoiler-content su-u-clearfix su-u-trim\">\n<p>De akoestische isolatiewaarden van Studiobricks zijn zowat de gouden standaard in de industrie. Studiobricks geluidsisolerende cabines halen 45 dB in de test - gemiddeld over alle geluidsfrequenties en gemeten van binnen naar buiten (de isolatie is iets minder sterk van buiten naar binnen). Zie ook onze opmerkingen over het selectiecriterium <a href=\"https:\/\/99cubes.de\/nl\/geluidsisolatie\/\">Geluidsisolatie<\/a>. De hoge geluidsisolatie van Studiobricks wordt bereikt door de volgende componenten:<\/p>\n<ul>\n<li>8 cm dikke wandpanelen gemaakt van verschillende lagen en geperst akoestisch materiaal<\/li>\n<li>Akoestische absorber binnen<\/li>\n<li>Akoestische glazen deur met geluiddempende vergrendeling door de deurkruk op te tillen<\/li>\n<li>Geluiddichte ventilatie: ge\u00efntegreerde, extreem stille ventilator in dubbel ontwerp (alleen ventilator, geen airconditioning)<\/li>\n<li>Nominale luchtuitwisseling 177 m\u00b3\/h, zie ook selectiecriterium <a href=\"https:\/\/99cubes.de\/nl\/luchtuitwisseling\/\">Luchtuitwisseling<\/a><\/li>\n<\/ul>\n<\/div><\/div>\n<\/div>","protected":false},"excerpt":{"rendered":"<p>De Spaanse fabrikant Studiobricks heeft naam gemaakt met zeer gespecialiseerde oplossingen voor de audio- en muziekindustrie. De wortels van het bedrijf liggen in een sector waar akoestische perfectie een topprioriteit is en de eisen voor geluidsisolatie en geluidskwaliteit veel verder gaan dan wat vereist is in gewone kantooromgevingen. Deze expertise wordt ook weerspiegeld in de Studiobricks office productlijn, die uitstekende geluidsisolatiewaarden heeft en zelfs de meest veeleisende klanten tevreden stelt. Het is dan ook niet verwonderlijk dat de geluidsisolerende cabines van Studiobricks nieuwe normen stellen op het gebied van akoestiek en zich duidelijk onderscheiden van conventionele oplossingen. De office productlijn van Studiobricks is overigens niet alleen geschikt voor gebruik in kantoren: Studiobricks biedt ook perfecte oplossingen voor geluiddichte retraites, met name voor productie- en logistieke hallen met verhoogde geluidsniveaus - zelfs in een versie die desgewenst met een vorkheftruck kan worden verplaatst!<\/p>\n<p>HOLA is het kleinste model van Studiobricks en is bij ons verkrijgbaar als telefooncel met een footprint van 1,06 x 1,06 meter in drie verschillende uitvoeringen:<\/p>\n<ul>\n<li>HOLA Standaard: met gesloten achterpaneel<\/li>\n<li>HOLA View: met glazen achterpaneel<\/li>\n<li>HOLA vorkheftruck: gemonteerd op stalen frame \/ geschikt voor vorkheftrucks<\/li>\n<\/ul>\n<p>De HOLA telefooncel kan individueel worden geconfigureerd en andere kleuren, materialen en meubels (kruk) zijn verkrijgbaar tegen een meerprijs. Wij adviseren u graag over de voor u relevante opties!<\/p>","protected":false},"featured_media":1000,"comment_status":"open","ping_status":"closed","template":"","meta":{"content-type":"","_uag_custom_page_level_css":""},"product_brand":[],"product_cat":[61],"product_tag":[],"class_list":{"0":"post-995","1":"product","2":"type-product","3":"status-publish","4":"has-post-thumbnail","6":"product_cat-telefonbox","7":"pa_anzahl-personen-1-person","8":"pa_belueftungssteuerung-vollautomatisch","9":"pa_breite-106-m","10":"pa_buchungstool-display-goconut-ready","11":"pa_einsatz-szenarien-buero","12":"pa_einsatz-szenarien-flughafen-bahnhof","13":"pa_einsatz-szenarien-logistik","14":"pa_einsatz-szenarien-produktion","15":"pa_farbe-konfigurierbar","16":"pa_farbe-schwarz","17":"pa_farbe-weiss","18":"pa_flex-miete-verfuegbar-ja","19":"pa_gewicht-428-kg","20":"pa_hoehe-226-m","21":"pa_lan-kein-lan-anschluss","22":"pa_lan-lan-anschluss-als-sonderausstattung","23":"pa_lieferzeit-8-bis-12-wochen-lieferzeit","24":"pa_luftaustausch-177-m-h-nominell","25":"pa_marke-studiobricks","26":"pa_mobilitaet-gabelstapler-konfiguration-als-sonderausstattung","27":"pa_mobilitaet-keine","28":"pa_mobilitaet-mit-integrierten-bodenrollen","29":"pa_monitorhalterung-monitorhalterung-als-sonderausstattung","30":"pa_monitorhalterung-ohne-monitorhalterung","31":"pa_preissegment-vier","32":"pa_schalldaemmung-fuenf-sterne","33":"pa_sitzen-oder-stehen-im-sitzen-hoch-mit-hocker","34":"pa_sitzen-oder-stehen-im-stehen","35":"pa_spezial-features-feuchtigkeitsbestaendig","36":"pa_spezial-features-gabelstapler-tauglich","37":"pa_spezial-features-klimaanlage","38":"pa_spezial-features-video-call-ausstattung","39":"pa_spezial-features-zertifikat-erdbebensicher","40":"pa_tiefe-106-m","41":"pa_verfuegbare-tisch-optionen-fixe-tischhoehe-stehen","42":"pa_verwendung-telefonieren","43":"pa_verwendung-video-call","45":"first","46":"instock","47":"taxable","48":"shipping-taxable","49":"purchasable","50":"product-type-simple"},"uagb_featured_image_src":{"full":["https:\/\/99cubes.de\/wp-content\/uploads\/2024\/07\/Telefonbox-Hola-von-Studiobricks-Stand-Up-View_Anthracite_Fabric_Aqua-P_Front_Stool_new.png",1200,1200,false],"thumbnail":["https:\/\/99cubes.de\/wp-content\/uploads\/2024\/07\/Telefonbox-Hola-von-Studiobricks-Stand-Up-View_Anthracite_Fabric_Aqua-P_Front_Stool_new-200x200.png",200,200,true],"medium":["https:\/\/99cubes.de\/wp-content\/uploads\/2024\/07\/Telefonbox-Hola-von-Studiobricks-Stand-Up-View_Anthracite_Fabric_Aqua-P_Front_Stool_new-450x450.png",450,450,true],"medium_large":["https:\/\/99cubes.de\/wp-content\/uploads\/2024\/07\/Telefonbox-Hola-von-Studiobricks-Stand-Up-View_Anthracite_Fabric_Aqua-P_Front_Stool_new-768x768.png",768,768,true],"large":["https:\/\/99cubes.de\/wp-content\/uploads\/2024\/07\/Telefonbox-Hola-von-Studiobricks-Stand-Up-View_Anthracite_Fabric_Aqua-P_Front_Stool_new-1200x1200.png",1140,1140,true],"1536x1536":["https:\/\/99cubes.de\/wp-content\/uploads\/2024\/07\/Telefonbox-Hola-von-Studiobricks-Stand-Up-View_Anthracite_Fabric_Aqua-P_Front_Stool_new-1536x1536.png",1200,1200,true],"2048x2048":["https:\/\/99cubes.de\/wp-content\/uploads\/2024\/07\/Telefonbox-Hola-von-Studiobricks-Stand-Up-View_Anthracite_Fabric_Aqua-P_Front_Stool_new-2048x2048.png",1200,1200,true],"trp-custom-language-flag":["https:\/\/99cubes.de\/wp-content\/uploads\/2024\/07\/Telefonbox-Hola-von-Studiobricks-Stand-Up-View_Anthracite_Fabric_Aqua-P_Front_Stool_new.png",12,12,false],"botiga-extra-large":["https:\/\/99cubes.de\/wp-content\/uploads\/2024\/07\/Telefonbox-Hola-von-Studiobricks-Stand-Up-View_Anthracite_Fabric_Aqua-P_Front_Stool_new-1140x1140.png",1140,1140,true],"botiga-large":["https:\/\/99cubes.de\/wp-content\/uploads\/2024\/07\/Telefonbox-Hola-von-Studiobricks-Stand-Up-View_Anthracite_Fabric_Aqua-P_Front_Stool_new-920x920.png",920,920,true],"botiga-big":["https:\/\/99cubes.de\/wp-content\/uploads\/2024\/07\/Telefonbox-Hola-von-Studiobricks-Stand-Up-View_Anthracite_Fabric_Aqua-P_Front_Stool_new-575x575.png",575,575,true],"botiga-medium":["https:\/\/99cubes.de\/wp-content\/uploads\/2024\/07\/Telefonbox-Hola-von-Studiobricks-Stand-Up-View_Anthracite_Fabric_Aqua-P_Front_Stool_new-380x380.png",380,380,true],"botiga-header-icons":["https:\/\/99cubes.de\/wp-content\/uploads\/2024\/07\/Telefonbox-Hola-von-Studiobricks-Stand-Up-View_Anthracite_Fabric_Aqua-P_Front_Stool_new-50x50.png",50,50,true],"botiga-product-swatch-image":["https:\/\/99cubes.de\/wp-content\/uploads\/2024\/07\/Telefonbox-Hola-von-Studiobricks-Stand-Up-View_Anthracite_Fabric_Aqua-P_Front_Stool_new-26x26.png",26,26,true],"woocommerce_thumbnail":["https:\/\/99cubes.de\/wp-content\/uploads\/2024\/07\/Telefonbox-Hola-von-Studiobricks-Stand-Up-View_Anthracite_Fabric_Aqua-P_Front_Stool_new-420x420.png",420,420,true],"woocommerce_single":["https:\/\/99cubes.de\/wp-content\/uploads\/2024\/07\/Telefonbox-Hola-von-Studiobricks-Stand-Up-View_Anthracite_Fabric_Aqua-P_Front_Stool_new-800x800.png",800,800,true],"woocommerce_gallery_thumbnail":["https:\/\/99cubes.de\/wp-content\/uploads\/2024\/07\/Telefonbox-Hola-von-Studiobricks-Stand-Up-View_Anthracite_Fabric_Aqua-P_Front_Stool_new-100x100.png",100,100,true],"wpvr_mobile":["https:\/\/99cubes.de\/wp-content\/uploads\/2024\/07\/Telefonbox-Hola-von-Studiobricks-Stand-Up-View_Anthracite_Fabric_Aqua-P_Front_Stool_new-2048x2048.png",2048,2048,true]},"uagb_author_info":{"display_name":"frank","author_link":"https:\/\/99cubes.de\/nl\/author\/"},"uagb_comment_info":0,"uagb_excerpt":"Der spanische Hersteller Studiobricks hat sich einen Namen mit hochspezialisierten L\u00f6sungen f\u00fcr die Audio- und Musikbranche gemacht. Die Wurzeln des Unternehmens liegen in einem Sektor, in dem akustische Perfektion oberste Priorit\u00e4t genie\u00dft und die Anforderungen an Schallschutz sowie Klangqualit\u00e4t weit \u00fcber das hinausgehen, was in gew\u00f6hnlichen B\u00fcroumgebungen erforderlich ist. Diese Expertise spiegelt sich auch in&hellip;","_links":{"self":[{"href":"https:\/\/99cubes.de\/nl\/wp-json\/wp\/v2\/product\/995","targetHints":{"allow":["GET"]}}],"collection":[{"href":"https:\/\/99cubes.de\/nl\/wp-json\/wp\/v2\/product"}],"about":[{"href":"https:\/\/99cubes.de\/nl\/wp-json\/wp\/v2\/types\/product"}],"replies":[{"embeddable":true,"href":"https:\/\/99cubes.de\/nl\/wp-json\/wp\/v2\/comments?post=995"}],"wp:featuredmedia":[{"embeddable":true,"href":"https:\/\/99cubes.de\/nl\/wp-json\/wp\/v2\/media\/1000"}],"wp:attachment":[{"href":"https:\/\/99cubes.de\/nl\/wp-json\/wp\/v2\/media?parent=995"}],"wp:term":[{"taxonomy":"product_brand","embeddable":true,"href":"https:\/\/99cubes.de\/nl\/wp-json\/wp\/v2\/product_brand?post=995"},{"taxonomy":"product_cat","embeddable":true,"href":"https:\/\/99cubes.de\/nl\/wp-json\/wp\/v2\/product_cat?post=995"},{"taxonomy":"product_tag","embeddable":true,"href":"https:\/\/99cubes.de\/nl\/wp-json\/wp\/v2\/product_tag?post=995"}],"curies":[{"name":"wp","href":"https:\/\/api.w.org\/{rel}","templated":true}]}}